{"id":18612,"date":"2018-05-21T12:17:43","date_gmt":"2018-05-21T10:17:43","guid":{"rendered":"https:\/\/www.lovo.pl\/o-firmie\/referencje\/"},"modified":"2018-09-19T13:57:15","modified_gmt":"2018-09-19T11:57:15","slug":"references","status":"publish","type":"page","link":"https:\/\/www.lovo.pl\/en\/about-the-company\/references\/","title":{"rendered":"Our references"},"content":{"rendered":"<p>[vc_row bg_image=&#8221;17947&#8243; class=&#8221;row-titlebar-image titlebar-font-medium&#8221;][vc_column width=&#8221;1\/1&#8243;]<div class=\"minti_boxedholder   clearfix\" style=\"padding: 0px 0px 0px 0px; margin: 0px 0px 0px 0px; \">[vc_custom_heading source=&#8221;post_title&#8221; font_container=&#8221;tag:h1|font_size:80px|text_align:center|color:%23ffffff|line_height:1&#8243; use_theme_fonts=&#8221;yes&#8221; css=&#8221;.vc_custom_1531176381680{margin-bottom: 20px !important;}&#8221; el_class=&#8221;titlebar-title&#8221;]<div class=\"headline font-inherit fontsize-xxl fontweight-500 lh-inherit align-center transform-inherit titlebar-subtitle\" style=\"margin: 0 0 20px 0; color: #ffffff;\">Recommendations from our Customers and Business Partners<\/div><\/div>[\/vc_column][\/vc_row][vc_row top_padding=&#8221;60&#8243; bottom_padding=&#8221;60&#8243;][vc_column width=&#8221;1\/1&#8243;]<div class=\"headline font-inherit fontsize-xxl fontweight-300 lh-12 align-left transform-inherit lead\" style=\"margin: 0 0 20px 0;\">Many renowned companies use LoVo solutions. Our competences, experience and long-term cooperation resulted in recommendations of our Partners and granted references.<br \/>\n<\/div>[vc_column_text el_class=&#8221;margin-bottom-0&#8243;]The advantages of LoVo solutions are perceived by both domestic and international business partners as we constantly meet their expectations. Check the references![\/vc_column_text][\/vc_column][\/vc_row][vc_row bottom_padding=&#8221;60&#8243; row_id=&#8221;row-reference-grid&#8221;][vc_column width=&#8221;1\/1&#8243;][vc_tta_accordion style=&#8221;flat&#8221; active_section=&#8221;0&#8243; collapsible_all=&#8221;true&#8221;][vc_tta_section title=&#8221;Coca-Cola HBC Polska Sp. z o.o.&#8221; tab_id=&#8221;1535619323213-231c9070-cc8a&#8221;]<div class=\"imagebox wpb_content_element style-1\"><div class=\"imagebox-img\"><img decoding=\"async\" src=\"https:\/\/www.lovo.pl\/wp-content\/uploads\/2018\/08\/Coca-Cola-HBC-Polska-15.01.2016-pdf.jpg\" alt=\"\" \/><\/div><\/div>[\/vc_tta_section][vc_tta_section title=&#8221;MUSTANG Poland Sp. z o.o.&#8221; tab_id=&#8221;1535619323244-cc8eced7-8e18&#8243;]<div class=\"imagebox wpb_content_element style-1\"><div class=\"imagebox-img\"><img decoding=\"async\" src=\"https:\/\/www.lovo.pl\/wp-content\/uploads\/2018\/08\/Mustang-22.04.2013-pdf.jpg\" alt=\"\" \/><\/div><\/div>[\/vc_tta_section][vc_tta_section title=&#8221;Millward Brown S.A.&#8221; tab_id=&#8221;1535620137759-e842518a-8915&#8243;]<div class=\"imagebox wpb_content_element style-1\"><div class=\"imagebox-img\"><img decoding=\"async\" src=\"https:\/\/www.lovo.pl\/wp-content\/uploads\/2018\/08\/Millward-Brown-19.11.2013-pdf.jpg\" alt=\"\" \/><\/div><\/div>[\/vc_tta_section][vc_tta_section title=&#8221;Vectra S.A.&#8221; tab_id=&#8221;1535620199042-c85b0baa-22c3&#8243;]<div class=\"imagebox wpb_content_element style-1\"><div class=\"imagebox-img\"><img decoding=\"async\" src=\"https:\/\/www.lovo.pl\/wp-content\/uploads\/2018\/08\/Vectra-06.05.2015-pdf.jpg\" alt=\"\" \/><\/div><\/div>[\/vc_tta_section][vc_tta_section title=&#8221;Centralny Instytut Ochrony Pracy &#8211; Pa\u0144stwowy Instytut Badawczy&#8221; tab_id=&#8221;1535620284278-8602a3ac-26dc&#8221;]<div class=\"imagebox wpb_content_element style-1\"><div class=\"imagebox-img\"><img decoding=\"async\" src=\"https:\/\/www.lovo.pl\/wp-content\/uploads\/2018\/08\/2016.09.02-CIOP-Referencje-pdf.jpg\" alt=\"\" \/><\/div><\/div>[\/vc_tta_section][vc_tta_section title=&#8221;Agencja Rezerw Materia\u0142owych&#8221; tab_id=&#8221;1535620346216-712d36bc-2ab3&#8243;]<div class=\"imagebox wpb_content_element style-1\"><div class=\"imagebox-img\"><img decoding=\"async\" src=\"https:\/\/www.lovo.pl\/wp-content\/uploads\/2018\/08\/20160.01-Agencja-Rezerw-Materia\u0142owych-pdf.jpg\" alt=\"\" \/><\/div><\/div>[\/vc_tta_section][vc_tta_section title=&#8221;Urz\u0105d Statystyczny w Rzeszowie&#8221; tab_id=&#8221;1535620408644-d94004c7-e86e&#8221;]<div class=\"imagebox wpb_content_element style-1\"><div class=\"imagebox-img\"><img decoding=\"async\" src=\"https:\/\/www.lovo.pl\/wp-content\/uploads\/2018\/08\/2016.09.05-Urz\u0105d-Statystyczny-w-Rzeszowie-Referencje-pdf.jpg\" alt=\"\" \/><\/div><\/div>[\/vc_tta_section][vc_tta_section title=&#8221;Akademia Sztuk Pi\u0119knych w \u0141odzi&#8221; tab_id=&#8221;1535620456091-c3b24fd1-6135&#8243;]<div class=\"imagebox wpb_content_element style-1\"><div class=\"imagebox-img\"><img decoding=\"async\" src=\"https:\/\/www.lovo.pl\/wp-content\/uploads\/2018\/08\/Akademia-Sztuk-Pi\u0119knych-w-\u0141odzi-02.10.2015-pdf.jpg\" alt=\"\" \/><\/div><\/div>[\/vc_tta_section][vc_tta_section title=&#8221;Drewno Centrum II Sp. z o.o.&#8221; tab_id=&#8221;1535620525861-ade30c0a-6858&#8243;]<div class=\"imagebox wpb_content_element style-1\"><div class=\"imagebox-img\"><img decoding=\"async\" src=\"https:\/\/www.lovo.pl\/wp-content\/uploads\/2018\/08\/Drewno-Centrum-II-17.03.2015-pdf.jpg\" alt=\"\" \/><\/div><\/div>[\/vc_tta_section][vc_tta_section title=&#8221;Instytut Ekonomiki Rolnictwa i Gospodarki \u017bywno\u015bciowej &#8211; Pa\u0144stwowy Instytut Badawczy&#8221; tab_id=&#8221;1535620590782-e7b54d25-7ff0&#8243;]<div class=\"imagebox wpb_content_element style-1\"><div class=\"imagebox-img\"><img decoding=\"async\" src=\"https:\/\/www.lovo.pl\/wp-content\/uploads\/2018\/08\/Instytut-Ekonomiki-Rolnictwa-i-Gospodarki-\u017bywno\u015bciowej-24.10.2013-pdf.jpg\" alt=\"\" \/><\/div><\/div>[\/vc_tta_section][vc_tta_section title=&#8221;Instytut Energetyki &#8211; Instytut Badawczy&#8221; tab_id=&#8221;1535620668557-b2d5582b-0bca&#8221;]<div class=\"imagebox wpb_content_element style-1\"><div class=\"imagebox-img\"><img decoding=\"async\" src=\"https:\/\/www.lovo.pl\/wp-content\/uploads\/2018\/08\/Instytut-Energetyki-Instytut-Badawczy-01.09.2015.jpg\" alt=\"\" \/><\/div><\/div>[\/vc_tta_section][vc_tta_section title=&#8221;JURA Poland Sp. z o.o.&#8221; tab_id=&#8221;1535620732418-8a4dd9ac-f1db&#8221;]<div class=\"imagebox wpb_content_element style-1\"><div class=\"imagebox-img\"><img decoding=\"async\" src=\"https:\/\/www.lovo.pl\/wp-content\/uploads\/2018\/08\/Jura-internet-i-g\u0142os-07.08.2015-pdf.jpg\" alt=\"\" \/><\/div><\/div>[\/vc_tta_section][vc_tta_section title=&#8221;Powiatowy Urz\u0105d Pracy w Starogardzie Gda\u0144skim&#8221; tab_id=&#8221;1535620801385-1c1bdd17-0f2c&#8221;]<div class=\"imagebox wpb_content_element style-1\"><div class=\"imagebox-img\"><img decoding=\"async\" src=\"https:\/\/www.lovo.pl\/wp-content\/uploads\/2018\/08\/Powiatowy-Urz\u0105d-Pracy-Starogard-Gda\u0144ski-21.08.2015-pdf.jpg\" alt=\"\" \/><\/div><\/div>[\/vc_tta_section][vc_tta_section title=&#8221;Stal-Service Sp. z o.o.&#8221; tab_id=&#8221;1535620876838-949c1df4-ce01&#8243;]<div class=\"imagebox wpb_content_element style-1\"><div class=\"imagebox-img\"><img decoding=\"async\" src=\"https:\/\/www.lovo.pl\/wp-content\/uploads\/2018\/08\/Stal-Service-01.10.2014-pdf.jpg\" alt=\"\" \/><\/div><\/div>[\/vc_tta_section][vc_tta_section title=&#8221;Teatr Narodowy&#8221; tab_id=&#8221;1535620953337-f0d2b693-185f&#8221;]<div class=\"imagebox wpb_content_element style-1\"><div class=\"imagebox-img\"><img decoding=\"async\" src=\"https:\/\/www.lovo.pl\/wp-content\/uploads\/2018\/08\/Teatr-Narodowy-01.12.2014-pdf.jpg\" alt=\"\" \/><\/div><\/div>[\/vc_tta_section][vc_tta_section title=&#8221;Urz\u0105d Statystyczny w Rzeszowie&#8221; tab_id=&#8221;1535621012626-349dc312-6c02&#8243;]<div class=\"imagebox wpb_content_element style-1\"><div class=\"imagebox-img\"><img decoding=\"async\" src=\"https:\/\/www.lovo.pl\/wp-content\/uploads\/2018\/08\/Urz\u0105d-Statystyczny-w-Rzeszowie-05.02.2016-pdf.jpg\" alt=\"\" \/><\/div><\/div>[\/vc_tta_section][vc_tta_section title=&#8221;Zak\u0142ad Gospodarowania Nieruchomo\u015bciami w Dzielnicy Praga-P\u00f3\u0142noc m.st. Warszawy&#8221; tab_id=&#8221;1535621066905-0c9ca1a4-44d4&#8243;]<div class=\"imagebox wpb_content_element style-1\"><div class=\"imagebox-img\"><img decoding=\"async\" src=\"https:\/\/www.lovo.pl\/wp-content\/uploads\/2018\/08\/ZGN-04.07.2015.jpg\" alt=\"\" \/><\/div><\/div>[\/vc_tta_section][vc_tta_section title=&#8221;Zesp\u00f3\u0142 Wojew\u00f3dzkich Przychodni Specjalistycznych w Katowicach&#8221; tab_id=&#8221;1535621152301-2ac4251e-3b0f&#8221;]<div class=\"imagebox wpb_content_element style-1\"><div class=\"imagebox-img\"><img decoding=\"async\" src=\"https:\/\/www.lovo.pl\/wp-content\/uploads\/2018\/08\/ZWPS-21.04.2015-pdf.jpg\" alt=\"\" \/><\/div><\/div>[\/vc_tta_section][\/vc_tta_accordion][vc_row_inner][vc_column_inner width=&#8221;1\/3&#8243;][vc_hoverbox primary_title=&#8221;&#8221; hover_title=&#8221;&#8221; shape=&#8221;square&#8221; hover_background_color=&#8221;white&#8221;]<\/p>\n<div class=\"referencjabtn\"><a title=\"List referencyjny\" href=\"\/wybrana-referencja\/\"><img loading=\"lazy\" decoding=\"async\" src=\"\/wp-content\/uploads\/2018\/07\/pdf.png\" alt=\"pdf\" width=\"47\" height=\"47\" \/><\/a><\/div>\n<div class=\"referencjabtn\"><a title=\"Wywiad\" href=\"\/wybrana-referencja\/\"><img loading=\"lazy\" decoding=\"async\" src=\"\/wp-content\/uploads\/2018\/07\/chmurki.png\" alt=\"chmurka\" width=\"47\" height=\"47\" \/><\/a><\/div>\n<div style=\"clear: both;\">\n<div class=\"referencjabtn\"><a title=\"Film\" href=\"\/wybrana-referencja\/\"><img loading=\"lazy\" decoding=\"async\" src=\"\/wp-content\/uploads\/2018\/07\/play.png\" alt=\"play\" width=\"47\" height=\"47\" \/><\/a><\/div>\n<div class=\"referencjabtn\"><a title=\"Case study\" href=\"\/wybrana-referencja\/\"><img loading=\"lazy\" decoding=\"async\" src=\"\/wp-content\/uploads\/2018\/07\/zarowka.png\" alt=\"zarowka\" width=\"47\" height=\"47\" \/><\/a><\/div>\n<\/div>\n<p>[\/vc_hoverbox][\/vc_column_inner][vc_column_inner width=&#8221;1\/3&#8243;][vc_hoverbox primary_title=&#8221;&#8221; hover_title=&#8221;&#8221; shape=&#8221;square&#8221; hover_background_color=&#8221;white&#8221;]<\/p>\n<div class=\"referencjabtn\"><a href=\"\/wybrana-referencja\/\"><img loading=\"lazy\" decoding=\"async\" src=\"\/wp-content\/uploads\/2018\/07\/pdf.png\" alt=\"pdf\" width=\"47\" height=\"47\" \/><\/a><\/div>\n<div class=\"referencjabtn\"><a href=\"\/wybrana-referencja\/\"><img loading=\"lazy\" decoding=\"async\" src=\"\/wp-content\/uploads\/2018\/07\/chmurki.png\" alt=\"chmurka\" width=\"47\" height=\"47\" \/><\/a><\/div>\n<p>[\/vc_hoverbox][\/vc_column_inner][vc_column_inner width=&#8221;1\/3&#8243;][vc_hoverbox primary_title=&#8221;&#8221; hover_title=&#8221;&#8221; shape=&#8221;square&#8221; hover_background_color=&#8221;white&#8221;]<\/p>\n<div class=\"referencjabtn\"><a title=\"List referencyjny\" href=\"\/wybrana-referencja\/\"><img loading=\"lazy\" decoding=\"async\" src=\"\/wp-content\/uploads\/2018\/07\/pdf.png\" alt=\"pdf\" width=\"47\" height=\"47\" \/><\/a><\/div>\n<p>[\/vc_hoverbox][\/vc_column_inner][\/vc_row_inner][\/vc_column][\/vc_row][vc_row bg_image=&#8221;15939&#8243; top_padding=&#8221;60&#8243; bottom_padding=&#8221;60&#8243;][vc_column width=&#8221;1\/1&#8243;]<h2 class=\"headline font-inherit fontsize-xxxxl fontweight-300 lh-12 align-center transform-inherit \" style=\"margin: 0 0 10px 0; color: #ffffff;\">Zapraszamy do kontaktu<\/h2>[vc_column_text]<\/p>\n<p style=\"text-align: center;\"><span style=\"color: #ffffff;\">Wybierz preferowany spos\u00f3b kontaktu dla naszego doradcy:<\/span><\/p>\n<p>[\/vc_column_text]<div class=\"spacer\" style=\"height: 40px;\"><\/div>\n<div class=\"wpcf7 no-js\" id=\"wpcf7-f15923-o1\" lang=\"pl-PL\" dir=\"ltr\" data-wpcf7-id=\"15923\">\n<div class=\"screen-reader-response\"><p role=\"status\" aria-live=\"polite\" aria-atomic=\"true\"><\/p> <ul><\/ul><\/div>\n<form action=\"\/en\/wp-json\/wp\/v2\/pages\/18612#wpcf7-f15923-o1\" method=\"post\" class=\"wpcf7-form init wpcf7-acceptance-as-validation\" aria-label=\"Formularz kontaktowy\" novalidate=\"novalidate\" data-status=\"init\">\n<div style=\"display: none;\">\n<input type=\"hidden\" name=\"_wpcf7\" value=\"15923\" \/>\n<input type=\"hidden\" name=\"_wpcf7_version\" value=\"6.0.3\" \/>\n<input type=\"hidden\" name=\"_wpcf7_locale\" value=\"pl_PL\" \/>\n<input type=\"hidden\" name=\"_wpcf7_unit_tag\" value=\"wpcf7-f15923-o1\" \/>\n<input type=\"hidden\" name=\"_wpcf7_container_post\" value=\"0\" \/>\n<input type=\"hidden\" name=\"_wpcf7_posted_data_hash\" value=\"\" \/>\n<input type=\"hidden\" name=\"_wpcf7_recaptcha_response\" value=\"\" \/>\n<\/div>\n<div class=\"linkto-form-lovo-kontakt\">\n\t<p><a href=\"#bookmark-form-lovo-kontakt\"><span>Zapraszamy do kontaktu<\/span><\/a>\n\t<\/p>\n<\/div>\n<div id=\"bookmark-form-lovo-kontakt\">\n<\/div>\n<div class=\"form-lovo-kontakt form-lovo\">\n\t<h2 class=\"form-title\">Zapraszamy do kontaktu\n\t<\/h2>\n\t<p class=\"form-subtitle\">Wybierz preferowany spos\u00f3b kontaktu dla naszego doradcy:\n\t<\/p>\n\t<p class=\"form-email\"><label> Adres e-mail<br \/>\n<span class=\"wpcf7-form-control-wrap\" data-name=\"your-email\"><input size=\"40\" maxlength=\"400\" class=\"wpcf7-form-control wpcf7-email wpcf7-validates-as-required wpcf7-text wpcf7-validates-as-email\" aria-required=\"true\" aria-invalid=\"false\" value=\"\" type=\"email\" name=\"your-email\" \/><\/span> <\/label>\n\t<\/p>\n\t<p class=\"form-tel\"><label> Telefon kontaktowy<br \/>\n<span class=\"wpcf7-form-control-wrap\" data-name=\"your-tel\"><input size=\"40\" maxlength=\"400\" class=\"wpcf7-form-control wpcf7-tel wpcf7-text wpcf7-validates-as-tel\" aria-invalid=\"false\" value=\"\" type=\"tel\" name=\"your-tel\" \/><\/span> <\/label>\n\t<\/p>\n\n\t<p class=\"submit-section align-center\"><span id=\"wpcf7-69e34eb9bdcc3-wrapper\" class=\"wpcf7-form-control-wrap honeypot-723-wrap\" style=\"display:none !important; visibility:hidden !important;\"><label for=\"wpcf7-69e34eb9bdcc3-field\" class=\"hp-message\">Please leave this field empty.<\/label><input id=\"wpcf7-69e34eb9bdcc3-field\"  class=\"wpcf7-form-control wpcf7-text\" type=\"text\" name=\"honeypot-723\" value=\"\" size=\"40\" tabindex=\"-1\" autocomplete=\"new-password\" \/><\/span><input class=\"wpcf7-form-control wpcf7-submit has-spinner\" type=\"submit\" value=\"Wy\u015blij\" \/>\n\t<\/p>\n<\/div><div class=\"wpcf7-response-output\" aria-hidden=\"true\"><\/div>\n<\/form>\n<\/div>\n[\/vc_column][\/vc_row]<\/p>\n","protected":false},"excerpt":{"rendered":"<p>[vc_row bg_image=&#8221;17947&#8243; class=&#8221;row-titlebar-image titlebar-font-medium&#8221;][vc_column width=&#8221;1\/1&#8243;][\/vc_column][\/vc_row][vc_row top_padding=&#8221;60&#8243; bottom_padding=&#8221;60&#8243;][vc_column width=&#8221;1\/1&#8243;][vc_column_text el_class=&#8221;margin-bottom-0&#8243;]The advantages of LoVo solutions are perceived by both domestic and international business partners as we constantly meet their expectations. Check the references![\/vc_column_text][\/vc_column][\/vc_row][vc_row bottom_padding=&#8221;60&#8243; row_id=&#8221;row-reference-grid&#8221;][vc_column width=&#8221;1\/1&#8243;][vc_tta_accordion style=&#8221;flat&#8221; active_section=&#8221;0&#8243; collapsible_all=&#8221;true&#8221;][vc_tta_section title=&#8221;Coca-Cola HBC Polska Sp. z o.o.&#8221; tab_id=&#8221;1535619323213-231c9070-cc8a&#8221;][\/vc_tta_section][vc_tta_section title=&#8221;MUSTANG Poland Sp. z o.o.&#8221; tab_id=&#8221;1535619323244-cc8eced7-8e18&#8243;][\/vc_tta_section][vc_tta_section title=&#8221;Millward Brown S.A.&#8221; tab_id=&#8221;1535620137759-e842518a-8915&#8243;][\/vc_tta_section][vc_tta_section title=&#8221;Vectra S.A.&#8221; tab_id=&#8221;1535620199042-c85b0baa-22c3&#8243;][\/vc_tta_section][vc_tta_section title=&#8221;Centralny Instytut Ochrony Pracy &#8211; Pa\u0144stwowy Instytut Badawczy&#8221; tab_id=&#8221;1535620284278-8602a3ac-26dc&#8221;][\/vc_tta_section][vc_tta_section title=&#8221;Agencja Rezerw Materia\u0142owych&#8221; tab_id=&#8221;1535620346216-712d36bc-2ab3&#8243;][\/vc_tta_section][vc_tta_section title=&#8221;Urz\u0105d Statystyczny w Rzeszowie&#8221; tab_id=&#8221;1535620408644-d94004c7-e86e&#8221;][\/vc_tta_section][vc_tta_section title=&#8221;Akademia Sztuk Pi\u0119knych w \u0141odzi&#8221; tab_id=&#8221;1535620456091-c3b24fd1-6135&#8243;][\/vc_tta_section][vc_tta_section title=&#8221;Drewno Centrum II Sp. z o.o.&#8221; tab_id=&#8221;1535620525861-ade30c0a-6858&#8243;][\/vc_tta_section][vc_tta_section title=&#8221;Instytut Ekonomiki Rolnictwa i Gospodarki \u017bywno\u015bciowej &#8211; Pa\u0144stwowy Instytut Badawczy&#8221; tab_id=&#8221;1535620590782-e7b54d25-7ff0&#8243;][\/vc_tta_section][vc_tta_section title=&#8221;Instytut Energetyki &#8211; Instytut Badawczy&#8221; tab_id=&#8221;1535620668557-b2d5582b-0bca&#8221;][\/vc_tta_section][vc_tta_section title=&#8221;JURA Poland Sp. z o.o.&#8221; tab_id=&#8221;1535620732418-8a4dd9ac-f1db&#8221;][\/vc_tta_section][vc_tta_section title=&#8221;Powiatowy Urz\u0105d Pracy w Starogardzie Gda\u0144skim&#8221; tab_id=&#8221;1535620801385-1c1bdd17-0f2c&#8221;][\/vc_tta_section][vc_tta_section title=&#8221;Stal-Service Sp. z o.o.&#8221; tab_id=&#8221;1535620876838-949c1df4-ce01&#8243;][\/vc_tta_section][vc_tta_section title=&#8221;Teatr Narodowy&#8221; tab_id=&#8221;1535620953337-f0d2b693-185f&#8221;][\/vc_tta_section][vc_tta_section title=&#8221;Urz\u0105d Statystyczny w Rzeszowie&#8221; tab_id=&#8221;1535621012626-349dc312-6c02&#8243;][\/vc_tta_section][vc_tta_section title=&#8221;Zak\u0142ad Gospodarowania Nieruchomo\u015bciami w Dzielnicy Praga-P\u00f3\u0142noc m.st. Warszawy&#8221; tab_id=&#8221;1535621066905-0c9ca1a4-44d4&#8243;][\/vc_tta_section][vc_tta_section title=&#8221;Zesp\u00f3\u0142 Wojew\u00f3dzkich Przychodni Specjalistycznych w Katowicach&#8221; tab_id=&#8221;1535621152301-2ac4251e-3b0f&#8221;][\/vc_tta_section][\/vc_tta_accordion][vc_row_inner][vc_column_inner width=&#8221;1\/3&#8243;][vc_hoverbox primary_title=&#8221;&#8221; hover_title=&#8221;&#8221; shape=&#8221;square&#8221; hover_background_color=&#8221;white&#8221;] [\/vc_hoverbox][\/vc_column_inner][vc_column_inner width=&#8221;1\/3&#8243;][vc_hoverbox primary_title=&#8221;&#8221; hover_title=&#8221;&#8221; shape=&#8221;square&#8221; hover_background_color=&#8221;white&#8221;] [\/vc_hoverbox][\/vc_column_inner][vc_column_inner width=&#8221;1\/3&#8243;][vc_hoverbox primary_title=&#8221;&#8221; hover_title=&#8221;&#8221; shape=&#8221;square&#8221; hover_background_color=&#8221;white&#8221;] [\/vc_hoverbox][\/vc_column_inner][\/vc_row_inner][\/vc_column][\/vc_row][vc_row bg_image=&#8221;15939&#8243; top_padding=&#8221;60&#8243; bottom_padding=&#8221;60&#8243;][vc_column width=&#8221;1\/1&#8243;][vc_column_text] Wybierz preferowany spos\u00f3b kontaktu dla naszego doradcy: [\/vc_column_text][\/vc_column][\/vc_row]<\/p>\n","protected":false},"author":1,"featured_media":0,"parent":18591,"menu_order":0,"comment_status":"closed","ping_status":"closed","template":"","meta":{"footnotes":""},"class_list":["post-18612","page","type-page","status-publish","hentry"],"yoast_head":"<!-- This site is optimized with the Yoast SEO plugin v24.3 - https:\/\/yoast.com\/wordpress\/plugins\/seo\/ -->\n<title>Our references - LoVo<\/title>\n<meta name=\"description\" content=\"Zalety rozwi\u0105za\u0144 LoVo dostrzegane s\u0105 przez Klient\u00f3w i Partner\u00f3w biznesowych, gdy\u017c nieustannie wychodzimy naprzeciw ich oczekiwaniom. Sprawd\u017a referencje!\" \/>\n<meta name=\"robots\" content=\"noindex, follow, max-snippet:-1, max-image-preview:large, max-video-preview:-1\" \/>\n<meta property=\"og:locale\" content=\"en_US\" \/>\n<meta property=\"og:type\" content=\"article\" \/>\n<meta property=\"og:title\" content=\"Our references - LoVo\" \/>\n<meta property=\"og:description\" content=\"Zalety rozwi\u0105za\u0144 LoVo dostrzegane s\u0105 przez Klient\u00f3w i Partner\u00f3w biznesowych, gdy\u017c nieustannie wychodzimy naprzeciw ich oczekiwaniom. Sprawd\u017a referencje!\" \/>\n<meta property=\"og:url\" content=\"https:\/\/www.lovo.pl\/en\/about-the-company\/references\/\" \/>\n<meta property=\"og:site_name\" content=\"LoVo\" \/>\n<meta property=\"article:modified_time\" content=\"2018-09-19T11:57:15+00:00\" \/>\n<meta property=\"og:image\" content=\"https:\/\/www.lovo.pl\/wp-content\/uploads\/2018\/07\/pdf.png\" \/>\n<meta name=\"twitter:card\" content=\"summary_large_image\" \/>\n<meta name=\"twitter:label1\" content=\"Est. reading time\" \/>\n\t<meta name=\"twitter:data1\" content=\"4 minutes\" \/>\n<script type=\"application\/ld+json\" class=\"yoast-schema-graph\">{\"@context\":\"https:\/\/schema.org\",\"@graph\":[{\"@type\":\"WebPage\",\"@id\":\"https:\/\/www.lovo.pl\/en\/about-the-company\/references\/\",\"url\":\"https:\/\/www.lovo.pl\/en\/about-the-company\/references\/\",\"name\":\"Our references - LoVo\",\"isPartOf\":{\"@id\":\"https:\/\/www.lovo.pl\/en\/#website\"},\"datePublished\":\"2018-05-21T10:17:43+00:00\",\"dateModified\":\"2018-09-19T11:57:15+00:00\",\"description\":\"Zalety rozwi\u0105za\u0144 LoVo dostrzegane s\u0105 przez Klient\u00f3w i Partner\u00f3w biznesowych, gdy\u017c nieustannie wychodzimy naprzeciw ich oczekiwaniom. Sprawd\u017a referencje!\",\"breadcrumb\":{\"@id\":\"https:\/\/www.lovo.pl\/en\/about-the-company\/references\/#breadcrumb\"},\"inLanguage\":\"en-US\",\"potentialAction\":[{\"@type\":\"ReadAction\",\"target\":[\"https:\/\/www.lovo.pl\/en\/about-the-company\/references\/\"]}]},{\"@type\":\"BreadcrumbList\",\"@id\":\"https:\/\/www.lovo.pl\/en\/about-the-company\/references\/#breadcrumb\",\"itemListElement\":[{\"@type\":\"ListItem\",\"position\":1,\"name\":\"Strona g\u0142\u00f3wna\",\"item\":\"https:\/\/www.lovo.pl\/en\/\"},{\"@type\":\"ListItem\",\"position\":2,\"name\":\"LoVo\",\"item\":\"https:\/\/www.lovo.pl\/en\/about-the-company\/\"},{\"@type\":\"ListItem\",\"position\":3,\"name\":\"Our references\"}]},{\"@type\":\"WebSite\",\"@id\":\"https:\/\/www.lovo.pl\/en\/#website\",\"url\":\"https:\/\/www.lovo.pl\/en\/\",\"name\":\"LoVo\",\"description\":\"Wirtualne rozwi\u0105zania telekomunikacyjne dla Operator\u00f3w, Reseller\u00f3w i Integrator\u00f3w oraz innowacyjne us\u0142ugi teleinformatyczne dla Biznesu.\",\"potentialAction\":[{\"@type\":\"SearchAction\",\"target\":{\"@type\":\"EntryPoint\",\"urlTemplate\":\"https:\/\/www.lovo.pl\/en\/?s={search_term_string}\"},\"query-input\":{\"@type\":\"PropertyValueSpecification\",\"valueRequired\":true,\"valueName\":\"search_term_string\"}}],\"inLanguage\":\"en-US\"}]}<\/script>\n<!-- \/ Yoast SEO plugin. -->","yoast_head_json":{"title":"Our references - LoVo","description":"Zalety rozwi\u0105za\u0144 LoVo dostrzegane s\u0105 przez Klient\u00f3w i Partner\u00f3w biznesowych, gdy\u017c nieustannie wychodzimy naprzeciw ich oczekiwaniom. Sprawd\u017a referencje!","robots":{"index":"noindex","follow":"follow","max-snippet":"max-snippet:-1","max-image-preview":"max-image-preview:large","max-video-preview":"max-video-preview:-1"},"og_locale":"en_US","og_type":"article","og_title":"Our references - LoVo","og_description":"Zalety rozwi\u0105za\u0144 LoVo dostrzegane s\u0105 przez Klient\u00f3w i Partner\u00f3w biznesowych, gdy\u017c nieustannie wychodzimy naprzeciw ich oczekiwaniom. Sprawd\u017a referencje!","og_url":"https:\/\/www.lovo.pl\/en\/about-the-company\/references\/","og_site_name":"LoVo","article_modified_time":"2018-09-19T11:57:15+00:00","og_image":[{"url":"https:\/\/www.lovo.pl\/wp-content\/uploads\/2018\/07\/pdf.png","type":"","width":"","height":""}],"twitter_card":"summary_large_image","twitter_misc":{"Est. reading time":"4 minutes"},"schema":{"@context":"https:\/\/schema.org","@graph":[{"@type":"WebPage","@id":"https:\/\/www.lovo.pl\/en\/about-the-company\/references\/","url":"https:\/\/www.lovo.pl\/en\/about-the-company\/references\/","name":"Our references - LoVo","isPartOf":{"@id":"https:\/\/www.lovo.pl\/en\/#website"},"datePublished":"2018-05-21T10:17:43+00:00","dateModified":"2018-09-19T11:57:15+00:00","description":"Zalety rozwi\u0105za\u0144 LoVo dostrzegane s\u0105 przez Klient\u00f3w i Partner\u00f3w biznesowych, gdy\u017c nieustannie wychodzimy naprzeciw ich oczekiwaniom. Sprawd\u017a referencje!","breadcrumb":{"@id":"https:\/\/www.lovo.pl\/en\/about-the-company\/references\/#breadcrumb"},"inLanguage":"en-US","potentialAction":[{"@type":"ReadAction","target":["https:\/\/www.lovo.pl\/en\/about-the-company\/references\/"]}]},{"@type":"BreadcrumbList","@id":"https:\/\/www.lovo.pl\/en\/about-the-company\/references\/#breadcrumb","itemListElement":[{"@type":"ListItem","position":1,"name":"Strona g\u0142\u00f3wna","item":"https:\/\/www.lovo.pl\/en\/"},{"@type":"ListItem","position":2,"name":"LoVo","item":"https:\/\/www.lovo.pl\/en\/about-the-company\/"},{"@type":"ListItem","position":3,"name":"Our references"}]},{"@type":"WebSite","@id":"https:\/\/www.lovo.pl\/en\/#website","url":"https:\/\/www.lovo.pl\/en\/","name":"LoVo","description":"Wirtualne rozwi\u0105zania telekomunikacyjne dla Operator\u00f3w, Reseller\u00f3w i Integrator\u00f3w oraz innowacyjne us\u0142ugi teleinformatyczne dla Biznesu.","potentialAction":[{"@type":"SearchAction","target":{"@type":"EntryPoint","urlTemplate":"https:\/\/www.lovo.pl\/en\/?s={search_term_string}"},"query-input":{"@type":"PropertyValueSpecification","valueRequired":true,"valueName":"search_term_string"}}],"inLanguage":"en-US"}]}},"_links":{"self":[{"href":"https:\/\/www.lovo.pl\/en\/wp-json\/wp\/v2\/pages\/18612","targetHints":{"allow":["GET"]}}],"collection":[{"href":"https:\/\/www.lovo.pl\/en\/wp-json\/wp\/v2\/pages"}],"about":[{"href":"https:\/\/www.lovo.pl\/en\/wp-json\/wp\/v2\/types\/page"}],"author":[{"embeddable":true,"href":"https:\/\/www.lovo.pl\/en\/wp-json\/wp\/v2\/users\/1"}],"replies":[{"embeddable":true,"href":"https:\/\/www.lovo.pl\/en\/wp-json\/wp\/v2\/comments?post=18612"}],"version-history":[{"count":4,"href":"https:\/\/www.lovo.pl\/en\/wp-json\/wp\/v2\/pages\/18612\/revisions"}],"predecessor-version":[{"id":20022,"href":"https:\/\/www.lovo.pl\/en\/wp-json\/wp\/v2\/pages\/18612\/revisions\/20022"}],"up":[{"embeddable":true,"href":"https:\/\/www.lovo.pl\/en\/wp-json\/wp\/v2\/pages\/18591"}],"wp:attachment":[{"href":"https:\/\/www.lovo.pl\/en\/wp-json\/wp\/v2\/media?parent=18612"}],"curies":[{"name":"wp","href":"https:\/\/api.w.org\/{rel}","templated":true}]}}