{"id":18607,"date":"2018-05-24T12:58:50","date_gmt":"2018-05-24T10:58:50","guid":{"rendered":"https:\/\/www.lovo.pl\/wiedza\/"},"modified":"2018-09-07T13:41:07","modified_gmt":"2018-09-07T11:41:07","slug":"knowledge","status":"publish","type":"page","link":"https:\/\/www.lovo.pl\/en\/knowledge\/","title":{"rendered":"KNOWLEDGE"},"content":{"rendered":"","protected":false},"excerpt":{"rendered":"","protected":false},"author":1,"featured_media":0,"parent":0,"menu_order":0,"comment_status":"closed","ping_status":"closed","template":"page-blog.php","meta":{"footnotes":""},"class_list":["post-18607","page","type-page","status-publish","hentry"],"yoast_head":"<!-- This site is optimized with the Yoast SEO plugin v24.3 - https:\/\/yoast.com\/wordpress\/plugins\/seo\/ -->\n<title>Wiedza w kom\u00f3rce, czyli blog telekomunikacyjnyKNOWLEDGE - LoVo<\/title>\n<meta name=\"description\" content=\"Wiedzy nigdy za wiele, dlatego nasi eksperci z rynku telekomunikacyjnego dziel\u0105 si\u0119 swoj\u0105 wiedz\u0105 i do\u015bwiadczeniem. Sprawd\u017a, co nowego!\" \/>\n<meta name=\"robots\" content=\"noindex, follow, max-snippet:-1, max-image-preview:large, max-video-preview:-1\" \/>\n<meta property=\"og:locale\" content=\"en_US\" \/>\n<meta property=\"og:type\" content=\"article\" \/>\n<meta property=\"og:title\" content=\"Wiedza w kom\u00f3rce, czyli blog telekomunikacyjnyKNOWLEDGE - LoVo\" \/>\n<meta property=\"og:description\" content=\"Wiedzy nigdy za wiele, dlatego nasi eksperci z rynku telekomunikacyjnego dziel\u0105 si\u0119 swoj\u0105 wiedz\u0105 i do\u015bwiadczeniem. Sprawd\u017a, co nowego!\" \/>\n<meta property=\"og:url\" content=\"https:\/\/www.lovo.pl\/en\/knowledge\/\" \/>\n<meta property=\"og:site_name\" content=\"LoVo\" \/>\n<meta property=\"article:modified_time\" content=\"2018-09-07T11:41:07+00:00\" \/>\n<meta name=\"twitter:card\" content=\"summary_large_image\" \/>\n<script type=\"application\/ld+json\" class=\"yoast-schema-graph\">{\"@context\":\"https:\/\/schema.org\",\"@graph\":[{\"@type\":\"WebPage\",\"@id\":\"https:\/\/www.lovo.pl\/en\/knowledge\/\",\"url\":\"https:\/\/www.lovo.pl\/en\/knowledge\/\",\"name\":\"Wiedza w kom\u00f3rce, czyli blog telekomunikacyjnyKNOWLEDGE - LoVo\",\"isPartOf\":{\"@id\":\"https:\/\/www.lovo.pl\/en\/#website\"},\"datePublished\":\"2018-05-24T10:58:50+00:00\",\"dateModified\":\"2018-09-07T11:41:07+00:00\",\"description\":\"Wiedzy nigdy za wiele, dlatego nasi eksperci z rynku telekomunikacyjnego dziel\u0105 si\u0119 swoj\u0105 wiedz\u0105 i do\u015bwiadczeniem. Sprawd\u017a, co nowego!\",\"breadcrumb\":{\"@id\":\"https:\/\/www.lovo.pl\/en\/knowledge\/#breadcrumb\"},\"inLanguage\":\"en-US\",\"potentialAction\":[{\"@type\":\"ReadAction\",\"target\":[\"https:\/\/www.lovo.pl\/en\/knowledge\/\"]}]},{\"@type\":\"BreadcrumbList\",\"@id\":\"https:\/\/www.lovo.pl\/en\/knowledge\/#breadcrumb\",\"itemListElement\":[{\"@type\":\"ListItem\",\"position\":1,\"name\":\"Strona g\u0142\u00f3wna\",\"item\":\"https:\/\/www.lovo.pl\/en\/\"},{\"@type\":\"ListItem\",\"position\":2,\"name\":\"KNOWLEDGE\"}]},{\"@type\":\"WebSite\",\"@id\":\"https:\/\/www.lovo.pl\/en\/#website\",\"url\":\"https:\/\/www.lovo.pl\/en\/\",\"name\":\"LoVo\",\"description\":\"Wirtualne rozwi\u0105zania telekomunikacyjne dla Operator\u00f3w, Reseller\u00f3w i Integrator\u00f3w oraz innowacyjne us\u0142ugi teleinformatyczne dla Biznesu.\",\"potentialAction\":[{\"@type\":\"SearchAction\",\"target\":{\"@type\":\"EntryPoint\",\"urlTemplate\":\"https:\/\/www.lovo.pl\/en\/?s={search_term_string}\"},\"query-input\":{\"@type\":\"PropertyValueSpecification\",\"valueRequired\":true,\"valueName\":\"search_term_string\"}}],\"inLanguage\":\"en-US\"}]}<\/script>\n<!-- \/ Yoast SEO plugin. -->","yoast_head_json":{"title":"Wiedza w kom\u00f3rce, czyli blog telekomunikacyjnyKNOWLEDGE - LoVo","description":"Wiedzy nigdy za wiele, dlatego nasi eksperci z rynku telekomunikacyjnego dziel\u0105 si\u0119 swoj\u0105 wiedz\u0105 i do\u015bwiadczeniem. Sprawd\u017a, co nowego!","robots":{"index":"noindex","follow":"follow","max-snippet":"max-snippet:-1","max-image-preview":"max-image-preview:large","max-video-preview":"max-video-preview:-1"},"og_locale":"en_US","og_type":"article","og_title":"Wiedza w kom\u00f3rce, czyli blog telekomunikacyjnyKNOWLEDGE - LoVo","og_description":"Wiedzy nigdy za wiele, dlatego nasi eksperci z rynku telekomunikacyjnego dziel\u0105 si\u0119 swoj\u0105 wiedz\u0105 i do\u015bwiadczeniem. Sprawd\u017a, co nowego!","og_url":"https:\/\/www.lovo.pl\/en\/knowledge\/","og_site_name":"LoVo","article_modified_time":"2018-09-07T11:41:07+00:00","twitter_card":"summary_large_image","schema":{"@context":"https:\/\/schema.org","@graph":[{"@type":"WebPage","@id":"https:\/\/www.lovo.pl\/en\/knowledge\/","url":"https:\/\/www.lovo.pl\/en\/knowledge\/","name":"Wiedza w kom\u00f3rce, czyli blog telekomunikacyjnyKNOWLEDGE - LoVo","isPartOf":{"@id":"https:\/\/www.lovo.pl\/en\/#website"},"datePublished":"2018-05-24T10:58:50+00:00","dateModified":"2018-09-07T11:41:07+00:00","description":"Wiedzy nigdy za wiele, dlatego nasi eksperci z rynku telekomunikacyjnego dziel\u0105 si\u0119 swoj\u0105 wiedz\u0105 i do\u015bwiadczeniem. Sprawd\u017a, co nowego!","breadcrumb":{"@id":"https:\/\/www.lovo.pl\/en\/knowledge\/#breadcrumb"},"inLanguage":"en-US","potentialAction":[{"@type":"ReadAction","target":["https:\/\/www.lovo.pl\/en\/knowledge\/"]}]},{"@type":"BreadcrumbList","@id":"https:\/\/www.lovo.pl\/en\/knowledge\/#breadcrumb","itemListElement":[{"@type":"ListItem","position":1,"name":"Strona g\u0142\u00f3wna","item":"https:\/\/www.lovo.pl\/en\/"},{"@type":"ListItem","position":2,"name":"KNOWLEDGE"}]},{"@type":"WebSite","@id":"https:\/\/www.lovo.pl\/en\/#website","url":"https:\/\/www.lovo.pl\/en\/","name":"LoVo","description":"Wirtualne rozwi\u0105zania telekomunikacyjne dla Operator\u00f3w, Reseller\u00f3w i Integrator\u00f3w oraz innowacyjne us\u0142ugi teleinformatyczne dla Biznesu.","potentialAction":[{"@type":"SearchAction","target":{"@type":"EntryPoint","urlTemplate":"https:\/\/www.lovo.pl\/en\/?s={search_term_string}"},"query-input":{"@type":"PropertyValueSpecification","valueRequired":true,"valueName":"search_term_string"}}],"inLanguage":"en-US"}]}},"_links":{"self":[{"href":"https:\/\/www.lovo.pl\/en\/wp-json\/wp\/v2\/pages\/18607","targetHints":{"allow":["GET"]}}],"collection":[{"href":"https:\/\/www.lovo.pl\/en\/wp-json\/wp\/v2\/pages"}],"about":[{"href":"https:\/\/www.lovo.pl\/en\/wp-json\/wp\/v2\/types\/page"}],"author":[{"embeddable":true,"href":"https:\/\/www.lovo.pl\/en\/wp-json\/wp\/v2\/users\/1"}],"replies":[{"embeddable":true,"href":"https:\/\/www.lovo.pl\/en\/wp-json\/wp\/v2\/comments?post=18607"}],"version-history":[{"count":3,"href":"https:\/\/www.lovo.pl\/en\/wp-json\/wp\/v2\/pages\/18607\/revisions"}],"predecessor-version":[{"id":19214,"href":"https:\/\/www.lovo.pl\/en\/wp-json\/wp\/v2\/pages\/18607\/revisions\/19214"}],"wp:attachment":[{"href":"https:\/\/www.lovo.pl\/en\/wp-json\/wp\/v2\/media?parent=18607"}],"curies":[{"name":"wp","href":"https:\/\/api.w.org\/{rel}","templated":true}]}}