{"id":18605,"date":"2018-06-04T16:56:44","date_gmt":"2018-06-04T14:56:44","guid":{"rendered":"https:\/\/www.lovo.pl\/logowanie\/"},"modified":"2018-08-30T17:42:06","modified_gmt":"2018-08-30T15:42:06","slug":"login","status":"publish","type":"page","link":"https:\/\/www.lovo.pl\/en\/login\/","title":{"rendered":"Login to external websites"},"content":{"rendered":"<p>[vc_row bg_image=&#8221;16295&#8243; top_padding=&#8221;60&#8243; bottom_padding=&#8221;120&#8243; class=&#8221;titlebar-font-large&#8221;][vc_column width=&#8221;1\/1&#8243;]<h1 class=\"headline font-inherit fontsize-inherit fontweight-500 lh-inherit align-center transform-inherit fontsize-6xl lh-10 titlebar-title\" style=\"margin: 0 0 20px 0; color: #ffffff;\">Login<\/h1><div class=\"headline font-inherit fontsize-xxl fontweight-500 lh-inherit align-center transform-inherit font-rajdhani lh-10 titlebar-subtitle\" style=\"margin: 0 0 20px 0; color: #ffffff;\">to external websites<\/div>[vc_empty_space height=&#8221;40px&#8221;][vc_column_text el_class=&#8221;color-white&#8221;]Welcome to the platform of joint registration and logging in to websites dedicated to individual Customers, business Customers and LoVo Group Partners. To use the selected service press the icon below, which will automatically take you to the platform.[\/vc_column_text][vc_empty_space height=&#8221;40px&#8221;][vc_row_inner el_id=&#8221;row-login-boxs&#8221; el_class=&#8221;ehcol-section-1&#8243;][vc_column_inner width=&#8221;1\/4&#8243;]<div class=\"minti_boxedholder  color-light clearfix\" style=\"margin: 0px 0px 0px 0px; background-color: #4ce213; \"><a href=\"https:\/\/lovo.hiperus.pl\/\" target=\" _blank\"\" style=\"display: block; -webkit-box-sizing: border-box; box-sizing: border-box; height: 100%; padding: 5%; \">[vc_single_image image=&#8221;16318&#8243; img_size=&#8221;full&#8221; alignment=&#8221;center&#8221; css=&#8221;.vc_custom_1528122503018{margin-bottom: 0px !important;}&#8221;][vc_column_text el_class=&#8221;ehcol-group-1&#8243;]<\/p>\n<h2 style=\"text-align: center;\">Customer area<\/h2>\n<p>[\/vc_column_text]<\/a><\/div>[\/vc_column_inner][vc_column_inner width=&#8221;1\/4&#8243;]<div class=\"minti_boxedholder  color-light clearfix\" style=\"margin: 0px 0px 0px 0px; background-color: #4ce213; \"><a href=\"https:\/\/platforma.hiperus.pl\/ \" target=\" _blank\"\" style=\"display: block; -webkit-box-sizing: border-box; box-sizing: border-box; height: 100%; padding: 5%; \">[vc_single_image image=&#8221;16335&#8243; img_size=&#8221;full&#8221; alignment=&#8221;center&#8221; css=&#8221;.vc_custom_1528122922040{margin-bottom: 0px !important;}&#8221;][vc_column_text el_class=&#8221;ehcol-group-1&#8243;]<\/p>\n<h2 style=\"text-align: center;\">Wholesale partner area<\/h2>\n<p>[\/vc_column_text]<\/a><\/div>[\/vc_column_inner][vc_column_inner width=&#8221;1\/4&#8243;]<div class=\"minti_boxedholder  color-light clearfix\" style=\"margin: 0px 0px 0px 0px; background-color: #4ce213; \"><a href=\"http:\/\/partners.lovo.pl\/ \" target=\" _blank\"\" style=\"display: block; -webkit-box-sizing: border-box; box-sizing: border-box; height: 100%; padding: 5%; \">[vc_single_image image=&#8221;16334&#8243; img_size=&#8221;full&#8221; alignment=&#8221;center&#8221; css=&#8221;.vc_custom_1528122939241{margin-bottom: 0px !important;}&#8221;][vc_column_text el_class=&#8221;ehcol-group-1&#8243;]<\/p>\n<h2 style=\"text-align: center;\">Business partner area<\/h2>\n<p>[\/vc_column_text]<\/a><\/div>[\/vc_column_inner][vc_column_inner width=&#8221;1\/4&#8243;]<div class=\"minti_boxedholder  color-light clearfix\" style=\"margin: 0px 0px 0px 0px; background-color: #4ce213; \"><a href=\"http:\/\/epaso.lovo.pl\/ \" target=\" _blank\"\" style=\"display: block; -webkit-box-sizing: border-box; box-sizing: border-box; height: 100%; padding: 5%; \">[vc_single_image image=&#8221;16336&#8243; img_size=&#8221;full&#8221; alignment=&#8221;center&#8221; css=&#8221;.vc_custom_1528122951394{margin-bottom: 0px !important;}&#8221;][vc_column_text el_class=&#8221;ehcol-group-1&#8243;]<\/p>\n<h2 style=\"text-align: center;\">ePASO area<\/h2>\n<p>[\/vc_column_text]<\/a><\/div>[\/vc_column_inner][\/vc_row_inner][\/vc_column][\/vc_row]<\/p>\n","protected":false},"excerpt":{"rendered":"<p>[vc_row bg_image=&#8221;16295&#8243; top_padding=&#8221;60&#8243; bottom_padding=&#8221;120&#8243; class=&#8221;titlebar-font-large&#8221;][vc_column width=&#8221;1\/1&#8243;][vc_empty_space height=&#8221;40px&#8221;][vc_column_text el_class=&#8221;color-white&#8221;]Welcome to the platform of joint registration and logging in to websites dedicated to individual Customers, business Customers and LoVo Group Partners. To use the selected service press the icon below, which will automatically take you to the platform.[\/vc_column_text][vc_empty_space height=&#8221;40px&#8221;][vc_row_inner el_id=&#8221;row-login-boxs&#8221; el_class=&#8221;ehcol-section-1&#8243;][vc_column_inner width=&#8221;1\/4&#8243;][\/vc_column_inner][vc_column_inner width=&#8221;1\/4&#8243;][\/vc_column_inner][vc_column_inner width=&#8221;1\/4&#8243;][\/vc_column_inner][vc_column_inner width=&#8221;1\/4&#8243;][\/vc_column_inner][\/vc_row_inner][\/vc_column][\/vc_row]<\/p>\n","protected":false},"author":1,"featured_media":0,"parent":0,"menu_order":0,"comment_status":"closed","ping_status":"closed","template":"","meta":{"footnotes":""},"class_list":["post-18605","page","type-page","status-publish","hentry"],"yoast_head":"<!-- This site is optimized with the Yoast SEO plugin v24.3 - https:\/\/yoast.com\/wordpress\/plugins\/seo\/ -->\n<title>Login to external websites - LoVo<\/title>\n<meta name=\"description\" content=\"Konto w Strefie Klienta i Partnera to szybki dost\u0119p do paneli: Klienta, Partnera hurtowego, Partnera biznesowego oraz ePaso. Zaloguj si\u0119!\" \/>\n<meta name=\"robots\" content=\"noindex, follow, max-snippet:-1, max-image-preview:large, max-video-preview:-1\" \/>\n<meta property=\"og:locale\" content=\"en_US\" \/>\n<meta property=\"og:type\" content=\"article\" \/>\n<meta property=\"og:title\" content=\"Login to external websites - LoVo\" \/>\n<meta property=\"og:description\" content=\"Konto w Strefie Klienta i Partnera to szybki dost\u0119p do paneli: Klienta, Partnera hurtowego, Partnera biznesowego oraz ePaso. Zaloguj si\u0119!\" \/>\n<meta property=\"og:url\" content=\"https:\/\/www.lovo.pl\/en\/login\/\" \/>\n<meta property=\"og:site_name\" content=\"LoVo\" \/>\n<meta property=\"article:modified_time\" content=\"2018-08-30T15:42:06+00:00\" \/>\n<meta name=\"twitter:card\" content=\"summary_large_image\" \/>\n<meta name=\"twitter:label1\" content=\"Est. reading time\" \/>\n\t<meta name=\"twitter:data1\" content=\"2 minutes\" \/>\n<script type=\"application\/ld+json\" class=\"yoast-schema-graph\">{\"@context\":\"https:\/\/schema.org\",\"@graph\":[{\"@type\":\"WebPage\",\"@id\":\"https:\/\/www.lovo.pl\/en\/login\/\",\"url\":\"https:\/\/www.lovo.pl\/en\/login\/\",\"name\":\"Login to external websites - LoVo\",\"isPartOf\":{\"@id\":\"https:\/\/www.lovo.pl\/en\/#website\"},\"datePublished\":\"2018-06-04T14:56:44+00:00\",\"dateModified\":\"2018-08-30T15:42:06+00:00\",\"description\":\"Konto w Strefie Klienta i Partnera to szybki dost\u0119p do paneli: Klienta, Partnera hurtowego, Partnera biznesowego oraz ePaso. Zaloguj si\u0119!\",\"breadcrumb\":{\"@id\":\"https:\/\/www.lovo.pl\/en\/login\/#breadcrumb\"},\"inLanguage\":\"en-US\",\"potentialAction\":[{\"@type\":\"ReadAction\",\"target\":[\"https:\/\/www.lovo.pl\/en\/login\/\"]}]},{\"@type\":\"BreadcrumbList\",\"@id\":\"https:\/\/www.lovo.pl\/en\/login\/#breadcrumb\",\"itemListElement\":[{\"@type\":\"ListItem\",\"position\":1,\"name\":\"Strona g\u0142\u00f3wna\",\"item\":\"https:\/\/www.lovo.pl\/en\/\"},{\"@type\":\"ListItem\",\"position\":2,\"name\":\"Login to external websites\"}]},{\"@type\":\"WebSite\",\"@id\":\"https:\/\/www.lovo.pl\/en\/#website\",\"url\":\"https:\/\/www.lovo.pl\/en\/\",\"name\":\"LoVo\",\"description\":\"Wirtualne rozwi\u0105zania telekomunikacyjne dla Operator\u00f3w, Reseller\u00f3w i Integrator\u00f3w oraz innowacyjne us\u0142ugi teleinformatyczne dla Biznesu.\",\"potentialAction\":[{\"@type\":\"SearchAction\",\"target\":{\"@type\":\"EntryPoint\",\"urlTemplate\":\"https:\/\/www.lovo.pl\/en\/?s={search_term_string}\"},\"query-input\":{\"@type\":\"PropertyValueSpecification\",\"valueRequired\":true,\"valueName\":\"search_term_string\"}}],\"inLanguage\":\"en-US\"}]}<\/script>\n<!-- \/ Yoast SEO plugin. -->","yoast_head_json":{"title":"Login to external websites - LoVo","description":"Konto w Strefie Klienta i Partnera to szybki dost\u0119p do paneli: Klienta, Partnera hurtowego, Partnera biznesowego oraz ePaso. Zaloguj si\u0119!","robots":{"index":"noindex","follow":"follow","max-snippet":"max-snippet:-1","max-image-preview":"max-image-preview:large","max-video-preview":"max-video-preview:-1"},"og_locale":"en_US","og_type":"article","og_title":"Login to external websites - LoVo","og_description":"Konto w Strefie Klienta i Partnera to szybki dost\u0119p do paneli: Klienta, Partnera hurtowego, Partnera biznesowego oraz ePaso. Zaloguj si\u0119!","og_url":"https:\/\/www.lovo.pl\/en\/login\/","og_site_name":"LoVo","article_modified_time":"2018-08-30T15:42:06+00:00","twitter_card":"summary_large_image","twitter_misc":{"Est. reading time":"2 minutes"},"schema":{"@context":"https:\/\/schema.org","@graph":[{"@type":"WebPage","@id":"https:\/\/www.lovo.pl\/en\/login\/","url":"https:\/\/www.lovo.pl\/en\/login\/","name":"Login to external websites - LoVo","isPartOf":{"@id":"https:\/\/www.lovo.pl\/en\/#website"},"datePublished":"2018-06-04T14:56:44+00:00","dateModified":"2018-08-30T15:42:06+00:00","description":"Konto w Strefie Klienta i Partnera to szybki dost\u0119p do paneli: Klienta, Partnera hurtowego, Partnera biznesowego oraz ePaso. Zaloguj si\u0119!","breadcrumb":{"@id":"https:\/\/www.lovo.pl\/en\/login\/#breadcrumb"},"inLanguage":"en-US","potentialAction":[{"@type":"ReadAction","target":["https:\/\/www.lovo.pl\/en\/login\/"]}]},{"@type":"BreadcrumbList","@id":"https:\/\/www.lovo.pl\/en\/login\/#breadcrumb","itemListElement":[{"@type":"ListItem","position":1,"name":"Strona g\u0142\u00f3wna","item":"https:\/\/www.lovo.pl\/en\/"},{"@type":"ListItem","position":2,"name":"Login to external websites"}]},{"@type":"WebSite","@id":"https:\/\/www.lovo.pl\/en\/#website","url":"https:\/\/www.lovo.pl\/en\/","name":"LoVo","description":"Wirtualne rozwi\u0105zania telekomunikacyjne dla Operator\u00f3w, Reseller\u00f3w i Integrator\u00f3w oraz innowacyjne us\u0142ugi teleinformatyczne dla Biznesu.","potentialAction":[{"@type":"SearchAction","target":{"@type":"EntryPoint","urlTemplate":"https:\/\/www.lovo.pl\/en\/?s={search_term_string}"},"query-input":{"@type":"PropertyValueSpecification","valueRequired":true,"valueName":"search_term_string"}}],"inLanguage":"en-US"}]}},"_links":{"self":[{"href":"https:\/\/www.lovo.pl\/en\/wp-json\/wp\/v2\/pages\/18605","targetHints":{"allow":["GET"]}}],"collection":[{"href":"https:\/\/www.lovo.pl\/en\/wp-json\/wp\/v2\/pages"}],"about":[{"href":"https:\/\/www.lovo.pl\/en\/wp-json\/wp\/v2\/types\/page"}],"author":[{"embeddable":true,"href":"https:\/\/www.lovo.pl\/en\/wp-json\/wp\/v2\/users\/1"}],"replies":[{"embeddable":true,"href":"https:\/\/www.lovo.pl\/en\/wp-json\/wp\/v2\/comments?post=18605"}],"version-history":[{"count":2,"href":"https:\/\/www.lovo.pl\/en\/wp-json\/wp\/v2\/pages\/18605\/revisions"}],"predecessor-version":[{"id":18628,"href":"https:\/\/www.lovo.pl\/en\/wp-json\/wp\/v2\/pages\/18605\/revisions\/18628"}],"wp:attachment":[{"href":"https:\/\/www.lovo.pl\/en\/wp-json\/wp\/v2\/media?parent=18605"}],"curies":[{"name":"wp","href":"https:\/\/api.w.org\/{rel}","templated":true}]}}