{"id":18603,"date":"2018-06-11T08:02:20","date_gmt":"2018-06-11T06:02:20","guid":{"rendered":"https:\/\/www.lovo.pl\/aktualnosci\/"},"modified":"2018-09-06T17:18:59","modified_gmt":"2018-09-06T15:18:59","slug":"news","status":"publish","type":"page","link":"https:\/\/www.lovo.pl\/en\/news\/","title":{"rendered":"News from the LoVo Group and the telecommunications market"},"content":{"rendered":"<p>[vc_row bg_image=&#8221;16508&#8243; class=&#8221;row-titlebar-image titlebar-font-small&#8221;][vc_column width=&#8221;1\/1&#8243;]<div class=\"minti_boxedholder   clearfix\" style=\"padding: 0px 0px 0px 0px; margin: 0px 0px 0px 0px; \">[vc_custom_heading source=&#8221;post_title&#8221; font_container=&#8221;tag:h1|font_size:80px|text_align:center|color:%23ffffff|line_height:1&#8243; use_theme_fonts=&#8221;yes&#8221; css=&#8221;.vc_custom_1531177173576{margin-bottom: 20px !important;}&#8221; el_class=&#8221;titlebar-title&#8221;]<div class=\"headline font-inherit fontsize-xxl fontweight-500 lh-inherit align-center transform-inherit titlebar-subtitle\" style=\"margin: 0 0 20px 0; color: #ffffff;\"><\/div><\/div>[\/vc_column][\/vc_row][vc_row top_padding=&#8221;100&#8243; bottom_padding=&#8221;100&#8243;][vc_column width=&#8221;1\/1&#8243;]<div class=\"blog-shortcode blog-page blog-medium\"><div class=\"blog-wrap\">\n<article id=\"post-21469\" class=\"clearfix post-21469 post type-post status-publish format-standard has-post-thumbnail hentry category-news-en\">\n\n\t\t<div class=\"entry-image\">\n\t\t<a href=\"https:\/\/www.lovo.pl\/en\/lovo-wish-you-a-merry-christmas\/\" title=\"Permalink to LoVo wish you a Merry Christmas\" rel=\"bookmark\">\n\t\t\t<img loading=\"lazy\" decoding=\"async\" width=\"600\" height=\"400\" src=\"https:\/\/www.lovo.pl\/wp-content\/uploads\/2021\/12\/LoVo-wish-you-a-Merry-Christmas-600x400.png\" class=\"attachment-portfolio size-portfolio wp-post-image\" alt=\"\" \/>\t\t<\/a>\n\t<\/div>\n\t\n\t<div class=\"entry-wrap\">\n\t\t\n\t\t\n\t\t<div class=\"entry-title\">\n\t\t\t<h2><a href=\"https:\/\/www.lovo.pl\/en\/lovo-wish-you-a-merry-christmas\/\" title=\"Permalink to LoVo wish you a Merry Christmas\" rel=\"bookmark\">LoVo wish you a Merry Christmas<\/a><\/h2>\n\t\t<\/div>\n\n\t\t<div class=\"entry-content\">\n\t\t\t\t\t\t\t\t\t\t\t<\/div>\n\n\t\t\t\t<div class=\"entry-meta\">\n\t\t\t<ul>\n\t\t\n\t\t<li class=\"meta-date\">21 December 2021<\/li>\n\t\t\t\t<li class=\"meta-author\"><a href=\"https:\/\/www.lovo.pl\/en\/author\/lovoadm\/\" title=\"View all posts by lovoadm\">lovoadm<\/a><\/li>\n\t\t\t\t<li class=\"meta-category\"><a href=\"https:\/\/www.lovo.pl\/en\/category\/news-en\/\" rel=\"category tag\">News<\/a><\/li>\n\t\t<\/ul>\n\t\t<\/div>\n\t\t\n\t <\/div>\n\n<\/article><!-- #post -->\n\n\n<div class=\"clear\"><\/div>\n<article id=\"post-21107\" class=\"clearfix post-21107 post type-post status-publish format-standard has-post-thumbnail hentry category-news-en tag-28-31-october-2019 tag-capacity-europe-2019 tag-intercontinental-london tag-joanna-chmielinska-nowicka tag-the-o2\">\n\n\t\t<div class=\"entry-image\">\n\t\t<a href=\"https:\/\/www.lovo.pl\/en\/invitation-to-capacity-europe-2019-in-london\/\" title=\"Permalink to Invitation to Capacity Europe 2019 in London\" rel=\"bookmark\">\n\t\t\t<img loading=\"lazy\" decoding=\"async\" width=\"600\" height=\"400\" src=\"https:\/\/www.lovo.pl\/wp-content\/uploads\/2019\/10\/Capacity-Europe-2019-Joanna-Chmieli\u0144ska-Nowicka-2-600x400.png\" class=\"attachment-portfolio size-portfolio wp-post-image\" alt=\"Capacity Europe 2019 Joanna Chmieli\u0144ska-Nowicka\" \/>\t\t<\/a>\n\t<\/div>\n\t\n\t<div class=\"entry-wrap\">\n\t\t\n\t\t\n\t\t<div class=\"entry-title\">\n\t\t\t<h2><a href=\"https:\/\/www.lovo.pl\/en\/invitation-to-capacity-europe-2019-in-london\/\" title=\"Permalink to Invitation to Capacity Europe 2019 in London\" rel=\"bookmark\">Invitation to Capacity Europe 2019 in London<\/a><\/h2>\n\t\t<\/div>\n\n\t\t<div class=\"entry-content\">\n\t\t\t\t\t\tIn every industry, new technology is disrupting the way that business is done. This October, Capacity Europe will look at the telecommunications infrastructure and expertise that is making the latest&hellip;\t\t\t\t\t<\/div>\n\n\t\t\t\t<div class=\"entry-meta\">\n\t\t\t<ul>\n\t\t\n\t\t<li class=\"meta-date\">14 October 2019<\/li>\n\t\t\t\t<li class=\"meta-author\"><a href=\"https:\/\/www.lovo.pl\/en\/author\/lovoadm\/\" title=\"View all posts by lovoadm\">lovoadm<\/a><\/li>\n\t\t\t\t<li class=\"meta-category\"><a href=\"https:\/\/www.lovo.pl\/en\/category\/news-en\/\" rel=\"category tag\">News<\/a><\/li>\n\t\t<\/ul>\n\t\t<\/div>\n\t\t\n\t <\/div>\n\n<\/article><!-- #post -->\n\n\n<div class=\"clear\"><\/div>\n<article id=\"post-20602\" class=\"clearfix post-20602 post type-post status-publish format-standard has-post-thumbnail hentry category-news-en tag-cee-2019-gccm tag-joanna-chmielinska-nowicka tag-waldorf-astoria-berlin\">\n\n\t\t<div class=\"entry-image\">\n\t\t<a href=\"https:\/\/www.lovo.pl\/en\/invitation-to-cee-2019-gccm-in-berlin\/\" title=\"Permalink to Invitation to CEE 2019 GCCM in Berlin\" rel=\"bookmark\">\n\t\t\t<img loading=\"lazy\" decoding=\"async\" width=\"600\" height=\"400\" src=\"https:\/\/www.lovo.pl\/wp-content\/uploads\/2019\/04\/CEE-2019-GCCM-Berlin-Joanna-Chmieli\u0144ska-Nowicka-1-600x400.png\" class=\"attachment-portfolio size-portfolio wp-post-image\" alt=\"CEE 2019 GCCM - Berlin Joanna Chmieli\u0144ska-Nowicka\" \/>\t\t<\/a>\n\t<\/div>\n\t\n\t<div class=\"entry-wrap\">\n\t\t\n\t\t\n\t\t<div class=\"entry-title\">\n\t\t\t<h2><a href=\"https:\/\/www.lovo.pl\/en\/invitation-to-cee-2019-gccm-in-berlin\/\" title=\"Permalink to Invitation to CEE 2019 GCCM in Berlin\" rel=\"bookmark\">Invitation to CEE 2019 GCCM in Berlin<\/a><\/h2>\n\t\t<\/div>\n\n\t\t<div class=\"entry-content\">\n\t\t\t\t\t\tCarrier Community (CC) is a global telecom club established since 2008 and is organizing annual global carrier community meetings in Berlin for its CC members \u2013 the telecom wholesale service&hellip;\t\t\t\t\t<\/div>\n\n\t\t\t\t<div class=\"entry-meta\">\n\t\t\t<ul>\n\t\t\n\t\t<li class=\"meta-date\">29 April 2019<\/li>\n\t\t\t\t<li class=\"meta-author\"><a href=\"https:\/\/www.lovo.pl\/en\/author\/lovoadm\/\" title=\"View all posts by lovoadm\">lovoadm<\/a><\/li>\n\t\t\t\t<li class=\"meta-category\"><a href=\"https:\/\/www.lovo.pl\/en\/category\/news-en\/\" rel=\"category tag\">News<\/a><\/li>\n\t\t<\/ul>\n\t\t<\/div>\n\t\t\n\t <\/div>\n\n<\/article><!-- #post -->\n\n\n<div class=\"clear\"><\/div>\n<article id=\"post-20565\" class=\"clearfix post-20565 post type-post status-publish format-standard has-post-thumbnail hentry category-news-en tag-easter tag-spring-wishes\">\n\n\t\t<div class=\"entry-image\">\n\t\t<a href=\"https:\/\/www.lovo.pl\/en\/spring-wishes-from-lovo\/\" title=\"Permalink to Spring wishes from LoVo\" rel=\"bookmark\">\n\t\t\t<img loading=\"lazy\" decoding=\"async\" width=\"600\" height=\"400\" src=\"https:\/\/www.lovo.pl\/wp-content\/uploads\/2019\/04\/Wielkanoc3-600x400.png\" class=\"attachment-portfolio size-portfolio wp-post-image\" alt=\"happy easter\" \/>\t\t<\/a>\n\t<\/div>\n\t\n\t<div class=\"entry-wrap\">\n\t\t\n\t\t\n\t\t<div class=\"entry-title\">\n\t\t\t<h2><a href=\"https:\/\/www.lovo.pl\/en\/spring-wishes-from-lovo\/\" title=\"Permalink to Spring wishes from LoVo\" rel=\"bookmark\">Spring wishes from LoVo<\/a><\/h2>\n\t\t<\/div>\n\n\t\t<div class=\"entry-content\">\n\t\t\t\t\t\tLoVo team wish you\u00a0a family atmosphere, spring mood and many joyful\u00a0moments!\t\t\t\t\t<\/div>\n\n\t\t\t\t<div class=\"entry-meta\">\n\t\t\t<ul>\n\t\t\n\t\t<li class=\"meta-date\">17 April 2019<\/li>\n\t\t\t\t<li class=\"meta-author\"><a href=\"https:\/\/www.lovo.pl\/en\/author\/lovoadm\/\" title=\"View all posts by lovoadm\">lovoadm<\/a><\/li>\n\t\t\t\t<li class=\"meta-category\"><a href=\"https:\/\/www.lovo.pl\/en\/category\/news-en\/\" rel=\"category tag\">News<\/a><\/li>\n\t\t<\/ul>\n\t\t<\/div>\n\t\t\n\t <\/div>\n\n<\/article><!-- #post -->\n\n\n<div class=\"clear\"><\/div>\n<article id=\"post-20374\" class=\"clearfix post-20374 post type-post status-publish format-standard has-post-thumbnail hentry category-news-en tag-maintenance-work tag-service-work\">\n\n\t\t<div class=\"entry-image\">\n\t\t<a href=\"https:\/\/www.lovo.pl\/en\/maintenance-work-march-2-3-2019\/\" title=\"Permalink to Maintenance work (March 2-3, 2019)\" rel=\"bookmark\">\n\t\t\t<img loading=\"lazy\" decoding=\"async\" width=\"600\" height=\"400\" src=\"https:\/\/www.lovo.pl\/wp-content\/uploads\/2019\/03\/Maintenance-work-LoVo-72dpi-600x400.png\" class=\"attachment-portfolio size-portfolio wp-post-image\" alt=\"Service work\" \/>\t\t<\/a>\n\t<\/div>\n\t\n\t<div class=\"entry-wrap\">\n\t\t\n\t\t\n\t\t<div class=\"entry-title\">\n\t\t\t<h2><a href=\"https:\/\/www.lovo.pl\/en\/maintenance-work-march-2-3-2019\/\" title=\"Permalink to Maintenance work (March 2-3, 2019)\" rel=\"bookmark\">Maintenance work (March 2-3, 2019)<\/a><\/h2>\n\t\t<\/div>\n\n\t\t<div class=\"entry-content\">\n\t\t\t\t\t\tPlease be advised that during the night of March 2-3, 2019, maintenance work will be done on the infrastructure of the LoVo systems. An error found in the backbone router&hellip;\t\t\t\t\t<\/div>\n\n\t\t\t\t<div class=\"entry-meta\">\n\t\t\t<ul>\n\t\t\n\t\t<li class=\"meta-date\">1 March 2019<\/li>\n\t\t\t\t<li class=\"meta-author\"><a href=\"https:\/\/www.lovo.pl\/en\/author\/lovoadm\/\" title=\"View all posts by lovoadm\">lovoadm<\/a><\/li>\n\t\t\t\t<li class=\"meta-category\"><a href=\"https:\/\/www.lovo.pl\/en\/category\/news-en\/\" rel=\"category tag\">News<\/a><\/li>\n\t\t<\/ul>\n\t\t<\/div>\n\t\t\n\t <\/div>\n\n<\/article><!-- #post -->\n\n\n<div class=\"clear\"><\/div>\n<article id=\"post-20316\" class=\"clearfix post-20316 post type-post status-publish format-standard has-post-thumbnail hentry category-news-en tag-christmas tag-christmas-wishes tag-new-year\">\n\n\t\t<div class=\"entry-image\">\n\t\t<a href=\"https:\/\/www.lovo.pl\/en\/christmas-wishes-from-lovo\/\" title=\"Permalink to Christmas wishes from LoVo\" rel=\"bookmark\">\n\t\t\t<img loading=\"lazy\" decoding=\"async\" width=\"600\" height=\"400\" src=\"https:\/\/www.lovo.pl\/wp-content\/uploads\/2018\/12\/Christmas-wishes-from-LoVo-LoVo-600x400.png\" class=\"attachment-portfolio size-portfolio wp-post-image\" alt=\"\" \/>\t\t<\/a>\n\t<\/div>\n\t\n\t<div class=\"entry-wrap\">\n\t\t\n\t\t\n\t\t<div class=\"entry-title\">\n\t\t\t<h2><a href=\"https:\/\/www.lovo.pl\/en\/christmas-wishes-from-lovo\/\" title=\"Permalink to Christmas wishes from LoVo\" rel=\"bookmark\">Christmas wishes from LoVo<\/a><\/h2>\n\t\t<\/div>\n\n\t\t<div class=\"entry-content\">\n\t\t\t\t\t\tOn the occasion of Christmas and the upcoming New Year 2019, we send to all our Customers, Business Partners and Friends the power of warm wishes of health, happiness and&hellip;\t\t\t\t\t<\/div>\n\n\t\t\t\t<div class=\"entry-meta\">\n\t\t\t<ul>\n\t\t\n\t\t<li class=\"meta-date\">20 December 2018<\/li>\n\t\t\t\t<li class=\"meta-author\"><a href=\"https:\/\/www.lovo.pl\/en\/author\/lovoadm\/\" title=\"View all posts by lovoadm\">lovoadm<\/a><\/li>\n\t\t\t\t<li class=\"meta-category\"><a href=\"https:\/\/www.lovo.pl\/en\/category\/news-en\/\" rel=\"category tag\">News<\/a><\/li>\n\t\t<\/ul>\n\t\t<\/div>\n\t\t\n\t <\/div>\n\n<\/article><!-- #post -->\n\n\n<div class=\"clear\"><\/div><div class=\"pagination-medium\"><div id=\"pagination\" class=\"clearfix\"><ul>\n<li class=\"current\"><a href=\"https:\/\/www.lovo.pl\/en\/wp-json\/wp\/v2\/pages\/18603\/\">1<\/a><\/li>\n<li><a href=\"https:\/\/www.lovo.pl\/en\/wp-json\/wp\/v2\/pages\/18603\/page\/2\/\">2<\/a><\/li>\n<li><a href=\"https:\/\/www.lovo.pl\/en\/wp-json\/wp\/v2\/pages\/18603\/page\/3\/\">3<\/a><\/li>\n<li><a href=\"https:\/\/www.lovo.pl\/en\/wp-json\/wp\/v2\/pages\/18603\/page\/4\/\">4<\/a><\/li>\n<li class=\"pagination-next\"><a href=\"https:\/\/www.lovo.pl\/en\/wp-json\/wp\/v2\/pages\/18603\/page\/2\/\" ><i class=\"fa fa-chevron-right\"><\/i><\/a><\/li>\n<\/ul><\/div>\n<p class=\"hidden\"><a href=\"https:\/\/www.lovo.pl\/en\/wp-json\/wp\/v2\/pages\/18603\/page\/2\/\" >Next Page &raquo;<\/a><\/p><\/div><\/div><\/div>[\/vc_column][\/vc_row][vc_row bottom_padding=&#8221;40&#8243;][vc_column width=&#8221;1\/1&#8243;][vc_custom_heading text=&#8221;Subscribe our newsletter and get access to content available only to subscribers.&#8221; font_container=&#8221;tag:h4|font_size:26|text_align:center&#8221; use_theme_fonts=&#8221;yes&#8221;][vc_column_text]<div class=\"tnp tnp-subscription \">\n<form method=\"post\" action=\"https:\/\/www.lovo.pl\/wp-admin\/admin-ajax.php?action=tnp&amp;na=s\">\n<input type=\"hidden\" name=\"nlang\" value=\"en\">\n<div class=\"tnp-field tnp-field-email\"><label for=\"tnp-1\">Email<\/label>\n<input class=\"tnp-email\" type=\"email\" name=\"ne\" id=\"tnp-1\" value=\"\" placeholder=\"\" required><\/div>\n<div class=\"tnp-field tnp-privacy-field\"><label><input type=\"checkbox\" name=\"ny\" required class=\"tnp-privacy\"> Przechodz\u0105c dalej, akceptujesz polityk\u0119 prywatno\u015bci<\/label><\/div><div class=\"tnp-field tnp-field-button\" style=\"text-align: left\"><input class=\"tnp-submit\" type=\"submit\" value=\"Subskrybuj\" style=\"\">\n<\/div>\n<\/form>\n<\/div>[\/vc_column_text][\/vc_column][\/vc_row]<\/p>\n","protected":false},"excerpt":{"rendered":"<p>[vc_row bg_image=&#8221;16508&#8243; class=&#8221;row-titlebar-image titlebar-font-small&#8221;][vc_column width=&#8221;1\/1&#8243;][\/vc_column][\/vc_row][vc_row top_padding=&#8221;100&#8243; bottom_padding=&#8221;100&#8243;][vc_column width=&#8221;1\/1&#8243;][\/vc_column][\/vc_row][vc_row bottom_padding=&#8221;40&#8243;][vc_column width=&#8221;1\/1&#8243;][vc_custom_heading text=&#8221;Subscribe our newsletter and get access to content available only to subscribers.&#8221; font_container=&#8221;tag:h4|font_size:26|text_align:center&#8221; use_theme_fonts=&#8221;yes&#8221;][vc_column_text][\/vc_column_text][\/vc_column][\/vc_row]<\/p>\n","protected":false},"author":1,"featured_media":0,"parent":0,"menu_order":0,"comment_status":"closed","ping_status":"closed","template":"","meta":{"footnotes":""},"class_list":["post-18603","page","type-page","status-publish","hentry"],"yoast_head":"<!-- This site is optimized with the Yoast SEO plugin v24.3 - https:\/\/yoast.com\/wordpress\/plugins\/seo\/ -->\n<title>News from the LoVo Group and the telecommunications market - LoVo<\/title>\n<meta name=\"description\" content=\"Najnowsze informacje o wydarzeniach w firmie oraz aktualne wiadomo\u015bci z bran\u017cy telekomunikacyjnej. B\u0105d\u017a na bie\u017c\u0105co - zapisz si\u0119 na Newsletter!\" \/>\n<meta name=\"robots\" content=\"noindex, follow, max-snippet:-1, max-image-preview:large, max-video-preview:-1\" \/>\n<meta property=\"og:locale\" content=\"en_US\" \/>\n<meta property=\"og:type\" content=\"article\" \/>\n<meta property=\"og:title\" content=\"News from the LoVo Group and the telecommunications market - LoVo\" \/>\n<meta property=\"og:description\" content=\"Najnowsze informacje o wydarzeniach w firmie oraz aktualne wiadomo\u015bci z bran\u017cy telekomunikacyjnej. B\u0105d\u017a na bie\u017c\u0105co - zapisz si\u0119 na Newsletter!\" \/>\n<meta property=\"og:url\" content=\"https:\/\/www.lovo.pl\/en\/news\/\" \/>\n<meta property=\"og:site_name\" content=\"LoVo\" \/>\n<meta property=\"article:modified_time\" content=\"2018-09-06T15:18:59+00:00\" \/>\n<meta name=\"twitter:card\" content=\"summary_large_image\" \/>\n<meta name=\"twitter:label1\" content=\"Est. reading time\" \/>\n\t<meta name=\"twitter:data1\" content=\"1 minute\" \/>\n<script type=\"application\/ld+json\" class=\"yoast-schema-graph\">{\"@context\":\"https:\/\/schema.org\",\"@graph\":[{\"@type\":\"WebPage\",\"@id\":\"https:\/\/www.lovo.pl\/en\/news\/\",\"url\":\"https:\/\/www.lovo.pl\/en\/news\/\",\"name\":\"News from the LoVo Group and the telecommunications market - LoVo\",\"isPartOf\":{\"@id\":\"https:\/\/www.lovo.pl\/en\/#website\"},\"datePublished\":\"2018-06-11T06:02:20+00:00\",\"dateModified\":\"2018-09-06T15:18:59+00:00\",\"description\":\"Najnowsze informacje o wydarzeniach w firmie oraz aktualne wiadomo\u015bci z bran\u017cy telekomunikacyjnej. B\u0105d\u017a na bie\u017c\u0105co - zapisz si\u0119 na Newsletter!\",\"breadcrumb\":{\"@id\":\"https:\/\/www.lovo.pl\/en\/news\/#breadcrumb\"},\"inLanguage\":\"en-US\",\"potentialAction\":[{\"@type\":\"ReadAction\",\"target\":[\"https:\/\/www.lovo.pl\/en\/news\/\"]}]},{\"@type\":\"BreadcrumbList\",\"@id\":\"https:\/\/www.lovo.pl\/en\/news\/#breadcrumb\",\"itemListElement\":[{\"@type\":\"ListItem\",\"position\":1,\"name\":\"Strona g\u0142\u00f3wna\",\"item\":\"https:\/\/www.lovo.pl\/en\/\"},{\"@type\":\"ListItem\",\"position\":2,\"name\":\"News from the LoVo Group and the telecommunications market\"}]},{\"@type\":\"WebSite\",\"@id\":\"https:\/\/www.lovo.pl\/en\/#website\",\"url\":\"https:\/\/www.lovo.pl\/en\/\",\"name\":\"LoVo\",\"description\":\"Wirtualne rozwi\u0105zania telekomunikacyjne dla Operator\u00f3w, Reseller\u00f3w i Integrator\u00f3w oraz innowacyjne us\u0142ugi teleinformatyczne dla Biznesu.\",\"potentialAction\":[{\"@type\":\"SearchAction\",\"target\":{\"@type\":\"EntryPoint\",\"urlTemplate\":\"https:\/\/www.lovo.pl\/en\/?s={search_term_string}\"},\"query-input\":{\"@type\":\"PropertyValueSpecification\",\"valueRequired\":true,\"valueName\":\"search_term_string\"}}],\"inLanguage\":\"en-US\"}]}<\/script>\n<!-- \/ Yoast SEO plugin. -->","yoast_head_json":{"title":"News from the LoVo Group and the telecommunications market - LoVo","description":"Najnowsze informacje o wydarzeniach w firmie oraz aktualne wiadomo\u015bci z bran\u017cy telekomunikacyjnej. B\u0105d\u017a na bie\u017c\u0105co - zapisz si\u0119 na Newsletter!","robots":{"index":"noindex","follow":"follow","max-snippet":"max-snippet:-1","max-image-preview":"max-image-preview:large","max-video-preview":"max-video-preview:-1"},"og_locale":"en_US","og_type":"article","og_title":"News from the LoVo Group and the telecommunications market - LoVo","og_description":"Najnowsze informacje o wydarzeniach w firmie oraz aktualne wiadomo\u015bci z bran\u017cy telekomunikacyjnej. B\u0105d\u017a na bie\u017c\u0105co - zapisz si\u0119 na Newsletter!","og_url":"https:\/\/www.lovo.pl\/en\/news\/","og_site_name":"LoVo","article_modified_time":"2018-09-06T15:18:59+00:00","twitter_card":"summary_large_image","twitter_misc":{"Est. reading time":"1 minute"},"schema":{"@context":"https:\/\/schema.org","@graph":[{"@type":"WebPage","@id":"https:\/\/www.lovo.pl\/en\/news\/","url":"https:\/\/www.lovo.pl\/en\/news\/","name":"News from the LoVo Group and the telecommunications market - LoVo","isPartOf":{"@id":"https:\/\/www.lovo.pl\/en\/#website"},"datePublished":"2018-06-11T06:02:20+00:00","dateModified":"2018-09-06T15:18:59+00:00","description":"Najnowsze informacje o wydarzeniach w firmie oraz aktualne wiadomo\u015bci z bran\u017cy telekomunikacyjnej. B\u0105d\u017a na bie\u017c\u0105co - zapisz si\u0119 na Newsletter!","breadcrumb":{"@id":"https:\/\/www.lovo.pl\/en\/news\/#breadcrumb"},"inLanguage":"en-US","potentialAction":[{"@type":"ReadAction","target":["https:\/\/www.lovo.pl\/en\/news\/"]}]},{"@type":"BreadcrumbList","@id":"https:\/\/www.lovo.pl\/en\/news\/#breadcrumb","itemListElement":[{"@type":"ListItem","position":1,"name":"Strona g\u0142\u00f3wna","item":"https:\/\/www.lovo.pl\/en\/"},{"@type":"ListItem","position":2,"name":"News from the LoVo Group and the telecommunications market"}]},{"@type":"WebSite","@id":"https:\/\/www.lovo.pl\/en\/#website","url":"https:\/\/www.lovo.pl\/en\/","name":"LoVo","description":"Wirtualne rozwi\u0105zania telekomunikacyjne dla Operator\u00f3w, Reseller\u00f3w i Integrator\u00f3w oraz innowacyjne us\u0142ugi teleinformatyczne dla Biznesu.","potentialAction":[{"@type":"SearchAction","target":{"@type":"EntryPoint","urlTemplate":"https:\/\/www.lovo.pl\/en\/?s={search_term_string}"},"query-input":{"@type":"PropertyValueSpecification","valueRequired":true,"valueName":"search_term_string"}}],"inLanguage":"en-US"}]}},"_links":{"self":[{"href":"https:\/\/www.lovo.pl\/en\/wp-json\/wp\/v2\/pages\/18603","targetHints":{"allow":["GET"]}}],"collection":[{"href":"https:\/\/www.lovo.pl\/en\/wp-json\/wp\/v2\/pages"}],"about":[{"href":"https:\/\/www.lovo.pl\/en\/wp-json\/wp\/v2\/types\/page"}],"author":[{"embeddable":true,"href":"https:\/\/www.lovo.pl\/en\/wp-json\/wp\/v2\/users\/1"}],"replies":[{"embeddable":true,"href":"https:\/\/www.lovo.pl\/en\/wp-json\/wp\/v2\/comments?post=18603"}],"version-history":[{"count":4,"href":"https:\/\/www.lovo.pl\/en\/wp-json\/wp\/v2\/pages\/18603\/revisions"}],"predecessor-version":[{"id":19260,"href":"https:\/\/www.lovo.pl\/en\/wp-json\/wp\/v2\/pages\/18603\/revisions\/19260"}],"wp:attachment":[{"href":"https:\/\/www.lovo.pl\/en\/wp-json\/wp\/v2\/media?parent=18603"}],"curies":[{"name":"wp","href":"https:\/\/api.w.org\/{rel}","templated":true}]}}