{"id":18602,"date":"2018-06-19T07:23:36","date_gmt":"2018-06-19T05:23:36","guid":{"rendered":"https:\/\/www.lovo.pl\/kalendarium\/"},"modified":"2018-09-10T16:09:23","modified_gmt":"2018-09-10T14:09:23","slug":"events-calendar","status":"publish","type":"page","link":"https:\/\/www.lovo.pl\/en\/events-calendar\/","title":{"rendered":"Events calendar"},"content":{"rendered":"<p>[vc_row bg_image=&#8221;16593&#8243; class=&#8221;row-titlebar-image titlebar-font-large&#8221;][vc_column width=&#8221;1\/1&#8243;]<div class=\"minti_boxedholder   clearfix\" style=\"padding: 0px 0px 0px 0px; margin: 0px 0px 0px 0px; \">[vc_custom_heading source=&#8221;post_title&#8221; font_container=&#8221;tag:h1|font_size:80px|text_align:center|color:%23ffffff|line_height:1&#8243; use_theme_fonts=&#8221;yes&#8221; css=&#8221;.vc_custom_1531177465376{margin-bottom: 20px !important;}&#8221; el_class=&#8221;titlebar-title&#8221;]<div class=\"headline font-inherit fontsize-xxl fontweight-500 lh-inherit align-center transform-inherit titlebar-subtitle\" style=\"margin: 0 0 20px 0; color: #ffffff;\">day by day<\/div><\/div>[\/vc_column][\/vc_row][vc_row top_padding=&#8221;60&#8243; bottom_padding=&#8221;40&#8243;][vc_column width=&#8221;1\/1&#8243;]<h2 class=\"headline font-inherit fontsize-xxxxl fontweight-300 lh-12 align-left transform-inherit \" style=\"margin: 0 0 40px 0;\">Calendar of telecommunications and IoT events<\/h2>[vc_column_text el_class=&#8221;margin-bottom-0&#8243;]<\/p>\n<p style=\"text-align: left;\"><strong>The most important event in the telecommunications industry and IoT in Poland and in the world:<\/strong><\/p>\n<p>&nbsp;<\/p>\n<p><img loading=\"lazy\" decoding=\"async\" class=\" wp-image-19359 alignleft\" src=\"https:\/\/www.lovo.pl\/wp-content\/uploads\/2018\/09\/Buton-zielony-jasny.png\" alt=\"\" width=\"35\" height=\"35\" srcset=\"https:\/\/www.lovo.pl\/wp-content\/uploads\/2018\/09\/Buton-zielony-jasny.png 236w, https:\/\/www.lovo.pl\/wp-content\/uploads\/2018\/09\/Buton-zielony-jasny-150x150.png 150w, https:\/\/www.lovo.pl\/wp-content\/uploads\/2018\/09\/Buton-zielony-jasny-80x80.png 80w, https:\/\/www.lovo.pl\/wp-content\/uploads\/2018\/09\/Buton-zielony-jasny-100x100.png 100w\" sizes=\"auto, (max-width: 35px) 100vw, 35px\" \/>&#8211; telecommunications national events attended by representatives of LoVo.<\/p>\n<p>&nbsp;<\/p>\n<p><img loading=\"lazy\" decoding=\"async\" class=\" wp-image-19283 alignleft\" src=\"https:\/\/www.lovo.pl\/wp-content\/uploads\/2018\/09\/Buton-czarny.png\" alt=\"\" width=\"35\" height=\"35\" srcset=\"https:\/\/www.lovo.pl\/wp-content\/uploads\/2018\/09\/Buton-czarny.png 236w, https:\/\/www.lovo.pl\/wp-content\/uploads\/2018\/09\/Buton-czarny-150x150.png 150w, https:\/\/www.lovo.pl\/wp-content\/uploads\/2018\/09\/Buton-czarny-80x80.png 80w, https:\/\/www.lovo.pl\/wp-content\/uploads\/2018\/09\/Buton-czarny-100x100.png 100w\" sizes=\"auto, (max-width: 35px) 100vw, 35px\" \/><\/p>\n<p>&#8211; telecommunications international events attended by representatives of LoVo.<\/p>\n<p>&nbsp;<\/p>\n<p><img loading=\"lazy\" decoding=\"async\" class=\" wp-image-19368 alignleft\" src=\"https:\/\/www.lovo.pl\/wp-content\/uploads\/2018\/09\/Buton-zielony-ciemny.png\" alt=\"\" width=\"35\" height=\"35\" srcset=\"https:\/\/www.lovo.pl\/wp-content\/uploads\/2018\/09\/Buton-zielony-ciemny.png 236w, https:\/\/www.lovo.pl\/wp-content\/uploads\/2018\/09\/Buton-zielony-ciemny-150x150.png 150w, https:\/\/www.lovo.pl\/wp-content\/uploads\/2018\/09\/Buton-zielony-ciemny-80x80.png 80w, https:\/\/www.lovo.pl\/wp-content\/uploads\/2018\/09\/Buton-zielony-ciemny-100x100.png 100w\" sizes=\"auto, (max-width: 35px) 100vw, 35px\" \/>&#8211; other domestic telecommunications events.<\/p>\n<p>&nbsp;<\/p>\n<p><img loading=\"lazy\" decoding=\"async\" class=\" wp-image-19290 alignleft\" src=\"https:\/\/www.lovo.pl\/wp-content\/uploads\/2018\/09\/Buton-szary.png\" alt=\"\" width=\"35\" height=\"35\" srcset=\"https:\/\/www.lovo.pl\/wp-content\/uploads\/2018\/09\/Buton-szary.png 236w, https:\/\/www.lovo.pl\/wp-content\/uploads\/2018\/09\/Buton-szary-150x150.png 150w, https:\/\/www.lovo.pl\/wp-content\/uploads\/2018\/09\/Buton-szary-80x80.png 80w, https:\/\/www.lovo.pl\/wp-content\/uploads\/2018\/09\/Buton-szary-100x100.png 100w\" sizes=\"auto, (max-width: 35px) 100vw, 35px\" \/>&#8211; other telecommunication international events.[\/vc_column_text][\/vc_column][\/vc_row][vc_row bottom_padding=&#8221;100&#8243;][vc_column width=&#8221;1\/1&#8243;]<div id=\"calendarize_0\" class=\"rhcalendar  not-widget rhc_holder\" data-rhc_ui_theme=\"\" data-rhc_options=\"{&quot;editable&quot;:false,&quot;mode&quot;:&quot;view&quot;,&quot;modes&quot;:{&quot;view&quot;:{&quot;label&quot;:&quot;View&quot;,&quot;options&quot;:{&quot;weekNumberTitle&quot;:&quot;W&quot;,&quot;weekNumbers&quot;:false,&quot;loadingOverlay&quot;:&quot;0&quot;,&quot;weekMode&quot;:&quot;liquid&quot;,&quot;header&quot;:{&quot;left&quot;:&quot;prevYear,prev,next,nextYear today&quot;,&quot;center&quot;:&quot;title&quot;,&quot;right&quot;:&quot;&quot;},&quot;events_source&quot;:&quot;https:\\\/\\\/www.lovo.pl\\\/en\\\/?rhc_action=get_calendar_events&quot;,&quot;events_source_query&quot;:&quot;&amp;post_type[]=events&quot;,&quot;defaultView&quot;:&quot;month&quot;,&quot;aspectRatio&quot;:&quot;1.35&quot;,&quot;weekends&quot;:true,&quot;allDayDefault&quot;:true,&quot;titleFormat&quot;:{&quot;month&quot;:&quot;MMMM yyyy&quot;,&quot;week&quot;:&quot;MMM d[ yyyy]{ '\\u2014'[ MMM] d yyyy}&quot;,&quot;day&quot;:&quot;dddd, MMM d, yyyy&quot;},&quot;mobile_month_cell_num_format&quot;:&quot;d&quot;,&quot;columnFormat&quot;:{&quot;month&quot;:&quot;dddd&quot;,&quot;week&quot;:&quot;ddd M\\\/d&quot;,&quot;day&quot;:&quot;dddd M\\\/d&quot;},&quot;timeFormat&quot;:{&quot;month&quot;:&quot;H:mm&quot;,&quot;week&quot;:&quot;H:mm{ - H:mm}&quot;,&quot;day&quot;:&quot;H:mm{ - H:mm}&quot;,&quot;&quot;:&quot;h(:mm)t&quot;},&quot;tooltip&quot;:{&quot;startDate&quot;:&quot;d MMMM yyyy, H:mm&quot;,&quot;startDateAllDay&quot;:&quot;d MMMM yyyy&quot;,&quot;endDate&quot;:&quot;d MMMM yyyy, H:mm&quot;,&quot;endDateAllDay&quot;:&quot;d MMMM yyyy&quot;,&quot;target&quot;:&quot;_blank&quot;,&quot;disableTitleLink&quot;:&quot;0&quot;,&quot;enableCustom&quot;:true,&quot;taxonomy_links&quot;:true,&quot;image&quot;:1,&quot;excerpt&quot;:0},&quot;tooltip_on_hover&quot;:&quot;1&quot;,&quot;tooltip_close_on_title_leave&quot;:&quot;0&quot;,&quot;tooltip_close_on_outside_click&quot;:&quot;1&quot;,&quot;axisFormat&quot;:&quot;H(:mm)&quot;,&quot;isRTL&quot;:false,&quot;firstDay&quot;:1,&quot;monthNames&quot;:[&quot;January&quot;,&quot;February&quot;,&quot;March&quot;,&quot;April&quot;,&quot;May&quot;,&quot;June&quot;,&quot;July&quot;,&quot;August&quot;,&quot;September&quot;,&quot;October&quot;,&quot;November&quot;,&quot;December&quot;],&quot;monthNamesShort&quot;:[&quot;Jan&quot;,&quot;Feb&quot;,&quot;Mar&quot;,&quot;Apr&quot;,&quot;May&quot;,&quot;Jun&quot;,&quot;Jul&quot;,&quot;Aug&quot;,&quot;Sep&quot;,&quot;Oct&quot;,&quot;Nov&quot;,&quot;Dec&quot;],&quot;dayNames&quot;:[&quot;Sunday&quot;,&quot;Monday&quot;,&quot;Tuesday&quot;,&quot;Wednesday&quot;,&quot;Thursday&quot;,&quot;Friday&quot;,&quot;Saturday&quot;],&quot;dayNamesShort&quot;:[&quot;Sun&quot;,&quot;Mon&quot;,&quot;Tue&quot;,&quot;Wed&quot;,&quot;Thu&quot;,&quot;Fri&quot;,&quot;Sat&quot;],&quot;buttonText&quot;:{&quot;today&quot;:&quot;today&quot;,&quot;month&quot;:&quot;month&quot;,&quot;week&quot;:&quot;week&quot;,&quot;day&quot;:&quot;day&quot;,&quot;prev&quot;:&quot;&quot;,&quot;next&quot;:&quot;&quot;,&quot;prevYear&quot;:&quot;&quot;,&quot;nextYear&quot;:&quot;&quot;,&quot;rhc_search&quot;:&quot;Calendar&quot;,&quot;rhc_event&quot;:&quot;event&quot;,&quot;rhc_detail&quot;:&quot;detail&quot;,&quot;rhc_gmap&quot;:&quot;map&quot;,&quot;rhc_filter&quot;:&quot;&amp;nbsp;&quot;},&quot;buttonIcons&quot;:{&quot;prev&quot;:&quot;circle-triangle-w&quot;,&quot;next&quot;:&quot;circle-triangle-e&quot;},&quot;transition&quot;:{&quot;notransition&quot;:&quot;0&quot;,&quot;easing&quot;:&quot;easeInOutExpo&quot;,&quot;duration&quot;:&quot;600&quot;,&quot;direction&quot;:&quot;horizontal&quot;},&quot;eventList&quot;:{&quot;TitleFormat&quot;:&quot;MMMM yyyy&quot;,&quot;DateFormat&quot;:&quot;dddd MMMM d, yyyy&quot;,&quot;StartDateFormat&quot;:&quot;dddd MMMM d, yyyy. H:mm&quot;,&quot;StartDateFormatAllDay&quot;:&quot;dddd MMMM d, yyyy.&quot;,&quot;ShowHeader&quot;:&quot;1&quot;,&quot;eventListNoEventsText&quot;:&quot;No upcoming events in this date range&quot;,&quot;monthsahead&quot;:&quot;&quot;,&quot;daysahead&quot;:&quot;&quot;,&quot;upcoming&quot;:&quot;0&quot;,&quot;reverse&quot;:&quot;0&quot;,&quot;display&quot;:&quot;&quot;,&quot;outofrange&quot;:&quot;0&quot;,&quot;eventlist_template&quot;:&quot;&quot;,&quot;extDateFormat&quot;:&quot;MMMM d, yyyy&quot;,&quot;extTimeFormat&quot;:&quot;H:mm&quot;,&quot;extDateTimeFormat&quot;:&quot;MMMM d, yyyy.  H:mm&quot;,&quot;extendedDetails&quot;:&quot;0&quot;,&quot;delta&quot;:&quot;&quot;,&quot;stack&quot;:&quot;0&quot;,&quot;auto&quot;:&quot;0&quot;,&quot;scrolloffset&quot;:&quot;&quot;,&quot;removeended&quot;:&quot;0&quot;},&quot;widgetlist&quot;:{&quot;sel&quot;:&quot;&quot;,&quot;number&quot;:&quot;&quot;,&quot;showimage&quot;:&quot;&quot;,&quot;fcdate_format&quot;:&quot;&quot;,&quot;fctime_format&quot;:&quot;&quot;,&quot;start&quot;:&quot;&quot;,&quot;end&quot;:&quot;&quot;,&quot;horizon&quot;:&quot;&quot;,&quot;using_calendar_url&quot;:&quot;&quot;,&quot;loading_method&quot;:&quot;&quot;,&quot;historic&quot;:&quot;&quot;,&quot;specific_date&quot;:&quot;&quot;,&quot;words&quot;:&quot;10&quot;,&quot;dayspast&quot;:0,&quot;premiere&quot;:&quot;&quot;},&quot;eventClick&quot;:fc_click,&quot;eventMouseover&quot;:fc_mouseover,&quot;singleSource&quot;:&quot;https:\\\/\\\/www.lovo.pl\\\/?rhc_action=get_rendered_item&quot;,&quot;for_widget&quot;:0,&quot;widget_dayclick&quot;:&quot;&quot;,&quot;widget_link&quot;:&quot;&quot;,&quot;widget_link_view&quot;:&quot;&quot;,&quot;widget_google_map&quot;:&quot;interactive&quot;,&quot;widget_onechardaylabel&quot;:&quot;&quot;,&quot;widget_autohover&quot;:&quot;&quot;,&quot;widget_autoclick&quot;:&quot;&quot;,&quot;widget_hformat&quot;:&quot;&quot;,&quot;gotodate&quot;:&quot;&quot;,&quot;ev_calendar&quot;:&quot;&quot;,&quot;ev_venue&quot;:&quot;&quot;,&quot;ev_organizer&quot;:&quot;&quot;,&quot;allDaySlot&quot;:true,&quot;allDayText&quot;:&quot;all-day&quot;,&quot;firstHour&quot;:&quot;6&quot;,&quot;slotMinutes&quot;:30,&quot;minTime&quot;:&quot;0&quot;,&quot;maxTime&quot;:&quot;24&quot;,&quot;json_feed&quot;:false,&quot;json_only&quot;:0,&quot;tax_filter&quot;:&quot;1&quot;,&quot;tax_filter_label&quot;:{&quot;year&quot;:&quot;Year&quot;,&quot;month&quot;:&quot;Month&quot;},&quot;tax_filter_skip&quot;:[],&quot;tax_filter_include&quot;:[],&quot;tax_filter_multiple&quot;:1,&quot;sidelist&quot;:{&quot;open&quot;:&quot;0&quot;,&quot;link_target&quot;:&quot;_blank&quot;,&quot;template&quot;:&quot;#sidelist_template_calendarize_0&quot;,&quot;labels&quot;:{&quot;tab&quot;:&quot;Event list&quot;}},&quot;hiddenDays&quot;:[],&quot;skipMonths&quot;:[],&quot;matchBackground&quot;:&quot;0&quot;,&quot;shrink&quot;:&quot;1&quot;,&quot;month_event_image&quot;:&quot;0&quot;,&quot;upcoming&quot;:&quot;0&quot;,&quot;upcoming_trim_past&quot;:&quot;0&quot;,&quot;left_trim_date&quot;:&quot;0&quot;,&quot;right_trim_date&quot;:&quot;0&quot;,&quot;nextDayThreshold&quot;:&quot;&quot;,&quot;showothermonth&quot;:&quot;1&quot;,&quot;feed&quot;:&quot;&quot;,&quot;norepeat&quot;:&quot;0&quot;,&quot;event_skip&quot;:0,&quot;local_tz&quot;:0,&quot;debugjs&quot;:0,&quot;preload&quot;:1,&quot;allday_group&quot;:0,&quot;max_events&quot;:0,&quot;render_events&quot;:1,&quot;fixed_title&quot;:&quot;&quot;,&quot;btn_tax_parent_only&quot;:&quot;&quot;,&quot;term_post_count&quot;:&quot;&quot;,&quot;selectable&quot;:&quot;&quot;,&quot;selectHelper&quot;:&quot;&quot;,&quot;select&quot;:&quot;&quot;}}},&quot;common&quot;:{&quot;theme&quot;:false,&quot;icalendar_align&quot;:&quot;left&quot;}}\"><div class=\"fullCalendar\"><\/div><object class=\"rhc-preload\" style=\"display:none;\" data-start=\"1773705600\" data-end=\"1778975999\"  data-url=\"https:\/\/www.lovo.pl\/en\/?rhc_action=get_calendar_events&post_type[]=events\" data-request=\"{&quot;rhc_action&quot;:&quot;get_calendar_events&quot;,&quot;post_type&quot;:[&quot;events&quot;],&quot;start&quot;:1773705600,&quot;end&quot;:1778975999,&quot;rhc_shrink&quot;:&quot;1&quot;,&quot;view&quot;:&quot;month&quot;,&quot;ver&quot;:&quot;5d4a4b345293dba944c3df2cbb99667f&quot;,&quot;_&quot;:&quot;&quot;}\" data-events=\"{&quot;R&quot;:&quot;OK&quot;,&quot;MSG&quot;:&quot;&quot;,&quot;EVENTS&quot;:[],&quot;TERMS&quot;:[],&quot;MAP&quot;:[],&quot;SEARCH&quot;:0,&quot;GMT_OFFSET&quot;:2,&quot;TIMEZONE&quot;:&quot;Europe\\\/Warsaw&quot;}\"><\/object><div style=\"clear:both\"><\/div><noscript><a href=\"https:\/\/www.lovo.pl\/en\/wp-json\/wp\/v2\/pages\/18602\/rhc-past-events\/0\/\">Older events<\/a><\/noscript><\/div><div id=\"fct-item-template\" style=\"display:none;\" class=\"fct-tooltip\">\n\t<div class=\"fct-arrow-holder\">\n\t\t<div class=\"fct-arrow\"><\/div>\n\t\t<div class=\"fct-arrow-border\"><\/div>\t\t\n\t<\/div>\n\t<div class=\"fct-main\">\n\t\t<div class=\"fct-header\">\n\t\t\t<div class=\"fc-close-tooltip\"><a title=\"Close\" href=\"javascript:void(0);\"><\/a><\/div>\n\t\t\t<div class=\"fc-title\"><\/div>\n\t\t<\/div>\n\t\t<div class=\"fct-body\">\n\t\t\t<div class=\"fct-dbox\">\n\t\t\t\t<div class=\"fc-term-venue-gaddress fc-term-venue-gaddress\"><label>Address<\/label><\/div>\n\t\t\t\t<div class=\"fc-start\"><label class=\"tooltip-fc-start\">Start<\/label><\/div>\n\t\t\t\t<div class=\"fc-end\"><label class=\"tooltip-fc-end\">End<\/label><\/div>\n\t\t\t\t<div class=\"fc-hide fc-tax-venue\"><label class=\"tax-label\"><\/label><\/div>\t\t\t\n\t\t\t<\/div>\n\t\t\t<div class=\"fc-description\"><\/div>\n\t\t<\/div>\n\t\t<div class=\"fct-footer\">\n\t\t\t<div class=\"fc-social\"><\/div>\n           <div class=\"fc-image\"><\/div>\n\t\t<\/div>\t\n\t<\/div>\n<\/div>\n<div style=\"display:none;\" class=\"event_list_template\"><div class=\"fc-event-list-container\">\n\t<!-- you can replace with custom content to be displayed before the items -->\n\t<div class=\"fc-event-list-holder\">\n\t\t<div class=\"fc-event-list-no-events fc-remove\"><div class=\"fc-no-list-events-message\"><\/div><\/div>\n\t\t<div class=\"fc-event-list-date fc-remove\"><h3 class=\"fc-event-list-date-header\"><\/h3><\/div>\n\t\t<div class=\"fc-event-list-item fc-remove\">\n\t\t\t<div class=\"fc-event-list-content\">\n\t\t\t\t<h4><a class=\"fc-event-link fc-event-list-title\" href=\"{link}\" target=\"_BLANK\">{title}<\/a><\/h4>\n\n\t\t\t\t<div class=\"rhc fe-extrainfo-container elist-dbox fe-have-image-1\" >\n\t\t\t\t\t<div class=\"fe-extrainfo-container2 row-fluid\">\n\t\t\t\t\t\t<div class=\"fe-extrainfo-holder fe-extrainfo-col2 span8\">\n\t\t\t\t\t\t\t<div class=\"row-fluid\">\n\t\t\t\t\t\t\t\t<div class=\"span12 fe-cell-label dbox-title rhc-info-cell fe-cell-label\">\n\t\t\t\t\t\t\t\t\t<label class=\"fe-extrainfo-label\">Event details<\/label>\n\t\t\t\t\t\t\t\t<\/div>\n\t\t\t\t\t\t\t<\/div>\n\t\t\t\t\t\t\t\n\t\t\t\t\t\t\t<div class=\"row-fluid\">\n\t\t\t\t\t\t\t\t<div class=\"span6 fe-maincol fe-maincol-0\">\n\t\t\t\t\t\t\t\t\t<div class=\"rhc-info-cell\">\n\t\t\t\t\t\t\t\t\t\t<label class=\"fe-extrainfo-label\">Start<\/label>\n\t\t\t\t\t\t\t\t\t\t<span class=\"fe-extrainfo-value fc-start\">{fc-start}<\/span>&nbsp;\n\t\t\t\t\t\t\t\t\t\t<span class=\"fe-extrainfo-value fc-time\"><\/span>\n\t\t\t\t\t\t\t\t\t<\/div>\t\n\t\t\t\t\t\t\t\t\t\n\t\t\t\t\t\t\t\t\t<div class=\"rhc-info-cell\">\n\t\t\t\t\t\t\t\t\t\t<label class=\"fe-extrainfo-label\">End<\/label>\n\t\t\t\t\t\t\t\t\t\t<span class=\"fe-extrainfo-value fc-end\">{fc-end}<\/span>&nbsp;\n\t\t\t\t\t\t\t\t\t\t<span class=\"fe-extrainfo-value fc-end-time\"><\/span>\n\t\t\t\t\t\t\t\t\t<\/div>\t\n\t\t\t\t\t\t\t\t\t\n\t\t\t\t\t\t\t\t\t<div class=\"rhc-info-cell\">\n\t\t\t\t\t\t\t\t\t\t<label class=\"fe-extrainfo-label\">Address<\/label>\n\t\t\t\t\t\t\t\t\t\t<span class=\"fe-extrainfo-value fc-event-term taxonomy-venue-gaddress\"><\/span>\n\t\t\t\t\t\t\t\t\t<\/div>\t\n\t\t\t\t\t\t\t\t<\/div>\n\t\t\t\t\t\t\t\t<div class=\"span6 fe-maincol fe-maincol-1\">\t\t\t\t\t\t\n\t\t\t\t\t\t\t\t\t<div class=\"rhc-info-cell\">\n\t\t\t\t\t\t\t\t\t\t<label class=\"fe-extrainfo-label\">Venue<\/label>\n\t\t\t\t\t\t\t\t\t\t<span class=\"fe-extrainfo-value fc-event-term taxonomy-venue\">{venue}<\/span>\n\t\t\t\t\t\t\t\t\t<\/div>\t\n\t\t\t\t\t\t\t\t\t<div class=\"rhc-info-cell\">\n\t\t\t\t\t\t\t\t\t\t<label class=\"fe-extrainfo-label\">Organizer<\/label>\n\t\t\t\t\t\t\t\t\t\t<span class=\"fe-extrainfo-value fc-event-term taxonomy-organizer\">{organizer}<\/span>\n\t\t\t\t\t\t\t\t\t<\/div>\t\n\t\t\t\t\t\t\t\t<\/div>\n\t\t\t\t\t\t\t<\/div>\n\t\t\t\n\t\t\t\t\t\t\t<div class=\"fc-event-list-description dbox-description\">{description}<\/div>\n\t\t\t\t\t\t\t\t\n\t\t\t\t\t\t<\/div>\n\t\t\t\t\t\t<div class=\"fe-image-holder span4\">\n\t\t\t\t\t\t\t<div class=\"fc-event-list-featured-image\">\n\t\t\t\t\t\t\t\t<a class=\"fc-event-link\" href=\"{link}\" target=\"_BLANK\"><img decoding=\"async\" class=\"fc-event-list-image\" src=\"\" \/><\/a>\n\t\t\t\t\t\t\t<\/div>\n\t\t\t\t\t\t<\/div>\n\t\t\t\t\t<\/div>\n\t\t\t\t<\/div>\t\t\t\t\n\n\t\t\t<\/div>\n\t\t\t<div class=\"fc-event-list-clear\"><\/div>\n\t\t\t\n\t\t<\/div>\n\t<\/div>\n<\/div><\/div>[\/vc_column][\/vc_row]<\/p>\n","protected":false},"excerpt":{"rendered":"<p>[vc_row bg_image=&#8221;16593&#8243; class=&#8221;row-titlebar-image titlebar-font-large&#8221;][vc_column width=&#8221;1\/1&#8243;][\/vc_column][\/vc_row][vc_row top_padding=&#8221;60&#8243; bottom_padding=&#8221;40&#8243;][vc_column width=&#8221;1\/1&#8243;][vc_column_text el_class=&#8221;margin-bottom-0&#8243;] The most important event in the telecommunications industry and IoT in Poland and in the world: &nbsp; &#8211; telecommunications national events attended by representatives of LoVo. &nbsp; &#8211; telecommunications international events attended by representatives of LoVo. &nbsp; &#8211; other domestic telecommunications events. &nbsp; &#8211; other telecommunication international events.[\/vc_column_text][\/vc_column][\/vc_row][vc_row bottom_padding=&#8221;100&#8243;][vc_column width=&#8221;1\/1&#8243;][\/vc_column][\/vc_row]<\/p>\n","protected":false},"author":1,"featured_media":0,"parent":0,"menu_order":0,"comment_status":"closed","ping_status":"closed","template":"","meta":{"footnotes":""},"class_list":["post-18602","page","type-page","status-publish","hentry"],"yoast_head":"<!-- This site is optimized with the Yoast SEO plugin v24.3 - https:\/\/yoast.com\/wordpress\/plugins\/seo\/ -->\n<title>Events calendar - LoVo<\/title>\n<meta name=\"robots\" content=\"noindex, follow, max-snippet:-1, max-image-preview:large, max-video-preview:-1\" \/>\n<meta property=\"og:locale\" content=\"en_US\" \/>\n<meta property=\"og:type\" content=\"article\" \/>\n<meta property=\"og:title\" content=\"Events calendar - LoVo\" \/>\n<meta property=\"og:description\" content=\"[vc_row bg_image=&#8221;16593&#8243; class=&#8221;row-titlebar-image titlebar-font-large&#8221;][vc_column width=&#8221;1\/1&#8243;][\/vc_column][\/vc_row][vc_row top_padding=&#8221;60&#8243; bottom_padding=&#8221;40&#8243;][vc_column width=&#8221;1\/1&#8243;][vc_column_text el_class=&#8221;margin-bottom-0&#8243;] The most important event in the telecommunications industry and IoT in Poland and in the world: &nbsp; &#8211; telecommunications national events attended by representatives of LoVo. &nbsp; &#8211; telecommunications international events attended by representatives of LoVo. &nbsp; &#8211; other domestic telecommunications events. &nbsp; &#8211; other telecommunication international events.[\/vc_column_text][\/vc_column][\/vc_row][vc_row bottom_padding=&#8221;100&#8243;][vc_column width=&#8221;1\/1&#8243;][\/vc_column][\/vc_row]\" \/>\n<meta property=\"og:url\" content=\"https:\/\/www.lovo.pl\/en\/events-calendar\/\" \/>\n<meta property=\"og:site_name\" content=\"LoVo\" \/>\n<meta property=\"article:modified_time\" content=\"2018-09-10T14:09:23+00:00\" \/>\n<meta property=\"og:image\" content=\"https:\/\/www.lovo.pl\/wp-content\/uploads\/2018\/09\/Buton-zielony-jasny.png\" \/>\n<meta name=\"twitter:card\" content=\"summary_large_image\" \/>\n<meta name=\"twitter:label1\" content=\"Est. reading time\" \/>\n\t<meta name=\"twitter:data1\" content=\"1 minute\" \/>\n<script type=\"application\/ld+json\" class=\"yoast-schema-graph\">{\"@context\":\"https:\/\/schema.org\",\"@graph\":[{\"@type\":\"WebPage\",\"@id\":\"https:\/\/www.lovo.pl\/en\/events-calendar\/\",\"url\":\"https:\/\/www.lovo.pl\/en\/events-calendar\/\",\"name\":\"Events calendar - LoVo\",\"isPartOf\":{\"@id\":\"https:\/\/www.lovo.pl\/en\/#website\"},\"primaryImageOfPage\":{\"@id\":\"https:\/\/www.lovo.pl\/en\/events-calendar\/#primaryimage\"},\"image\":{\"@id\":\"https:\/\/www.lovo.pl\/en\/events-calendar\/#primaryimage\"},\"thumbnailUrl\":\"https:\/\/www.lovo.pl\/wp-content\/uploads\/2018\/09\/Buton-zielony-jasny.png\",\"datePublished\":\"2018-06-19T05:23:36+00:00\",\"dateModified\":\"2018-09-10T14:09:23+00:00\",\"breadcrumb\":{\"@id\":\"https:\/\/www.lovo.pl\/en\/events-calendar\/#breadcrumb\"},\"inLanguage\":\"en-US\",\"potentialAction\":[{\"@type\":\"ReadAction\",\"target\":[\"https:\/\/www.lovo.pl\/en\/events-calendar\/\"]}]},{\"@type\":\"ImageObject\",\"inLanguage\":\"en-US\",\"@id\":\"https:\/\/www.lovo.pl\/en\/events-calendar\/#primaryimage\",\"url\":\"https:\/\/www.lovo.pl\/wp-content\/uploads\/2018\/09\/Buton-zielony-jasny.png\",\"contentUrl\":\"https:\/\/www.lovo.pl\/wp-content\/uploads\/2018\/09\/Buton-zielony-jasny.png\"},{\"@type\":\"BreadcrumbList\",\"@id\":\"https:\/\/www.lovo.pl\/en\/events-calendar\/#breadcrumb\",\"itemListElement\":[{\"@type\":\"ListItem\",\"position\":1,\"name\":\"Strona g\u0142\u00f3wna\",\"item\":\"https:\/\/www.lovo.pl\/en\/\"},{\"@type\":\"ListItem\",\"position\":2,\"name\":\"Events calendar\"}]},{\"@type\":\"WebSite\",\"@id\":\"https:\/\/www.lovo.pl\/en\/#website\",\"url\":\"https:\/\/www.lovo.pl\/en\/\",\"name\":\"LoVo\",\"description\":\"Wirtualne rozwi\u0105zania telekomunikacyjne dla Operator\u00f3w, Reseller\u00f3w i Integrator\u00f3w oraz innowacyjne us\u0142ugi teleinformatyczne dla Biznesu.\",\"potentialAction\":[{\"@type\":\"SearchAction\",\"target\":{\"@type\":\"EntryPoint\",\"urlTemplate\":\"https:\/\/www.lovo.pl\/en\/?s={search_term_string}\"},\"query-input\":{\"@type\":\"PropertyValueSpecification\",\"valueRequired\":true,\"valueName\":\"search_term_string\"}}],\"inLanguage\":\"en-US\"}]}<\/script>\n<!-- \/ Yoast SEO plugin. -->","yoast_head_json":{"title":"Events calendar - LoVo","robots":{"index":"noindex","follow":"follow","max-snippet":"max-snippet:-1","max-image-preview":"max-image-preview:large","max-video-preview":"max-video-preview:-1"},"og_locale":"en_US","og_type":"article","og_title":"Events calendar - LoVo","og_description":"[vc_row bg_image=&#8221;16593&#8243; class=&#8221;row-titlebar-image titlebar-font-large&#8221;][vc_column width=&#8221;1\/1&#8243;][\/vc_column][\/vc_row][vc_row top_padding=&#8221;60&#8243; bottom_padding=&#8221;40&#8243;][vc_column width=&#8221;1\/1&#8243;][vc_column_text el_class=&#8221;margin-bottom-0&#8243;] The most important event in the telecommunications industry and IoT in Poland and in the world: &nbsp; &#8211; telecommunications national events attended by representatives of LoVo. &nbsp; &#8211; telecommunications international events attended by representatives of LoVo. &nbsp; &#8211; other domestic telecommunications events. &nbsp; &#8211; other telecommunication international events.[\/vc_column_text][\/vc_column][\/vc_row][vc_row bottom_padding=&#8221;100&#8243;][vc_column width=&#8221;1\/1&#8243;][\/vc_column][\/vc_row]","og_url":"https:\/\/www.lovo.pl\/en\/events-calendar\/","og_site_name":"LoVo","article_modified_time":"2018-09-10T14:09:23+00:00","og_image":[{"url":"https:\/\/www.lovo.pl\/wp-content\/uploads\/2018\/09\/Buton-zielony-jasny.png","type":"","width":"","height":""}],"twitter_card":"summary_large_image","twitter_misc":{"Est. reading time":"1 minute"},"schema":{"@context":"https:\/\/schema.org","@graph":[{"@type":"WebPage","@id":"https:\/\/www.lovo.pl\/en\/events-calendar\/","url":"https:\/\/www.lovo.pl\/en\/events-calendar\/","name":"Events calendar - LoVo","isPartOf":{"@id":"https:\/\/www.lovo.pl\/en\/#website"},"primaryImageOfPage":{"@id":"https:\/\/www.lovo.pl\/en\/events-calendar\/#primaryimage"},"image":{"@id":"https:\/\/www.lovo.pl\/en\/events-calendar\/#primaryimage"},"thumbnailUrl":"https:\/\/www.lovo.pl\/wp-content\/uploads\/2018\/09\/Buton-zielony-jasny.png","datePublished":"2018-06-19T05:23:36+00:00","dateModified":"2018-09-10T14:09:23+00:00","breadcrumb":{"@id":"https:\/\/www.lovo.pl\/en\/events-calendar\/#breadcrumb"},"inLanguage":"en-US","potentialAction":[{"@type":"ReadAction","target":["https:\/\/www.lovo.pl\/en\/events-calendar\/"]}]},{"@type":"ImageObject","inLanguage":"en-US","@id":"https:\/\/www.lovo.pl\/en\/events-calendar\/#primaryimage","url":"https:\/\/www.lovo.pl\/wp-content\/uploads\/2018\/09\/Buton-zielony-jasny.png","contentUrl":"https:\/\/www.lovo.pl\/wp-content\/uploads\/2018\/09\/Buton-zielony-jasny.png"},{"@type":"BreadcrumbList","@id":"https:\/\/www.lovo.pl\/en\/events-calendar\/#breadcrumb","itemListElement":[{"@type":"ListItem","position":1,"name":"Strona g\u0142\u00f3wna","item":"https:\/\/www.lovo.pl\/en\/"},{"@type":"ListItem","position":2,"name":"Events calendar"}]},{"@type":"WebSite","@id":"https:\/\/www.lovo.pl\/en\/#website","url":"https:\/\/www.lovo.pl\/en\/","name":"LoVo","description":"Wirtualne rozwi\u0105zania telekomunikacyjne dla Operator\u00f3w, Reseller\u00f3w i Integrator\u00f3w oraz innowacyjne us\u0142ugi teleinformatyczne dla Biznesu.","potentialAction":[{"@type":"SearchAction","target":{"@type":"EntryPoint","urlTemplate":"https:\/\/www.lovo.pl\/en\/?s={search_term_string}"},"query-input":{"@type":"PropertyValueSpecification","valueRequired":true,"valueName":"search_term_string"}}],"inLanguage":"en-US"}]}},"_links":{"self":[{"href":"https:\/\/www.lovo.pl\/en\/wp-json\/wp\/v2\/pages\/18602","targetHints":{"allow":["GET"]}}],"collection":[{"href":"https:\/\/www.lovo.pl\/en\/wp-json\/wp\/v2\/pages"}],"about":[{"href":"https:\/\/www.lovo.pl\/en\/wp-json\/wp\/v2\/types\/page"}],"author":[{"embeddable":true,"href":"https:\/\/www.lovo.pl\/en\/wp-json\/wp\/v2\/users\/1"}],"replies":[{"embeddable":true,"href":"https:\/\/www.lovo.pl\/en\/wp-json\/wp\/v2\/comments?post=18602"}],"version-history":[{"count":4,"href":"https:\/\/www.lovo.pl\/en\/wp-json\/wp\/v2\/pages\/18602\/revisions"}],"predecessor-version":[{"id":19384,"href":"https:\/\/www.lovo.pl\/en\/wp-json\/wp\/v2\/pages\/18602\/revisions\/19384"}],"wp:attachment":[{"href":"https:\/\/www.lovo.pl\/en\/wp-json\/wp\/v2\/media?parent=18602"}],"curies":[{"name":"wp","href":"https:\/\/api.w.org\/{rel}","templated":true}]}}