{"id":18595,"date":"2018-07-09T13:54:47","date_gmt":"2018-07-09T11:54:47","guid":{"rendered":"https:\/\/www.lovo.pl\/polityka-prywatnosci\/"},"modified":"2018-12-02T14:50:05","modified_gmt":"2018-12-02T13:50:05","slug":"privacy-policy","status":"publish","type":"page","link":"https:\/\/www.lovo.pl\/en\/privacy-policy\/","title":{"rendered":"Privacy policy"},"content":{"rendered":"<p>[vc_row bg_image=&#8221;18287&#8243; class=&#8221;row-titlebar-image titlebar-font-medium&#8221;][vc_column width=&#8221;1\/1&#8243;]<div class=\"minti_boxedholder   clearfix\" style=\"padding: 0px 0px 0px 0px; margin: 0px 0px 0px 0px; \">[vc_custom_heading source=&#8221;post_title&#8221; font_container=&#8221;tag:h1|font_size:80px|text_align:center|color:%23ffffff|line_height:1&#8243; use_theme_fonts=&#8221;yes&#8221; css=&#8221;.vc_custom_1531175907146{margin-bottom: 20px !important;}&#8221; el_class=&#8221;titlebar-title&#8221;]<div class=\"headline font-inherit fontsize-xxl fontweight-500 lh-inherit align-center transform-inherit titlebar-subtitle\" style=\"margin: 0 0 20px 0; color: #ffffff;\">What personal data are collected and how they are used and secured?<\/div><\/div>[\/vc_column][\/vc_row][vc_row top_padding=&#8221;60&#8243;][vc_column width=&#8221;1\/1&#8243;]<h2 class=\"headline font-inherit fontsize-xxxxl fontweight-300 lh-12 align-left transform-inherit \" style=\"margin: 0 0 20px 0;\">This section contains information on the tools used by LoVo S.A. in order to ensure the best possible use of Internet information services (cookies, system logs) and data collected by LoVo.<\/h2>[vc_column_text]Internet information services belonging to LoVo S.A., hereinafter referred to as &#8220;LoVo&#8221;, i.e. services in the * .lovo.pl domain, hereinafter referred to as &#8220;Internet information services&#8221;, use cookie files.[\/vc_column_text][vc_tta_accordion style=&#8221;flat&#8221; active_section=&#8221;0&#8243; collapsible_all=&#8221;true&#8221;][vc_tta_section title=&#8221;Administrator of personal data&#8221; tab_id=&#8221;1534932170087-65b28617-9858b8d8-26f5&#8243;][vc_column_text]The personal data administrator is LoVo Sp\u00f3\u0142ka Akcyjna with its registered office in Warsaw, address: 8 T. Cha\u0142ubi\u0144skiego Street, 00-613 Warsaw, registered in the District Court for the Capital City of Warsaw in Warsaw, 13th Commercial Division of the National Court Register under number 0000346734. NIP 5213553688, REGON 142241200, share capital (paid-up capital) PLN 17 820 051.84, helpline: 22 255 30 30, hereinafter referred to as &#8220;LoVo&#8221;.[\/vc_column_text][\/vc_tta_section][vc_tta_section title=&#8221;Personal data protection&#8221; tab_id=&#8221;1534932170114-1abb4267-7438b8d8-26f5&#8243;][vc_column_text]<strong>Information on the principles of personal data protection in LoVo in connection with the GRDP entry into force on 25 May 2018.\u00a0 <\/strong><\/p>\n<p>The processing of personal data in LoVo is governed by Regulation of the European Parliament and of the Council (EU) 2016\/679 of 27 April 2016 on the protection of individuals with regard to the processing of personal data and on the free movement of such data and repealing Directive 95\/46 \/ EC (general regulation on data protection).[\/vc_column_text][\/vc_tta_section][\/vc_tta_accordion][vc_empty_space height=&#8221;30&#8243;][vc_empty_space height=&#8221;10&#8243;][vc_empty_space height=&#8221;40px&#8221;][\/vc_column][\/vc_row]<\/p>\n","protected":false},"excerpt":{"rendered":"<p>[vc_row bg_image=&#8221;18287&#8243; class=&#8221;row-titlebar-image titlebar-font-medium&#8221;][vc_column width=&#8221;1\/1&#8243;][\/vc_column][\/vc_row][vc_row top_padding=&#8221;60&#8243;][vc_column width=&#8221;1\/1&#8243;][vc_column_text]Internet information services belonging to LoVo S.A., hereinafter referred to as &#8220;LoVo&#8221;, i.e. services in the * .lovo.pl domain, hereinafter referred to as &#8220;Internet information services&#8221;, use cookie files.[\/vc_column_text][vc_tta_accordion style=&#8221;flat&#8221; active_section=&#8221;0&#8243; collapsible_all=&#8221;true&#8221;][vc_tta_section title=&#8221;Administrator of personal data&#8221; tab_id=&#8221;1534932170087-65b28617-9858b8d8-26f5&#8243;][vc_column_text]The personal data administrator is LoVo Sp\u00f3\u0142ka Akcyjna with its registered office in Warsaw, address: 8 T. Cha\u0142ubi\u0144skiego Street, 00-613 Warsaw, registered in the District Court for the Capital City of Warsaw in Warsaw, 13th Commercial Division of the National Court Register under number 0000346734. NIP 5213553688, REGON 142241200, share capital (paid-up capital) PLN 17 820 051.84, helpline: 22 255 30 30, hereinafter referred to as &#8220;LoVo&#8221;.[\/vc_column_text][\/vc_tta_section][vc_tta_section title=&#8221;Personal data protection&#8221; tab_id=&#8221;1534932170114-1abb4267-7438b8d8-26f5&#8243;][vc_column_text]Information on the principles of personal data protection in LoVo in connection with the GRDP entry into force on 25 May 2018.\u00a0 The processing of personal data in LoVo is governed by Regulation of the European Parliament and of the Council (EU) 2016\/679 of 27 April 2016 on the protection of individuals with regard to the processing of personal data and on the free movement of such data and repealing Directive 95\/46 \/ EC (general regulation on data protection).[\/vc_column_text][\/vc_tta_section][\/vc_tta_accordion][vc_empty_space height=&#8221;30&#8243;][vc_empty_space height=&#8221;10&#8243;][vc_empty_space height=&#8221;40px&#8221;][\/vc_column][\/vc_row]<\/p>\n","protected":false},"author":4,"featured_media":0,"parent":0,"menu_order":0,"comment_status":"closed","ping_status":"closed","template":"","meta":{"footnotes":""},"class_list":["post-18595","page","type-page","status-publish","hentry"],"yoast_head":"<!-- This site is optimized with the Yoast SEO plugin v24.3 - https:\/\/yoast.com\/wordpress\/plugins\/seo\/ -->\n<title>Privacy policy - LoVo<\/title>\n<meta name=\"description\" content=\"Dowiedz si\u0119, jakie dane zbieramy, w jakim celu i jak je zabezpieczamy. Skontaktu si\u0119 z nami w celu ich aktualizacji, zmiany lub usuni\u0119cia.\" \/>\n<meta name=\"robots\" content=\"noindex, follow, max-snippet:-1, max-image-preview:large, max-video-preview:-1\" \/>\n<meta property=\"og:locale\" content=\"en_US\" \/>\n<meta property=\"og:type\" content=\"article\" \/>\n<meta property=\"og:title\" content=\"Privacy policy - LoVo\" \/>\n<meta property=\"og:description\" content=\"Dowiedz si\u0119, jakie dane zbieramy, w jakim celu i jak je zabezpieczamy. Skontaktu si\u0119 z nami w celu ich aktualizacji, zmiany lub usuni\u0119cia.\" \/>\n<meta property=\"og:url\" content=\"https:\/\/www.lovo.pl\/en\/privacy-policy\/\" \/>\n<meta property=\"og:site_name\" content=\"LoVo\" \/>\n<meta property=\"article:modified_time\" content=\"2018-12-02T13:50:05+00:00\" \/>\n<meta name=\"twitter:card\" content=\"summary_large_image\" \/>\n<meta name=\"twitter:label1\" content=\"Est. reading time\" \/>\n\t<meta name=\"twitter:data1\" content=\"2 minutes\" \/>\n<script type=\"application\/ld+json\" class=\"yoast-schema-graph\">{\"@context\":\"https:\/\/schema.org\",\"@graph\":[{\"@type\":\"WebPage\",\"@id\":\"https:\/\/www.lovo.pl\/en\/privacy-policy\/\",\"url\":\"https:\/\/www.lovo.pl\/en\/privacy-policy\/\",\"name\":\"Privacy policy - LoVo\",\"isPartOf\":{\"@id\":\"https:\/\/www.lovo.pl\/en\/#website\"},\"datePublished\":\"2018-07-09T11:54:47+00:00\",\"dateModified\":\"2018-12-02T13:50:05+00:00\",\"description\":\"Dowiedz si\u0119, jakie dane zbieramy, w jakim celu i jak je zabezpieczamy. Skontaktu si\u0119 z nami w celu ich aktualizacji, zmiany lub usuni\u0119cia.\",\"breadcrumb\":{\"@id\":\"https:\/\/www.lovo.pl\/en\/privacy-policy\/#breadcrumb\"},\"inLanguage\":\"en-US\",\"potentialAction\":[{\"@type\":\"ReadAction\",\"target\":[\"https:\/\/www.lovo.pl\/en\/privacy-policy\/\"]}]},{\"@type\":\"BreadcrumbList\",\"@id\":\"https:\/\/www.lovo.pl\/en\/privacy-policy\/#breadcrumb\",\"itemListElement\":[{\"@type\":\"ListItem\",\"position\":1,\"name\":\"Strona g\u0142\u00f3wna\",\"item\":\"https:\/\/www.lovo.pl\/en\/\"},{\"@type\":\"ListItem\",\"position\":2,\"name\":\"Privacy policy\"}]},{\"@type\":\"WebSite\",\"@id\":\"https:\/\/www.lovo.pl\/en\/#website\",\"url\":\"https:\/\/www.lovo.pl\/en\/\",\"name\":\"LoVo\",\"description\":\"Wirtualne rozwi\u0105zania telekomunikacyjne dla Operator\u00f3w, Reseller\u00f3w i Integrator\u00f3w oraz innowacyjne us\u0142ugi teleinformatyczne dla Biznesu.\",\"potentialAction\":[{\"@type\":\"SearchAction\",\"target\":{\"@type\":\"EntryPoint\",\"urlTemplate\":\"https:\/\/www.lovo.pl\/en\/?s={search_term_string}\"},\"query-input\":{\"@type\":\"PropertyValueSpecification\",\"valueRequired\":true,\"valueName\":\"search_term_string\"}}],\"inLanguage\":\"en-US\"}]}<\/script>\n<!-- \/ Yoast SEO plugin. -->","yoast_head_json":{"title":"Privacy policy - LoVo","description":"Dowiedz si\u0119, jakie dane zbieramy, w jakim celu i jak je zabezpieczamy. Skontaktu si\u0119 z nami w celu ich aktualizacji, zmiany lub usuni\u0119cia.","robots":{"index":"noindex","follow":"follow","max-snippet":"max-snippet:-1","max-image-preview":"max-image-preview:large","max-video-preview":"max-video-preview:-1"},"og_locale":"en_US","og_type":"article","og_title":"Privacy policy - LoVo","og_description":"Dowiedz si\u0119, jakie dane zbieramy, w jakim celu i jak je zabezpieczamy. Skontaktu si\u0119 z nami w celu ich aktualizacji, zmiany lub usuni\u0119cia.","og_url":"https:\/\/www.lovo.pl\/en\/privacy-policy\/","og_site_name":"LoVo","article_modified_time":"2018-12-02T13:50:05+00:00","twitter_card":"summary_large_image","twitter_misc":{"Est. reading time":"2 minutes"},"schema":{"@context":"https:\/\/schema.org","@graph":[{"@type":"WebPage","@id":"https:\/\/www.lovo.pl\/en\/privacy-policy\/","url":"https:\/\/www.lovo.pl\/en\/privacy-policy\/","name":"Privacy policy - LoVo","isPartOf":{"@id":"https:\/\/www.lovo.pl\/en\/#website"},"datePublished":"2018-07-09T11:54:47+00:00","dateModified":"2018-12-02T13:50:05+00:00","description":"Dowiedz si\u0119, jakie dane zbieramy, w jakim celu i jak je zabezpieczamy. Skontaktu si\u0119 z nami w celu ich aktualizacji, zmiany lub usuni\u0119cia.","breadcrumb":{"@id":"https:\/\/www.lovo.pl\/en\/privacy-policy\/#breadcrumb"},"inLanguage":"en-US","potentialAction":[{"@type":"ReadAction","target":["https:\/\/www.lovo.pl\/en\/privacy-policy\/"]}]},{"@type":"BreadcrumbList","@id":"https:\/\/www.lovo.pl\/en\/privacy-policy\/#breadcrumb","itemListElement":[{"@type":"ListItem","position":1,"name":"Strona g\u0142\u00f3wna","item":"https:\/\/www.lovo.pl\/en\/"},{"@type":"ListItem","position":2,"name":"Privacy policy"}]},{"@type":"WebSite","@id":"https:\/\/www.lovo.pl\/en\/#website","url":"https:\/\/www.lovo.pl\/en\/","name":"LoVo","description":"Wirtualne rozwi\u0105zania telekomunikacyjne dla Operator\u00f3w, Reseller\u00f3w i Integrator\u00f3w oraz innowacyjne us\u0142ugi teleinformatyczne dla Biznesu.","potentialAction":[{"@type":"SearchAction","target":{"@type":"EntryPoint","urlTemplate":"https:\/\/www.lovo.pl\/en\/?s={search_term_string}"},"query-input":{"@type":"PropertyValueSpecification","valueRequired":true,"valueName":"search_term_string"}}],"inLanguage":"en-US"}]}},"_links":{"self":[{"href":"https:\/\/www.lovo.pl\/en\/wp-json\/wp\/v2\/pages\/18595","targetHints":{"allow":["GET"]}}],"collection":[{"href":"https:\/\/www.lovo.pl\/en\/wp-json\/wp\/v2\/pages"}],"about":[{"href":"https:\/\/www.lovo.pl\/en\/wp-json\/wp\/v2\/types\/page"}],"author":[{"embeddable":true,"href":"https:\/\/www.lovo.pl\/en\/wp-json\/wp\/v2\/users\/4"}],"replies":[{"embeddable":true,"href":"https:\/\/www.lovo.pl\/en\/wp-json\/wp\/v2\/comments?post=18595"}],"version-history":[{"count":4,"href":"https:\/\/www.lovo.pl\/en\/wp-json\/wp\/v2\/pages\/18595\/revisions"}],"predecessor-version":[{"id":20284,"href":"https:\/\/www.lovo.pl\/en\/wp-json\/wp\/v2\/pages\/18595\/revisions\/20284"}],"wp:attachment":[{"href":"https:\/\/www.lovo.pl\/en\/wp-json\/wp\/v2\/media?parent=18595"}],"curies":[{"name":"wp","href":"https:\/\/api.w.org\/{rel}","templated":true}]}}