{"id":18593,"date":"2018-07-09T17:39:38","date_gmt":"2018-07-09T15:39:38","guid":{"rendered":"https:\/\/www.lovo.pl\/dla-instytucji\/"},"modified":"2018-09-19T13:31:01","modified_gmt":"2018-09-19T11:31:01","slug":"for-institutions","status":"publish","type":"page","link":"https:\/\/www.lovo.pl\/en\/for-institutions\/","title":{"rendered":"Digitization of Public Institutions"},"content":{"rendered":"<p>[vc_row bg_image=&#8221;17876&#8243; class=&#8221;row-titlebar-image titlebar-font-medium&#8221;][vc_column width=&#8221;1\/1&#8243;]<div class=\"minti_boxedholder   clearfix\" style=\"padding: 0px 0px 0px 0px; margin: 0px 0px 0px 0px; \">[vc_custom_heading source=&#8221;post_title&#8221; font_container=&#8221;tag:h1|font_size:80px|text_align:center|color:%23ffffff|line_height:1&#8243; use_theme_fonts=&#8221;yes&#8221; css=&#8221;.vc_custom_1531175907146{margin-bottom: 20px !important;}&#8221; el_class=&#8221;titlebar-title&#8221;]<div class=\"headline font-inherit fontsize-xxl fontweight-500 lh-inherit align-center transform-inherit titlebar-subtitle\" style=\"margin: 0 0 20px 0; color: #ffffff;\">Solutions for Communal and District Authority Offices<\/div><\/div>[\/vc_column][\/vc_row][vc_row top_padding=&#8221;60&#8243;][vc_column width=&#8221;1\/1&#8243;]<h2 class=\"headline font-inherit fontsize-xxxxl fontweight-300 lh-12 align-left transform-inherit \" style=\"margin: 0 0 20px 0;\">Digitization of Communal and District Authority Offices is a crucial project aimed at modernizing telecommunications systems in public institutions &#8211; Communal and District Authority Offices all over Poland!<\/h2>[vc_column_text]<\/p>\n<h2><strong><u>Modern telecommunications solutions<\/u><\/strong><\/h2>\n<p>Thanks to our project, &#8220;Digital Communes&#8221; and &#8220;Digital Districts&#8221; are created in Poland that have a telecommunications system and equipment to match the needs of modern Europe. Digital Commune and Digital District is a series of modern telecommunications solutions, such as:<\/p>\n<ul>\n<li>Cheap and simple virtual telephone exchange.<\/li>\n<li>Top quality HD Voice calls.<\/li>\n<li>Digital links.<\/li>\n<li>Teleconferences and videoconferences.<\/li>\n<li>Modern telephone equipment (IP terminals).Access to fast internet.<\/li>\n<li>Fast Internet access<\/li>\n<li>E-fax, which means sending faxes using an e-mail box.<\/li>\n<li>Professional customer service.<\/li>\n<li>Permanent Customer Carer.<\/li>\n<li>Keeping current phone numbers.<\/li>\n<li>Many other solutions available in the new, already Digital Commune and Digital District!<\/li>\n<\/ul>\n<p>[\/vc_column_text][vc_tta_accordion style=&#8221;flat&#8221; active_section=&#8221;0&#8243; collapsible_all=&#8221;true&#8221;][vc_tta_section title=&#8221;Used technology&#8221; tab_id=&#8221;1534932170087-65b28617-985855dd-1d32&#8243;][vc_column_text]Thanks to the digitization of classic fixed telephony through the full application of VoIP technology, all telecommunications services will be based on the SIP Phone solution. The fully configured IP telephones adapted to provide high-class services, together with telecommunications services, will be delivered to the communes and districts. This solution allows opting out of the classic telephone exchange and the costs associated with its maintenance and service. The entire functionality of the current exchange will be replaced and modernized thanks to the SIP Phone service managed via the virtual LoVoX exchange. The service provided in this way allows combining the reliability of proven traditional traditional fixed-line telephony with the latest telecommunications solutions. All currently used numbers will be served by the LoVoX platform, which allows a smooth transition with existing services from the current Operator to LoVo.[\/vc_column_text][\/vc_tta_section][vc_tta_section title=&#8221;They benefited from our services&#8221; tab_id=&#8221;1534932170114-1abb4267-743855dd-1d32&#8243;][vc_column_text]<\/p>\n<ul>\n<li>Agencja Rezerw Materia\u0142owych<\/li>\n<li>Academy of Fine Arts in \u0141\u00f3d\u017a<\/li>\n<li>Central Institute for Labor Protection CIOP \u0141\u00f3d\u017a<\/li>\n<li>Central Institute for Labor Protection CIOP Warszawa<\/li>\n<li>Center for Coordination of Environmental Projects<\/li>\n<li>IERiG\u017b Institute of Agricultural Economics and Food Economy<\/li>\n<li>Institute of Archeology and Ethnology<\/li>\n<li>IPN Warszawa<\/li>\n<li>The city of Nowy S\u0105cz<\/li>\n<li>Palace of Culture and Science<\/li>\n<li>State Veterinary Institute PIWET Pu\u0142awy<\/li>\n<li>State Veterinary Institute PIWET Zdu\u0144ska Wola<\/li>\n<li>Poradnia Psycholo-Pedago in Trzebnica<\/li>\n<li>Cracow\u2019s District<\/li>\n<li>Powiatowy O\u015brodek Doradztwa Metodyczno-Programowego PODMP in Trzebnica<\/li>\n<li>Public prosecutor&#8217;s office in Rzesz\u00f3w<\/li>\n<li>PUP Starogard Gda\u0144ski<\/li>\n<li>Samodzielny Zesp\u00f3\u0142 Publicznych Zak\u0142ad\u00f3w Lecznictwa Otwartego SZPZLO Praga<\/li>\n<li>District Authority Office of Drawsko Pomorskie<\/li>\n<li>District Authority Office of Nowy Tomy\u015bl<\/li>\n<li>District Authority Office of O\u015bwi\u0119cim<\/li>\n<li>District Authority Office of Trzebnica<\/li>\n<li>National Theatre<\/li>\n<li>Telestrada (Business)<\/li>\n<li>Communal Office of B\u0119dk\u00f3w<\/li>\n<li>Communal Office of Czarnocin<\/li>\n<li>Communal Office of Moszczenica<\/li>\n<li>Communal Office of Ujazd<\/li>\n<li>Municipal Office of \u0141owicz<\/li>\n<li>Municipal Office of Nowy Targ<\/li>\n<li>Municipal Office of Pruszk\u00f3w<\/li>\n<li>Statistical Office \u2013 Krosno<\/li>\n<li>Statistical Office \u2013 Przemy\u015bl<\/li>\n<li>Statistical Office \u2013 Rzesz\u00f3w<\/li>\n<li>Statistical Office \u2013 Tarnobrzeg<\/li>\n<li>Wojew\u00f3dzki Zesp\u00f3\u0142 Lecznictwa Psychiatrycznego WZLP Olsztyn<\/li>\n<li>Zak\u0142ad Gospodarowania Nieruchomo\u015bci ZGN<\/li>\n<li><\/li>\n<\/ul>\n<p>[\/vc_column_text][\/vc_tta_section][\/vc_tta_accordion][vc_column_text]<\/p>\n<h2><strong><u>Solutions for public institutions<\/u><\/strong><\/h2>\n<p>LoVo has prepared the following options fully adapted to provide high quality services under the project Digital Commune and District:[\/vc_column_text][vc_empty_space height=&#8221;30px&#8221;][\/vc_column][\/vc_row][vc_row top_padding=&#8221;0&#8243; bottom_padding=&#8221;30&#8243;][vc_column width=&#8221;1\/1&#8243;][vc_row_inner el_class=&#8221;ehcol-section-1&#8243;][vc_column_inner width=&#8221;1\/3&#8243; css=&#8221;.vc_custom_1533631317586{padding-top: 0px !important;background-color: #f8f8f8 !important;background-position: center !important;background-repeat: no-repeat !important;background-size: cover !important;}&#8221;]<div class=\"minti_boxedholder   clearfix\" style=\"margin: 0px 0px 0px 0px; \"><a href=\"https:\/\/www.lovo.pl\/en\/for-institutions\/voip\/\"\" style=\"display: block; -webkit-box-sizing: border-box; box-sizing: border-box; height: 100%; padding: 120px 30px 30px 30px; \"><h3 class=\"headline font-inherit fontsize-xl fontweight-500 lh-12 align-left transform-uppercase ehcol-group-1\" style=\"margin: 0 0 5px 0;\">Making and receiving phone calls<\/h3>[vc_column_text el_class=&#8221;ehcol-group-2&#8243;]Telephone service including outgoing and incoming calls, including domestic and foreign.[\/vc_column_text]<\/a><\/div>[\/vc_column_inner][vc_column_inner width=&#8221;1\/3&#8243; css=&#8221;.vc_custom_1533631362712{padding-top: 0px !important;background-color: #f8f8f8 !important;background-position: center !important;background-repeat: no-repeat !important;background-size: cover !important;}&#8221;]<div class=\"minti_boxedholder   clearfix\" style=\"margin: 0px 0px 0px 0px; \"><a href=\"https:\/\/www.lovo.pl\/en\/for-institutions\/virtual-private-branch-exchange-vpbx-2\/\"\" style=\"display: block; -webkit-box-sizing: border-box; box-sizing: border-box; height: 100%; padding: 120px 30px 30px 30px; \"><h3 class=\"headline font-inherit fontsize-xl fontweight-500 lh-12 align-left transform-uppercase ehcol-group-1\" style=\"margin: 0 0 5px 0;\">Virtual exchange VPBX<\/h3>[vc_column_text el_class=&#8221;ehcol-group-2&#8243;]Subscriber telephone exchange in the cloud, which has a number of innovative solutions.[\/vc_column_text]<\/a><\/div>[\/vc_column_inner][vc_column_inner width=&#8221;1\/3&#8243; css=&#8221;.vc_custom_1533631375962{padding-top: 0px !important;background-color: #f8f8f8 !important;background-position: center !important;background-repeat: no-repeat !important;background-size: cover !important;}&#8221;]<div class=\"minti_boxedholder   clearfix\" style=\"margin: 0px 0px 0px 0px; \"><a href=\"https:\/\/www.lovo.pl\/en\/for-institutions\/sip-trunk\/\"\" style=\"display: block; -webkit-box-sizing: border-box; box-sizing: border-box; height: 100%; padding: 120px 30px 30px 30px; \"><h3 class=\"headline font-inherit fontsize-xl fontweight-500 lh-12 align-left transform-uppercase ehcol-group-1\" style=\"margin: 0 0 5px 0;\">SIP Trunk connections<\/h3>[vc_column_text el_class=&#8221;ehcol-group-2&#8243;]\u201cClean&#8221; voice service using the public Internet network as a transport medium.[\/vc_column_text]<\/a><\/div>[\/vc_column_inner][\/vc_row_inner][\/vc_column][\/vc_row][vc_row top_padding=&#8221;10&#8243; bottom_padding=&#8221;30&#8243;][vc_column width=&#8221;1\/1&#8243;][vc_row_inner el_class=&#8221;ehcol-section-1&#8243;][vc_column_inner width=&#8221;1\/3&#8243; css=&#8221;.vc_custom_1533631317586{padding-top: 0px !important;background-color: #f8f8f8 !important;background-position: center !important;background-repeat: no-repeat !important;background-size: cover !important;}&#8221;]<div class=\"minti_boxedholder   clearfix\" style=\"margin: 0px 0px 0px 0px; \"><a href=\"https:\/\/www.lovo.pl\/en\/for-institutions\/virtual-exchange-gsm\/\"\" style=\"display: block; -webkit-box-sizing: border-box; box-sizing: border-box; height: 100%; padding: 120px 30px 30px 30px; \"><h3 class=\"headline font-inherit fontsize-xl fontweight-500 lh-12 align-left transform-uppercase ehcol-group-1\" style=\"margin: 0 0 5px 0;\">Virtual exchange with voice service<\/h3>[vc_column_text el_class=&#8221;ehcol-group-2&#8243;]Modern communication without cables &#8211; synergy of two PSTN and GSM technologies in one solution.[\/vc_column_text]<\/a><\/div>[\/vc_column_inner][vc_column_inner width=&#8221;1\/3&#8243; css=&#8221;.vc_custom_1533631362712{padding-top: 0px !important;background-color: #f8f8f8 !important;background-position: center !important;background-repeat: no-repeat !important;background-size: cover !important;}&#8221;]<div class=\"minti_boxedholder   clearfix\" style=\"margin: 0px 0px 0px 0px; \"><a href=\"https:\/\/www.lovo.pl\/en\/for-institutions\/efax\/\"\" style=\"display: block; -webkit-box-sizing: border-box; box-sizing: border-box; height: 100%; padding: 120px 30px 30px 30px; \"><h3 class=\"headline font-inherit fontsize-xl fontweight-500 lh-12 align-left transform-uppercase ehcol-group-1\" style=\"margin: 0 0 5px 0;\">Receiving a fax by e-mail<\/h3>[vc_column_text el_class=&#8221;ehcol-group-2&#8243;]The ability to send faxes from a computer to physical devices and receive them in ones mailbox.[\/vc_column_text]<\/a><\/div>[\/vc_column_inner][vc_column_inner width=&#8221;1\/3&#8243; css=&#8221;.vc_custom_1533631375962{padding-top: 0px !important;background-color: #f8f8f8 !important;background-position: center !important;background-repeat: no-repeat !important;background-size: cover !important;}&#8221;]<div class=\"minti_boxedholder   clearfix\" style=\"margin: 0px 0px 0px 0px; \"><a href=\"https:\/\/www.lovo.pl\/en\/for-institutions\/internet-for-public-institutions\/\"\" style=\"display: block; -webkit-box-sizing: border-box; box-sizing: border-box; height: 100%; padding: 120px 30px 30px 30px; \"><h3 class=\"headline font-inherit fontsize-xl fontweight-500 lh-12 align-left transform-uppercase ehcol-group-1\" style=\"margin: 0 0 5px 0;\">Internet<\/h3>[vc_column_text el_class=&#8221;ehcol-group-2&#8243;]An Internet access service that provides communes and district authorities with guaranteed and stable access to the Internet.[\/vc_column_text]<\/a><\/div>[\/vc_column_inner][\/vc_row_inner][\/vc_column][\/vc_row][vc_row top_padding=&#8221;10&#8243; bottom_padding=&#8221;30&#8243;][vc_column width=&#8221;1\/1&#8243;][\/vc_column][\/vc_row]<\/p>\n","protected":false},"excerpt":{"rendered":"<p>[vc_row bg_image=&#8221;17876&#8243; class=&#8221;row-titlebar-image titlebar-font-medium&#8221;][vc_column width=&#8221;1\/1&#8243;][\/vc_column][\/vc_row][vc_row top_padding=&#8221;60&#8243;][vc_column width=&#8221;1\/1&#8243;][vc_column_text] Modern telecommunications solutions Thanks to our project, &#8220;Digital Communes&#8221; and &#8220;Digital Districts&#8221; are created in Poland that have a telecommunications system and equipment to match the needs of modern Europe. Digital Commune and Digital District is a series of modern telecommunications solutions, such as: Cheap and simple virtual telephone exchange. Top quality HD Voice calls. Digital links. Teleconferences and videoconferences. Modern telephone equipment (IP terminals).Access to fast internet. Fast Internet access E-fax, which means sending faxes using an e-mail box. Professional customer service. Permanent Customer Carer. Keeping current phone numbers. Many other solutions available in the new, already Digital Commune and Digital District! [\/vc_column_text][vc_tta_accordion style=&#8221;flat&#8221; active_section=&#8221;0&#8243; collapsible_all=&#8221;true&#8221;][vc_tta_section title=&#8221;Used technology&#8221; tab_id=&#8221;1534932170087-65b28617-985855dd-1d32&#8243;][vc_column_text]Thanks to the digitization of classic fixed telephony through the full application of VoIP technology, all telecommunications services will be based on the SIP Phone solution. The fully configured IP telephones adapted to provide high-class services, together with telecommunications services, will be delivered to the communes and districts. This solution allows opting out of the classic telephone exchange and the costs associated with its maintenance and service. The entire functionality of the current exchange will be replaced and modernized thanks to the SIP Phone [&hellip;]<\/p>\n","protected":false},"author":4,"featured_media":0,"parent":0,"menu_order":0,"comment_status":"closed","ping_status":"closed","template":"","meta":{"footnotes":""},"class_list":["post-18593","page","type-page","status-publish","hentry"],"yoast_head":"<!-- This site is optimized with the Yoast SEO plugin v24.3 - https:\/\/yoast.com\/wordpress\/plugins\/seo\/ -->\n<title>Digitization of Public Institutions - LoVo<\/title>\n<meta name=\"description\" content=\"Nowoczesne rozwi\u0105zania telekomunikacyjne dla urz\u0119d\u00f3w i instytucji publicznych. Zapoznaj si\u0119 z nasz\u0105 pe\u0142n\u0105 ofert\u0105!\" \/>\n<meta name=\"robots\" content=\"noindex, follow, max-snippet:-1, max-image-preview:large, max-video-preview:-1\" \/>\n<meta property=\"og:locale\" content=\"en_US\" \/>\n<meta property=\"og:type\" content=\"article\" \/>\n<meta property=\"og:title\" content=\"Digitization of Public Institutions - LoVo\" \/>\n<meta property=\"og:description\" content=\"Nowoczesne rozwi\u0105zania telekomunikacyjne dla urz\u0119d\u00f3w i instytucji publicznych. Zapoznaj si\u0119 z nasz\u0105 pe\u0142n\u0105 ofert\u0105!\" \/>\n<meta property=\"og:url\" content=\"https:\/\/www.lovo.pl\/en\/for-institutions\/\" \/>\n<meta property=\"og:site_name\" content=\"LoVo\" \/>\n<meta property=\"article:modified_time\" content=\"2018-09-19T11:31:01+00:00\" \/>\n<meta name=\"twitter:card\" content=\"summary_large_image\" \/>\n<meta name=\"twitter:label1\" content=\"Est. reading time\" \/>\n\t<meta name=\"twitter:data1\" content=\"6 minutes\" \/>\n<script type=\"application\/ld+json\" class=\"yoast-schema-graph\">{\"@context\":\"https:\/\/schema.org\",\"@graph\":[{\"@type\":\"WebPage\",\"@id\":\"https:\/\/www.lovo.pl\/en\/for-institutions\/\",\"url\":\"https:\/\/www.lovo.pl\/en\/for-institutions\/\",\"name\":\"Digitization of Public Institutions - LoVo\",\"isPartOf\":{\"@id\":\"https:\/\/www.lovo.pl\/en\/#website\"},\"datePublished\":\"2018-07-09T15:39:38+00:00\",\"dateModified\":\"2018-09-19T11:31:01+00:00\",\"description\":\"Nowoczesne rozwi\u0105zania telekomunikacyjne dla urz\u0119d\u00f3w i instytucji publicznych. Zapoznaj si\u0119 z nasz\u0105 pe\u0142n\u0105 ofert\u0105!\",\"breadcrumb\":{\"@id\":\"https:\/\/www.lovo.pl\/en\/for-institutions\/#breadcrumb\"},\"inLanguage\":\"en-US\",\"potentialAction\":[{\"@type\":\"ReadAction\",\"target\":[\"https:\/\/www.lovo.pl\/en\/for-institutions\/\"]}]},{\"@type\":\"BreadcrumbList\",\"@id\":\"https:\/\/www.lovo.pl\/en\/for-institutions\/#breadcrumb\",\"itemListElement\":[{\"@type\":\"ListItem\",\"position\":1,\"name\":\"Strona g\u0142\u00f3wna\",\"item\":\"https:\/\/www.lovo.pl\/en\/\"},{\"@type\":\"ListItem\",\"position\":2,\"name\":\"Digitization of Public Institutions\"}]},{\"@type\":\"WebSite\",\"@id\":\"https:\/\/www.lovo.pl\/en\/#website\",\"url\":\"https:\/\/www.lovo.pl\/en\/\",\"name\":\"LoVo\",\"description\":\"Wirtualne rozwi\u0105zania telekomunikacyjne dla Operator\u00f3w, Reseller\u00f3w i Integrator\u00f3w oraz innowacyjne us\u0142ugi teleinformatyczne dla Biznesu.\",\"potentialAction\":[{\"@type\":\"SearchAction\",\"target\":{\"@type\":\"EntryPoint\",\"urlTemplate\":\"https:\/\/www.lovo.pl\/en\/?s={search_term_string}\"},\"query-input\":{\"@type\":\"PropertyValueSpecification\",\"valueRequired\":true,\"valueName\":\"search_term_string\"}}],\"inLanguage\":\"en-US\"}]}<\/script>\n<!-- \/ Yoast SEO plugin. -->","yoast_head_json":{"title":"Digitization of Public Institutions - LoVo","description":"Nowoczesne rozwi\u0105zania telekomunikacyjne dla urz\u0119d\u00f3w i instytucji publicznych. Zapoznaj si\u0119 z nasz\u0105 pe\u0142n\u0105 ofert\u0105!","robots":{"index":"noindex","follow":"follow","max-snippet":"max-snippet:-1","max-image-preview":"max-image-preview:large","max-video-preview":"max-video-preview:-1"},"og_locale":"en_US","og_type":"article","og_title":"Digitization of Public Institutions - LoVo","og_description":"Nowoczesne rozwi\u0105zania telekomunikacyjne dla urz\u0119d\u00f3w i instytucji publicznych. Zapoznaj si\u0119 z nasz\u0105 pe\u0142n\u0105 ofert\u0105!","og_url":"https:\/\/www.lovo.pl\/en\/for-institutions\/","og_site_name":"LoVo","article_modified_time":"2018-09-19T11:31:01+00:00","twitter_card":"summary_large_image","twitter_misc":{"Est. reading time":"6 minutes"},"schema":{"@context":"https:\/\/schema.org","@graph":[{"@type":"WebPage","@id":"https:\/\/www.lovo.pl\/en\/for-institutions\/","url":"https:\/\/www.lovo.pl\/en\/for-institutions\/","name":"Digitization of Public Institutions - LoVo","isPartOf":{"@id":"https:\/\/www.lovo.pl\/en\/#website"},"datePublished":"2018-07-09T15:39:38+00:00","dateModified":"2018-09-19T11:31:01+00:00","description":"Nowoczesne rozwi\u0105zania telekomunikacyjne dla urz\u0119d\u00f3w i instytucji publicznych. Zapoznaj si\u0119 z nasz\u0105 pe\u0142n\u0105 ofert\u0105!","breadcrumb":{"@id":"https:\/\/www.lovo.pl\/en\/for-institutions\/#breadcrumb"},"inLanguage":"en-US","potentialAction":[{"@type":"ReadAction","target":["https:\/\/www.lovo.pl\/en\/for-institutions\/"]}]},{"@type":"BreadcrumbList","@id":"https:\/\/www.lovo.pl\/en\/for-institutions\/#breadcrumb","itemListElement":[{"@type":"ListItem","position":1,"name":"Strona g\u0142\u00f3wna","item":"https:\/\/www.lovo.pl\/en\/"},{"@type":"ListItem","position":2,"name":"Digitization of Public Institutions"}]},{"@type":"WebSite","@id":"https:\/\/www.lovo.pl\/en\/#website","url":"https:\/\/www.lovo.pl\/en\/","name":"LoVo","description":"Wirtualne rozwi\u0105zania telekomunikacyjne dla Operator\u00f3w, Reseller\u00f3w i Integrator\u00f3w oraz innowacyjne us\u0142ugi teleinformatyczne dla Biznesu.","potentialAction":[{"@type":"SearchAction","target":{"@type":"EntryPoint","urlTemplate":"https:\/\/www.lovo.pl\/en\/?s={search_term_string}"},"query-input":{"@type":"PropertyValueSpecification","valueRequired":true,"valueName":"search_term_string"}}],"inLanguage":"en-US"}]}},"_links":{"self":[{"href":"https:\/\/www.lovo.pl\/en\/wp-json\/wp\/v2\/pages\/18593","targetHints":{"allow":["GET"]}}],"collection":[{"href":"https:\/\/www.lovo.pl\/en\/wp-json\/wp\/v2\/pages"}],"about":[{"href":"https:\/\/www.lovo.pl\/en\/wp-json\/wp\/v2\/types\/page"}],"author":[{"embeddable":true,"href":"https:\/\/www.lovo.pl\/en\/wp-json\/wp\/v2\/users\/4"}],"replies":[{"embeddable":true,"href":"https:\/\/www.lovo.pl\/en\/wp-json\/wp\/v2\/comments?post=18593"}],"version-history":[{"count":6,"href":"https:\/\/www.lovo.pl\/en\/wp-json\/wp\/v2\/pages\/18593\/revisions"}],"predecessor-version":[{"id":19996,"href":"https:\/\/www.lovo.pl\/en\/wp-json\/wp\/v2\/pages\/18593\/revisions\/19996"}],"wp:attachment":[{"href":"https:\/\/www.lovo.pl\/en\/wp-json\/wp\/v2\/media?parent=18593"}],"curies":[{"name":"wp","href":"https:\/\/api.w.org\/{rel}","templated":true}]}}