{"id":18592,"date":"2018-07-09T17:44:50","date_gmt":"2018-07-09T15:44:50","guid":{"rendered":"https:\/\/www.lovo.pl\/szkolenia-i-wsparcie\/"},"modified":"2018-09-06T16:04:21","modified_gmt":"2018-09-06T14:04:21","slug":"telecommunications-training-and-support","status":"publish","type":"page","link":"https:\/\/www.lovo.pl\/en\/telecommunications-training-and-support\/","title":{"rendered":"Telecommunications support"},"content":{"rendered":"<p>[vc_row bg_image=&#8221;17921&#8243; class=&#8221;row-titlebar-image titlebar-font-large&#8221;][vc_column width=&#8221;1\/1&#8243;]<div class=\"minti_boxedholder   clearfix\" style=\"padding: 0px 0px 0px 0px; margin: 0px 0px 0px 0px; \">[vc_custom_heading source=&#8221;post_title&#8221; font_container=&#8221;tag:h1|font_size:80px|text_align:center|color:%23ffffff|line_height:1&#8243; use_theme_fonts=&#8221;yes&#8221; css=&#8221;.vc_custom_1531133363389{margin-bottom: 20px !important;}&#8221; el_class=&#8221;titlebar-title&#8221;]<div class=\"headline font-inherit fontsize-xxl fontweight-500 lh-inherit align-center transform-inherit titlebar-subtitle\" style=\"margin: 0 0 20px 0; color: #ffffff;\">Training, webinars and technical support<\/div><\/div>[\/vc_column][\/vc_row][vc_row top_padding=&#8221;60&#8243; bottom_padding=&#8221;100&#8243;][vc_column width=&#8221;1\/1&#8243;]<div class=\"headline font-inherit fontsize-xxl fontweight-300 lh-12 align-left transform-inherit lead\" style=\"margin: 0 0 40px 0;\">The success of your business is the most important to us. That is why we offer consulting and training services, understanding the educational needs of business in the field of telecommunications and new ICT solutions.<\/div>[vc_column_text el_class=&#8221;margin-bottom-0&#8243;]We provide training and consulting services, as part of telecommunications support. To find out more click on the topic you are interested in:[\/vc_column_text]<div class=\"spacer\" style=\"height: 60px;\"><\/div>[vc_row_inner el_class=&#8221;ehcol-section-1&#8243;][vc_column_inner width=&#8221;1\/3&#8243; css=&#8221;.vc_custom_1533631317586{padding-top: 0px !important;background-color: #f8f8f8 !important;background-position: center !important;background-repeat: no-repeat !important;background-size: cover !important;}&#8221;]<div class=\"minti_boxedholder   clearfix\" style=\"margin: 0px 0px 0px 0px; \"><a href=\"https:\/\/www.lovo.pl\/en\/telecommunications-training-and-support\/training-and-workshops\/\"\" style=\"display: block; -webkit-box-sizing: border-box; box-sizing: border-box; height: 100%; padding: 120px 30px 30px 30px; \"><h3 class=\"headline font-inherit fontsize-xl fontweight-500 lh-12 align-left transform-uppercase ehcol-group-1\" style=\"margin: 0 0 5px 0;\">Training and workshops<\/h3>[vc_column_text el_class=&#8221;ehcol-group-2&#8243;]Educational processes that optimize your business.[\/vc_column_text]<\/a><\/div>[\/vc_column_inner][vc_column_inner width=&#8221;1\/3&#8243; css=&#8221;.vc_custom_1533631362712{padding-top: 0px !important;background-color: #f8f8f8 !important;background-position: center !important;background-repeat: no-repeat !important;background-size: cover !important;}&#8221;]<div class=\"minti_boxedholder   clearfix\" style=\"margin: 0px 0px 0px 0px; \"><a href=\"https:\/\/www.lovo.pl\/en\/telecommunications-training-and-support\/technical-assistance\/\"\" style=\"display: block; -webkit-box-sizing: border-box; box-sizing: border-box; height: 100%; padding: 120px 30px 30px 30px; \"><h3 class=\"headline font-inherit fontsize-xl fontweight-500 lh-12 align-left transform-uppercase ehcol-group-1\" style=\"margin: 0 0 5px 0;\">Technical assistance<\/h3>[vc_column_text el_class=&#8221;ehcol-group-2&#8243;]Help in the daily challenges of your organization.[\/vc_column_text]<\/a><\/div>[\/vc_column_inner][vc_column_inner width=&#8221;1\/3&#8243; css=&#8221;.vc_custom_1533631375962{padding-top: 0px !important;background-color: #f8f8f8 !important;background-position: center !important;background-repeat: no-repeat !important;background-size: cover !important;}&#8221;]<div class=\"minti_boxedholder   clearfix\" style=\"margin: 0px 0px 0px 0px; \"><a href=\"https:\/\/www.lovo.pl\/en\/telecommunications-training-and-support\/webinars\/\"\" style=\"display: block; -webkit-box-sizing: border-box; box-sizing: border-box; height: 100%; padding: 120px 30px 30px 30px; \"><h3 class=\"headline font-inherit fontsize-xl fontweight-500 lh-12 align-left transform-uppercase ehcol-group-1\" style=\"margin: 0 0 5px 0;\">Webinars<\/h3>[vc_column_text el_class=&#8221;ehcol-group-2&#8243;]Expert seminars supplementing traditional training.[\/vc_column_text]<\/a><\/div>[\/vc_column_inner][\/vc_row_inner][\/vc_column][\/vc_row]<\/p>\n","protected":false},"excerpt":{"rendered":"<p>[vc_row bg_image=&#8221;17921&#8243; class=&#8221;row-titlebar-image titlebar-font-large&#8221;][vc_column width=&#8221;1\/1&#8243;][\/vc_column][\/vc_row][vc_row top_padding=&#8221;60&#8243; bottom_padding=&#8221;100&#8243;][vc_column width=&#8221;1\/1&#8243;][vc_column_text el_class=&#8221;margin-bottom-0&#8243;]We provide training and consulting services, as part of telecommunications support. To find out more click on the topic you are interested in:[\/vc_column_text][vc_row_inner el_class=&#8221;ehcol-section-1&#8243;][vc_column_inner width=&#8221;1\/3&#8243; css=&#8221;.vc_custom_1533631317586{padding-top: 0px !important;background-color: #f8f8f8 !important;background-position: center !important;background-repeat: no-repeat !important;background-size: cover !important;}&#8221;][\/vc_column_inner][vc_column_inner width=&#8221;1\/3&#8243; css=&#8221;.vc_custom_1533631362712{padding-top: 0px !important;background-color: #f8f8f8 !important;background-position: center !important;background-repeat: no-repeat !important;background-size: cover !important;}&#8221;][\/vc_column_inner][vc_column_inner width=&#8221;1\/3&#8243; css=&#8221;.vc_custom_1533631375962{padding-top: 0px !important;background-color: #f8f8f8 !important;background-position: center !important;background-repeat: no-repeat !important;background-size: cover !important;}&#8221;][\/vc_column_inner][\/vc_row_inner][\/vc_column][\/vc_row]<\/p>\n","protected":false},"author":4,"featured_media":0,"parent":0,"menu_order":0,"comment_status":"closed","ping_status":"closed","template":"","meta":{"footnotes":""},"class_list":["post-18592","page","type-page","status-publish","hentry"],"yoast_head":"<!-- This site is optimized with the Yoast SEO plugin v24.3 - https:\/\/yoast.com\/wordpress\/plugins\/seo\/ -->\n<title>Telecommunications support - LoVo<\/title>\n<meta name=\"description\" content=\"Poznaj oferowane szkolenia i warsztaty dla bran\u017cy telekomunikacyjnej. Zosta\u0144 ekspertem w telekomunikacji!\" \/>\n<meta name=\"robots\" content=\"noindex, follow, max-snippet:-1, max-image-preview:large, max-video-preview:-1\" \/>\n<meta property=\"og:locale\" content=\"en_US\" \/>\n<meta property=\"og:type\" content=\"article\" \/>\n<meta property=\"og:title\" content=\"Telecommunications support - LoVo\" \/>\n<meta property=\"og:description\" content=\"Poznaj oferowane szkolenia i warsztaty dla bran\u017cy telekomunikacyjnej. Zosta\u0144 ekspertem w telekomunikacji!\" \/>\n<meta property=\"og:url\" content=\"https:\/\/www.lovo.pl\/en\/telecommunications-training-and-support\/\" \/>\n<meta property=\"og:site_name\" content=\"LoVo\" \/>\n<meta property=\"article:modified_time\" content=\"2018-09-06T14:04:21+00:00\" \/>\n<meta name=\"twitter:card\" content=\"summary_large_image\" \/>\n<meta name=\"twitter:label1\" content=\"Est. reading time\" \/>\n\t<meta name=\"twitter:data1\" content=\"2 minutes\" \/>\n<script type=\"application\/ld+json\" class=\"yoast-schema-graph\">{\"@context\":\"https:\/\/schema.org\",\"@graph\":[{\"@type\":\"WebPage\",\"@id\":\"https:\/\/www.lovo.pl\/en\/telecommunications-training-and-support\/\",\"url\":\"https:\/\/www.lovo.pl\/en\/telecommunications-training-and-support\/\",\"name\":\"Telecommunications support - LoVo\",\"isPartOf\":{\"@id\":\"https:\/\/www.lovo.pl\/en\/#website\"},\"datePublished\":\"2018-07-09T15:44:50+00:00\",\"dateModified\":\"2018-09-06T14:04:21+00:00\",\"description\":\"Poznaj oferowane szkolenia i warsztaty dla bran\u017cy telekomunikacyjnej. Zosta\u0144 ekspertem w telekomunikacji!\",\"breadcrumb\":{\"@id\":\"https:\/\/www.lovo.pl\/en\/telecommunications-training-and-support\/#breadcrumb\"},\"inLanguage\":\"en-US\",\"potentialAction\":[{\"@type\":\"ReadAction\",\"target\":[\"https:\/\/www.lovo.pl\/en\/telecommunications-training-and-support\/\"]}]},{\"@type\":\"BreadcrumbList\",\"@id\":\"https:\/\/www.lovo.pl\/en\/telecommunications-training-and-support\/#breadcrumb\",\"itemListElement\":[{\"@type\":\"ListItem\",\"position\":1,\"name\":\"Strona g\u0142\u00f3wna\",\"item\":\"https:\/\/www.lovo.pl\/en\/\"},{\"@type\":\"ListItem\",\"position\":2,\"name\":\"Telecommunications support\"}]},{\"@type\":\"WebSite\",\"@id\":\"https:\/\/www.lovo.pl\/en\/#website\",\"url\":\"https:\/\/www.lovo.pl\/en\/\",\"name\":\"LoVo\",\"description\":\"Wirtualne rozwi\u0105zania telekomunikacyjne dla Operator\u00f3w, Reseller\u00f3w i Integrator\u00f3w oraz innowacyjne us\u0142ugi teleinformatyczne dla Biznesu.\",\"potentialAction\":[{\"@type\":\"SearchAction\",\"target\":{\"@type\":\"EntryPoint\",\"urlTemplate\":\"https:\/\/www.lovo.pl\/en\/?s={search_term_string}\"},\"query-input\":{\"@type\":\"PropertyValueSpecification\",\"valueRequired\":true,\"valueName\":\"search_term_string\"}}],\"inLanguage\":\"en-US\"}]}<\/script>\n<!-- \/ Yoast SEO plugin. -->","yoast_head_json":{"title":"Telecommunications support - LoVo","description":"Poznaj oferowane szkolenia i warsztaty dla bran\u017cy telekomunikacyjnej. Zosta\u0144 ekspertem w telekomunikacji!","robots":{"index":"noindex","follow":"follow","max-snippet":"max-snippet:-1","max-image-preview":"max-image-preview:large","max-video-preview":"max-video-preview:-1"},"og_locale":"en_US","og_type":"article","og_title":"Telecommunications support - LoVo","og_description":"Poznaj oferowane szkolenia i warsztaty dla bran\u017cy telekomunikacyjnej. Zosta\u0144 ekspertem w telekomunikacji!","og_url":"https:\/\/www.lovo.pl\/en\/telecommunications-training-and-support\/","og_site_name":"LoVo","article_modified_time":"2018-09-06T14:04:21+00:00","twitter_card":"summary_large_image","twitter_misc":{"Est. reading time":"2 minutes"},"schema":{"@context":"https:\/\/schema.org","@graph":[{"@type":"WebPage","@id":"https:\/\/www.lovo.pl\/en\/telecommunications-training-and-support\/","url":"https:\/\/www.lovo.pl\/en\/telecommunications-training-and-support\/","name":"Telecommunications support - LoVo","isPartOf":{"@id":"https:\/\/www.lovo.pl\/en\/#website"},"datePublished":"2018-07-09T15:44:50+00:00","dateModified":"2018-09-06T14:04:21+00:00","description":"Poznaj oferowane szkolenia i warsztaty dla bran\u017cy telekomunikacyjnej. Zosta\u0144 ekspertem w telekomunikacji!","breadcrumb":{"@id":"https:\/\/www.lovo.pl\/en\/telecommunications-training-and-support\/#breadcrumb"},"inLanguage":"en-US","potentialAction":[{"@type":"ReadAction","target":["https:\/\/www.lovo.pl\/en\/telecommunications-training-and-support\/"]}]},{"@type":"BreadcrumbList","@id":"https:\/\/www.lovo.pl\/en\/telecommunications-training-and-support\/#breadcrumb","itemListElement":[{"@type":"ListItem","position":1,"name":"Strona g\u0142\u00f3wna","item":"https:\/\/www.lovo.pl\/en\/"},{"@type":"ListItem","position":2,"name":"Telecommunications support"}]},{"@type":"WebSite","@id":"https:\/\/www.lovo.pl\/en\/#website","url":"https:\/\/www.lovo.pl\/en\/","name":"LoVo","description":"Wirtualne rozwi\u0105zania telekomunikacyjne dla Operator\u00f3w, Reseller\u00f3w i Integrator\u00f3w oraz innowacyjne us\u0142ugi teleinformatyczne dla Biznesu.","potentialAction":[{"@type":"SearchAction","target":{"@type":"EntryPoint","urlTemplate":"https:\/\/www.lovo.pl\/en\/?s={search_term_string}"},"query-input":{"@type":"PropertyValueSpecification","valueRequired":true,"valueName":"search_term_string"}}],"inLanguage":"en-US"}]}},"_links":{"self":[{"href":"https:\/\/www.lovo.pl\/en\/wp-json\/wp\/v2\/pages\/18592","targetHints":{"allow":["GET"]}}],"collection":[{"href":"https:\/\/www.lovo.pl\/en\/wp-json\/wp\/v2\/pages"}],"about":[{"href":"https:\/\/www.lovo.pl\/en\/wp-json\/wp\/v2\/types\/page"}],"author":[{"embeddable":true,"href":"https:\/\/www.lovo.pl\/en\/wp-json\/wp\/v2\/users\/4"}],"replies":[{"embeddable":true,"href":"https:\/\/www.lovo.pl\/en\/wp-json\/wp\/v2\/comments?post=18592"}],"version-history":[{"count":5,"href":"https:\/\/www.lovo.pl\/en\/wp-json\/wp\/v2\/pages\/18592\/revisions"}],"predecessor-version":[{"id":19240,"href":"https:\/\/www.lovo.pl\/en\/wp-json\/wp\/v2\/pages\/18592\/revisions\/19240"}],"wp:attachment":[{"href":"https:\/\/www.lovo.pl\/en\/wp-json\/wp\/v2\/media?parent=18592"}],"curies":[{"name":"wp","href":"https:\/\/api.w.org\/{rel}","templated":true}]}}