{"id":18589,"date":"2018-07-19T11:22:43","date_gmt":"2018-07-19T09:22:43","guid":{"rendered":"https:\/\/www.lovo.pl\/dla-operatorow\/rynek-krajowy\/"},"modified":"2018-09-11T15:34:36","modified_gmt":"2018-09-11T13:34:36","slug":"domestic-market","status":"publish","type":"page","link":"https:\/\/www.lovo.pl\/en\/for-operators\/domestic-market\/","title":{"rendered":"Wholesale telecommunications services"},"content":{"rendered":"<p>[vc_row bg_image=&#8221;17780&#8243; class=&#8221;row-titlebar-image titlebar-font-medium&#8221;][vc_column width=&#8221;1\/1&#8243;]<div class=\"minti_boxedholder   clearfix\" style=\"padding: 0px 0px 0px 0px; margin: 0px 0px 0px 0px; \">[vc_custom_heading source=&#8221;post_title&#8221; font_container=&#8221;tag:h1|font_size:80px|text_align:center|color:%23ffffff|line_height:1&#8243; use_theme_fonts=&#8221;yes&#8221; css=&#8221;.vc_custom_1534846780173{margin-bottom: 20px !important;padding-right: 150px !important;padding-left: 150px !important;}&#8221; el_class=&#8221;titlebar-title&#8221;]<div class=\"headline font-inherit fontsize-xxl fontweight-500 lh-inherit align-center transform-inherit titlebar-subtitle\" style=\"margin: 0 0 20px 0; color: #ffffff;\">For Operators, Integrators and Resellers<\/div><\/div>[\/vc_column][\/vc_row][vc_row top_padding=&#8221;60&#8243;][vc_column width=&#8221;1\/1&#8243;][vc_column_text]Our solutions can be used by companies having their own telecommunications networks (eg. cable or Ethernet networks) as well as companies that do not have such networks. The offer is directed primarily to:<\/p>\n<ul>\n<li>Operators, that is:\n<ul>\n<li>Operators with own telecommunications infrastructure.<\/li>\n<li>Television cable networks.<\/li>\n<li>Internet Service Providers (ISPs).<\/li>\n<li>Guardians of telephone exchanges.<\/li>\n<li>Housing cooperatives.<\/li>\n<li>Telecommunications equipment suppliers.<\/li>\n<li>Companies serving residential, office buildings and shopping centres.<\/li>\n<\/ul>\n<\/li>\n<li>Resellers, that is:\n<ul>\n<li>Virtual Operators without their own infrastructure.<\/li>\n<li>Companies planning to introduce fixed telephony services to their own offer.<\/li>\n<li>Internet Service Providers and television operators of cable networks who do not have their own telecommunications infrastructure.<\/li>\n<\/ul>\n<\/li>\n<li>Integrators.<\/li>\n<\/ul>\n<p>&nbsp;<\/p>\n<h2><span style=\"text-decoration: underline;\">We provide the following services as part of wholesale operations on the domestic market:<\/span><\/h2>\n<p>[\/vc_column_text][\/vc_column][\/vc_row][vc_row top_padding=&#8221;50&#8243; bottom_padding=&#8221;50&#8243;][vc_column width=&#8221;1\/1&#8243;][vc_row_inner el_class=&#8221;ehcol-section-1&#8243;][vc_column_inner width=&#8221;1\/3&#8243; css=&#8221;.vc_custom_1533631317586{padding-top: 0px !important;background-color: #f8f8f8 !important;background-position: center !important;background-repeat: no-repeat !important;background-size: cover !important;}&#8221;]<div class=\"minti_boxedholder   clearfix\" style=\"margin: 0px 0px 0px 0px; \"><a href=\"https:\/\/www.lovo.pl\/en\/for-operators\/domestic-market\/voice-wholesale\/\"\" style=\"display: block; -webkit-box-sizing: border-box; box-sizing: border-box; height: 100%; padding: 120px 30px 30px 30px; \"><h3 class=\"headline font-inherit fontsize-xl fontweight-500 lh-12 align-left transform-uppercase ehcol-group-1\" style=\"margin: 0 0 5px 0;\">Transit of national and international traffic<\/h3>[vc_column_text el_class=&#8221;ehcol-group-2&#8243;]Exchange of telephone connections is based on the SIP Trunk telecommunications system &#8211; HIPERUS Carrier to Carrier (C2C), or a voice wholesale.[\/vc_column_text]<\/a><\/div>[\/vc_column_inner][vc_column_inner width=&#8221;1\/3&#8243; css=&#8221;.vc_custom_1533631362712{padding-top: 0px !important;background-color: #f8f8f8 !important;background-position: center !important;background-repeat: no-repeat !important;background-size: cover !important;}&#8221;]<div class=\"minti_boxedholder   clearfix\" style=\"margin: 0px 0px 0px 0px; \"><a href=\"https:\/\/www.lovo.pl\/en\/for-operators\/domestic-market\/service-and-billing-platform\/\"\" style=\"display: block; -webkit-box-sizing: border-box; box-sizing: border-box; height: 100%; padding: 120px 30px 30px 30px; \"><h3 class=\"headline font-inherit fontsize-xl fontweight-500 lh-12 align-left transform-uppercase ehcol-group-1\" style=\"margin: 0 0 5px 0;\">Service and billing platform in the cloud<\/h3>[vc_column_text el_class=&#8221;ehcol-group-2&#8243;]A complete and ready solution to provide the highest quality of telecommunications services built on the basis of the latest ICT technologies.[\/vc_column_text]<\/a><\/div>[\/vc_column_inner][vc_column_inner width=&#8221;1\/3&#8243; css=&#8221;.vc_custom_1533631375962{padding-top: 0px !important;background-color: #f8f8f8 !important;background-position: center !important;background-repeat: no-repeat !important;background-size: cover !important;}&#8221;]<div class=\"minti_boxedholder   clearfix\" style=\"margin: 0px 0px 0px 0px; \"><a href=\"https:\/\/www.lovo.pl\/en\/for-operators\/domestic-market\/broadcasting-subscriber\/\"\" style=\"display: block; -webkit-box-sizing: border-box; box-sizing: border-box; height: 100%; padding: 120px 30px 30px 30px; \"><h3 class=\"headline font-inherit fontsize-xl fontweight-500 lh-12 align-left transform-uppercase ehcol-group-1\" style=\"margin: 0 0 5px 0;\">Broadcasting subscriber and routing numbering<\/h3>[vc_column_text el_class=&#8221;ehcol-group-2&#8243;]Dissemination of subscriber and routing numbering is a necessary procedure for terminating calls in the operator&#8217;s network.[\/vc_column_text]<\/a><\/div>[\/vc_column_inner][\/vc_row_inner][\/vc_column][\/vc_row][vc_row bottom_padding=&#8221;50&#8243;][vc_column width=&#8221;1\/1&#8243;][vc_row_inner el_class=&#8221;ehcol-section-1&#8243;][vc_column_inner width=&#8221;1\/3&#8243; css=&#8221;.vc_custom_1533631317586{padding-top: 0px !important;background-color: #f8f8f8 !important;background-position: center !important;background-repeat: no-repeat !important;background-size: cover !important;}&#8221;]<div class=\"minti_boxedholder   clearfix\" style=\"margin: 0px 0px 0px 0px; \"><a href=\"https:\/\/www.lovo.pl\/en\/for-operators\/domestic-market\/pli-cbd\/\"\" style=\"display: block; -webkit-box-sizing: border-box; box-sizing: border-box; height: 100%; padding: 120px 30px 30px 30px; \"><h3 class=\"headline font-inherit fontsize-xl fontweight-500 lh-12 align-left transform-uppercase ehcol-group-1\" style=\"margin: 0 0 5px 0;\">PLI CBD <\/h3>[vc_column_text el_class=&#8221;ehcol-group-2&#8243;]The Localization and Information Platform with the Central Database is aimed at improving the functioning of the system of obtaining information on the location of the subscriber calling for help by 112.[\/vc_column_text]<\/a><\/div>[\/vc_column_inner][vc_column_inner width=&#8221;1\/3&#8243; css=&#8221;.vc_custom_1533631362712{padding-top: 0px !important;background-color: #f8f8f8 !important;background-position: center !important;background-repeat: no-repeat !important;background-size: cover !important;}&#8221;]<div class=\"minti_boxedholder   clearfix\" style=\"margin: 0px 0px 0px 0px; \"><a href=\"https:\/\/www.lovo.pl\/en\/for-operators\/domestic-market\/virtual-private-branch-exchange-vpbx\/\"\" style=\"display: block; -webkit-box-sizing: border-box; box-sizing: border-box; height: 100%; padding: 120px 30px 30px 30px; \"><h3 class=\"headline font-inherit fontsize-xl fontweight-500 lh-12 align-left transform-uppercase ehcol-group-1\" style=\"margin: 0 0 5px 0;\">Virtual PBX<\/h3>[vc_column_text el_class=&#8221;ehcol-group-2&#8243;]A solution enabling the use of functionalities offered by physical telephone exchanges via VoIP and the Internet.[\/vc_column_text]<\/a><\/div>[\/vc_column_inner][vc_column_inner width=&#8221;1\/3&#8243; css=&#8221;.vc_custom_1533631375962{padding-top: 0px !important;background-color: #f8f8f8 !important;background-position: center !important;background-repeat: no-repeat !important;background-size: cover !important;}&#8221;]<div class=\"minti_boxedholder   clearfix\" style=\"margin: 0px 0px 0px 0px; \"><a href=\"https:\/\/www.lovo.pl\/en\/for-operators\/domestic-market\/security-package\/\"\" style=\"display: block; -webkit-box-sizing: border-box; box-sizing: border-box; height: 100%; padding: 120px 30px 30px 30px; \"><h3 class=\"headline font-inherit fontsize-xl fontweight-500 lh-12 align-left transform-uppercase ehcol-group-1\" style=\"margin: 0 0 5px 0;\">Security package<\/h3>[vc_column_text el_class=&#8221;ehcol-group-2&#8243;]A solution to prevent fraudulent intentions to obtain property or damage to the other party.[\/vc_column_text]<\/a><\/div>[\/vc_column_inner][\/vc_row_inner][\/vc_column][\/vc_row]<\/p>\n","protected":false},"excerpt":{"rendered":"<p>[vc_row bg_image=&#8221;17780&#8243; class=&#8221;row-titlebar-image titlebar-font-medium&#8221;][vc_column width=&#8221;1\/1&#8243;][\/vc_column][\/vc_row][vc_row top_padding=&#8221;60&#8243;][vc_column width=&#8221;1\/1&#8243;][vc_column_text]Our solutions can be used by companies having their own telecommunications networks (eg. cable or Ethernet networks) as well as companies that do not have such networks. The offer is directed primarily to: Operators, that is: Operators with own telecommunications infrastructure. Television cable networks. Internet Service Providers (ISPs). Guardians of telephone exchanges. Housing cooperatives. Telecommunications equipment suppliers. Companies serving residential, office buildings and shopping centres. Resellers, that is: Virtual Operators without their own infrastructure. Companies planning to introduce fixed telephony services to their own offer. Internet Service Providers and television operators of cable networks who do not have their own telecommunications infrastructure. Integrators. &nbsp; We provide the following services as part of wholesale operations on the domestic market: [\/vc_column_text][\/vc_column][\/vc_row][vc_row top_padding=&#8221;50&#8243; bottom_padding=&#8221;50&#8243;][vc_column width=&#8221;1\/1&#8243;][vc_row_inner el_class=&#8221;ehcol-section-1&#8243;][vc_column_inner width=&#8221;1\/3&#8243; css=&#8221;.vc_custom_1533631317586{padding-top: 0px !important;background-color: #f8f8f8 !important;background-position: center !important;background-repeat: no-repeat !important;background-size: cover !important;}&#8221;][\/vc_column_inner][vc_column_inner width=&#8221;1\/3&#8243; css=&#8221;.vc_custom_1533631362712{padding-top: 0px !important;background-color: #f8f8f8 !important;background-position: center !important;background-repeat: no-repeat !important;background-size: cover !important;}&#8221;][\/vc_column_inner][vc_column_inner width=&#8221;1\/3&#8243; css=&#8221;.vc_custom_1533631375962{padding-top: 0px !important;background-color: #f8f8f8 !important;background-position: center !important;background-repeat: no-repeat !important;background-size: cover !important;}&#8221;][\/vc_column_inner][\/vc_row_inner][\/vc_column][\/vc_row][vc_row bottom_padding=&#8221;50&#8243;][vc_column width=&#8221;1\/1&#8243;][vc_row_inner el_class=&#8221;ehcol-section-1&#8243;][vc_column_inner width=&#8221;1\/3&#8243; css=&#8221;.vc_custom_1533631317586{padding-top: 0px !important;background-color: #f8f8f8 !important;background-position: center !important;background-repeat: no-repeat !important;background-size: cover !important;}&#8221;][\/vc_column_inner][vc_column_inner width=&#8221;1\/3&#8243; css=&#8221;.vc_custom_1533631362712{padding-top: 0px !important;background-color: #f8f8f8 !important;background-position: center !important;background-repeat: no-repeat !important;background-size: cover !important;}&#8221;][\/vc_column_inner][vc_column_inner width=&#8221;1\/3&#8243; css=&#8221;.vc_custom_1533631375962{padding-top: 0px !important;background-color: #f8f8f8 !important;background-position: center !important;background-repeat: [&hellip;]<\/p>\n","protected":false},"author":1,"featured_media":0,"parent":18580,"menu_order":0,"comment_status":"closed","ping_status":"closed","template":"","meta":{"footnotes":""},"class_list":["post-18589","page","type-page","status-publish","hentry"],"yoast_head":"<!-- This site is optimized with the Yoast SEO plugin v24.3 - https:\/\/yoast.com\/wordpress\/plugins\/seo\/ -->\n<title>Wholesale telecommunications services - LoVo<\/title>\n<meta name=\"description\" content=\"LoVo to og\u00f3lnopolski operator telefonii \u015bwiadcz\u0105cy pe\u0142en zakres us\u0142ug telekomunikacyjnych dla Klient\u00f3w Hurtowych czyli Operator\u00f3w, Reseller\u00f3w i Integrator\u00f3w.\" \/>\n<meta name=\"robots\" content=\"noindex, follow, max-snippet:-1, max-image-preview:large, max-video-preview:-1\" \/>\n<meta property=\"og:locale\" content=\"en_US\" \/>\n<meta property=\"og:type\" content=\"article\" \/>\n<meta property=\"og:title\" content=\"Wholesale telecommunications services - LoVo\" \/>\n<meta property=\"og:description\" content=\"LoVo to og\u00f3lnopolski operator telefonii \u015bwiadcz\u0105cy pe\u0142en zakres us\u0142ug telekomunikacyjnych dla Klient\u00f3w Hurtowych czyli Operator\u00f3w, Reseller\u00f3w i Integrator\u00f3w.\" \/>\n<meta property=\"og:url\" content=\"https:\/\/www.lovo.pl\/en\/for-operators\/domestic-market\/\" \/>\n<meta property=\"og:site_name\" content=\"LoVo\" \/>\n<meta property=\"article:modified_time\" content=\"2018-09-11T13:34:36+00:00\" \/>\n<meta name=\"twitter:card\" content=\"summary_large_image\" \/>\n<meta name=\"twitter:label1\" content=\"Est. reading time\" \/>\n\t<meta name=\"twitter:data1\" content=\"4 minutes\" \/>\n<script type=\"application\/ld+json\" class=\"yoast-schema-graph\">{\"@context\":\"https:\/\/schema.org\",\"@graph\":[{\"@type\":\"WebPage\",\"@id\":\"https:\/\/www.lovo.pl\/en\/for-operators\/domestic-market\/\",\"url\":\"https:\/\/www.lovo.pl\/en\/for-operators\/domestic-market\/\",\"name\":\"Wholesale telecommunications services - LoVo\",\"isPartOf\":{\"@id\":\"https:\/\/www.lovo.pl\/en\/#website\"},\"datePublished\":\"2018-07-19T09:22:43+00:00\",\"dateModified\":\"2018-09-11T13:34:36+00:00\",\"description\":\"LoVo to og\u00f3lnopolski operator telefonii \u015bwiadcz\u0105cy pe\u0142en zakres us\u0142ug telekomunikacyjnych dla Klient\u00f3w Hurtowych czyli Operator\u00f3w, Reseller\u00f3w i Integrator\u00f3w.\",\"breadcrumb\":{\"@id\":\"https:\/\/www.lovo.pl\/en\/for-operators\/domestic-market\/#breadcrumb\"},\"inLanguage\":\"en-US\",\"potentialAction\":[{\"@type\":\"ReadAction\",\"target\":[\"https:\/\/www.lovo.pl\/en\/for-operators\/domestic-market\/\"]}]},{\"@type\":\"BreadcrumbList\",\"@id\":\"https:\/\/www.lovo.pl\/en\/for-operators\/domestic-market\/#breadcrumb\",\"itemListElement\":[{\"@type\":\"ListItem\",\"position\":1,\"name\":\"Strona g\u0142\u00f3wna\",\"item\":\"https:\/\/www.lovo.pl\/en\/\"},{\"@type\":\"ListItem\",\"position\":2,\"name\":\"Wholesale telecommunications services\",\"item\":\"https:\/\/www.lovo.pl\/en\/for-operators\/\"},{\"@type\":\"ListItem\",\"position\":3,\"name\":\"Wholesale telecommunications services\"}]},{\"@type\":\"WebSite\",\"@id\":\"https:\/\/www.lovo.pl\/en\/#website\",\"url\":\"https:\/\/www.lovo.pl\/en\/\",\"name\":\"LoVo\",\"description\":\"Wirtualne rozwi\u0105zania telekomunikacyjne dla Operator\u00f3w, Reseller\u00f3w i Integrator\u00f3w oraz innowacyjne us\u0142ugi teleinformatyczne dla Biznesu.\",\"potentialAction\":[{\"@type\":\"SearchAction\",\"target\":{\"@type\":\"EntryPoint\",\"urlTemplate\":\"https:\/\/www.lovo.pl\/en\/?s={search_term_string}\"},\"query-input\":{\"@type\":\"PropertyValueSpecification\",\"valueRequired\":true,\"valueName\":\"search_term_string\"}}],\"inLanguage\":\"en-US\"}]}<\/script>\n<!-- \/ Yoast SEO plugin. -->","yoast_head_json":{"title":"Wholesale telecommunications services - LoVo","description":"LoVo to og\u00f3lnopolski operator telefonii \u015bwiadcz\u0105cy pe\u0142en zakres us\u0142ug telekomunikacyjnych dla Klient\u00f3w Hurtowych czyli Operator\u00f3w, Reseller\u00f3w i Integrator\u00f3w.","robots":{"index":"noindex","follow":"follow","max-snippet":"max-snippet:-1","max-image-preview":"max-image-preview:large","max-video-preview":"max-video-preview:-1"},"og_locale":"en_US","og_type":"article","og_title":"Wholesale telecommunications services - LoVo","og_description":"LoVo to og\u00f3lnopolski operator telefonii \u015bwiadcz\u0105cy pe\u0142en zakres us\u0142ug telekomunikacyjnych dla Klient\u00f3w Hurtowych czyli Operator\u00f3w, Reseller\u00f3w i Integrator\u00f3w.","og_url":"https:\/\/www.lovo.pl\/en\/for-operators\/domestic-market\/","og_site_name":"LoVo","article_modified_time":"2018-09-11T13:34:36+00:00","twitter_card":"summary_large_image","twitter_misc":{"Est. reading time":"4 minutes"},"schema":{"@context":"https:\/\/schema.org","@graph":[{"@type":"WebPage","@id":"https:\/\/www.lovo.pl\/en\/for-operators\/domestic-market\/","url":"https:\/\/www.lovo.pl\/en\/for-operators\/domestic-market\/","name":"Wholesale telecommunications services - LoVo","isPartOf":{"@id":"https:\/\/www.lovo.pl\/en\/#website"},"datePublished":"2018-07-19T09:22:43+00:00","dateModified":"2018-09-11T13:34:36+00:00","description":"LoVo to og\u00f3lnopolski operator telefonii \u015bwiadcz\u0105cy pe\u0142en zakres us\u0142ug telekomunikacyjnych dla Klient\u00f3w Hurtowych czyli Operator\u00f3w, Reseller\u00f3w i Integrator\u00f3w.","breadcrumb":{"@id":"https:\/\/www.lovo.pl\/en\/for-operators\/domestic-market\/#breadcrumb"},"inLanguage":"en-US","potentialAction":[{"@type":"ReadAction","target":["https:\/\/www.lovo.pl\/en\/for-operators\/domestic-market\/"]}]},{"@type":"BreadcrumbList","@id":"https:\/\/www.lovo.pl\/en\/for-operators\/domestic-market\/#breadcrumb","itemListElement":[{"@type":"ListItem","position":1,"name":"Strona g\u0142\u00f3wna","item":"https:\/\/www.lovo.pl\/en\/"},{"@type":"ListItem","position":2,"name":"Wholesale telecommunications services","item":"https:\/\/www.lovo.pl\/en\/for-operators\/"},{"@type":"ListItem","position":3,"name":"Wholesale telecommunications services"}]},{"@type":"WebSite","@id":"https:\/\/www.lovo.pl\/en\/#website","url":"https:\/\/www.lovo.pl\/en\/","name":"LoVo","description":"Wirtualne rozwi\u0105zania telekomunikacyjne dla Operator\u00f3w, Reseller\u00f3w i Integrator\u00f3w oraz innowacyjne us\u0142ugi teleinformatyczne dla Biznesu.","potentialAction":[{"@type":"SearchAction","target":{"@type":"EntryPoint","urlTemplate":"https:\/\/www.lovo.pl\/en\/?s={search_term_string}"},"query-input":{"@type":"PropertyValueSpecification","valueRequired":true,"valueName":"search_term_string"}}],"inLanguage":"en-US"}]}},"_links":{"self":[{"href":"https:\/\/www.lovo.pl\/en\/wp-json\/wp\/v2\/pages\/18589","targetHints":{"allow":["GET"]}}],"collection":[{"href":"https:\/\/www.lovo.pl\/en\/wp-json\/wp\/v2\/pages"}],"about":[{"href":"https:\/\/www.lovo.pl\/en\/wp-json\/wp\/v2\/types\/page"}],"author":[{"embeddable":true,"href":"https:\/\/www.lovo.pl\/en\/wp-json\/wp\/v2\/users\/1"}],"replies":[{"embeddable":true,"href":"https:\/\/www.lovo.pl\/en\/wp-json\/wp\/v2\/comments?post=18589"}],"version-history":[{"count":7,"href":"https:\/\/www.lovo.pl\/en\/wp-json\/wp\/v2\/pages\/18589\/revisions"}],"predecessor-version":[{"id":19632,"href":"https:\/\/www.lovo.pl\/en\/wp-json\/wp\/v2\/pages\/18589\/revisions\/19632"}],"up":[{"embeddable":true,"href":"https:\/\/www.lovo.pl\/en\/wp-json\/wp\/v2\/pages\/18580"}],"wp:attachment":[{"href":"https:\/\/www.lovo.pl\/en\/wp-json\/wp\/v2\/media?parent=18589"}],"curies":[{"name":"wp","href":"https:\/\/api.w.org\/{rel}","templated":true}]}}