{"id":18576,"date":"2018-07-19T15:51:16","date_gmt":"2018-07-19T13:51:16","guid":{"rendered":"https:\/\/www.lovo.pl\/pli-cbd\/"},"modified":"2018-09-19T13:02:20","modified_gmt":"2018-09-19T11:02:20","slug":"pli-cbd","status":"publish","type":"page","link":"https:\/\/www.lovo.pl\/en\/for-operators\/domestic-market\/pli-cbd\/","title":{"rendered":"PLI CBD"},"content":{"rendered":"<p>[vc_row bg_image=&#8221;17780&#8243; class=&#8221;row-titlebar-image titlebar-font-medium&#8221;][vc_column width=&#8221;1\/1&#8243;]<div class=\"minti_boxedholder   clearfix\" style=\"padding: 0px 0px 0px 0px; margin: 0px 0px 0px 0px; \">[vc_custom_heading source=&#8221;post_title&#8221; font_container=&#8221;tag:h1|font_size:80px|text_align:center|color:%23ffffff|line_height:1&#8243; use_theme_fonts=&#8221;yes&#8221; css=&#8221;.vc_custom_1531175907146{margin-bottom: 20px !important;}&#8221; el_class=&#8221;titlebar-title&#8221;]<div class=\"headline font-inherit fontsize-xxl fontweight-500 lh-inherit align-center transform-inherit titlebar-subtitle\" style=\"margin: 0 0 20px 0; color: #ffffff;\">Localization and Information Platform with a Central Database<\/div><\/div>[\/vc_column][\/vc_row][vc_row top_padding=&#8221;60&#8243;][vc_column width=&#8221;1\/1&#8243;]<div class=\"headline font-inherit fontsize-xxl fontweight-300 lh-12 align-left transform-inherit lead\" style=\"margin: 0 0 20px 0;\">PLI CBD, or the Localization and Information Platform with the Central Database, aims to improve the functioning of the location information system of the subscriber calling by 112 and improve the processes related to number portability when changing the service provider in fixed and mobile networks.<\/div>[vc_empty_space][vc_tta_accordion style=&#8221;flat&#8221; active_section=&#8221;0&#8243; collapsible_all=&#8221;true&#8221;][vc_tta_section title=&#8221;What is the Location and Information Platform with the Central Database&#8221; tab_id=&#8221;1534932170087-65b28617-9858d816-ac00&#8243;][vc_column_text]PLI CBD is a system that performs signalling communication between telecommunications operators and the Location and Information Platform with the Central Database, managed by the UKE regulator. The PLI CBD platform provides information exchange between existing telecommunications operators in Poland. The location data stored in the PLI CBD enable a quick geographical location of the device and the number from which the emergency call was made. Geolocation shortens the response time of the relevant services affected by the specific event and the call by 112.<\/p>\n<p>The second procedure implemented using the PLI CBD platform is to enable and automate the process of transferring the subscriber number between operators. Process automation is carried out in accordance with the requirements imposed by the Office of Electronic Communications (UKE). By the decision of the President of UKE, each telecommunications operator is obliged to connect its teleinformation system to the nationwide PLI CBD platform managed by the Office. Communication with the PLI CBD UKE system can be implemented through its own ICT solution or using the infrastructure of another operator (eg LoVo). Process automation and porting of NP numbers monitored by the Regulator have an impact on the efficiency and quality of the service provided.<\/p>\n<p>The third element related to the PLI CBD platform is the organization of information on the geolocation of the numbering and the affiliation of the number to a specific operator.[\/vc_column_text][\/vc_tta_section][vc_tta_section title=&#8221;How does PLI CBD work?&#8221; tab_id=&#8221;1534932170114-1abb4267-7438d816-ac00&#8243;][vc_column_text]The service consists in joining the Partner to the PLI CBD (referred to in Article 78 paragraph 4 of the Telecommunications Law), which makes it possible to perform the obligations set out in the above Law, i.e. to provide information on the network termination address, subscriber&#8217;s number and subscriber&#8217;s identification data to identify the location from which the call was made to the 112 emergency number. As part of the service, LoVo sets up and maintains an encrypted connection to the PLI CBD in accordance with the requirements set out in the Telecommunications Law and implements the certificates received in the process of service provision.[\/vc_column_text][\/vc_tta_section][vc_tta_section title=&#8221;PLI CBD structure&#8221; tab_id=&#8221;1535542288141-4cb81946-a49d&#8221;]<div class=\"single_image wpb_content_element align-left    \" data-animation=\"none\" data-delay=\"0\"><img loading=\"lazy\" decoding=\"async\" width=\"1106\" height=\"1966\" src=\"https:\/\/www.lovo.pl\/wp-content\/uploads\/2018\/08\/PLI-CBD-1-Z-T\u0141EM-72-dpi.png\" class=\"attachment-full\" alt=\"Struktura rozwi\u0105za\u0144 g\u0142osowych - PLI CBD 1\" srcset=\"https:\/\/www.lovo.pl\/wp-content\/uploads\/2018\/08\/PLI-CBD-1-Z-T\u0141EM-72-dpi.png 1106w, https:\/\/www.lovo.pl\/wp-content\/uploads\/2018\/08\/PLI-CBD-1-Z-T\u0141EM-72-dpi-169x300.png 169w, https:\/\/www.lovo.pl\/wp-content\/uploads\/2018\/08\/PLI-CBD-1-Z-T\u0141EM-72-dpi-768x1365.png 768w, https:\/\/www.lovo.pl\/wp-content\/uploads\/2018\/08\/PLI-CBD-1-Z-T\u0141EM-72-dpi-576x1024.png 576w, https:\/\/www.lovo.pl\/wp-content\/uploads\/2018\/08\/PLI-CBD-1-Z-T\u0141EM-72-dpi-100x178.png 100w\" sizes=\"auto, (max-width: 1106px) 100vw, 1106px\" \/><\/div>[\/vc_tta_section][vc_tta_section title=&#8221;PLI CBD 2 structure&#8221; tab_id=&#8221;1535542444612-8cfc37c6-df0d&#8221;]<div class=\"single_image wpb_content_element align-left    \" data-animation=\"none\" data-delay=\"0\"><img loading=\"lazy\" decoding=\"async\" width=\"1106\" height=\"1966\" src=\"https:\/\/www.lovo.pl\/wp-content\/uploads\/2018\/09\/PLI-CBD-2-Z-T\u0141EM-72-dpi-2.png\" class=\"attachment-full\" alt=\"PLI CBD 2\" srcset=\"https:\/\/www.lovo.pl\/wp-content\/uploads\/2018\/09\/PLI-CBD-2-Z-T\u0141EM-72-dpi-2.png 1106w, https:\/\/www.lovo.pl\/wp-content\/uploads\/2018\/09\/PLI-CBD-2-Z-T\u0141EM-72-dpi-2-169x300.png 169w, https:\/\/www.lovo.pl\/wp-content\/uploads\/2018\/09\/PLI-CBD-2-Z-T\u0141EM-72-dpi-2-768x1365.png 768w, https:\/\/www.lovo.pl\/wp-content\/uploads\/2018\/09\/PLI-CBD-2-Z-T\u0141EM-72-dpi-2-576x1024.png 576w, https:\/\/www.lovo.pl\/wp-content\/uploads\/2018\/09\/PLI-CBD-2-Z-T\u0141EM-72-dpi-2-100x178.png 100w\" sizes=\"auto, (max-width: 1106px) 100vw, 1106px\" \/><\/div>[\/vc_tta_section][\/vc_tta_accordion][vc_empty_space][vc_column_text]<\/p>\n<h2><strong><u>Benefits of having a CBD PLI solution<\/u><\/strong><\/h2>\n<p>If you want to avoid additional costs, problems, stress due to the obligation to connect to the PLI CBD UKE platform and implement an electronic NP service routine, the LoVo Telecommunications Group will handle all your obligations as an operator towards the UKE regulator. Additionally:<\/p>\n<ul>\n<li>Your IT specialist will not have to design a special, cost-effective interface to work with PLI CBD! LoVo will solve this problem for you!<\/li>\n<li>You will not need a platform for electronic NP management! LoVo will follow this procedure for you!<\/li>\n<\/ul>\n<p>[\/vc_column_text][vc_empty_space height=&#8221;40px&#8221;][\/vc_column][\/vc_row]<\/p>\n","protected":false},"excerpt":{"rendered":"<p>[vc_row bg_image=&#8221;17780&#8243; class=&#8221;row-titlebar-image titlebar-font-medium&#8221;][vc_column width=&#8221;1\/1&#8243;][\/vc_column][\/vc_row][vc_row top_padding=&#8221;60&#8243;][vc_column width=&#8221;1\/1&#8243;][vc_empty_space][vc_tta_accordion style=&#8221;flat&#8221; active_section=&#8221;0&#8243; collapsible_all=&#8221;true&#8221;][vc_tta_section title=&#8221;What is the Location and Information Platform with the Central Database&#8221; tab_id=&#8221;1534932170087-65b28617-9858d816-ac00&#8243;][vc_column_text]PLI CBD is a system that performs signalling communication between telecommunications operators and the Location and Information Platform with the Central Database, managed by the UKE regulator. The PLI CBD platform provides information exchange between existing telecommunications operators in Poland. The location data stored in the PLI CBD enable a quick geographical location of the device and the number from which the emergency call was made. Geolocation shortens the response time of the relevant services affected by the specific event and the call by 112. The second procedure implemented using the PLI CBD platform is to enable and automate the process of transferring the subscriber number between operators. Process automation is carried out in accordance with the requirements imposed by the Office of Electronic Communications (UKE). By the decision of the President of UKE, each telecommunications operator is obliged to connect its teleinformation system to the nationwide PLI CBD platform managed by the Office. Communication with the PLI CBD UKE system can be implemented through its own ICT solution or using the infrastructure of another operator (eg LoVo). Process [&hellip;]<\/p>\n","protected":false},"author":1,"featured_media":0,"parent":18589,"menu_order":0,"comment_status":"closed","ping_status":"closed","template":"","meta":{"footnotes":""},"class_list":["post-18576","page","type-page","status-publish","hentry"],"yoast_head":"<!-- This site is optimized with the Yoast SEO plugin v24.3 - https:\/\/yoast.com\/wordpress\/plugins\/seo\/ -->\n<title>PLI CBD - LoVo<\/title>\n<meta name=\"description\" content=\"LoVo obs\u0142u\u017cy wszystkie Twoje zobowi\u0105zania jako Operatora przed regulatorem UKE. Zrobimy to za Ciebie stosuj\u0105c si\u0119 w 100% do wszelkich zalece\u0144 UKE.\" \/>\n<meta name=\"robots\" content=\"noindex, follow, max-snippet:-1, max-image-preview:large, max-video-preview:-1\" \/>\n<meta property=\"og:locale\" content=\"en_US\" \/>\n<meta property=\"og:type\" content=\"article\" \/>\n<meta property=\"og:title\" content=\"PLI CBD - LoVo\" \/>\n<meta property=\"og:description\" content=\"LoVo obs\u0142u\u017cy wszystkie Twoje zobowi\u0105zania jako Operatora przed regulatorem UKE. Zrobimy to za Ciebie stosuj\u0105c si\u0119 w 100% do wszelkich zalece\u0144 UKE.\" \/>\n<meta property=\"og:url\" content=\"https:\/\/www.lovo.pl\/en\/for-operators\/domestic-market\/pli-cbd\/\" \/>\n<meta property=\"og:site_name\" content=\"LoVo\" \/>\n<meta property=\"article:modified_time\" content=\"2018-09-19T11:02:20+00:00\" \/>\n<meta name=\"twitter:card\" content=\"summary_large_image\" \/>\n<meta name=\"twitter:label1\" content=\"Est. reading time\" \/>\n\t<meta name=\"twitter:data1\" content=\"3 minutes\" \/>\n<script type=\"application\/ld+json\" class=\"yoast-schema-graph\">{\"@context\":\"https:\/\/schema.org\",\"@graph\":[{\"@type\":\"WebPage\",\"@id\":\"https:\/\/www.lovo.pl\/en\/for-operators\/domestic-market\/pli-cbd\/\",\"url\":\"https:\/\/www.lovo.pl\/en\/for-operators\/domestic-market\/pli-cbd\/\",\"name\":\"PLI CBD - LoVo\",\"isPartOf\":{\"@id\":\"https:\/\/www.lovo.pl\/en\/#website\"},\"datePublished\":\"2018-07-19T13:51:16+00:00\",\"dateModified\":\"2018-09-19T11:02:20+00:00\",\"description\":\"LoVo obs\u0142u\u017cy wszystkie Twoje zobowi\u0105zania jako Operatora przed regulatorem UKE. Zrobimy to za Ciebie stosuj\u0105c si\u0119 w 100% do wszelkich zalece\u0144 UKE.\",\"breadcrumb\":{\"@id\":\"https:\/\/www.lovo.pl\/en\/for-operators\/domestic-market\/pli-cbd\/#breadcrumb\"},\"inLanguage\":\"en-US\",\"potentialAction\":[{\"@type\":\"ReadAction\",\"target\":[\"https:\/\/www.lovo.pl\/en\/for-operators\/domestic-market\/pli-cbd\/\"]}]},{\"@type\":\"BreadcrumbList\",\"@id\":\"https:\/\/www.lovo.pl\/en\/for-operators\/domestic-market\/pli-cbd\/#breadcrumb\",\"itemListElement\":[{\"@type\":\"ListItem\",\"position\":1,\"name\":\"Strona g\u0142\u00f3wna\",\"item\":\"https:\/\/www.lovo.pl\/en\/\"},{\"@type\":\"ListItem\",\"position\":2,\"name\":\"Wholesale telecommunications services\",\"item\":\"https:\/\/www.lovo.pl\/en\/for-operators\/\"},{\"@type\":\"ListItem\",\"position\":3,\"name\":\"Wholesale telecommunications services\",\"item\":\"https:\/\/www.lovo.pl\/en\/for-operators\/domestic-market\/\"},{\"@type\":\"ListItem\",\"position\":4,\"name\":\"PLI CBD\"}]},{\"@type\":\"WebSite\",\"@id\":\"https:\/\/www.lovo.pl\/en\/#website\",\"url\":\"https:\/\/www.lovo.pl\/en\/\",\"name\":\"LoVo\",\"description\":\"Wirtualne rozwi\u0105zania telekomunikacyjne dla Operator\u00f3w, Reseller\u00f3w i Integrator\u00f3w oraz innowacyjne us\u0142ugi teleinformatyczne dla Biznesu.\",\"potentialAction\":[{\"@type\":\"SearchAction\",\"target\":{\"@type\":\"EntryPoint\",\"urlTemplate\":\"https:\/\/www.lovo.pl\/en\/?s={search_term_string}\"},\"query-input\":{\"@type\":\"PropertyValueSpecification\",\"valueRequired\":true,\"valueName\":\"search_term_string\"}}],\"inLanguage\":\"en-US\"}]}<\/script>\n<!-- \/ Yoast SEO plugin. -->","yoast_head_json":{"title":"PLI CBD - LoVo","description":"LoVo obs\u0142u\u017cy wszystkie Twoje zobowi\u0105zania jako Operatora przed regulatorem UKE. Zrobimy to za Ciebie stosuj\u0105c si\u0119 w 100% do wszelkich zalece\u0144 UKE.","robots":{"index":"noindex","follow":"follow","max-snippet":"max-snippet:-1","max-image-preview":"max-image-preview:large","max-video-preview":"max-video-preview:-1"},"og_locale":"en_US","og_type":"article","og_title":"PLI CBD - LoVo","og_description":"LoVo obs\u0142u\u017cy wszystkie Twoje zobowi\u0105zania jako Operatora przed regulatorem UKE. Zrobimy to za Ciebie stosuj\u0105c si\u0119 w 100% do wszelkich zalece\u0144 UKE.","og_url":"https:\/\/www.lovo.pl\/en\/for-operators\/domestic-market\/pli-cbd\/","og_site_name":"LoVo","article_modified_time":"2018-09-19T11:02:20+00:00","twitter_card":"summary_large_image","twitter_misc":{"Est. reading time":"3 minutes"},"schema":{"@context":"https:\/\/schema.org","@graph":[{"@type":"WebPage","@id":"https:\/\/www.lovo.pl\/en\/for-operators\/domestic-market\/pli-cbd\/","url":"https:\/\/www.lovo.pl\/en\/for-operators\/domestic-market\/pli-cbd\/","name":"PLI CBD - LoVo","isPartOf":{"@id":"https:\/\/www.lovo.pl\/en\/#website"},"datePublished":"2018-07-19T13:51:16+00:00","dateModified":"2018-09-19T11:02:20+00:00","description":"LoVo obs\u0142u\u017cy wszystkie Twoje zobowi\u0105zania jako Operatora przed regulatorem UKE. Zrobimy to za Ciebie stosuj\u0105c si\u0119 w 100% do wszelkich zalece\u0144 UKE.","breadcrumb":{"@id":"https:\/\/www.lovo.pl\/en\/for-operators\/domestic-market\/pli-cbd\/#breadcrumb"},"inLanguage":"en-US","potentialAction":[{"@type":"ReadAction","target":["https:\/\/www.lovo.pl\/en\/for-operators\/domestic-market\/pli-cbd\/"]}]},{"@type":"BreadcrumbList","@id":"https:\/\/www.lovo.pl\/en\/for-operators\/domestic-market\/pli-cbd\/#breadcrumb","itemListElement":[{"@type":"ListItem","position":1,"name":"Strona g\u0142\u00f3wna","item":"https:\/\/www.lovo.pl\/en\/"},{"@type":"ListItem","position":2,"name":"Wholesale telecommunications services","item":"https:\/\/www.lovo.pl\/en\/for-operators\/"},{"@type":"ListItem","position":3,"name":"Wholesale telecommunications services","item":"https:\/\/www.lovo.pl\/en\/for-operators\/domestic-market\/"},{"@type":"ListItem","position":4,"name":"PLI CBD"}]},{"@type":"WebSite","@id":"https:\/\/www.lovo.pl\/en\/#website","url":"https:\/\/www.lovo.pl\/en\/","name":"LoVo","description":"Wirtualne rozwi\u0105zania telekomunikacyjne dla Operator\u00f3w, Reseller\u00f3w i Integrator\u00f3w oraz innowacyjne us\u0142ugi teleinformatyczne dla Biznesu.","potentialAction":[{"@type":"SearchAction","target":{"@type":"EntryPoint","urlTemplate":"https:\/\/www.lovo.pl\/en\/?s={search_term_string}"},"query-input":{"@type":"PropertyValueSpecification","valueRequired":true,"valueName":"search_term_string"}}],"inLanguage":"en-US"}]}},"_links":{"self":[{"href":"https:\/\/www.lovo.pl\/en\/wp-json\/wp\/v2\/pages\/18576","targetHints":{"allow":["GET"]}}],"collection":[{"href":"https:\/\/www.lovo.pl\/en\/wp-json\/wp\/v2\/pages"}],"about":[{"href":"https:\/\/www.lovo.pl\/en\/wp-json\/wp\/v2\/types\/page"}],"author":[{"embeddable":true,"href":"https:\/\/www.lovo.pl\/en\/wp-json\/wp\/v2\/users\/1"}],"replies":[{"embeddable":true,"href":"https:\/\/www.lovo.pl\/en\/wp-json\/wp\/v2\/comments?post=18576"}],"version-history":[{"count":5,"href":"https:\/\/www.lovo.pl\/en\/wp-json\/wp\/v2\/pages\/18576\/revisions"}],"predecessor-version":[{"id":19959,"href":"https:\/\/www.lovo.pl\/en\/wp-json\/wp\/v2\/pages\/18576\/revisions\/19959"}],"up":[{"embeddable":true,"href":"https:\/\/www.lovo.pl\/en\/wp-json\/wp\/v2\/pages\/18589"}],"wp:attachment":[{"href":"https:\/\/www.lovo.pl\/en\/wp-json\/wp\/v2\/media?parent=18576"}],"curies":[{"name":"wp","href":"https:\/\/api.w.org\/{rel}","templated":true}]}}