{"id":18575,"date":"2018-07-19T15:56:40","date_gmt":"2018-07-19T13:56:40","guid":{"rendered":"https:\/\/www.lovo.pl\/telefonia\/wirtualna-centrala-vbpx\/"},"modified":"2018-09-19T13:19:03","modified_gmt":"2018-09-19T11:19:03","slug":"virtual-private-branch-exchange-vpbx","status":"publish","type":"page","link":"https:\/\/www.lovo.pl\/en\/for-business\/telephony\/virtual-private-branch-exchange-vpbx\/","title":{"rendered":"Virtual private branch exchange VPBX"},"content":{"rendered":"<p>[vc_row bg_image=&#8221;17850&#8243; class=&#8221;row-titlebar-image titlebar-font-medium&#8221;][vc_column width=&#8221;1\/1&#8243;]<div class=\"minti_boxedholder   clearfix\" style=\"padding: 0px 0px 0px 0px; margin: 0px 0px 0px 0px; \">[vc_custom_heading source=&#8221;post_title&#8221; font_container=&#8221;tag:h1|font_size:80px|text_align:center|color:%23ffffff|line_height:1&#8243; use_theme_fonts=&#8221;yes&#8221; css=&#8221;.vc_custom_1531175907146{margin-bottom: 20px !important;}&#8221; el_class=&#8221;titlebar-title&#8221;]<div class=\"headline font-inherit fontsize-xxl fontweight-500 lh-inherit align-center transform-inherit titlebar-subtitle\" style=\"margin: 0 0 20px 0; color: #ffffff;\">LoVoX<\/div><\/div>[\/vc_column][\/vc_row][vc_row top_padding=&#8221;60&#8243;][vc_column width=&#8221;1\/1&#8243;]<div class=\"headline font-inherit fontsize-xxl fontweight-300 lh-12 align-left transform-inherit lead\" style=\"margin: 0 0 20px 0;\">More and more companies decide to exchange traditional telephone exchanges at their headquarters with an alternative virtual private branch exchanges, the so-called VPBX. This is not happening without a reason. Thanks to the solution provided by the technologically advanced virtual exchange, the management of the telecommunications system is faster, more convenient and cheaper.<\/div>[vc_tta_accordion style=&#8221;flat&#8221; active_section=&#8221;0&#8243; collapsible_all=&#8221;true&#8221;][vc_tta_section title=&#8221;What is the virtual VPBX exchange? &#8221; tab_id=&#8221;1534932170087-65b28617-9858ddad-629f&#8221;][vc_column_text]The Virtual LoVoX exchange is a solution enabling the use of functionalities offered by physical telephone exchanges, with the difference that all functionalities for this type of physical solutions (PABX telephone exchanges installed in a given customer&#8217;s location) are implemented on the service operator&#8217;s side through VoIP technology and Internet network.<\/p>\n<p>LoVoX can completely replace an existing telephone exchange of any size, and online management ensures a minimum implementation cost and an optimal level of monthly costs.<\/p>\n<p>The virtual exchange provides access to billing records and enables management of SIP terminals and telecommunications devices in the office of the customer, who has access to the configuration of all services and can define other users, internal numbers and city lines, devices, terminals, operators, etc.<\/p>\n<p>The LoVoX exchange has been recognized by the market and received such distinction as: IT LEADER 2014 in the CLOUD COMPUTING category.[\/vc_column_text][\/vc_tta_section][\/vc_tta_accordion][vc_column_text]<\/p>\n<h2><strong><u>How does the virtual private branch exchange (LoVoX) work?<\/u><\/strong><\/h2>\n<p>LoVoX has a number of innovative solutions that facilitate the management of the telecommunications system and bring many benefits related to the quality of customer service or saving time and money and employee control:<\/p>\n<ul>\n<li>IVR &#8211; Interactive Voice Response.<\/li>\n<li>Welcome on the line (DISA) &#8211; voice announcement service.<\/li>\n<li>Call forwarding.<\/li>\n<li>Groups with Call Center, Hunting and Pickup functions &#8211; efficiently directing calls to the appropriate group of employees.<\/li>\n<li>Virtual fax &#8211; in pdf files:\n<ul>\n<li>Fax2Mail &#8211; (fax to mail).<\/li>\n<\/ul>\n<\/li>\n<li>Exchange Map &#8211; a graphical scheme showing the structure.<\/li>\n<li>Music on Hold.<\/li>\n<li>Call Waiting (CW).<\/li>\n<li>Call Hold (CH).<\/li>\n<li>Call Forwarding Unconditional (CFU).<\/li>\n<li>Call Forwarding Busy (CFB).<\/li>\n<li>Call Forwarding No Reply (CFNR),.<\/li>\n<li>Call Transfer (CT),<\/li>\n<li>Do Not Disturb (DnD)<\/li>\n<li>Presentation of the initiating subscriber number (CLIP).<\/li>\n<\/ul>\n<p>[\/vc_column_text][vc_tta_accordion style=&#8221;flat&#8221; active_section=&#8221;0&#8243; collapsible_all=&#8221;true&#8221;][vc_tta_section title=&#8221;LoVoX structure&#8221; tab_id=&#8221;1535545457711-2213cc24-7046&#8243;]<div class=\"single_image wpb_content_element align-left    \" data-animation=\"none\" data-delay=\"0\"><img loading=\"lazy\" decoding=\"async\" width=\"1106\" height=\"1966\" src=\"https:\/\/www.lovo.pl\/wp-content\/uploads\/2018\/08\/LoVoX-72-dpi.png\" class=\"attachment-full\" alt=\"Struktura rozwi\u0105za\u0144 g\u0142osowych - LoVoX\" srcset=\"https:\/\/www.lovo.pl\/wp-content\/uploads\/2018\/08\/LoVoX-72-dpi.png 1106w, https:\/\/www.lovo.pl\/wp-content\/uploads\/2018\/08\/LoVoX-72-dpi-169x300.png 169w, https:\/\/www.lovo.pl\/wp-content\/uploads\/2018\/08\/LoVoX-72-dpi-768x1365.png 768w, https:\/\/www.lovo.pl\/wp-content\/uploads\/2018\/08\/LoVoX-72-dpi-576x1024.png 576w, https:\/\/www.lovo.pl\/wp-content\/uploads\/2018\/08\/LoVoX-72-dpi-100x178.png 100w\" sizes=\"auto, (max-width: 1106px) 100vw, 1106px\" \/><\/div>[\/vc_tta_section][\/vc_tta_accordion][vc_empty_space height=&#8221;40px&#8221;][vc_column_text]<\/p>\n<h2><strong><u>The advantages of the LoVoX\u00a0 virtual exchange over the traditional telephone exchange<\/u><\/strong><\/h2>\n<ul>\n<li>Significantly lower purchase costs.<\/li>\n<li>No operating costs.<\/li>\n<li>Saving time.<\/li>\n<li>More functionality.<\/li>\n<li>Modern telecommunications system.<\/li>\n<\/ul>\n<p>&nbsp;<\/p>\n<h2><strong><u>The benefits of having the LoVoX\u00a0 virtual exchange:<\/u><\/strong><\/h2>\n<p>The LoVo Group companies have been influencing the formation of the telecommunications market in Poland and around the world for years. We are constantly working on new solutions, which are very popular with our business partners. Thanks to the high quality and innovation of the services provided, many companies and public institutions have trusted us, and their group is still growing.<\/p>\n<p>Using a virtual exchange in the cloud is now definitely cheaper than maintaining a traditional office type exchage. In addition to low costs of use, the VPBX exchange also provides companies with more functionalities and comfortable management, among others, thanks to the modern administration panel, which is very simple and intuitive to use.<\/p>\n<p>The most important values and features distinguishing the VPBX LoVoX\u00a0 virtual exchange are such important factors as:<\/p>\n<ul>\n<li>Savings &#8211; LoVoX is a cloud service (SaaS &#8211; Software as a Service), not an expensive device. Thanks to the SaaS model. The customer does not have to have his own exchange, which involves high costs of purchase, leasing, maintenance and service.<\/li>\n<li>Simple use &#8211; the Customer does not have to use the services of third parties that support physical exchanges, because thanks to the simple operation of the LoVoX customer panel they can easily manage it with their own resources.<\/li>\n<li>Flexibility &#8211; the Customer can use the services of any Operator who offers an Internet telephony service.<\/li>\n<li>Convenience &#8211; thanks to the fact that LoVoX is placed on servers and in the LoVo data processing center, the Customer does not deal with technical aspects related to the proper functioning of the exchange. All technical matters remain on the part of LoVo. The only thing you need is an active technical connection.<\/li>\n<li>Modern devices &#8211; LoVo provides, at the Customer&#8217;s request, fully configured, high-end IP telephones. Alternatively, the customer can use his own devices.<\/li>\n<\/ul>\n<p>[\/vc_column_text][vc_empty_space height=&#8221;40px&#8221;][\/vc_column][\/vc_row]<\/p>\n","protected":false},"excerpt":{"rendered":"<p>[vc_row bg_image=&#8221;17850&#8243; class=&#8221;row-titlebar-image titlebar-font-medium&#8221;][vc_column width=&#8221;1\/1&#8243;][\/vc_column][\/vc_row][vc_row top_padding=&#8221;60&#8243;][vc_column width=&#8221;1\/1&#8243;][vc_tta_accordion style=&#8221;flat&#8221; active_section=&#8221;0&#8243; collapsible_all=&#8221;true&#8221;][vc_tta_section title=&#8221;What is the virtual VPBX exchange? &#8221; tab_id=&#8221;1534932170087-65b28617-9858ddad-629f&#8221;][vc_column_text]The Virtual LoVoX exchange is a solution enabling the use of functionalities offered by physical telephone exchanges, with the difference that all functionalities for this type of physical solutions (PABX telephone exchanges installed in a given customer&#8217;s location) are implemented on the service operator&#8217;s side through VoIP technology and Internet network. LoVoX can completely replace an existing telephone exchange of any size, and online management ensures a minimum implementation cost and an optimal level of monthly costs. The virtual exchange provides access to billing records and enables management of SIP terminals and telecommunications devices in the office of the customer, who has access to the configuration of all services and can define other users, internal numbers and city lines, devices, terminals, operators, etc. The LoVoX exchange has been recognized by the market and received such distinction as: IT LEADER 2014 in the CLOUD COMPUTING category.[\/vc_column_text][\/vc_tta_section][\/vc_tta_accordion][vc_column_text] How does the virtual private branch exchange (LoVoX) work? LoVoX has a number of innovative solutions that facilitate the management of the telecommunications system and bring many benefits related to the quality of customer service or saving time [&hellip;]<\/p>\n","protected":false},"author":1,"featured_media":0,"parent":18566,"menu_order":0,"comment_status":"closed","ping_status":"closed","template":"","meta":{"footnotes":""},"class_list":["post-18575","page","type-page","status-publish","hentry"],"yoast_head":"<!-- This site is optimized with the Yoast SEO plugin v24.3 - https:\/\/yoast.com\/wordpress\/plugins\/seo\/ -->\n<title>Virtual private branch exchange VPBX - LoVo<\/title>\n<meta name=\"description\" content=\"Prosta w obs\u0142udze i jednocze\u015bnie zaawansowana technologicznie wirtualna centrala VPBX to szybkie, wygodne i tanie rozwi\u0105zanie do dalszej dystrybucji.\" \/>\n<meta name=\"robots\" content=\"noindex, follow, max-snippet:-1, max-image-preview:large, max-video-preview:-1\" \/>\n<meta property=\"og:locale\" content=\"en_US\" \/>\n<meta property=\"og:type\" content=\"article\" \/>\n<meta property=\"og:title\" content=\"Virtual private branch exchange VPBX - LoVo\" \/>\n<meta property=\"og:description\" content=\"Prosta w obs\u0142udze i jednocze\u015bnie zaawansowana technologicznie wirtualna centrala VPBX to szybkie, wygodne i tanie rozwi\u0105zanie do dalszej dystrybucji.\" \/>\n<meta property=\"og:url\" content=\"https:\/\/www.lovo.pl\/en\/for-business\/telephony\/virtual-private-branch-exchange-vpbx\/\" \/>\n<meta property=\"og:site_name\" content=\"LoVo\" \/>\n<meta property=\"article:modified_time\" content=\"2018-09-19T11:19:03+00:00\" \/>\n<meta name=\"twitter:card\" content=\"summary_large_image\" \/>\n<meta name=\"twitter:label1\" content=\"Est. reading time\" \/>\n\t<meta name=\"twitter:data1\" content=\"4 minutes\" \/>\n<script type=\"application\/ld+json\" class=\"yoast-schema-graph\">{\"@context\":\"https:\/\/schema.org\",\"@graph\":[{\"@type\":\"WebPage\",\"@id\":\"https:\/\/www.lovo.pl\/en\/for-business\/telephony\/virtual-private-branch-exchange-vpbx\/\",\"url\":\"https:\/\/www.lovo.pl\/en\/for-business\/telephony\/virtual-private-branch-exchange-vpbx\/\",\"name\":\"Virtual private branch exchange VPBX - LoVo\",\"isPartOf\":{\"@id\":\"https:\/\/www.lovo.pl\/en\/#website\"},\"datePublished\":\"2018-07-19T13:56:40+00:00\",\"dateModified\":\"2018-09-19T11:19:03+00:00\",\"description\":\"Prosta w obs\u0142udze i jednocze\u015bnie zaawansowana technologicznie wirtualna centrala VPBX to szybkie, wygodne i tanie rozwi\u0105zanie do dalszej dystrybucji.\",\"breadcrumb\":{\"@id\":\"https:\/\/www.lovo.pl\/en\/for-business\/telephony\/virtual-private-branch-exchange-vpbx\/#breadcrumb\"},\"inLanguage\":\"en-US\",\"potentialAction\":[{\"@type\":\"ReadAction\",\"target\":[\"https:\/\/www.lovo.pl\/en\/for-business\/telephony\/virtual-private-branch-exchange-vpbx\/\"]}]},{\"@type\":\"BreadcrumbList\",\"@id\":\"https:\/\/www.lovo.pl\/en\/for-business\/telephony\/virtual-private-branch-exchange-vpbx\/#breadcrumb\",\"itemListElement\":[{\"@type\":\"ListItem\",\"position\":1,\"name\":\"Strona g\u0142\u00f3wna\",\"item\":\"https:\/\/www.lovo.pl\/en\/\"},{\"@type\":\"ListItem\",\"position\":2,\"name\":\"Telecommunications services for business\",\"item\":\"https:\/\/www.lovo.pl\/en\/for-business\/\"},{\"@type\":\"ListItem\",\"position\":3,\"name\":\"Telephony for business\",\"item\":\"https:\/\/www.lovo.pl\/en\/for-business\/telephony\/\"},{\"@type\":\"ListItem\",\"position\":4,\"name\":\"Virtual private branch exchange VPBX\"}]},{\"@type\":\"WebSite\",\"@id\":\"https:\/\/www.lovo.pl\/en\/#website\",\"url\":\"https:\/\/www.lovo.pl\/en\/\",\"name\":\"LoVo\",\"description\":\"Wirtualne rozwi\u0105zania telekomunikacyjne dla Operator\u00f3w, Reseller\u00f3w i Integrator\u00f3w oraz innowacyjne us\u0142ugi teleinformatyczne dla Biznesu.\",\"potentialAction\":[{\"@type\":\"SearchAction\",\"target\":{\"@type\":\"EntryPoint\",\"urlTemplate\":\"https:\/\/www.lovo.pl\/en\/?s={search_term_string}\"},\"query-input\":{\"@type\":\"PropertyValueSpecification\",\"valueRequired\":true,\"valueName\":\"search_term_string\"}}],\"inLanguage\":\"en-US\"}]}<\/script>\n<!-- \/ Yoast SEO plugin. -->","yoast_head_json":{"title":"Virtual private branch exchange VPBX - LoVo","description":"Prosta w obs\u0142udze i jednocze\u015bnie zaawansowana technologicznie wirtualna centrala VPBX to szybkie, wygodne i tanie rozwi\u0105zanie do dalszej dystrybucji.","robots":{"index":"noindex","follow":"follow","max-snippet":"max-snippet:-1","max-image-preview":"max-image-preview:large","max-video-preview":"max-video-preview:-1"},"og_locale":"en_US","og_type":"article","og_title":"Virtual private branch exchange VPBX - LoVo","og_description":"Prosta w obs\u0142udze i jednocze\u015bnie zaawansowana technologicznie wirtualna centrala VPBX to szybkie, wygodne i tanie rozwi\u0105zanie do dalszej dystrybucji.","og_url":"https:\/\/www.lovo.pl\/en\/for-business\/telephony\/virtual-private-branch-exchange-vpbx\/","og_site_name":"LoVo","article_modified_time":"2018-09-19T11:19:03+00:00","twitter_card":"summary_large_image","twitter_misc":{"Est. reading time":"4 minutes"},"schema":{"@context":"https:\/\/schema.org","@graph":[{"@type":"WebPage","@id":"https:\/\/www.lovo.pl\/en\/for-business\/telephony\/virtual-private-branch-exchange-vpbx\/","url":"https:\/\/www.lovo.pl\/en\/for-business\/telephony\/virtual-private-branch-exchange-vpbx\/","name":"Virtual private branch exchange VPBX - LoVo","isPartOf":{"@id":"https:\/\/www.lovo.pl\/en\/#website"},"datePublished":"2018-07-19T13:56:40+00:00","dateModified":"2018-09-19T11:19:03+00:00","description":"Prosta w obs\u0142udze i jednocze\u015bnie zaawansowana technologicznie wirtualna centrala VPBX to szybkie, wygodne i tanie rozwi\u0105zanie do dalszej dystrybucji.","breadcrumb":{"@id":"https:\/\/www.lovo.pl\/en\/for-business\/telephony\/virtual-private-branch-exchange-vpbx\/#breadcrumb"},"inLanguage":"en-US","potentialAction":[{"@type":"ReadAction","target":["https:\/\/www.lovo.pl\/en\/for-business\/telephony\/virtual-private-branch-exchange-vpbx\/"]}]},{"@type":"BreadcrumbList","@id":"https:\/\/www.lovo.pl\/en\/for-business\/telephony\/virtual-private-branch-exchange-vpbx\/#breadcrumb","itemListElement":[{"@type":"ListItem","position":1,"name":"Strona g\u0142\u00f3wna","item":"https:\/\/www.lovo.pl\/en\/"},{"@type":"ListItem","position":2,"name":"Telecommunications services for business","item":"https:\/\/www.lovo.pl\/en\/for-business\/"},{"@type":"ListItem","position":3,"name":"Telephony for business","item":"https:\/\/www.lovo.pl\/en\/for-business\/telephony\/"},{"@type":"ListItem","position":4,"name":"Virtual private branch exchange VPBX"}]},{"@type":"WebSite","@id":"https:\/\/www.lovo.pl\/en\/#website","url":"https:\/\/www.lovo.pl\/en\/","name":"LoVo","description":"Wirtualne rozwi\u0105zania telekomunikacyjne dla Operator\u00f3w, Reseller\u00f3w i Integrator\u00f3w oraz innowacyjne us\u0142ugi teleinformatyczne dla Biznesu.","potentialAction":[{"@type":"SearchAction","target":{"@type":"EntryPoint","urlTemplate":"https:\/\/www.lovo.pl\/en\/?s={search_term_string}"},"query-input":{"@type":"PropertyValueSpecification","valueRequired":true,"valueName":"search_term_string"}}],"inLanguage":"en-US"}]}},"_links":{"self":[{"href":"https:\/\/www.lovo.pl\/en\/wp-json\/wp\/v2\/pages\/18575","targetHints":{"allow":["GET"]}}],"collection":[{"href":"https:\/\/www.lovo.pl\/en\/wp-json\/wp\/v2\/pages"}],"about":[{"href":"https:\/\/www.lovo.pl\/en\/wp-json\/wp\/v2\/types\/page"}],"author":[{"embeddable":true,"href":"https:\/\/www.lovo.pl\/en\/wp-json\/wp\/v2\/users\/1"}],"replies":[{"embeddable":true,"href":"https:\/\/www.lovo.pl\/en\/wp-json\/wp\/v2\/comments?post=18575"}],"version-history":[{"count":3,"href":"https:\/\/www.lovo.pl\/en\/wp-json\/wp\/v2\/pages\/18575\/revisions"}],"predecessor-version":[{"id":19981,"href":"https:\/\/www.lovo.pl\/en\/wp-json\/wp\/v2\/pages\/18575\/revisions\/19981"}],"up":[{"embeddable":true,"href":"https:\/\/www.lovo.pl\/en\/wp-json\/wp\/v2\/pages\/18566"}],"wp:attachment":[{"href":"https:\/\/www.lovo.pl\/en\/wp-json\/wp\/v2\/media?parent=18575"}],"curies":[{"name":"wp","href":"https:\/\/api.w.org\/{rel}","templated":true}]}}