{"id":18571,"date":"2018-07-22T11:43:46","date_gmt":"2018-07-22T09:43:46","guid":{"rendered":"https:\/\/www.lovo.pl\/tranzyt-ruchu-telekomunikacyjnego\/"},"modified":"2018-09-19T13:07:02","modified_gmt":"2018-09-19T11:07:02","slug":"transit-of-telecommunications-traffic","status":"publish","type":"page","link":"https:\/\/www.lovo.pl\/en\/for-operators\/international-market\/transit-of-telecommunications-traffic\/","title":{"rendered":"Transit of telecommunications traffic"},"content":{"rendered":"<p>[vc_row bg_image=&#8221;17816&#8243; class=&#8221;row-titlebar-image titlebar-font-medium&#8221;][vc_column width=&#8221;1\/1&#8243;]<div class=\"minti_boxedholder   clearfix\" style=\"padding: 0px 0px 0px 0px; margin: 0px 0px 0px 0px; \">[vc_custom_heading source=&#8221;post_title&#8221; font_container=&#8221;tag:h1|font_size:80px|text_align:center|color:%23ffffff|line_height:1&#8243; use_theme_fonts=&#8221;yes&#8221; css=&#8221;.vc_custom_1531175907146{margin-bottom: 20px !important;}&#8221; el_class=&#8221;titlebar-title&#8221;]<div class=\"headline font-inherit fontsize-xxl fontweight-500 lh-inherit align-center transform-inherit titlebar-subtitle\" style=\"margin: 0 0 20px 0; color: #ffffff;\">For Retail and Wholesale Operators<\/div><\/div>[\/vc_column][\/vc_row][vc_row top_padding=&#8221;60&#8243;][vc_column width=&#8221;1\/1&#8243;]<div class=\"headline font-inherit fontsize-xxl fontweight-300 lh-12 align-left transform-inherit lead\" style=\"margin: 0 0 20px 0;\">Similarly to the domestic market, the exchange of international telephone calls is implemented based on the SIP Trunk telecommunications system &#8211; HIPERUS Carrier to Carrier (C2C). International voice transit (wholesale voice) is carried out on the basis of both LCR and dedicated routing. The key to the correct implementation of transit is the management system for rates, routes and call quality. This system allows the implementation of transit and termination of telecommunications connections directed to the LoVo network by international partners.<\/div>[vc_empty_space height=&#8221;30px&#8221;][vc_tta_accordion style=&#8221;flat&#8221; active_section=&#8221;0&#8243; collapsible_all=&#8221;true&#8221;][vc_tta_section title=&#8221;How the transit of telecommunications traffic on the international market works&#8221; tab_id=&#8221;1534932170087-65b28617-9858050c-72de&#8221;][vc_column_text]The business model in the case of relations between international operators is different than on the domestic market. The parameters differing from national ones, account for strength and interest in cooperation. Before the transit of traffic between operators takes place, the <em>business case<\/em> is the key, during which destinations, volumes and rates are discussed.<\/p>\n<p>Subsequent activities include testing of contact points and billing test, i.e. the billing tests, whose task is to check the correctness of billing, settlements and calculation of charges.<\/p>\n<p>Significant quality parameters in the implementation of voice transit are:<\/p>\n<ul>\n<li>ACD (Average Call Duration), which is the average duration of VoIP calls, considered as a parameter indicating the quality of traffic of a given operator.<\/li>\n<li>ASR (Answer-Seizure Ratio), i.e. the ratio of successful calls to call attempts (also known as &#8220;call performance ratio&#8221;).<\/li>\n<li>CLI (Calling Line Identification), or identification of the caller&#8217;s number (initiating the call).<\/li>\n<li>nCLI lub Non CLI (non Calling Line Identification), i.e. no identification of the caller&#8217;s number (initiating the call).<\/li>\n<\/ul>\n<p>&nbsp;<\/p>\n<p>At the level of traffic exchange, the following technical parameters and quality tests are important:<\/p>\n<ul>\n<li>PING (Packet Internet Groper), also known as sonar for diagnosing the speed of network connections.<\/li>\n<li>FAS (False Answer Supervision) is commonly referred to as the supervision of false telephone responses. For an ordinary user, this means incorrect calculation of connection fees: the billing starts earlier than the called party answers the call.<\/li>\n<li>Direct routing, i.e. direct connections between operators from own networks and numbering.<\/li>\n<\/ul>\n<p>International standard codecs used by operators around the world are used in LoVo for transit of international calls.[\/vc_column_text][\/vc_tta_section][\/vc_tta_accordion][vc_empty_space height=&#8221;30px&#8221;][vc_column_text]<\/p>\n<h2><u>Benefits for partners<\/u><\/h2>\n<p>Benefits for international partners cooperating with LoVo when transiting international calls:<\/p>\n<ul>\n<li>Own (retail) international traffic from own network.<\/li>\n<li>Creating routing within up to 1 minute (online and ontime).<\/li>\n<li>Own, proprietary system for management of rates, routing, alerts and price lists.<\/li>\n<li>We offer five types of price lists:\n<ul>\n<li>Retail,<\/li>\n<li>CLI,<\/li>\n<li>nCLI,<\/li>\n<li>CLI EOG,<\/li>\n<li>CLI non EOG.<\/li>\n<\/ul>\n<\/li>\n<li>We are open to the SWAP cooperation model.<\/li>\n<li>A large number of contact points including directs (over 800 on the domestic and foreign market).<\/li>\n<li>Broadcasting of Polish numbering for international operators, routing number and subscriber numbering, including:\n<ul>\n<li>PLI CBD,<\/li>\n<li>support for emergency calls.<\/li>\n<\/ul>\n<\/li>\n<\/ul>\n<p>[\/vc_column_text][vc_empty_space height=&#8221;40px&#8221;][\/vc_column][\/vc_row]<\/p>\n","protected":false},"excerpt":{"rendered":"<p>[vc_row bg_image=&#8221;17816&#8243; class=&#8221;row-titlebar-image titlebar-font-medium&#8221;][vc_column width=&#8221;1\/1&#8243;][\/vc_column][\/vc_row][vc_row top_padding=&#8221;60&#8243;][vc_column width=&#8221;1\/1&#8243;][vc_empty_space height=&#8221;30px&#8221;][vc_tta_accordion style=&#8221;flat&#8221; active_section=&#8221;0&#8243; collapsible_all=&#8221;true&#8221;][vc_tta_section title=&#8221;How the transit of telecommunications traffic on the international market works&#8221; tab_id=&#8221;1534932170087-65b28617-9858050c-72de&#8221;][vc_column_text]The business model in the case of relations between international operators is different than on the domestic market. The parameters differing from national ones, account for strength and interest in cooperation. Before the transit of traffic between operators takes place, the business case is the key, during which destinations, volumes and rates are discussed. Subsequent activities include testing of contact points and billing test, i.e. the billing tests, whose task is to check the correctness of billing, settlements and calculation of charges. Significant quality parameters in the implementation of voice transit are: ACD (Average Call Duration), which is the average duration of VoIP calls, considered as a parameter indicating the quality of traffic of a given operator. ASR (Answer-Seizure Ratio), i.e. the ratio of successful calls to call attempts (also known as &#8220;call performance ratio&#8221;). CLI (Calling Line Identification), or identification of the caller&#8217;s number (initiating the call). nCLI lub Non CLI (non Calling Line Identification), i.e. no identification of the caller&#8217;s number (initiating the call). &nbsp; At the level of traffic exchange, the following technical parameters and [&hellip;]<\/p>\n","protected":false},"author":1,"featured_media":0,"parent":18572,"menu_order":0,"comment_status":"closed","ping_status":"closed","template":"","meta":{"footnotes":""},"class_list":["post-18571","page","type-page","status-publish","hentry"],"yoast_head":"<!-- This site is optimized with the Yoast SEO plugin v24.3 - https:\/\/yoast.com\/wordpress\/plugins\/seo\/ -->\n<title>Transit of telecommunications traffic - LoVo<\/title>\n<meta name=\"description\" content=\"Oferujemy krajowy i mi\u0119dzynarodowy tranzyt g\u0142osu do wszystkich sieci stacjonarnych i kom\u00f3rkowych na ca\u0142ym \u015bwiecie. Dbamy o jako\u015b\u0107 i dobre statystyki.\" \/>\n<meta name=\"robots\" content=\"noindex, follow, max-snippet:-1, max-image-preview:large, max-video-preview:-1\" \/>\n<meta property=\"og:locale\" content=\"en_US\" \/>\n<meta property=\"og:type\" content=\"article\" \/>\n<meta property=\"og:title\" content=\"Transit of telecommunications traffic - LoVo\" \/>\n<meta property=\"og:description\" content=\"Oferujemy krajowy i mi\u0119dzynarodowy tranzyt g\u0142osu do wszystkich sieci stacjonarnych i kom\u00f3rkowych na ca\u0142ym \u015bwiecie. Dbamy o jako\u015b\u0107 i dobre statystyki.\" \/>\n<meta property=\"og:url\" content=\"https:\/\/www.lovo.pl\/en\/for-operators\/international-market\/transit-of-telecommunications-traffic\/\" \/>\n<meta property=\"og:site_name\" content=\"LoVo\" \/>\n<meta property=\"article:modified_time\" content=\"2018-09-19T11:07:02+00:00\" \/>\n<meta name=\"twitter:card\" content=\"summary_large_image\" \/>\n<meta name=\"twitter:label1\" content=\"Est. reading time\" \/>\n\t<meta name=\"twitter:data1\" content=\"3 minutes\" \/>\n<script type=\"application\/ld+json\" class=\"yoast-schema-graph\">{\"@context\":\"https:\/\/schema.org\",\"@graph\":[{\"@type\":\"WebPage\",\"@id\":\"https:\/\/www.lovo.pl\/en\/for-operators\/international-market\/transit-of-telecommunications-traffic\/\",\"url\":\"https:\/\/www.lovo.pl\/en\/for-operators\/international-market\/transit-of-telecommunications-traffic\/\",\"name\":\"Transit of telecommunications traffic - LoVo\",\"isPartOf\":{\"@id\":\"https:\/\/www.lovo.pl\/en\/#website\"},\"datePublished\":\"2018-07-22T09:43:46+00:00\",\"dateModified\":\"2018-09-19T11:07:02+00:00\",\"description\":\"Oferujemy krajowy i mi\u0119dzynarodowy tranzyt g\u0142osu do wszystkich sieci stacjonarnych i kom\u00f3rkowych na ca\u0142ym \u015bwiecie. Dbamy o jako\u015b\u0107 i dobre statystyki.\",\"breadcrumb\":{\"@id\":\"https:\/\/www.lovo.pl\/en\/for-operators\/international-market\/transit-of-telecommunications-traffic\/#breadcrumb\"},\"inLanguage\":\"en-US\",\"potentialAction\":[{\"@type\":\"ReadAction\",\"target\":[\"https:\/\/www.lovo.pl\/en\/for-operators\/international-market\/transit-of-telecommunications-traffic\/\"]}]},{\"@type\":\"BreadcrumbList\",\"@id\":\"https:\/\/www.lovo.pl\/en\/for-operators\/international-market\/transit-of-telecommunications-traffic\/#breadcrumb\",\"itemListElement\":[{\"@type\":\"ListItem\",\"position\":1,\"name\":\"Strona g\u0142\u00f3wna\",\"item\":\"https:\/\/www.lovo.pl\/en\/\"},{\"@type\":\"ListItem\",\"position\":2,\"name\":\"Wholesale telecommunications services\",\"item\":\"https:\/\/www.lovo.pl\/en\/for-operators\/\"},{\"@type\":\"ListItem\",\"position\":3,\"name\":\"Wholesale telecommunications services\",\"item\":\"https:\/\/www.lovo.pl\/en\/for-operators\/international-market\/\"},{\"@type\":\"ListItem\",\"position\":4,\"name\":\"Transit of telecommunications traffic\"}]},{\"@type\":\"WebSite\",\"@id\":\"https:\/\/www.lovo.pl\/en\/#website\",\"url\":\"https:\/\/www.lovo.pl\/en\/\",\"name\":\"LoVo\",\"description\":\"Wirtualne rozwi\u0105zania telekomunikacyjne dla Operator\u00f3w, Reseller\u00f3w i Integrator\u00f3w oraz innowacyjne us\u0142ugi teleinformatyczne dla Biznesu.\",\"potentialAction\":[{\"@type\":\"SearchAction\",\"target\":{\"@type\":\"EntryPoint\",\"urlTemplate\":\"https:\/\/www.lovo.pl\/en\/?s={search_term_string}\"},\"query-input\":{\"@type\":\"PropertyValueSpecification\",\"valueRequired\":true,\"valueName\":\"search_term_string\"}}],\"inLanguage\":\"en-US\"}]}<\/script>\n<!-- \/ Yoast SEO plugin. -->","yoast_head_json":{"title":"Transit of telecommunications traffic - LoVo","description":"Oferujemy krajowy i mi\u0119dzynarodowy tranzyt g\u0142osu do wszystkich sieci stacjonarnych i kom\u00f3rkowych na ca\u0142ym \u015bwiecie. Dbamy o jako\u015b\u0107 i dobre statystyki.","robots":{"index":"noindex","follow":"follow","max-snippet":"max-snippet:-1","max-image-preview":"max-image-preview:large","max-video-preview":"max-video-preview:-1"},"og_locale":"en_US","og_type":"article","og_title":"Transit of telecommunications traffic - LoVo","og_description":"Oferujemy krajowy i mi\u0119dzynarodowy tranzyt g\u0142osu do wszystkich sieci stacjonarnych i kom\u00f3rkowych na ca\u0142ym \u015bwiecie. Dbamy o jako\u015b\u0107 i dobre statystyki.","og_url":"https:\/\/www.lovo.pl\/en\/for-operators\/international-market\/transit-of-telecommunications-traffic\/","og_site_name":"LoVo","article_modified_time":"2018-09-19T11:07:02+00:00","twitter_card":"summary_large_image","twitter_misc":{"Est. reading time":"3 minutes"},"schema":{"@context":"https:\/\/schema.org","@graph":[{"@type":"WebPage","@id":"https:\/\/www.lovo.pl\/en\/for-operators\/international-market\/transit-of-telecommunications-traffic\/","url":"https:\/\/www.lovo.pl\/en\/for-operators\/international-market\/transit-of-telecommunications-traffic\/","name":"Transit of telecommunications traffic - LoVo","isPartOf":{"@id":"https:\/\/www.lovo.pl\/en\/#website"},"datePublished":"2018-07-22T09:43:46+00:00","dateModified":"2018-09-19T11:07:02+00:00","description":"Oferujemy krajowy i mi\u0119dzynarodowy tranzyt g\u0142osu do wszystkich sieci stacjonarnych i kom\u00f3rkowych na ca\u0142ym \u015bwiecie. Dbamy o jako\u015b\u0107 i dobre statystyki.","breadcrumb":{"@id":"https:\/\/www.lovo.pl\/en\/for-operators\/international-market\/transit-of-telecommunications-traffic\/#breadcrumb"},"inLanguage":"en-US","potentialAction":[{"@type":"ReadAction","target":["https:\/\/www.lovo.pl\/en\/for-operators\/international-market\/transit-of-telecommunications-traffic\/"]}]},{"@type":"BreadcrumbList","@id":"https:\/\/www.lovo.pl\/en\/for-operators\/international-market\/transit-of-telecommunications-traffic\/#breadcrumb","itemListElement":[{"@type":"ListItem","position":1,"name":"Strona g\u0142\u00f3wna","item":"https:\/\/www.lovo.pl\/en\/"},{"@type":"ListItem","position":2,"name":"Wholesale telecommunications services","item":"https:\/\/www.lovo.pl\/en\/for-operators\/"},{"@type":"ListItem","position":3,"name":"Wholesale telecommunications services","item":"https:\/\/www.lovo.pl\/en\/for-operators\/international-market\/"},{"@type":"ListItem","position":4,"name":"Transit of telecommunications traffic"}]},{"@type":"WebSite","@id":"https:\/\/www.lovo.pl\/en\/#website","url":"https:\/\/www.lovo.pl\/en\/","name":"LoVo","description":"Wirtualne rozwi\u0105zania telekomunikacyjne dla Operator\u00f3w, Reseller\u00f3w i Integrator\u00f3w oraz innowacyjne us\u0142ugi teleinformatyczne dla Biznesu.","potentialAction":[{"@type":"SearchAction","target":{"@type":"EntryPoint","urlTemplate":"https:\/\/www.lovo.pl\/en\/?s={search_term_string}"},"query-input":{"@type":"PropertyValueSpecification","valueRequired":true,"valueName":"search_term_string"}}],"inLanguage":"en-US"}]}},"_links":{"self":[{"href":"https:\/\/www.lovo.pl\/en\/wp-json\/wp\/v2\/pages\/18571","targetHints":{"allow":["GET"]}}],"collection":[{"href":"https:\/\/www.lovo.pl\/en\/wp-json\/wp\/v2\/pages"}],"about":[{"href":"https:\/\/www.lovo.pl\/en\/wp-json\/wp\/v2\/types\/page"}],"author":[{"embeddable":true,"href":"https:\/\/www.lovo.pl\/en\/wp-json\/wp\/v2\/users\/1"}],"replies":[{"embeddable":true,"href":"https:\/\/www.lovo.pl\/en\/wp-json\/wp\/v2\/comments?post=18571"}],"version-history":[{"count":5,"href":"https:\/\/www.lovo.pl\/en\/wp-json\/wp\/v2\/pages\/18571\/revisions"}],"predecessor-version":[{"id":19965,"href":"https:\/\/www.lovo.pl\/en\/wp-json\/wp\/v2\/pages\/18571\/revisions\/19965"}],"up":[{"embeddable":true,"href":"https:\/\/www.lovo.pl\/en\/wp-json\/wp\/v2\/pages\/18572"}],"wp:attachment":[{"href":"https:\/\/www.lovo.pl\/en\/wp-json\/wp\/v2\/media?parent=18571"}],"curies":[{"name":"wp","href":"https:\/\/api.w.org\/{rel}","templated":true}]}}