{"id":18568,"date":"2018-07-22T12:09:40","date_gmt":"2018-07-22T10:09:40","guid":{"rendered":"https:\/\/www.lovo.pl\/rozglaszanie-numeracji\/"},"modified":"2018-09-19T13:11:02","modified_gmt":"2018-09-19T11:11:02","slug":"lending-and-broadcasting-national-numbering","status":"publish","type":"page","link":"https:\/\/www.lovo.pl\/en\/for-operators\/international-market\/lending-and-broadcasting-national-numbering\/","title":{"rendered":"Lending and broadcasting national numbering"},"content":{"rendered":"<p>[vc_row bg_image=&#8221;17780&#8243; class=&#8221;row-titlebar-image titlebar-font-medium&#8221;][vc_column width=&#8221;1\/1&#8243;]<div class=\"minti_boxedholder   clearfix\" style=\"padding: 0px 0px 0px 0px; margin: 0px 0px 0px 0px; \">[vc_custom_heading source=&#8221;post_title&#8221; font_container=&#8221;tag:h1|font_size:80px|text_align:center|color:%23ffffff|line_height:1&#8243; use_theme_fonts=&#8221;yes&#8221; css=&#8221;.vc_custom_1531175907146{margin-bottom: 20px !important;}&#8221; el_class=&#8221;titlebar-title&#8221;]<div class=\"headline font-inherit fontsize-xxl fontweight-500 lh-inherit align-center transform-inherit titlebar-subtitle\" style=\"margin: 0 0 20px 0; color: #ffffff;\">For Retail and Wholesale Operators<\/div><\/div>[\/vc_column][\/vc_row][vc_row top_padding=&#8221;60&#8243;][vc_column width=&#8221;1\/1&#8243;]<div class=\"headline font-inherit fontsize-xxl fontweight-300 lh-12 align-left transform-inherit lead\" style=\"margin: 0 0 20px 0;\">Broadcasting (distribution) of subscriber and routing numbering is an indispensable procedure for termination of calls in the operator&#8217;s network. Numbering is being broadcast in Poland. Operator, which has been allocated a numbering range by the the Regulator in Poland (UKE), in order to be able to provide telecommunications services on their assigned numbering ranges, must broadcast them. LoVo will implement the allocated numbering range in their network and inform other Operators where to route the incoming calls. The number renting is a service where LoVo allocates numbers to the Operator from their own resources.<\/div>[vc_empty_space height=&#8221;30px&#8221;][vc_tta_accordion style=&#8221;flat&#8221; active_section=&#8221;0&#8243; collapsible_all=&#8221;true&#8221;][vc_tta_section title=&#8221;What is and how does the broadcasting of subscriber and routing numbering work?&#8221; tab_id=&#8221;1534932170087-65b28617-98585215-99d3&#8243;][vc_column_text]Broadcasting (distribution) of numbering, in other words, means informing operators in the domestic market that subscriber numbering assigned to a specific routing number must be terminated at the operator assigned to the routing number. Incoming calls from other operators will be routed through the LoVo network contact points to the operator&#8217;s target numbers.[\/vc_column_text][\/vc_tta_section][vc_tta_section title=&#8221;Czym jest u\u017cyczanie numeracji abonenckiej&#8221; tab_id=&#8221;1535450532894-b2d8250c-6aa5&#8243;][vc_column_text]<\/p>\n<p style=\"text-align: left;\">U\u017cyczenie numeracji abonenckiej polega na przydzieleniu operatorowi numeracji z zasob\u00f3w LoVo. Nasza firma posiada w\u0142asne zakresy numeracji geograficznej we wszystkich 49 strefach numeracyjnych, numeracji niegeograficznej (+48 39) oraz numeracji inteligentnej (+48 80x).<\/p>\n<p>[\/vc_column_text][\/vc_tta_section][\/vc_tta_accordion][vc_empty_space height=&#8221;30px&#8221;][vc_column_text]<\/p>\n<h2><strong><u>Benefits for Partners<\/u><\/strong><\/h2>\n<p>LoVo as an operator for operators has signed interconnect agreements with over 800 domestic and international operators which means that we are among the largest operators in the area of \u200b\u200bbroadcasting (distribution) of subscriber and routing numbering.[\/vc_column_text][vc_empty_space height=&#8221;40px&#8221;][\/vc_column][\/vc_row]<\/p>\n","protected":false},"excerpt":{"rendered":"<p>[vc_row bg_image=&#8221;17780&#8243; class=&#8221;row-titlebar-image titlebar-font-medium&#8221;][vc_column width=&#8221;1\/1&#8243;][\/vc_column][\/vc_row][vc_row top_padding=&#8221;60&#8243;][vc_column width=&#8221;1\/1&#8243;][vc_empty_space height=&#8221;30px&#8221;][vc_tta_accordion style=&#8221;flat&#8221; active_section=&#8221;0&#8243; collapsible_all=&#8221;true&#8221;][vc_tta_section title=&#8221;What is and how does the broadcasting of subscriber and routing numbering work?&#8221; tab_id=&#8221;1534932170087-65b28617-98585215-99d3&#8243;][vc_column_text]Broadcasting (distribution) of numbering, in other words, means informing operators in the domestic market that subscriber numbering assigned to a specific routing number must be terminated at the operator assigned to the routing number. Incoming calls from other operators will be routed through the LoVo network contact points to the operator&#8217;s target numbers.[\/vc_column_text][\/vc_tta_section][vc_tta_section title=&#8221;Czym jest u\u017cyczanie numeracji abonenckiej&#8221; tab_id=&#8221;1535450532894-b2d8250c-6aa5&#8243;][vc_column_text] U\u017cyczenie numeracji abonenckiej polega na przydzieleniu operatorowi numeracji z zasob\u00f3w LoVo. Nasza firma posiada w\u0142asne zakresy numeracji geograficznej we wszystkich 49 strefach numeracyjnych, numeracji niegeograficznej (+48 39) oraz numeracji inteligentnej (+48 80x). [\/vc_column_text][\/vc_tta_section][\/vc_tta_accordion][vc_empty_space height=&#8221;30px&#8221;][vc_column_text] Benefits for Partners LoVo as an operator for operators has signed interconnect agreements with over 800 domestic and international operators which means that we are among the largest operators in the area of \u200b\u200bbroadcasting (distribution) of subscriber and routing numbering.[\/vc_column_text][vc_empty_space height=&#8221;40px&#8221;][\/vc_column][\/vc_row]<\/p>\n","protected":false},"author":1,"featured_media":0,"parent":18572,"menu_order":0,"comment_status":"closed","ping_status":"closed","template":"","meta":{"footnotes":""},"class_list":["post-18568","page","type-page","status-publish","hentry"],"yoast_head":"<!-- This site is optimized with the Yoast SEO plugin v24.3 - https:\/\/yoast.com\/wordpress\/plugins\/seo\/ -->\n<title>Lending and broadcasting national numbering - LoVo<\/title>\n<meta name=\"description\" content=\"Us\u0142uga wdro\u017cenia i rozg\u0142aszania nowo przydzielonej telefonicznej numeracji stacjonarnej.\" \/>\n<meta name=\"robots\" content=\"noindex, follow, max-snippet:-1, max-image-preview:large, max-video-preview:-1\" \/>\n<meta property=\"og:locale\" content=\"en_US\" \/>\n<meta property=\"og:type\" content=\"article\" \/>\n<meta property=\"og:title\" content=\"Lending and broadcasting national numbering - LoVo\" \/>\n<meta property=\"og:description\" content=\"Us\u0142uga wdro\u017cenia i rozg\u0142aszania nowo przydzielonej telefonicznej numeracji stacjonarnej.\" \/>\n<meta property=\"og:url\" content=\"https:\/\/www.lovo.pl\/en\/for-operators\/international-market\/lending-and-broadcasting-national-numbering\/\" \/>\n<meta property=\"og:site_name\" content=\"LoVo\" \/>\n<meta property=\"article:modified_time\" content=\"2018-09-19T11:11:02+00:00\" \/>\n<meta name=\"twitter:card\" content=\"summary_large_image\" \/>\n<meta name=\"twitter:label1\" content=\"Est. reading time\" \/>\n\t<meta name=\"twitter:data1\" content=\"2 minutes\" \/>\n<script type=\"application\/ld+json\" class=\"yoast-schema-graph\">{\"@context\":\"https:\/\/schema.org\",\"@graph\":[{\"@type\":\"WebPage\",\"@id\":\"https:\/\/www.lovo.pl\/en\/for-operators\/international-market\/lending-and-broadcasting-national-numbering\/\",\"url\":\"https:\/\/www.lovo.pl\/en\/for-operators\/international-market\/lending-and-broadcasting-national-numbering\/\",\"name\":\"Lending and broadcasting national numbering - LoVo\",\"isPartOf\":{\"@id\":\"https:\/\/www.lovo.pl\/en\/#website\"},\"datePublished\":\"2018-07-22T10:09:40+00:00\",\"dateModified\":\"2018-09-19T11:11:02+00:00\",\"description\":\"Us\u0142uga wdro\u017cenia i rozg\u0142aszania nowo przydzielonej telefonicznej numeracji stacjonarnej.\",\"breadcrumb\":{\"@id\":\"https:\/\/www.lovo.pl\/en\/for-operators\/international-market\/lending-and-broadcasting-national-numbering\/#breadcrumb\"},\"inLanguage\":\"en-US\",\"potentialAction\":[{\"@type\":\"ReadAction\",\"target\":[\"https:\/\/www.lovo.pl\/en\/for-operators\/international-market\/lending-and-broadcasting-national-numbering\/\"]}]},{\"@type\":\"BreadcrumbList\",\"@id\":\"https:\/\/www.lovo.pl\/en\/for-operators\/international-market\/lending-and-broadcasting-national-numbering\/#breadcrumb\",\"itemListElement\":[{\"@type\":\"ListItem\",\"position\":1,\"name\":\"Strona g\u0142\u00f3wna\",\"item\":\"https:\/\/www.lovo.pl\/en\/\"},{\"@type\":\"ListItem\",\"position\":2,\"name\":\"Wholesale telecommunications services\",\"item\":\"https:\/\/www.lovo.pl\/en\/for-operators\/\"},{\"@type\":\"ListItem\",\"position\":3,\"name\":\"Wholesale telecommunications services\",\"item\":\"https:\/\/www.lovo.pl\/en\/for-operators\/international-market\/\"},{\"@type\":\"ListItem\",\"position\":4,\"name\":\"Lending and broadcasting national numbering\"}]},{\"@type\":\"WebSite\",\"@id\":\"https:\/\/www.lovo.pl\/en\/#website\",\"url\":\"https:\/\/www.lovo.pl\/en\/\",\"name\":\"LoVo\",\"description\":\"Wirtualne rozwi\u0105zania telekomunikacyjne dla Operator\u00f3w, Reseller\u00f3w i Integrator\u00f3w oraz innowacyjne us\u0142ugi teleinformatyczne dla Biznesu.\",\"potentialAction\":[{\"@type\":\"SearchAction\",\"target\":{\"@type\":\"EntryPoint\",\"urlTemplate\":\"https:\/\/www.lovo.pl\/en\/?s={search_term_string}\"},\"query-input\":{\"@type\":\"PropertyValueSpecification\",\"valueRequired\":true,\"valueName\":\"search_term_string\"}}],\"inLanguage\":\"en-US\"}]}<\/script>\n<!-- \/ Yoast SEO plugin. -->","yoast_head_json":{"title":"Lending and broadcasting national numbering - LoVo","description":"Us\u0142uga wdro\u017cenia i rozg\u0142aszania nowo przydzielonej telefonicznej numeracji stacjonarnej.","robots":{"index":"noindex","follow":"follow","max-snippet":"max-snippet:-1","max-image-preview":"max-image-preview:large","max-video-preview":"max-video-preview:-1"},"og_locale":"en_US","og_type":"article","og_title":"Lending and broadcasting national numbering - LoVo","og_description":"Us\u0142uga wdro\u017cenia i rozg\u0142aszania nowo przydzielonej telefonicznej numeracji stacjonarnej.","og_url":"https:\/\/www.lovo.pl\/en\/for-operators\/international-market\/lending-and-broadcasting-national-numbering\/","og_site_name":"LoVo","article_modified_time":"2018-09-19T11:11:02+00:00","twitter_card":"summary_large_image","twitter_misc":{"Est. reading time":"2 minutes"},"schema":{"@context":"https:\/\/schema.org","@graph":[{"@type":"WebPage","@id":"https:\/\/www.lovo.pl\/en\/for-operators\/international-market\/lending-and-broadcasting-national-numbering\/","url":"https:\/\/www.lovo.pl\/en\/for-operators\/international-market\/lending-and-broadcasting-national-numbering\/","name":"Lending and broadcasting national numbering - LoVo","isPartOf":{"@id":"https:\/\/www.lovo.pl\/en\/#website"},"datePublished":"2018-07-22T10:09:40+00:00","dateModified":"2018-09-19T11:11:02+00:00","description":"Us\u0142uga wdro\u017cenia i rozg\u0142aszania nowo przydzielonej telefonicznej numeracji stacjonarnej.","breadcrumb":{"@id":"https:\/\/www.lovo.pl\/en\/for-operators\/international-market\/lending-and-broadcasting-national-numbering\/#breadcrumb"},"inLanguage":"en-US","potentialAction":[{"@type":"ReadAction","target":["https:\/\/www.lovo.pl\/en\/for-operators\/international-market\/lending-and-broadcasting-national-numbering\/"]}]},{"@type":"BreadcrumbList","@id":"https:\/\/www.lovo.pl\/en\/for-operators\/international-market\/lending-and-broadcasting-national-numbering\/#breadcrumb","itemListElement":[{"@type":"ListItem","position":1,"name":"Strona g\u0142\u00f3wna","item":"https:\/\/www.lovo.pl\/en\/"},{"@type":"ListItem","position":2,"name":"Wholesale telecommunications services","item":"https:\/\/www.lovo.pl\/en\/for-operators\/"},{"@type":"ListItem","position":3,"name":"Wholesale telecommunications services","item":"https:\/\/www.lovo.pl\/en\/for-operators\/international-market\/"},{"@type":"ListItem","position":4,"name":"Lending and broadcasting national numbering"}]},{"@type":"WebSite","@id":"https:\/\/www.lovo.pl\/en\/#website","url":"https:\/\/www.lovo.pl\/en\/","name":"LoVo","description":"Wirtualne rozwi\u0105zania telekomunikacyjne dla Operator\u00f3w, Reseller\u00f3w i Integrator\u00f3w oraz innowacyjne us\u0142ugi teleinformatyczne dla Biznesu.","potentialAction":[{"@type":"SearchAction","target":{"@type":"EntryPoint","urlTemplate":"https:\/\/www.lovo.pl\/en\/?s={search_term_string}"},"query-input":{"@type":"PropertyValueSpecification","valueRequired":true,"valueName":"search_term_string"}}],"inLanguage":"en-US"}]}},"_links":{"self":[{"href":"https:\/\/www.lovo.pl\/en\/wp-json\/wp\/v2\/pages\/18568","targetHints":{"allow":["GET"]}}],"collection":[{"href":"https:\/\/www.lovo.pl\/en\/wp-json\/wp\/v2\/pages"}],"about":[{"href":"https:\/\/www.lovo.pl\/en\/wp-json\/wp\/v2\/types\/page"}],"author":[{"embeddable":true,"href":"https:\/\/www.lovo.pl\/en\/wp-json\/wp\/v2\/users\/1"}],"replies":[{"embeddable":true,"href":"https:\/\/www.lovo.pl\/en\/wp-json\/wp\/v2\/comments?post=18568"}],"version-history":[{"count":5,"href":"https:\/\/www.lovo.pl\/en\/wp-json\/wp\/v2\/pages\/18568\/revisions"}],"predecessor-version":[{"id":19971,"href":"https:\/\/www.lovo.pl\/en\/wp-json\/wp\/v2\/pages\/18568\/revisions\/19971"}],"up":[{"embeddable":true,"href":"https:\/\/www.lovo.pl\/en\/wp-json\/wp\/v2\/pages\/18572"}],"wp:attachment":[{"href":"https:\/\/www.lovo.pl\/en\/wp-json\/wp\/v2\/media?parent=18568"}],"curies":[{"name":"wp","href":"https:\/\/api.w.org\/{rel}","templated":true}]}}