{"id":18566,"date":"2018-07-22T12:45:40","date_gmt":"2018-07-22T10:45:40","guid":{"rendered":"https:\/\/www.lovo.pl\/telefonia\/"},"modified":"2018-09-19T13:14:51","modified_gmt":"2018-09-19T11:14:51","slug":"telephony","status":"publish","type":"page","link":"https:\/\/www.lovo.pl\/en\/for-business\/telephony\/","title":{"rendered":"Telephony for business"},"content":{"rendered":"<p>[vc_row bg_image=&#8221;17850&#8243; class=&#8221;row-titlebar-image titlebar-font-medium&#8221;][vc_column width=&#8221;1\/1&#8243;]<div class=\"minti_boxedholder   clearfix\" style=\"padding: 0px 0px 0px 0px; margin: 0px 0px 0px 0px; \">[vc_custom_heading source=&#8221;post_title&#8221; font_container=&#8221;tag:h1|font_size:80px|text_align:center|color:%23ffffff|line_height:1&#8243; use_theme_fonts=&#8221;yes&#8221; css=&#8221;.vc_custom_1531175907146{margin-bottom: 20px !important;}&#8221; el_class=&#8221;titlebar-title&#8221;]<div class=\"headline font-inherit fontsize-xxl fontweight-500 lh-inherit align-center transform-inherit titlebar-subtitle\" style=\"margin: 0 0 20px 0; color: #ffffff;\">Solutions for companies and institutions<\/div><\/div>[\/vc_column][\/vc_row][vc_row top_padding=&#8221;60&#8243;][vc_column width=&#8221;1\/1&#8243;]<div class=\"headline font-inherit fontsize-xxl fontweight-300 lh-12 align-left transform-inherit lead\" style=\"margin: 0 0 20px 0;\">Traditional fixed-line telephony is definitely not a flexible service, as its capabilities are very limited technologically. Modern telephony for business, however, must be a highly flexible service, because the phone is the main tool of work and it cannot happen that it fails. LoVo adjusting themselves to the individual needs of a given company or institution has changed the approach to traditional fixed-line telephony by offering a modern business telephony &#8211; VoIP, which has advanced telecommunications functionalities.<\/div>[vc_tta_accordion style=&#8221;flat&#8221; active_section=&#8221;0&#8243; collapsible_all=&#8221;true&#8221;][vc_tta_section title=&#8221;What is VoIP?&#8221; tab_id=&#8221;1534932170087-65b28617-9858dbc0-77ce&#8221;][vc_column_text]VoIP (Voice over Internet Protocol) is a technology that makes it possible to make phone calls via an Internet connection or a network using the IP protocol, i.e. Internet telephony, or VoIP telephony.[\/vc_column_text][\/vc_tta_section][\/vc_tta_accordion][vc_column_text]<\/p>\n<h2><strong><u>Advanced additional functionalities<\/u><\/strong><\/h2>\n<p>The LoVo network currently supports over 800,000 subscriber numbers. The LoVo offer for companies and public institutions, apart from the standard execution and reception of telephone calls, can be distinguished by a number of additional services, such as on-line billing, call recording, virtual fax, IVR, groups or forwarding. In addition, we recommend the solution of Virtual Private Branch Exchange VPBX (LoVoX) managed on-line, which in combination with VoIP technology will reduce the cost of business calls by up to half. For informed users, we suggest SIP Account or SIP Trunk solutions.<\/p>\n<p>LoVo guarantees business telephony services at the highest level. The solutions that are most popular are:[\/vc_column_text][\/vc_column][vc_column][\/vc_column][vc_column][\/vc_column][\/vc_row][vc_row top_padding=&#8221;60&#8243; bottom_padding=&#8221;100&#8243;][vc_column width=&#8221;1\/1&#8243;][vc_row_inner el_class=&#8221;ehcol-section-1&#8243;][vc_column_inner width=&#8221;1\/3&#8243; css=&#8221;.vc_custom_1533631317586{padding-top: 0px !important;background-color: #f8f8f8 !important;background-position: center !important;background-repeat: no-repeat !important;background-size: cover !important;}&#8221;]<div class=\"minti_boxedholder   clearfix\" style=\"margin: 0px 0px 0px 0px; \"><a href=\"https:\/\/www.lovo.pl\/en\/for-business\/telephony\/stationary-telephony\/\"\" style=\"display: block; -webkit-box-sizing: border-box; box-sizing: border-box; height: 100%; padding: 120px 30px 30px 30px; \"><h3 class=\"headline font-inherit fontsize-xl fontweight-500 lh-12 align-left transform-uppercase ehcol-group-1\" style=\"margin: 0 0 5px 0;\">Making and receiving phone calls<\/h3>[vc_column_text el_class=&#8221;ehcol-group-2&#8243;]Telephone service including outgoing and incoming calls, including domestic and foreign.[\/vc_column_text]<\/a><\/div>[\/vc_column_inner][vc_column_inner width=&#8221;1\/3&#8243; css=&#8221;.vc_custom_1533631362712{padding-top: 0px !important;background-color: #f8f8f8 !important;background-position: center !important;background-repeat: no-repeat !important;background-size: cover !important;}&#8221;]<div class=\"minti_boxedholder   clearfix\" style=\"margin: 0px 0px 0px 0px; \"><a href=\"https:\/\/www.lovo.pl\/en\/for-business\/telephony\/virtual-private-branch-exchange-vpbx\/\"\" style=\"display: block; -webkit-box-sizing: border-box; box-sizing: border-box; height: 100%; padding: 120px 30px 30px 30px; \"><h3 class=\"headline font-inherit fontsize-xl fontweight-500 lh-12 align-left transform-uppercase ehcol-group-1\" style=\"margin: 0 0 5px 0;\">Virtual Exchange VPBX<\/h3>[vc_column_text el_class=&#8221;ehcol-group-2&#8243;]Subscriber telephone exchange in the cloud, which has a number of innovative solutions.[\/vc_column_text]<\/a><\/div>[\/vc_column_inner][vc_column_inner width=&#8221;1\/3&#8243; css=&#8221;.vc_custom_1533631375962{padding-top: 0px !important;background-color: #f8f8f8 !important;background-position: center !important;background-repeat: no-repeat !important;background-size: cover !important;}&#8221;]<div class=\"minti_boxedholder   clearfix\" style=\"margin: 0px 0px 0px 0px; \"><a href=\"https:\/\/www.lovo.pl\/en\/for-business\/telephony\/sip-trunk\/\"\" style=\"display: block; -webkit-box-sizing: border-box; box-sizing: border-box; height: 100%; padding: 120px 30px 30px 30px; \"><h3 class=\"headline font-inherit fontsize-xl fontweight-500 lh-12 align-left transform-uppercase ehcol-group-1\" style=\"margin: 0 0 5px 0;\">SIP Trunk connections<\/h3>[vc_column_text el_class=&#8221;ehcol-group-2&#8243;]\u201cClean&#8221; voice service using the public Internet network as a transport medium.[\/vc_column_text]<\/a><\/div>[\/vc_column_inner][\/vc_row_inner][vc_empty_space][vc_row_inner el_class=&#8221;ehcol-section-1&#8243;][vc_column_inner width=&#8221;1\/3&#8243; css=&#8221;.vc_custom_1533631317586{padding-top: 0px !important;background-color: #f8f8f8 !important;background-position: center !important;background-repeat: no-repeat !important;background-size: cover !important;}&#8221;]<div class=\"minti_boxedholder   clearfix\" style=\"margin: 0px 0px 0px 0px; \"><a href=\"https:\/\/www.lovo.pl\/en\/for-business\/telephony\/virtual-exchange-gsm\/\"\" style=\"display: block; -webkit-box-sizing: border-box; box-sizing: border-box; height: 100%; padding: 120px 30px 30px 30px; \"><h3 class=\"headline font-inherit fontsize-xl fontweight-500 lh-12 align-left transform-uppercase ehcol-group-1\" style=\"margin: 0 0 5px 0;\">Virtual exchange with voice service<\/h3>[vc_column_text el_class=&#8221;ehcol-group-2&#8243;]Modern communication without cables &#8211; synergy of two PSTN and GSM technologies in one solution.[\/vc_column_text]<\/a><\/div>[\/vc_column_inner][vc_column_inner width=&#8221;1\/3&#8243; css=&#8221;.vc_custom_1533631362712{padding-top: 0px !important;background-color: #f8f8f8 !important;background-position: center !important;background-repeat: no-repeat !important;background-size: cover !important;}&#8221;]<div class=\"minti_boxedholder   clearfix\" style=\"margin: 0px 0px 0px 0px; \"><a href=\"https:\/\/www.lovo.pl\/en\/for-business\/telephony\/efax\/\"\" style=\"display: block; -webkit-box-sizing: border-box; box-sizing: border-box; height: 100%; padding: 120px 30px 30px 30px; \"><h3 class=\"headline font-inherit fontsize-xl fontweight-500 lh-12 align-left transform-uppercase ehcol-group-1\" style=\"margin: 0 0 5px 0;\">Receiving a fax by e-mail<\/h3>[vc_column_text el_class=&#8221;ehcol-group-2&#8243;]The ability to send faxes from a computer to physical devices and receive them in an e-mail box.[\/vc_column_text]<\/a><\/div>[\/vc_column_inner][vc_column_inner width=&#8221;1\/3&#8243; css=&#8221;.vc_custom_1533631375962{padding-top: 0px !important;background-color: #f8f8f8 !important;background-position: center !important;background-repeat: no-repeat !important;background-size: cover !important;}&#8221;][\/vc_column_inner][\/vc_row_inner][vc_empty_space][vc_column_text]Tak w\u0142a\u015bnie wygl\u0105da nowoczesna telefonia dla biznesu.[\/vc_column_text][\/vc_column][\/vc_row]<\/p>\n","protected":false},"excerpt":{"rendered":"<p>[vc_row bg_image=&#8221;17850&#8243; class=&#8221;row-titlebar-image titlebar-font-medium&#8221;][vc_column width=&#8221;1\/1&#8243;][\/vc_column][\/vc_row][vc_row top_padding=&#8221;60&#8243;][vc_column width=&#8221;1\/1&#8243;][vc_tta_accordion style=&#8221;flat&#8221; active_section=&#8221;0&#8243; collapsible_all=&#8221;true&#8221;][vc_tta_section title=&#8221;What is VoIP?&#8221; tab_id=&#8221;1534932170087-65b28617-9858dbc0-77ce&#8221;][vc_column_text]VoIP (Voice over Internet Protocol) is a technology that makes it possible to make phone calls via an Internet connection or a network using the IP protocol, i.e. Internet telephony, or VoIP telephony.[\/vc_column_text][\/vc_tta_section][\/vc_tta_accordion][vc_column_text] Advanced additional functionalities The LoVo network currently supports over 800,000 subscriber numbers. The LoVo offer for companies and public institutions, apart from the standard execution and reception of telephone calls, can be distinguished by a number of additional services, such as on-line billing, call recording, virtual fax, IVR, groups or forwarding. In addition, we recommend the solution of Virtual Private Branch Exchange VPBX (LoVoX) managed on-line, which in combination with VoIP technology will reduce the cost of business calls by up to half. For informed users, we suggest SIP Account or SIP Trunk solutions. LoVo guarantees business telephony services at the highest level. The solutions that are most popular are:[\/vc_column_text][\/vc_column][vc_column][\/vc_column][vc_column][\/vc_column][\/vc_row][vc_row top_padding=&#8221;60&#8243; bottom_padding=&#8221;100&#8243;][vc_column width=&#8221;1\/1&#8243;][vc_row_inner el_class=&#8221;ehcol-section-1&#8243;][vc_column_inner width=&#8221;1\/3&#8243; css=&#8221;.vc_custom_1533631317586{padding-top: 0px !important;background-color: #f8f8f8 !important;background-position: center !important;background-repeat: no-repeat !important;background-size: cover !important;}&#8221;][\/vc_column_inner][vc_column_inner width=&#8221;1\/3&#8243; css=&#8221;.vc_custom_1533631362712{padding-top: 0px !important;background-color: #f8f8f8 !important;background-position: center !important;background-repeat: no-repeat !important;background-size: cover !important;}&#8221;][\/vc_column_inner][vc_column_inner width=&#8221;1\/3&#8243; css=&#8221;.vc_custom_1533631375962{padding-top: 0px !important;background-color: #f8f8f8 !important;background-position: center !important;background-repeat: no-repeat !important;background-size: cover !important;}&#8221;][\/vc_column_inner][\/vc_row_inner][vc_empty_space][vc_row_inner el_class=&#8221;ehcol-section-1&#8243;][vc_column_inner width=&#8221;1\/3&#8243; css=&#8221;.vc_custom_1533631317586{padding-top: 0px [&hellip;]<\/p>\n","protected":false},"author":1,"featured_media":0,"parent":18594,"menu_order":0,"comment_status":"closed","ping_status":"closed","template":"","meta":{"footnotes":""},"class_list":["post-18566","page","type-page","status-publish","hentry"],"yoast_head":"<!-- This site is optimized with the Yoast SEO plugin v24.3 - https:\/\/yoast.com\/wordpress\/plugins\/seo\/ -->\n<title>Telephony for business - LoVo<\/title>\n<meta name=\"description\" content=\"Nowoczesne rozwi\u0105zania telekomunikacyjne dla firm - telefonia na miar\u0119 XXI wieku. Zapoznaj si\u0119 z nasz\u0105 pe\u0142n\u0105 ofert\u0105!\" \/>\n<meta name=\"robots\" content=\"noindex, follow, max-snippet:-1, max-image-preview:large, max-video-preview:-1\" \/>\n<meta property=\"og:locale\" content=\"en_US\" \/>\n<meta property=\"og:type\" content=\"article\" \/>\n<meta property=\"og:title\" content=\"Telephony for business - LoVo\" \/>\n<meta property=\"og:description\" content=\"Nowoczesne rozwi\u0105zania telekomunikacyjne dla firm - telefonia na miar\u0119 XXI wieku. Zapoznaj si\u0119 z nasz\u0105 pe\u0142n\u0105 ofert\u0105!\" \/>\n<meta property=\"og:url\" content=\"https:\/\/www.lovo.pl\/en\/for-business\/telephony\/\" \/>\n<meta property=\"og:site_name\" content=\"LoVo\" \/>\n<meta property=\"article:modified_time\" content=\"2018-09-19T11:14:51+00:00\" \/>\n<meta name=\"twitter:card\" content=\"summary_large_image\" \/>\n<meta name=\"twitter:label1\" content=\"Est. reading time\" \/>\n\t<meta name=\"twitter:data1\" content=\"5 minutes\" \/>\n<script type=\"application\/ld+json\" class=\"yoast-schema-graph\">{\"@context\":\"https:\/\/schema.org\",\"@graph\":[{\"@type\":\"WebPage\",\"@id\":\"https:\/\/www.lovo.pl\/en\/for-business\/telephony\/\",\"url\":\"https:\/\/www.lovo.pl\/en\/for-business\/telephony\/\",\"name\":\"Telephony for business - LoVo\",\"isPartOf\":{\"@id\":\"https:\/\/www.lovo.pl\/en\/#website\"},\"datePublished\":\"2018-07-22T10:45:40+00:00\",\"dateModified\":\"2018-09-19T11:14:51+00:00\",\"description\":\"Nowoczesne rozwi\u0105zania telekomunikacyjne dla firm - telefonia na miar\u0119 XXI wieku. Zapoznaj si\u0119 z nasz\u0105 pe\u0142n\u0105 ofert\u0105!\",\"breadcrumb\":{\"@id\":\"https:\/\/www.lovo.pl\/en\/for-business\/telephony\/#breadcrumb\"},\"inLanguage\":\"en-US\",\"potentialAction\":[{\"@type\":\"ReadAction\",\"target\":[\"https:\/\/www.lovo.pl\/en\/for-business\/telephony\/\"]}]},{\"@type\":\"BreadcrumbList\",\"@id\":\"https:\/\/www.lovo.pl\/en\/for-business\/telephony\/#breadcrumb\",\"itemListElement\":[{\"@type\":\"ListItem\",\"position\":1,\"name\":\"Strona g\u0142\u00f3wna\",\"item\":\"https:\/\/www.lovo.pl\/en\/\"},{\"@type\":\"ListItem\",\"position\":2,\"name\":\"Telecommunications services for business\",\"item\":\"https:\/\/www.lovo.pl\/en\/for-business\/\"},{\"@type\":\"ListItem\",\"position\":3,\"name\":\"Telephony for business\"}]},{\"@type\":\"WebSite\",\"@id\":\"https:\/\/www.lovo.pl\/en\/#website\",\"url\":\"https:\/\/www.lovo.pl\/en\/\",\"name\":\"LoVo\",\"description\":\"Wirtualne rozwi\u0105zania telekomunikacyjne dla Operator\u00f3w, Reseller\u00f3w i Integrator\u00f3w oraz innowacyjne us\u0142ugi teleinformatyczne dla Biznesu.\",\"potentialAction\":[{\"@type\":\"SearchAction\",\"target\":{\"@type\":\"EntryPoint\",\"urlTemplate\":\"https:\/\/www.lovo.pl\/en\/?s={search_term_string}\"},\"query-input\":{\"@type\":\"PropertyValueSpecification\",\"valueRequired\":true,\"valueName\":\"search_term_string\"}}],\"inLanguage\":\"en-US\"}]}<\/script>\n<!-- \/ Yoast SEO plugin. -->","yoast_head_json":{"title":"Telephony for business - LoVo","description":"Nowoczesne rozwi\u0105zania telekomunikacyjne dla firm - telefonia na miar\u0119 XXI wieku. Zapoznaj si\u0119 z nasz\u0105 pe\u0142n\u0105 ofert\u0105!","robots":{"index":"noindex","follow":"follow","max-snippet":"max-snippet:-1","max-image-preview":"max-image-preview:large","max-video-preview":"max-video-preview:-1"},"og_locale":"en_US","og_type":"article","og_title":"Telephony for business - LoVo","og_description":"Nowoczesne rozwi\u0105zania telekomunikacyjne dla firm - telefonia na miar\u0119 XXI wieku. Zapoznaj si\u0119 z nasz\u0105 pe\u0142n\u0105 ofert\u0105!","og_url":"https:\/\/www.lovo.pl\/en\/for-business\/telephony\/","og_site_name":"LoVo","article_modified_time":"2018-09-19T11:14:51+00:00","twitter_card":"summary_large_image","twitter_misc":{"Est. reading time":"5 minutes"},"schema":{"@context":"https:\/\/schema.org","@graph":[{"@type":"WebPage","@id":"https:\/\/www.lovo.pl\/en\/for-business\/telephony\/","url":"https:\/\/www.lovo.pl\/en\/for-business\/telephony\/","name":"Telephony for business - LoVo","isPartOf":{"@id":"https:\/\/www.lovo.pl\/en\/#website"},"datePublished":"2018-07-22T10:45:40+00:00","dateModified":"2018-09-19T11:14:51+00:00","description":"Nowoczesne rozwi\u0105zania telekomunikacyjne dla firm - telefonia na miar\u0119 XXI wieku. Zapoznaj si\u0119 z nasz\u0105 pe\u0142n\u0105 ofert\u0105!","breadcrumb":{"@id":"https:\/\/www.lovo.pl\/en\/for-business\/telephony\/#breadcrumb"},"inLanguage":"en-US","potentialAction":[{"@type":"ReadAction","target":["https:\/\/www.lovo.pl\/en\/for-business\/telephony\/"]}]},{"@type":"BreadcrumbList","@id":"https:\/\/www.lovo.pl\/en\/for-business\/telephony\/#breadcrumb","itemListElement":[{"@type":"ListItem","position":1,"name":"Strona g\u0142\u00f3wna","item":"https:\/\/www.lovo.pl\/en\/"},{"@type":"ListItem","position":2,"name":"Telecommunications services for business","item":"https:\/\/www.lovo.pl\/en\/for-business\/"},{"@type":"ListItem","position":3,"name":"Telephony for business"}]},{"@type":"WebSite","@id":"https:\/\/www.lovo.pl\/en\/#website","url":"https:\/\/www.lovo.pl\/en\/","name":"LoVo","description":"Wirtualne rozwi\u0105zania telekomunikacyjne dla Operator\u00f3w, Reseller\u00f3w i Integrator\u00f3w oraz innowacyjne us\u0142ugi teleinformatyczne dla Biznesu.","potentialAction":[{"@type":"SearchAction","target":{"@type":"EntryPoint","urlTemplate":"https:\/\/www.lovo.pl\/en\/?s={search_term_string}"},"query-input":{"@type":"PropertyValueSpecification","valueRequired":true,"valueName":"search_term_string"}}],"inLanguage":"en-US"}]}},"_links":{"self":[{"href":"https:\/\/www.lovo.pl\/en\/wp-json\/wp\/v2\/pages\/18566","targetHints":{"allow":["GET"]}}],"collection":[{"href":"https:\/\/www.lovo.pl\/en\/wp-json\/wp\/v2\/pages"}],"about":[{"href":"https:\/\/www.lovo.pl\/en\/wp-json\/wp\/v2\/types\/page"}],"author":[{"embeddable":true,"href":"https:\/\/www.lovo.pl\/en\/wp-json\/wp\/v2\/users\/1"}],"replies":[{"embeddable":true,"href":"https:\/\/www.lovo.pl\/en\/wp-json\/wp\/v2\/comments?post=18566"}],"version-history":[{"count":6,"href":"https:\/\/www.lovo.pl\/en\/wp-json\/wp\/v2\/pages\/18566\/revisions"}],"predecessor-version":[{"id":19977,"href":"https:\/\/www.lovo.pl\/en\/wp-json\/wp\/v2\/pages\/18566\/revisions\/19977"}],"up":[{"embeddable":true,"href":"https:\/\/www.lovo.pl\/en\/wp-json\/wp\/v2\/pages\/18594"}],"wp:attachment":[{"href":"https:\/\/www.lovo.pl\/en\/wp-json\/wp\/v2\/media?parent=18566"}],"curies":[{"name":"wp","href":"https:\/\/api.w.org\/{rel}","templated":true}]}}