{"id":18564,"date":"2018-07-22T13:00:16","date_gmt":"2018-07-22T11:00:16","guid":{"rendered":"https:\/\/www.lovo.pl\/stacjonarna-voip\/"},"modified":"2018-09-19T13:17:30","modified_gmt":"2018-09-19T11:17:30","slug":"stationary-telephony","status":"publish","type":"page","link":"https:\/\/www.lovo.pl\/en\/for-business\/telephony\/stationary-telephony\/","title":{"rendered":"Making and receiving telephone calls"},"content":{"rendered":"<p>[vc_row bg_image=&#8221;17850&#8243; class=&#8221;row-titlebar-image titlebar-font-medium&#8221;][vc_column width=&#8221;1\/1&#8243;]<div class=\"minti_boxedholder   clearfix\" style=\"padding: 0px 0px 0px 0px; margin: 0px 0px 0px 0px; \">[vc_custom_heading source=&#8221;post_title&#8221; font_container=&#8221;tag:h1|font_size:80px|text_align:center|color:%23ffffff|line_height:1&#8243; use_theme_fonts=&#8221;yes&#8221; css=&#8221;.vc_custom_1531175907146{margin-bottom: 20px !important;}&#8221; el_class=&#8221;titlebar-title&#8221;]<div class=\"headline font-inherit fontsize-xxl fontweight-500 lh-inherit align-center transform-inherit titlebar-subtitle\" style=\"margin: 0 0 20px 0; color: #ffffff;\">LoVo Phone<\/div><\/div>[\/vc_column][\/vc_row][vc_row top_padding=&#8221;60&#8243;][vc_column width=&#8221;1\/1&#8243;][vc_empty_space height=&#8221;40px&#8221;]<div class=\"headline font-inherit fontsize-xxl fontweight-300 lh-12 align-left transform-inherit lead\" style=\"margin: 0 0 20px 0;\">LoVo Phone, i.e. stationary telephony with an additional range of services, is a telephone service that includes outgoing and incoming calls, including domestic and foreign calls.<\/div>[vc_tta_accordion style=&#8221;flat&#8221; active_section=&#8221;0&#8243; collapsible_all=&#8221;true&#8221;][vc_tta_section title=&#8221;How does LoVo Phone work?&#8221; tab_id=&#8221;1534932170087-65b28617-9858e5d8-cda2&#8243;][vc_column_text]The service is based on the HIPERUS C5 telecommunications system (virtual exchange), where the transport medium is is the Internet public network. The user can use the service using several types of end terminals:<\/p>\n<ul>\n<li>IP phone.<\/li>\n<li>A traditional landline phone connected to the so-called VoIP gateways.<\/li>\n<li>&#8220;Softphone&#8221;, an application installed on a computer, smartphone or tablet.<\/li>\n<\/ul>\n<p>In the first and second case, the method of using the service is practically no different from the use of a typical fixed-line telephony, with the difference that the LoVo Phone service allows for a wider range of value-added services, apart from making telephone calls.[\/vc_column_text][\/vc_tta_section][\/vc_tta_accordion][vc_column_text]<\/p>\n<h2><strong><u>Service scheme<\/u><\/strong><\/h2>\n<p>The Voice over Internet Protocol (VoIP) is used for voice transmission between the subscriber&#8217;s terminal (or the VoIP gateway when using a traditional telephone) and the HIPERUS platform. The HIPERUS platform is connected to the PSTN (Public Switched Telephone Network) using traditional voice connections based on channel switching.<\/p>\n<p>The HIPERUS platform converts signaling protocols and speech coding from the VoIP protocol to the format used in telephone networks.<\/p>\n<p>The modular structure of the HIPERUS platform ensures the reliability of the service even in the event of a possible failure of the system component. Thanks to the failover mechanism, the system will automatically switch to a spare (redundant) module. In practice, this gives the customer a guarantee of reliability, uninterrupted work and the use of telecommunications services.<\/p>\n<p>Servers included in the platform are prepared for uninterrupted long-term work. In order to securely store information, all database servers are equipped with disk arrays that increase the reliability of work.[\/vc_column_text][vc_tta_accordion style=&#8221;flat&#8221; active_section=&#8221;0&#8243; collapsible_all=&#8221;true&#8221;][vc_tta_section title=&#8221;LoVo Phone structure&#8221; tab_id=&#8221;1535543316094-aa2a2f37-107f&#8221;]<div class=\"single_image wpb_content_element align-left    \" data-animation=\"none\" data-delay=\"0\"><img loading=\"lazy\" decoding=\"async\" width=\"1106\" height=\"1966\" src=\"https:\/\/www.lovo.pl\/wp-content\/uploads\/2018\/08\/LoVo-Phone-Z-T\u0141EM-Infografika-72-dpi.png\" class=\"attachment-full\" alt=\"Struktura rozwi\u0105za\u0144 g\u0142osowych - LoVo Phone\" srcset=\"https:\/\/www.lovo.pl\/wp-content\/uploads\/2018\/08\/LoVo-Phone-Z-T\u0141EM-Infografika-72-dpi.png 1106w, https:\/\/www.lovo.pl\/wp-content\/uploads\/2018\/08\/LoVo-Phone-Z-T\u0141EM-Infografika-72-dpi-169x300.png 169w, https:\/\/www.lovo.pl\/wp-content\/uploads\/2018\/08\/LoVo-Phone-Z-T\u0141EM-Infografika-72-dpi-768x1365.png 768w, https:\/\/www.lovo.pl\/wp-content\/uploads\/2018\/08\/LoVo-Phone-Z-T\u0141EM-Infografika-72-dpi-576x1024.png 576w, https:\/\/www.lovo.pl\/wp-content\/uploads\/2018\/08\/LoVo-Phone-Z-T\u0141EM-Infografika-72-dpi-100x178.png 100w\" sizes=\"auto, (max-width: 1106px) 100vw, 1106px\" \/><\/div>[\/vc_tta_section][\/vc_tta_accordion][vc_column_text]<\/p>\n<h2><strong><u>LoVo Phone functionalities<\/u><\/strong><\/h2>\n<ul>\n<li>HD Voice (High Definition Voice) &#8211; HD Voice technology, also known as broadband sound, is the sound transmission standard used in IP telephony, which allows you to send a double broader sound range through VolP connections, compared to traditional telephones. Thanks to this, the comfort of a conversation over the phone is comparable to a live conversation &#8211; you can have the impression that the caller is at your fingertips.<\/li>\n<li>Numbering &#8211; the Customer receives from LoVo telephone numbering from the appropriate numbering zone, as part of the service. The customer may also use previously owned telephone numbers that will be transferred to the LoVo network.<\/li>\n<\/ul>\n<p>[\/vc_column_text][vc_tta_accordion style=&#8221;flat&#8221; active_section=&#8221;0&#8243; collapsible_all=&#8221;true&#8221;][vc_tta_section title=&#8221;Custom additional services&#8221; tab_id=&#8221;1535549765706-0feb4466-ffb2&#8243;][vc_column_text]The customer can avail oneself of additional functionalities of the HIPERUS platform.[\/vc_column_text][\/vc_tta_section][\/vc_tta_accordion][vc_column_text]<\/p>\n<h2><strong><u>The benefits of having the LoVo Phone<\/u><\/strong><\/h2>\n<p>The LoVo Group companies have been influencing the formation of the telecommunications market in Poland and around the world for years. We are constantly working on new solutions, which are very popular with our business partners. Thanks to the high quality and innovation of the services provided, many companies and public institutions have trusted us, and their group is still growing.<\/p>\n<p>The most important values \u200b\u200band features that distinguish our fixed telephony among other companies are such important factors as:<\/p>\n<ul>\n<li>Price flexibility &#8211; subscription and calls.<\/li>\n<li>Phone calls in HD Voice quality.<\/li>\n<li>Simple and fast process of transferring numbers.<\/li>\n<li>Short time of service launching.<\/li>\n<li>Permanent monitoring (24\/7\/365) of services.<\/li>\n<li>A wide range of additional services.<\/li>\n<li>Individual selection of services according to customer needs.<\/li>\n<li>Immediate reaction in case of failure.<\/li>\n<\/ul>\n<p>[\/vc_column_text][vc_empty_space height=&#8221;40px&#8221;][\/vc_column][\/vc_row]<\/p>\n","protected":false},"excerpt":{"rendered":"<p>[vc_row bg_image=&#8221;17850&#8243; class=&#8221;row-titlebar-image titlebar-font-medium&#8221;][vc_column width=&#8221;1\/1&#8243;][\/vc_column][\/vc_row][vc_row top_padding=&#8221;60&#8243;][vc_column width=&#8221;1\/1&#8243;][vc_empty_space height=&#8221;40px&#8221;][vc_tta_accordion style=&#8221;flat&#8221; active_section=&#8221;0&#8243; collapsible_all=&#8221;true&#8221;][vc_tta_section title=&#8221;How does LoVo Phone work?&#8221; tab_id=&#8221;1534932170087-65b28617-9858e5d8-cda2&#8243;][vc_column_text]The service is based on the HIPERUS C5 telecommunications system (virtual exchange), where the transport medium is is the Internet public network. The user can use the service using several types of end terminals: IP phone. A traditional landline phone connected to the so-called VoIP gateways. &#8220;Softphone&#8221;, an application installed on a computer, smartphone or tablet. In the first and second case, the method of using the service is practically no different from the use of a typical fixed-line telephony, with the difference that the LoVo Phone service allows for a wider range of value-added services, apart from making telephone calls.[\/vc_column_text][\/vc_tta_section][\/vc_tta_accordion][vc_column_text] Service scheme The Voice over Internet Protocol (VoIP) is used for voice transmission between the subscriber&#8217;s terminal (or the VoIP gateway when using a traditional telephone) and the HIPERUS platform. The HIPERUS platform is connected to the PSTN (Public Switched Telephone Network) using traditional voice connections based on channel switching. The HIPERUS platform converts signaling protocols and speech coding from the VoIP protocol to the format used in telephone networks. The modular structure of the HIPERUS platform ensures the reliability of the service [&hellip;]<\/p>\n","protected":false},"author":1,"featured_media":0,"parent":18566,"menu_order":0,"comment_status":"closed","ping_status":"closed","template":"","meta":{"footnotes":""},"class_list":["post-18564","page","type-page","status-publish","hentry"],"yoast_head":"<!-- This site is optimized with the Yoast SEO plugin v24.3 - https:\/\/yoast.com\/wordpress\/plugins\/seo\/ -->\n<title>Making and receiving telephone calls - LoVo<\/title>\n<meta name=\"description\" content=\"Us\u0142uga telefoniczna umo\u017cliwiaj\u0105c\u0105 wykonywanie i odbieranie po\u0142\u0105cze\u0144 telefonicznych oraz kompleksowe rozwi\u0105zania VoIP dla ma\u0142ych, \u015brednich i du\u017cych firm.\" \/>\n<meta name=\"robots\" content=\"noindex, follow, max-snippet:-1, max-image-preview:large, max-video-preview:-1\" \/>\n<meta property=\"og:locale\" content=\"en_US\" \/>\n<meta property=\"og:type\" content=\"article\" \/>\n<meta property=\"og:title\" content=\"Making and receiving telephone calls - LoVo\" \/>\n<meta property=\"og:description\" content=\"Us\u0142uga telefoniczna umo\u017cliwiaj\u0105c\u0105 wykonywanie i odbieranie po\u0142\u0105cze\u0144 telefonicznych oraz kompleksowe rozwi\u0105zania VoIP dla ma\u0142ych, \u015brednich i du\u017cych firm.\" \/>\n<meta property=\"og:url\" content=\"https:\/\/www.lovo.pl\/en\/for-business\/telephony\/stationary-telephony\/\" \/>\n<meta property=\"og:site_name\" content=\"LoVo\" \/>\n<meta property=\"article:modified_time\" content=\"2018-09-19T11:17:30+00:00\" \/>\n<meta name=\"twitter:card\" content=\"summary_large_image\" \/>\n<meta name=\"twitter:label1\" content=\"Est. reading time\" \/>\n\t<meta name=\"twitter:data1\" content=\"4 minutes\" \/>\n<script type=\"application\/ld+json\" class=\"yoast-schema-graph\">{\"@context\":\"https:\/\/schema.org\",\"@graph\":[{\"@type\":\"WebPage\",\"@id\":\"https:\/\/www.lovo.pl\/en\/for-business\/telephony\/stationary-telephony\/\",\"url\":\"https:\/\/www.lovo.pl\/en\/for-business\/telephony\/stationary-telephony\/\",\"name\":\"Making and receiving telephone calls - LoVo\",\"isPartOf\":{\"@id\":\"https:\/\/www.lovo.pl\/en\/#website\"},\"datePublished\":\"2018-07-22T11:00:16+00:00\",\"dateModified\":\"2018-09-19T11:17:30+00:00\",\"description\":\"Us\u0142uga telefoniczna umo\u017cliwiaj\u0105c\u0105 wykonywanie i odbieranie po\u0142\u0105cze\u0144 telefonicznych oraz kompleksowe rozwi\u0105zania VoIP dla ma\u0142ych, \u015brednich i du\u017cych firm.\",\"breadcrumb\":{\"@id\":\"https:\/\/www.lovo.pl\/en\/for-business\/telephony\/stationary-telephony\/#breadcrumb\"},\"inLanguage\":\"en-US\",\"potentialAction\":[{\"@type\":\"ReadAction\",\"target\":[\"https:\/\/www.lovo.pl\/en\/for-business\/telephony\/stationary-telephony\/\"]}]},{\"@type\":\"BreadcrumbList\",\"@id\":\"https:\/\/www.lovo.pl\/en\/for-business\/telephony\/stationary-telephony\/#breadcrumb\",\"itemListElement\":[{\"@type\":\"ListItem\",\"position\":1,\"name\":\"Strona g\u0142\u00f3wna\",\"item\":\"https:\/\/www.lovo.pl\/en\/\"},{\"@type\":\"ListItem\",\"position\":2,\"name\":\"Telecommunications services for business\",\"item\":\"https:\/\/www.lovo.pl\/en\/for-business\/\"},{\"@type\":\"ListItem\",\"position\":3,\"name\":\"Telephony for business\",\"item\":\"https:\/\/www.lovo.pl\/en\/for-business\/telephony\/\"},{\"@type\":\"ListItem\",\"position\":4,\"name\":\"Making and receiving telephone calls\"}]},{\"@type\":\"WebSite\",\"@id\":\"https:\/\/www.lovo.pl\/en\/#website\",\"url\":\"https:\/\/www.lovo.pl\/en\/\",\"name\":\"LoVo\",\"description\":\"Wirtualne rozwi\u0105zania telekomunikacyjne dla Operator\u00f3w, Reseller\u00f3w i Integrator\u00f3w oraz innowacyjne us\u0142ugi teleinformatyczne dla Biznesu.\",\"potentialAction\":[{\"@type\":\"SearchAction\",\"target\":{\"@type\":\"EntryPoint\",\"urlTemplate\":\"https:\/\/www.lovo.pl\/en\/?s={search_term_string}\"},\"query-input\":{\"@type\":\"PropertyValueSpecification\",\"valueRequired\":true,\"valueName\":\"search_term_string\"}}],\"inLanguage\":\"en-US\"}]}<\/script>\n<!-- \/ Yoast SEO plugin. -->","yoast_head_json":{"title":"Making and receiving telephone calls - LoVo","description":"Us\u0142uga telefoniczna umo\u017cliwiaj\u0105c\u0105 wykonywanie i odbieranie po\u0142\u0105cze\u0144 telefonicznych oraz kompleksowe rozwi\u0105zania VoIP dla ma\u0142ych, \u015brednich i du\u017cych firm.","robots":{"index":"noindex","follow":"follow","max-snippet":"max-snippet:-1","max-image-preview":"max-image-preview:large","max-video-preview":"max-video-preview:-1"},"og_locale":"en_US","og_type":"article","og_title":"Making and receiving telephone calls - LoVo","og_description":"Us\u0142uga telefoniczna umo\u017cliwiaj\u0105c\u0105 wykonywanie i odbieranie po\u0142\u0105cze\u0144 telefonicznych oraz kompleksowe rozwi\u0105zania VoIP dla ma\u0142ych, \u015brednich i du\u017cych firm.","og_url":"https:\/\/www.lovo.pl\/en\/for-business\/telephony\/stationary-telephony\/","og_site_name":"LoVo","article_modified_time":"2018-09-19T11:17:30+00:00","twitter_card":"summary_large_image","twitter_misc":{"Est. reading time":"4 minutes"},"schema":{"@context":"https:\/\/schema.org","@graph":[{"@type":"WebPage","@id":"https:\/\/www.lovo.pl\/en\/for-business\/telephony\/stationary-telephony\/","url":"https:\/\/www.lovo.pl\/en\/for-business\/telephony\/stationary-telephony\/","name":"Making and receiving telephone calls - LoVo","isPartOf":{"@id":"https:\/\/www.lovo.pl\/en\/#website"},"datePublished":"2018-07-22T11:00:16+00:00","dateModified":"2018-09-19T11:17:30+00:00","description":"Us\u0142uga telefoniczna umo\u017cliwiaj\u0105c\u0105 wykonywanie i odbieranie po\u0142\u0105cze\u0144 telefonicznych oraz kompleksowe rozwi\u0105zania VoIP dla ma\u0142ych, \u015brednich i du\u017cych firm.","breadcrumb":{"@id":"https:\/\/www.lovo.pl\/en\/for-business\/telephony\/stationary-telephony\/#breadcrumb"},"inLanguage":"en-US","potentialAction":[{"@type":"ReadAction","target":["https:\/\/www.lovo.pl\/en\/for-business\/telephony\/stationary-telephony\/"]}]},{"@type":"BreadcrumbList","@id":"https:\/\/www.lovo.pl\/en\/for-business\/telephony\/stationary-telephony\/#breadcrumb","itemListElement":[{"@type":"ListItem","position":1,"name":"Strona g\u0142\u00f3wna","item":"https:\/\/www.lovo.pl\/en\/"},{"@type":"ListItem","position":2,"name":"Telecommunications services for business","item":"https:\/\/www.lovo.pl\/en\/for-business\/"},{"@type":"ListItem","position":3,"name":"Telephony for business","item":"https:\/\/www.lovo.pl\/en\/for-business\/telephony\/"},{"@type":"ListItem","position":4,"name":"Making and receiving telephone calls"}]},{"@type":"WebSite","@id":"https:\/\/www.lovo.pl\/en\/#website","url":"https:\/\/www.lovo.pl\/en\/","name":"LoVo","description":"Wirtualne rozwi\u0105zania telekomunikacyjne dla Operator\u00f3w, Reseller\u00f3w i Integrator\u00f3w oraz innowacyjne us\u0142ugi teleinformatyczne dla Biznesu.","potentialAction":[{"@type":"SearchAction","target":{"@type":"EntryPoint","urlTemplate":"https:\/\/www.lovo.pl\/en\/?s={search_term_string}"},"query-input":{"@type":"PropertyValueSpecification","valueRequired":true,"valueName":"search_term_string"}}],"inLanguage":"en-US"}]}},"_links":{"self":[{"href":"https:\/\/www.lovo.pl\/en\/wp-json\/wp\/v2\/pages\/18564","targetHints":{"allow":["GET"]}}],"collection":[{"href":"https:\/\/www.lovo.pl\/en\/wp-json\/wp\/v2\/pages"}],"about":[{"href":"https:\/\/www.lovo.pl\/en\/wp-json\/wp\/v2\/types\/page"}],"author":[{"embeddable":true,"href":"https:\/\/www.lovo.pl\/en\/wp-json\/wp\/v2\/users\/1"}],"replies":[{"embeddable":true,"href":"https:\/\/www.lovo.pl\/en\/wp-json\/wp\/v2\/comments?post=18564"}],"version-history":[{"count":3,"href":"https:\/\/www.lovo.pl\/en\/wp-json\/wp\/v2\/pages\/18564\/revisions"}],"predecessor-version":[{"id":19979,"href":"https:\/\/www.lovo.pl\/en\/wp-json\/wp\/v2\/pages\/18564\/revisions\/19979"}],"up":[{"embeddable":true,"href":"https:\/\/www.lovo.pl\/en\/wp-json\/wp\/v2\/pages\/18566"}],"wp:attachment":[{"href":"https:\/\/www.lovo.pl\/en\/wp-json\/wp\/v2\/media?parent=18564"}],"curies":[{"name":"wp","href":"https:\/\/api.w.org\/{rel}","templated":true}]}}