{"id":18557,"date":"2018-07-22T15:21:24","date_gmt":"2018-07-22T13:21:24","guid":{"rendered":"https:\/\/www.lovo.pl\/oprogramowanie\/"},"modified":"2018-09-06T15:53:30","modified_gmt":"2018-09-06T13:53:30","slug":"software","status":"publish","type":"page","link":"https:\/\/www.lovo.pl\/en\/for-business\/software\/","title":{"rendered":"Software for business"},"content":{"rendered":"<p>[vc_row bg_image=&#8221;17863&#8243; class=&#8221;row-titlebar-image titlebar-font-large&#8221;][vc_column width=&#8221;1\/1&#8243;]<div class=\"minti_boxedholder   clearfix\" style=\"padding: 0px 0px 0px 0px; margin: 0px 0px 0px 0px; \">[vc_custom_heading source=&#8221;post_title&#8221; font_container=&#8221;tag:h1|font_size:80px|text_align:center|color:%23ffffff|line_height:1&#8243; use_theme_fonts=&#8221;yes&#8221; css=&#8221;.vc_custom_1531133363389{margin-bottom: 20px !important;}&#8221; el_class=&#8221;titlebar-title&#8221;]<div class=\"headline font-inherit fontsize-xxl fontweight-500 lh-inherit align-center transform-inherit titlebar-subtitle\" style=\"margin: 0 0 20px 0; color: #ffffff;\">Solutions for companies and institutions<\/div><\/div>[\/vc_column][\/vc_row][vc_row top_padding=&#8221;60&#8243; bottom_padding=&#8221;100&#8243;][vc_column width=&#8221;1\/1&#8243;]<div class=\"headline font-inherit fontsize-xxl fontweight-300 lh-12 align-left transform-inherit lead\" style=\"margin: 0 0 40px 0;\">Innovations ensure quality and value in business. Properly selected software simplifies complicated processes, and often allows the implementation of previously infeasible tasks. We deal with the implementation and service of proprietary ICT solutions aimed at automating processes taking place in the company and improving relations with Customers, as part of our activity.<\/div>[vc_column_text el_class=&#8221;margin-bottom-0&#8243;]The software we have created is dedicated primarily to business. They support business management in all key areas of its operation. We are constantly developing our solutions observing the changing business environment and carefully listening to our customers. Thanks to this, we provide ICT services at the highest level. The solutions that are most popular are:[\/vc_column_text]<div class=\"spacer\" style=\"height: 80px;\"><\/div>[vc_row_inner el_class=&#8221;ehcol-section-1&#8243;][vc_column_inner width=&#8221;1\/3&#8243; css=&#8221;.vc_custom_1533631317586{padding-top: 0px !important;background-color: #f8f8f8 !important;background-position: center !important;background-repeat: no-repeat !important;background-size: cover !important;}&#8221;]<div class=\"minti_boxedholder   clearfix\" style=\"margin: 0px 0px 0px 0px; \"><a href=\"https:\/\/www.lovo.pl\/en\/for-business\/software\/bpm\/\"\" style=\"display: block; -webkit-box-sizing: border-box; box-sizing: border-box; height: 100%; padding: 120px 30px 30px 30px; \"><h3 class=\"headline font-inherit fontsize-xl fontweight-500 lh-12 align-left transform-uppercase ehcol-group-1\" style=\"margin: 0 0 5px 0;\">Business Process Management<\/h3>[vc_column_text el_class=&#8221;ehcol-group-2&#8243;]A system streamlining the processes taking place in the company, which ensures easy flow of information and supervision over individual activities.[\/vc_column_text]<\/a><\/div>[\/vc_column_inner][vc_column_inner width=&#8221;1\/3&#8243; css=&#8221;.vc_custom_1533631362712{padding-top: 0px !important;background-color: #f8f8f8 !important;background-position: center !important;background-repeat: no-repeat !important;background-size: cover !important;}&#8221;]<div class=\"minti_boxedholder   clearfix\" style=\"margin: 0px 0px 0px 0px; \"><a href=\"https:\/\/www.lovo.pl\/en\/for-business\/software\/call-analytics\/\"\" style=\"display: block; -webkit-box-sizing: border-box; box-sizing: border-box; height: 100%; padding: 120px 30px 30px 30px; \"><h3 class=\"headline font-inherit fontsize-xl fontweight-500 lh-12 align-left transform-uppercase ehcol-group-1\" style=\"margin: 0 0 5px 0;\">Analytical IT system<\/h3>[vc_column_text el_class=&#8221;ehcol-group-2&#8243;]A system that analyses the number of telephone calls and shows where a potential customer is calling from.[\/vc_column_text]<\/a><\/div>[\/vc_column_inner][vc_column_inner width=&#8221;1\/3&#8243; css=&#8221;.vc_custom_1533631375962{padding-top: 0px !important;background-color: #f8f8f8 !important;background-position: center !important;background-repeat: no-repeat !important;background-size: cover !important;}&#8221;][\/vc_column_inner][\/vc_row_inner][\/vc_column][\/vc_row]<\/p>\n","protected":false},"excerpt":{"rendered":"<p>[vc_row bg_image=&#8221;17863&#8243; class=&#8221;row-titlebar-image titlebar-font-large&#8221;][vc_column width=&#8221;1\/1&#8243;][\/vc_column][\/vc_row][vc_row top_padding=&#8221;60&#8243; bottom_padding=&#8221;100&#8243;][vc_column width=&#8221;1\/1&#8243;][vc_column_text el_class=&#8221;margin-bottom-0&#8243;]The software we have created is dedicated primarily to business. They support business management in all key areas of its operation. We are constantly developing our solutions observing the changing business environment and carefully listening to our customers. Thanks to this, we provide ICT services at the highest level. The solutions that are most popular are:[\/vc_column_text][vc_row_inner el_class=&#8221;ehcol-section-1&#8243;][vc_column_inner width=&#8221;1\/3&#8243; css=&#8221;.vc_custom_1533631317586{padding-top: 0px !important;background-color: #f8f8f8 !important;background-position: center !important;background-repeat: no-repeat !important;background-size: cover !important;}&#8221;][\/vc_column_inner][vc_column_inner width=&#8221;1\/3&#8243; css=&#8221;.vc_custom_1533631362712{padding-top: 0px !important;background-color: #f8f8f8 !important;background-position: center !important;background-repeat: no-repeat !important;background-size: cover !important;}&#8221;][\/vc_column_inner][vc_column_inner width=&#8221;1\/3&#8243; css=&#8221;.vc_custom_1533631375962{padding-top: 0px !important;background-color: #f8f8f8 !important;background-position: center !important;background-repeat: no-repeat !important;background-size: cover !important;}&#8221;][\/vc_column_inner][\/vc_row_inner][\/vc_column][\/vc_row]<\/p>\n","protected":false},"author":1,"featured_media":0,"parent":18594,"menu_order":0,"comment_status":"closed","ping_status":"closed","template":"","meta":{"footnotes":""},"class_list":["post-18557","page","type-page","status-publish","hentry"],"yoast_head":"<!-- This site is optimized with the Yoast SEO plugin v24.3 - https:\/\/yoast.com\/wordpress\/plugins\/seo\/ -->\n<title>Software for business - LoVo<\/title>\n<meta name=\"description\" content=\"Us\u0142ugi z zakresu oprogramowania dla firm szukaj\u0105cych telekomunikacyjnych rozwi\u0105za\u0144 biznesowych.\" \/>\n<meta name=\"robots\" content=\"noindex, follow, max-snippet:-1, max-image-preview:large, max-video-preview:-1\" \/>\n<meta property=\"og:locale\" content=\"en_US\" \/>\n<meta property=\"og:type\" content=\"article\" \/>\n<meta property=\"og:title\" content=\"Software for business - LoVo\" \/>\n<meta property=\"og:description\" content=\"Us\u0142ugi z zakresu oprogramowania dla firm szukaj\u0105cych telekomunikacyjnych rozwi\u0105za\u0144 biznesowych.\" \/>\n<meta property=\"og:url\" content=\"https:\/\/www.lovo.pl\/en\/for-business\/software\/\" \/>\n<meta property=\"og:site_name\" content=\"LoVo\" \/>\n<meta property=\"article:modified_time\" content=\"2018-09-06T13:53:30+00:00\" \/>\n<meta name=\"twitter:card\" content=\"summary_large_image\" \/>\n<meta name=\"twitter:label1\" content=\"Est. reading time\" \/>\n\t<meta name=\"twitter:data1\" content=\"2 minutes\" \/>\n<script type=\"application\/ld+json\" class=\"yoast-schema-graph\">{\"@context\":\"https:\/\/schema.org\",\"@graph\":[{\"@type\":\"WebPage\",\"@id\":\"https:\/\/www.lovo.pl\/en\/for-business\/software\/\",\"url\":\"https:\/\/www.lovo.pl\/en\/for-business\/software\/\",\"name\":\"Software for business - LoVo\",\"isPartOf\":{\"@id\":\"https:\/\/www.lovo.pl\/en\/#website\"},\"datePublished\":\"2018-07-22T13:21:24+00:00\",\"dateModified\":\"2018-09-06T13:53:30+00:00\",\"description\":\"Us\u0142ugi z zakresu oprogramowania dla firm szukaj\u0105cych telekomunikacyjnych rozwi\u0105za\u0144 biznesowych.\",\"breadcrumb\":{\"@id\":\"https:\/\/www.lovo.pl\/en\/for-business\/software\/#breadcrumb\"},\"inLanguage\":\"en-US\",\"potentialAction\":[{\"@type\":\"ReadAction\",\"target\":[\"https:\/\/www.lovo.pl\/en\/for-business\/software\/\"]}]},{\"@type\":\"BreadcrumbList\",\"@id\":\"https:\/\/www.lovo.pl\/en\/for-business\/software\/#breadcrumb\",\"itemListElement\":[{\"@type\":\"ListItem\",\"position\":1,\"name\":\"Strona g\u0142\u00f3wna\",\"item\":\"https:\/\/www.lovo.pl\/en\/\"},{\"@type\":\"ListItem\",\"position\":2,\"name\":\"Telecommunications services for business\",\"item\":\"https:\/\/www.lovo.pl\/en\/for-business\/\"},{\"@type\":\"ListItem\",\"position\":3,\"name\":\"Software for business\"}]},{\"@type\":\"WebSite\",\"@id\":\"https:\/\/www.lovo.pl\/en\/#website\",\"url\":\"https:\/\/www.lovo.pl\/en\/\",\"name\":\"LoVo\",\"description\":\"Wirtualne rozwi\u0105zania telekomunikacyjne dla Operator\u00f3w, Reseller\u00f3w i Integrator\u00f3w oraz innowacyjne us\u0142ugi teleinformatyczne dla Biznesu.\",\"potentialAction\":[{\"@type\":\"SearchAction\",\"target\":{\"@type\":\"EntryPoint\",\"urlTemplate\":\"https:\/\/www.lovo.pl\/en\/?s={search_term_string}\"},\"query-input\":{\"@type\":\"PropertyValueSpecification\",\"valueRequired\":true,\"valueName\":\"search_term_string\"}}],\"inLanguage\":\"en-US\"}]}<\/script>\n<!-- \/ Yoast SEO plugin. -->","yoast_head_json":{"title":"Software for business - LoVo","description":"Us\u0142ugi z zakresu oprogramowania dla firm szukaj\u0105cych telekomunikacyjnych rozwi\u0105za\u0144 biznesowych.","robots":{"index":"noindex","follow":"follow","max-snippet":"max-snippet:-1","max-image-preview":"max-image-preview:large","max-video-preview":"max-video-preview:-1"},"og_locale":"en_US","og_type":"article","og_title":"Software for business - LoVo","og_description":"Us\u0142ugi z zakresu oprogramowania dla firm szukaj\u0105cych telekomunikacyjnych rozwi\u0105za\u0144 biznesowych.","og_url":"https:\/\/www.lovo.pl\/en\/for-business\/software\/","og_site_name":"LoVo","article_modified_time":"2018-09-06T13:53:30+00:00","twitter_card":"summary_large_image","twitter_misc":{"Est. reading time":"2 minutes"},"schema":{"@context":"https:\/\/schema.org","@graph":[{"@type":"WebPage","@id":"https:\/\/www.lovo.pl\/en\/for-business\/software\/","url":"https:\/\/www.lovo.pl\/en\/for-business\/software\/","name":"Software for business - LoVo","isPartOf":{"@id":"https:\/\/www.lovo.pl\/en\/#website"},"datePublished":"2018-07-22T13:21:24+00:00","dateModified":"2018-09-06T13:53:30+00:00","description":"Us\u0142ugi z zakresu oprogramowania dla firm szukaj\u0105cych telekomunikacyjnych rozwi\u0105za\u0144 biznesowych.","breadcrumb":{"@id":"https:\/\/www.lovo.pl\/en\/for-business\/software\/#breadcrumb"},"inLanguage":"en-US","potentialAction":[{"@type":"ReadAction","target":["https:\/\/www.lovo.pl\/en\/for-business\/software\/"]}]},{"@type":"BreadcrumbList","@id":"https:\/\/www.lovo.pl\/en\/for-business\/software\/#breadcrumb","itemListElement":[{"@type":"ListItem","position":1,"name":"Strona g\u0142\u00f3wna","item":"https:\/\/www.lovo.pl\/en\/"},{"@type":"ListItem","position":2,"name":"Telecommunications services for business","item":"https:\/\/www.lovo.pl\/en\/for-business\/"},{"@type":"ListItem","position":3,"name":"Software for business"}]},{"@type":"WebSite","@id":"https:\/\/www.lovo.pl\/en\/#website","url":"https:\/\/www.lovo.pl\/en\/","name":"LoVo","description":"Wirtualne rozwi\u0105zania telekomunikacyjne dla Operator\u00f3w, Reseller\u00f3w i Integrator\u00f3w oraz innowacyjne us\u0142ugi teleinformatyczne dla Biznesu.","potentialAction":[{"@type":"SearchAction","target":{"@type":"EntryPoint","urlTemplate":"https:\/\/www.lovo.pl\/en\/?s={search_term_string}"},"query-input":{"@type":"PropertyValueSpecification","valueRequired":true,"valueName":"search_term_string"}}],"inLanguage":"en-US"}]}},"_links":{"self":[{"href":"https:\/\/www.lovo.pl\/en\/wp-json\/wp\/v2\/pages\/18557","targetHints":{"allow":["GET"]}}],"collection":[{"href":"https:\/\/www.lovo.pl\/en\/wp-json\/wp\/v2\/pages"}],"about":[{"href":"https:\/\/www.lovo.pl\/en\/wp-json\/wp\/v2\/types\/page"}],"author":[{"embeddable":true,"href":"https:\/\/www.lovo.pl\/en\/wp-json\/wp\/v2\/users\/1"}],"replies":[{"embeddable":true,"href":"https:\/\/www.lovo.pl\/en\/wp-json\/wp\/v2\/comments?post=18557"}],"version-history":[{"count":5,"href":"https:\/\/www.lovo.pl\/en\/wp-json\/wp\/v2\/pages\/18557\/revisions"}],"predecessor-version":[{"id":19234,"href":"https:\/\/www.lovo.pl\/en\/wp-json\/wp\/v2\/pages\/18557\/revisions\/19234"}],"up":[{"embeddable":true,"href":"https:\/\/www.lovo.pl\/en\/wp-json\/wp\/v2\/pages\/18594"}],"wp:attachment":[{"href":"https:\/\/www.lovo.pl\/en\/wp-json\/wp\/v2\/media?parent=18557"}],"curies":[{"name":"wp","href":"https:\/\/api.w.org\/{rel}","templated":true}]}}