{"id":18553,"date":"2018-07-22T16:49:14","date_gmt":"2018-07-22T14:49:14","guid":{"rendered":"https:\/\/www.lovo.pl\/szkolenia-i-warsztaty\/warszaty-bpm\/"},"modified":"2018-09-03T12:59:18","modified_gmt":"2018-09-03T10:59:18","slug":"bpm-workshops","status":"publish","type":"page","link":"https:\/\/www.lovo.pl\/en\/telecommunications-training-and-support\/training-and-workshops\/bpm-workshops\/","title":{"rendered":"BPM Workshops"},"content":{"rendered":"<p>[vc_row bg_image=&#8221;17921&#8243; class=&#8221;row-titlebar-image titlebar-font-small&#8221;][vc_column width=&#8221;1\/1&#8243;]<div class=\"minti_boxedholder   clearfix\" style=\"padding: 0px 0px 0px 0px; margin: 0px 0px 0px 0px; \">[vc_custom_heading source=&#8221;post_title&#8221; font_container=&#8221;tag:h1|font_size:80px|text_align:center|color:%23ffffff|line_height:1&#8243; use_theme_fonts=&#8221;yes&#8221; css=&#8221;.vc_custom_1531175907146{margin-bottom: 20px !important;}&#8221; el_class=&#8221;titlebar-title&#8221;]<div class=\"headline font-inherit fontsize-xxl fontweight-500 lh-inherit align-center transform-inherit titlebar-subtitle\" style=\"margin: 0 0 20px 0; color: #ffffff;\">Learn about the system&#8217;s opportunities and the benefits of them<\/div><\/div>[\/vc_column][\/vc_row][vc_row top_padding=&#8221;60&#8243;][vc_column width=&#8221;1\/1&#8243;]<div class=\"headline font-inherit fontsize-xxl fontweight-300 lh-12 align-left transform-inherit lead\" style=\"margin: 0 0 20px 0;\">The process management system, referred to as BPM (Business Process Management), supports the control of business processes in enterprises. Its rich number of functionalities allows to automate both routine processes characteristic of each company as well as non-typical tasks specific to the selected company.<\/div>[vc_column_text]The workshop aims to familiarize participants with the subject matter of the LoVo BPM Platform functioning and its various possibilities supporting the development and automation of business processes in companies. During the workshops, issues related to the LoVo BPM functionalities as well as the resulting benefits for enterprises are discussed. Meetings include the theoretical part &#8211; presentations of specialists responsible for sales and implementation of solutions as well as practical part, i.e. discussion panel.<\/p>\n<p>&nbsp;<\/p>\n<p><img loading=\"lazy\" decoding=\"async\" class=\"alignnone wp-image-17934 size-large\" src=\"https:\/\/www.lovo.pl\/wp-content\/uploads\/2018\/08\/image033-1024x203.png\" alt=\"\" width=\"1024\" height=\"203\" srcset=\"https:\/\/www.lovo.pl\/wp-content\/uploads\/2018\/08\/image033-1024x203.png 1024w, https:\/\/www.lovo.pl\/wp-content\/uploads\/2018\/08\/image033-300x60.png 300w, https:\/\/www.lovo.pl\/wp-content\/uploads\/2018\/08\/image033-768x152.png 768w, https:\/\/www.lovo.pl\/wp-content\/uploads\/2018\/08\/image033-100x20.png 100w, https:\/\/www.lovo.pl\/wp-content\/uploads\/2018\/08\/image033.png 1386w\" sizes=\"auto, (max-width: 1024px) 100vw, 1024px\" \/><\/p>\n<p>&nbsp;<\/p>\n<p>If you would like to become familiar with the business benefits offered by the LoVo system, please visit our <a href=\"http:\/\/bpmbarbara.lovo.pl\/\"><strong>website<\/strong><\/a> or fill out the form below.[\/vc_column_text][vc_empty_space][\/vc_column][\/vc_row]<\/p>\n","protected":false},"excerpt":{"rendered":"<p>[vc_row bg_image=&#8221;17921&#8243; class=&#8221;row-titlebar-image titlebar-font-small&#8221;][vc_column width=&#8221;1\/1&#8243;][\/vc_column][\/vc_row][vc_row top_padding=&#8221;60&#8243;][vc_column width=&#8221;1\/1&#8243;][vc_column_text]The workshop aims to familiarize participants with the subject matter of the LoVo BPM Platform functioning and its various possibilities supporting the development and automation of business processes in companies. During the workshops, issues related to the LoVo BPM functionalities as well as the resulting benefits for enterprises are discussed. Meetings include the theoretical part &#8211; presentations of specialists responsible for sales and implementation of solutions as well as practical part, i.e. discussion panel. &nbsp; &nbsp; If you would like to become familiar with the business benefits offered by the LoVo system, please visit our website or fill out the form below.[\/vc_column_text][vc_empty_space][\/vc_column][\/vc_row]<\/p>\n","protected":false},"author":1,"featured_media":0,"parent":18518,"menu_order":0,"comment_status":"closed","ping_status":"closed","template":"","meta":{"footnotes":""},"class_list":["post-18553","page","type-page","status-publish","hentry"],"yoast_head":"<!-- This site is optimized with the Yoast SEO plugin v24.3 - https:\/\/yoast.com\/wordpress\/plugins\/seo\/ -->\n<title>BPM Workshops - LoVo<\/title>\n<meta name=\"description\" content=\"Dowiedz si\u0119, jak skutecznie analizowa\u0107, modelowa\u0107 i zarz\u0105dza\u0107 procesami biznesowymi BPM (Business Process Management) w swojej firmie.\" \/>\n<meta name=\"robots\" content=\"noindex, follow, max-snippet:-1, max-image-preview:large, max-video-preview:-1\" \/>\n<meta property=\"og:locale\" content=\"en_US\" \/>\n<meta property=\"og:type\" content=\"article\" \/>\n<meta property=\"og:title\" content=\"BPM Workshops - LoVo\" \/>\n<meta property=\"og:description\" content=\"Dowiedz si\u0119, jak skutecznie analizowa\u0107, modelowa\u0107 i zarz\u0105dza\u0107 procesami biznesowymi BPM (Business Process Management) w swojej firmie.\" \/>\n<meta property=\"og:url\" content=\"https:\/\/www.lovo.pl\/en\/telecommunications-training-and-support\/training-and-workshops\/bpm-workshops\/\" \/>\n<meta property=\"og:site_name\" content=\"LoVo\" \/>\n<meta property=\"article:modified_time\" content=\"2018-09-03T10:59:18+00:00\" \/>\n<meta property=\"og:image\" content=\"https:\/\/www.lovo.pl\/wp-content\/uploads\/2018\/08\/image033-1024x203.png\" \/>\n<meta name=\"twitter:card\" content=\"summary_large_image\" \/>\n<meta name=\"twitter:label1\" content=\"Est. reading time\" \/>\n\t<meta name=\"twitter:data1\" content=\"1 minute\" \/>\n<script type=\"application\/ld+json\" class=\"yoast-schema-graph\">{\"@context\":\"https:\/\/schema.org\",\"@graph\":[{\"@type\":\"WebPage\",\"@id\":\"https:\/\/www.lovo.pl\/en\/telecommunications-training-and-support\/training-and-workshops\/bpm-workshops\/\",\"url\":\"https:\/\/www.lovo.pl\/en\/telecommunications-training-and-support\/training-and-workshops\/bpm-workshops\/\",\"name\":\"BPM Workshops - LoVo\",\"isPartOf\":{\"@id\":\"https:\/\/www.lovo.pl\/en\/#website\"},\"primaryImageOfPage\":{\"@id\":\"https:\/\/www.lovo.pl\/en\/telecommunications-training-and-support\/training-and-workshops\/bpm-workshops\/#primaryimage\"},\"image\":{\"@id\":\"https:\/\/www.lovo.pl\/en\/telecommunications-training-and-support\/training-and-workshops\/bpm-workshops\/#primaryimage\"},\"thumbnailUrl\":\"https:\/\/www.lovo.pl\/wp-content\/uploads\/2018\/08\/image033-1024x203.png\",\"datePublished\":\"2018-07-22T14:49:14+00:00\",\"dateModified\":\"2018-09-03T10:59:18+00:00\",\"description\":\"Dowiedz si\u0119, jak skutecznie analizowa\u0107, modelowa\u0107 i zarz\u0105dza\u0107 procesami biznesowymi BPM (Business Process Management) w swojej firmie.\",\"breadcrumb\":{\"@id\":\"https:\/\/www.lovo.pl\/en\/telecommunications-training-and-support\/training-and-workshops\/bpm-workshops\/#breadcrumb\"},\"inLanguage\":\"en-US\",\"potentialAction\":[{\"@type\":\"ReadAction\",\"target\":[\"https:\/\/www.lovo.pl\/en\/telecommunications-training-and-support\/training-and-workshops\/bpm-workshops\/\"]}]},{\"@type\":\"ImageObject\",\"inLanguage\":\"en-US\",\"@id\":\"https:\/\/www.lovo.pl\/en\/telecommunications-training-and-support\/training-and-workshops\/bpm-workshops\/#primaryimage\",\"url\":\"https:\/\/www.lovo.pl\/wp-content\/uploads\/2018\/08\/image033-1024x203.png\",\"contentUrl\":\"https:\/\/www.lovo.pl\/wp-content\/uploads\/2018\/08\/image033-1024x203.png\"},{\"@type\":\"BreadcrumbList\",\"@id\":\"https:\/\/www.lovo.pl\/en\/telecommunications-training-and-support\/training-and-workshops\/bpm-workshops\/#breadcrumb\",\"itemListElement\":[{\"@type\":\"ListItem\",\"position\":1,\"name\":\"Strona g\u0142\u00f3wna\",\"item\":\"https:\/\/www.lovo.pl\/en\/\"},{\"@type\":\"ListItem\",\"position\":2,\"name\":\"Telecommunications support\",\"item\":\"https:\/\/www.lovo.pl\/en\/telecommunications-training-and-support\/\"},{\"@type\":\"ListItem\",\"position\":3,\"name\":\"Training and workshops\",\"item\":\"https:\/\/www.lovo.pl\/en\/telecommunications-training-and-support\/training-and-workshops\/\"},{\"@type\":\"ListItem\",\"position\":4,\"name\":\"BPM Workshops\"}]},{\"@type\":\"WebSite\",\"@id\":\"https:\/\/www.lovo.pl\/en\/#website\",\"url\":\"https:\/\/www.lovo.pl\/en\/\",\"name\":\"LoVo\",\"description\":\"Wirtualne rozwi\u0105zania telekomunikacyjne dla Operator\u00f3w, Reseller\u00f3w i Integrator\u00f3w oraz innowacyjne us\u0142ugi teleinformatyczne dla Biznesu.\",\"potentialAction\":[{\"@type\":\"SearchAction\",\"target\":{\"@type\":\"EntryPoint\",\"urlTemplate\":\"https:\/\/www.lovo.pl\/en\/?s={search_term_string}\"},\"query-input\":{\"@type\":\"PropertyValueSpecification\",\"valueRequired\":true,\"valueName\":\"search_term_string\"}}],\"inLanguage\":\"en-US\"}]}<\/script>\n<!-- \/ Yoast SEO plugin. -->","yoast_head_json":{"title":"BPM Workshops - LoVo","description":"Dowiedz si\u0119, jak skutecznie analizowa\u0107, modelowa\u0107 i zarz\u0105dza\u0107 procesami biznesowymi BPM (Business Process Management) w swojej firmie.","robots":{"index":"noindex","follow":"follow","max-snippet":"max-snippet:-1","max-image-preview":"max-image-preview:large","max-video-preview":"max-video-preview:-1"},"og_locale":"en_US","og_type":"article","og_title":"BPM Workshops - LoVo","og_description":"Dowiedz si\u0119, jak skutecznie analizowa\u0107, modelowa\u0107 i zarz\u0105dza\u0107 procesami biznesowymi BPM (Business Process Management) w swojej firmie.","og_url":"https:\/\/www.lovo.pl\/en\/telecommunications-training-and-support\/training-and-workshops\/bpm-workshops\/","og_site_name":"LoVo","article_modified_time":"2018-09-03T10:59:18+00:00","og_image":[{"url":"https:\/\/www.lovo.pl\/wp-content\/uploads\/2018\/08\/image033-1024x203.png","type":"","width":"","height":""}],"twitter_card":"summary_large_image","twitter_misc":{"Est. reading time":"1 minute"},"schema":{"@context":"https:\/\/schema.org","@graph":[{"@type":"WebPage","@id":"https:\/\/www.lovo.pl\/en\/telecommunications-training-and-support\/training-and-workshops\/bpm-workshops\/","url":"https:\/\/www.lovo.pl\/en\/telecommunications-training-and-support\/training-and-workshops\/bpm-workshops\/","name":"BPM Workshops - LoVo","isPartOf":{"@id":"https:\/\/www.lovo.pl\/en\/#website"},"primaryImageOfPage":{"@id":"https:\/\/www.lovo.pl\/en\/telecommunications-training-and-support\/training-and-workshops\/bpm-workshops\/#primaryimage"},"image":{"@id":"https:\/\/www.lovo.pl\/en\/telecommunications-training-and-support\/training-and-workshops\/bpm-workshops\/#primaryimage"},"thumbnailUrl":"https:\/\/www.lovo.pl\/wp-content\/uploads\/2018\/08\/image033-1024x203.png","datePublished":"2018-07-22T14:49:14+00:00","dateModified":"2018-09-03T10:59:18+00:00","description":"Dowiedz si\u0119, jak skutecznie analizowa\u0107, modelowa\u0107 i zarz\u0105dza\u0107 procesami biznesowymi BPM (Business Process Management) w swojej firmie.","breadcrumb":{"@id":"https:\/\/www.lovo.pl\/en\/telecommunications-training-and-support\/training-and-workshops\/bpm-workshops\/#breadcrumb"},"inLanguage":"en-US","potentialAction":[{"@type":"ReadAction","target":["https:\/\/www.lovo.pl\/en\/telecommunications-training-and-support\/training-and-workshops\/bpm-workshops\/"]}]},{"@type":"ImageObject","inLanguage":"en-US","@id":"https:\/\/www.lovo.pl\/en\/telecommunications-training-and-support\/training-and-workshops\/bpm-workshops\/#primaryimage","url":"https:\/\/www.lovo.pl\/wp-content\/uploads\/2018\/08\/image033-1024x203.png","contentUrl":"https:\/\/www.lovo.pl\/wp-content\/uploads\/2018\/08\/image033-1024x203.png"},{"@type":"BreadcrumbList","@id":"https:\/\/www.lovo.pl\/en\/telecommunications-training-and-support\/training-and-workshops\/bpm-workshops\/#breadcrumb","itemListElement":[{"@type":"ListItem","position":1,"name":"Strona g\u0142\u00f3wna","item":"https:\/\/www.lovo.pl\/en\/"},{"@type":"ListItem","position":2,"name":"Telecommunications support","item":"https:\/\/www.lovo.pl\/en\/telecommunications-training-and-support\/"},{"@type":"ListItem","position":3,"name":"Training and workshops","item":"https:\/\/www.lovo.pl\/en\/telecommunications-training-and-support\/training-and-workshops\/"},{"@type":"ListItem","position":4,"name":"BPM Workshops"}]},{"@type":"WebSite","@id":"https:\/\/www.lovo.pl\/en\/#website","url":"https:\/\/www.lovo.pl\/en\/","name":"LoVo","description":"Wirtualne rozwi\u0105zania telekomunikacyjne dla Operator\u00f3w, Reseller\u00f3w i Integrator\u00f3w oraz innowacyjne us\u0142ugi teleinformatyczne dla Biznesu.","potentialAction":[{"@type":"SearchAction","target":{"@type":"EntryPoint","urlTemplate":"https:\/\/www.lovo.pl\/en\/?s={search_term_string}"},"query-input":{"@type":"PropertyValueSpecification","valueRequired":true,"valueName":"search_term_string"}}],"inLanguage":"en-US"}]}},"_links":{"self":[{"href":"https:\/\/www.lovo.pl\/en\/wp-json\/wp\/v2\/pages\/18553","targetHints":{"allow":["GET"]}}],"collection":[{"href":"https:\/\/www.lovo.pl\/en\/wp-json\/wp\/v2\/pages"}],"about":[{"href":"https:\/\/www.lovo.pl\/en\/wp-json\/wp\/v2\/types\/page"}],"author":[{"embeddable":true,"href":"https:\/\/www.lovo.pl\/en\/wp-json\/wp\/v2\/users\/1"}],"replies":[{"embeddable":true,"href":"https:\/\/www.lovo.pl\/en\/wp-json\/wp\/v2\/comments?post=18553"}],"version-history":[{"count":3,"href":"https:\/\/www.lovo.pl\/en\/wp-json\/wp\/v2\/pages\/18553\/revisions"}],"predecessor-version":[{"id":18895,"href":"https:\/\/www.lovo.pl\/en\/wp-json\/wp\/v2\/pages\/18553\/revisions\/18895"}],"up":[{"embeddable":true,"href":"https:\/\/www.lovo.pl\/en\/wp-json\/wp\/v2\/pages\/18518"}],"wp:attachment":[{"href":"https:\/\/www.lovo.pl\/en\/wp-json\/wp\/v2\/media?parent=18553"}],"curies":[{"name":"wp","href":"https:\/\/api.w.org\/{rel}","templated":true}]}}