{"id":18550,"date":"2018-07-23T12:21:32","date_gmt":"2018-07-23T10:21:32","guid":{"rendered":"https:\/\/www.lovo.pl\/informacje\/"},"modified":"2020-03-04T12:44:57","modified_gmt":"2020-03-04T11:44:57","slug":"about-us","status":"publish","type":"page","link":"https:\/\/www.lovo.pl\/en\/about-the-company\/about-us\/","title":{"rendered":"LoVo"},"content":{"rendered":"<p>[vc_row bg_image=&#8221;17947&#8243; class=&#8221;row-titlebar-image titlebar-font-large&#8221;][vc_column width=&#8221;1\/1&#8243;]<div class=\"minti_boxedholder   clearfix\" style=\"padding: 0px 0px 0px 0px; margin: 0px 0px 0px 0px; \">[vc_custom_heading source=&#8221;post_title&#8221; font_container=&#8221;tag:h1|font_size:80px|text_align:center|color:%23ffffff|line_height:1&#8243; use_theme_fonts=&#8221;yes&#8221; css=&#8221;.vc_custom_1531178485979{margin-bottom: 20px !important;}&#8221; el_class=&#8221;titlebar-title&#8221;]<div class=\"headline font-inherit fontsize-xxl fontweight-500 lh-inherit align-center transform-inherit titlebar-subtitle\" style=\"margin: 0 0 20px 0; color: #ffffff;\">About the company and its history<\/div><\/div>[\/vc_column][\/vc_row][vc_row top_padding=&#8221;60&#8243;][vc_column width=&#8221;1\/1&#8243;]<div class=\"headline font-inherit fontsize-xxl fontweight-300 lh-12 align-left transform-inherit lead\" style=\"margin: 0 0 20px 0;\">LoVo is the strength and experience of companies operating in the telecommunications industry for years. The core business of the LoVo is the provision of modern telecommunications services in the field of telephone connections and Internet access. LoVo has many years of experience in the telecommunications industry, providing services to operators, resellers and business customers. Our company is also one of the few telecommunications networks specializing in professional services for the domestic and international wholesale market.<\/div>[vc_column_text]LoVo companies are members of the Polish Chamber of Commerce for Electronics and Telecommunications (KIGEiT) and the National Chamber of Communications for Ethernet (KIKE).<\/p>\n<h2><strong><u>LoVo companies<\/u><\/strong><\/h2>\n<p>It consists of:<\/p>\n<ul>\n<li>LoVo Sp. z o.o. Sp. k. (formerly LoVo S.A.)<\/li>\n<li>LoVo Sp. z o.o.<\/li>\n<li>LoVo Software Sp. z o.o.<\/li>\n<li>Futura LoVo Media Group Sp. z o.o.<\/li>\n<li>Eoon Sp. z o.o.<\/li>\n<\/ul>\n<p>[\/vc_column_text][\/vc_column][\/vc_row][vc_row top_padding=&#8221;60&#8243;][vc_column width=&#8221;1\/1&#8243;][vc_tta_accordion style=&#8221;flat&#8221; active_section=&#8221;0&#8243; collapsible_all=&#8221;true&#8221;][vc_tta_section title=&#8221;History&#8221; tab_id=&#8221;1534932170087-65b28617-9858e340-ae1d5bcf-060c&#8221;][vc_column_text]LoVo companies are already operating on the telecommunications market for over a dozen years. In October <strong>2012<\/strong>, the companies Telekomunikacja Bli\u017cej S.A., Telekomunikacja Bli\u017cej Sp. z o.o., Media Nowej Generacji and TeleKontakt24 Sp. z o.o. have joined forces in the telecommunications services market. The companies changed their names to LoVo S.A., LoVo Telekomunikacja Bli\u017cej Sp. z o.o., LoVo Sp. z o.o. and LoVo TeleKontakt24 Sp. z o.o., creating the LoVo.<\/p>\n<p>The process of diversification of the network interconnection points with operators by building contacts in several collocations was started along with the development. We currently have several central collocation points in which we have built FPSS with all major domestic and foreign operators, which allows us to maintain high security and quality of services.<\/p>\n<p>The expansion on the wholesale market began in <strong>2006<\/strong>. At that time, we started to connect the first operators providing telecommunications services to their subscribers and we began to provide telecommunications traffic transit services.<\/p>\n<p>In the years <strong>2006-2008<\/strong> we have built our own physical network contact points with leading operators in Poland, which we can now lease to other smaller operators.<\/p>\n<p>In <strong>2009<\/strong>, LoVo created the innovative Telecommunications Platform HIPERUS &#8211; a solution that enables the provision of modern services based on packet technologies in both mobile and fixed telecommunications networks.<\/p>\n<p>Thanks to the capabilities of the HIPERUS Platform, LoVo has begun to provide its services on the reseller market, as well as to Business and Retail Customers.<\/p>\n<p>The LoVo network already serves over <strong>850,000 subscriber numbers<\/strong> and over <strong>600 domestic and international operators<\/strong> who generate over <strong>2.16 billion minutes a year<\/strong>.<\/p>\n<p>In <strong>2009<\/strong>, LoVo companies completed the construction of a network of their own inter-operator contact points in all 49 national numbering zones.<\/p>\n<p>In January <strong>2020<\/strong> LoVo Telekontakt24 Sp. z o.o. has changed its name to LoVo Sp. z o.o. In March <strong>2020<\/strong> LoVo S.A. has changed the legal form of business and will operate as a transformed company under the name of LoVo Sp. z o.o. Sp. K.<\/p>\n<p>We have also been operating on the convergent services market in recent years. Since we have our own contact points with a leading telecommunications operator, we have started connecting additional End-Customers to our network.[\/vc_column_text][\/vc_tta_section][vc_tta_section title=&#8221;Our values&#8221; tab_id=&#8221;1534932170114-1abb4267-7438e340-ae1d5bcf-060c&#8221;][vc_column_text]Our values \u200b\u200bdefine us. They affect the activities and the way we work with customers and the environment. By writing them, we tried to show only those that our Customers and Business Partners sincerely appreciate. To this end, we have turned to hundreds of people around the world to describe who we are for them and what they appreciate us for. The image that emerged from the answers received was extremely consistent. We have prepared a declaration of our values \u200b\u200bbased on these answers. That is why we are sure that they really reflect the way our representatives behave around the world.<\/p>\n<ul>\n<li><strong>Pro-customer culture<\/strong><\/li>\n<\/ul>\n<p>We perfectly understand the business of our Customers, which requires modern telecommunications solutions. We provide them in simple and comprehensive offers tailored individually to our Customers. We provide full support through an offer covering a wide range of products and solutions<\/p>\n<p>The specialized staff makes every effort to maintain service at the highest world-class level<\/p>\n<ul>\n<li><strong>High quality of services provided<\/strong><\/li>\n<\/ul>\n<p>We provide high quality and fast access to domestic and world Internet resources.<\/p>\n<p>We use modern algorithms based on HD Voice standards, thanks to which the voice transmitted through the network is difficult to distinguish from direct conversation.<\/p>\n<p>The LoVo backbone network ensures the highest quality of transmission within the network and guarantees high quality of transmission with the global Internet network.<\/p>\n<ul>\n<li><strong>Professionalism, stability and trust<\/strong><\/li>\n<\/ul>\n<p>As an experienced telecommunications operator, we are a reliable and stable partner. For many years, we care for the highest standards of services and gain the trust of further customers.<\/p>\n<p>Each LoVo Customer has a dedicated supervisor throughout the period of cooperation with the Operator, and all services are monitored by a 24\/7 network management center.[\/vc_column_text][\/vc_tta_section][vc_tta_section title=&#8221;Our vision&#8221; tab_id=&#8221;1535113275544-51bbd73f-7e645bcf-060c&#8221;][vc_column_text]Become a leading modern alternative telecommunications operator, perceived as a leader in innovative telecommunications solutions.[\/vc_column_text][\/vc_tta_section][vc_tta_section title=&#8221;Our mission&#8221; tab_id=&#8221;1535113315459-9981c6ed-756d5bcf-060c&#8221;][vc_column_text]To be a partner and advisor in business for the recipients of our telecommunications services, an attractive employer for employees and a valuable member of the local community.[\/vc_column_text][\/vc_tta_section][\/vc_tta_accordion][vc_empty_space height=&#8221;40px&#8221;][\/vc_column][\/vc_row]<\/p>\n","protected":false},"excerpt":{"rendered":"<p>[vc_row bg_image=&#8221;17947&#8243; class=&#8221;row-titlebar-image titlebar-font-large&#8221;][vc_column width=&#8221;1\/1&#8243;][\/vc_column][\/vc_row][vc_row top_padding=&#8221;60&#8243;][vc_column width=&#8221;1\/1&#8243;][vc_column_text]LoVo companies are members of the Polish Chamber of Commerce for Electronics and Telecommunications (KIGEiT) and the National Chamber of Communications for Ethernet (KIKE). LoVo companies It consists of: LoVo Sp. z o.o. Sp. k. (formerly LoVo S.A.) LoVo Sp. z o.o. LoVo Software Sp. z o.o. Futura LoVo Media Group Sp. z o.o. Eoon Sp. z o.o. [\/vc_column_text][\/vc_column][\/vc_row][vc_row top_padding=&#8221;60&#8243;][vc_column width=&#8221;1\/1&#8243;][vc_tta_accordion style=&#8221;flat&#8221; active_section=&#8221;0&#8243; collapsible_all=&#8221;true&#8221;][vc_tta_section title=&#8221;History&#8221; tab_id=&#8221;1534932170087-65b28617-9858e340-ae1d5bcf-060c&#8221;][vc_column_text]LoVo companies are already operating on the telecommunications market for over a dozen years. In October 2012, the companies Telekomunikacja Bli\u017cej S.A., Telekomunikacja Bli\u017cej Sp. z o.o., Media Nowej Generacji and TeleKontakt24 Sp. z o.o. have joined forces in the telecommunications services market. The companies changed their names to LoVo S.A., LoVo Telekomunikacja Bli\u017cej Sp. z o.o., LoVo Sp. z o.o. and LoVo TeleKontakt24 Sp. z o.o., creating the LoVo. The process of diversification of the network interconnection points with operators by building contacts in several collocations was started along with the development. We currently have several central collocation points in which we have built FPSS with all major domestic and foreign operators, which allows us to maintain high security and quality of services. The expansion on the wholesale [&hellip;]<\/p>\n","protected":false},"author":1,"featured_media":0,"parent":18591,"menu_order":0,"comment_status":"closed","ping_status":"closed","template":"","meta":{"footnotes":""},"class_list":["post-18550","page","type-page","status-publish","hentry"],"yoast_head":"<!-- This site is optimized with the Yoast SEO plugin v24.3 - https:\/\/yoast.com\/wordpress\/plugins\/seo\/ -->\n<title>LoVo - LoVo<\/title>\n<meta name=\"description\" content=\"Historia marki LoVo to opowie\u015b\u0107 o sile i do\u015bwiadczeniu sp\u00f3\u0142ek od lat dzia\u0142aj\u0105cych w bran\u017cy telekomunikacyjnej, internetowej oraz system\u00f3w teleinformatycznych\" \/>\n<meta name=\"robots\" content=\"noindex, follow, max-snippet:-1, max-image-preview:large, max-video-preview:-1\" \/>\n<meta property=\"og:locale\" content=\"en_US\" \/>\n<meta property=\"og:type\" content=\"article\" \/>\n<meta property=\"og:title\" content=\"LoVo - LoVo\" \/>\n<meta property=\"og:description\" content=\"Historia marki LoVo to opowie\u015b\u0107 o sile i do\u015bwiadczeniu sp\u00f3\u0142ek od lat dzia\u0142aj\u0105cych w bran\u017cy telekomunikacyjnej, internetowej oraz system\u00f3w teleinformatycznych\" \/>\n<meta property=\"og:url\" content=\"https:\/\/www.lovo.pl\/en\/about-the-company\/about-us\/\" \/>\n<meta property=\"og:site_name\" content=\"LoVo\" \/>\n<meta property=\"article:modified_time\" content=\"2020-03-04T11:44:57+00:00\" \/>\n<meta name=\"twitter:card\" content=\"summary_large_image\" \/>\n<meta name=\"twitter:label1\" content=\"Est. reading time\" \/>\n\t<meta name=\"twitter:data1\" content=\"5 minutes\" \/>\n<script type=\"application\/ld+json\" class=\"yoast-schema-graph\">{\"@context\":\"https:\/\/schema.org\",\"@graph\":[{\"@type\":\"WebPage\",\"@id\":\"https:\/\/www.lovo.pl\/en\/about-the-company\/about-us\/\",\"url\":\"https:\/\/www.lovo.pl\/en\/about-the-company\/about-us\/\",\"name\":\"LoVo - LoVo\",\"isPartOf\":{\"@id\":\"https:\/\/www.lovo.pl\/en\/#website\"},\"datePublished\":\"2018-07-23T10:21:32+00:00\",\"dateModified\":\"2020-03-04T11:44:57+00:00\",\"description\":\"Historia marki LoVo to opowie\u015b\u0107 o sile i do\u015bwiadczeniu sp\u00f3\u0142ek od lat dzia\u0142aj\u0105cych w bran\u017cy telekomunikacyjnej, internetowej oraz system\u00f3w teleinformatycznych\",\"breadcrumb\":{\"@id\":\"https:\/\/www.lovo.pl\/en\/about-the-company\/about-us\/#breadcrumb\"},\"inLanguage\":\"en-US\",\"potentialAction\":[{\"@type\":\"ReadAction\",\"target\":[\"https:\/\/www.lovo.pl\/en\/about-the-company\/about-us\/\"]}]},{\"@type\":\"BreadcrumbList\",\"@id\":\"https:\/\/www.lovo.pl\/en\/about-the-company\/about-us\/#breadcrumb\",\"itemListElement\":[{\"@type\":\"ListItem\",\"position\":1,\"name\":\"Strona g\u0142\u00f3wna\",\"item\":\"https:\/\/www.lovo.pl\/en\/\"},{\"@type\":\"ListItem\",\"position\":2,\"name\":\"LoVo\",\"item\":\"https:\/\/www.lovo.pl\/en\/about-the-company\/\"},{\"@type\":\"ListItem\",\"position\":3,\"name\":\"LoVo\"}]},{\"@type\":\"WebSite\",\"@id\":\"https:\/\/www.lovo.pl\/en\/#website\",\"url\":\"https:\/\/www.lovo.pl\/en\/\",\"name\":\"LoVo\",\"description\":\"Wirtualne rozwi\u0105zania telekomunikacyjne dla Operator\u00f3w, Reseller\u00f3w i Integrator\u00f3w oraz innowacyjne us\u0142ugi teleinformatyczne dla Biznesu.\",\"potentialAction\":[{\"@type\":\"SearchAction\",\"target\":{\"@type\":\"EntryPoint\",\"urlTemplate\":\"https:\/\/www.lovo.pl\/en\/?s={search_term_string}\"},\"query-input\":{\"@type\":\"PropertyValueSpecification\",\"valueRequired\":true,\"valueName\":\"search_term_string\"}}],\"inLanguage\":\"en-US\"}]}<\/script>\n<!-- \/ Yoast SEO plugin. -->","yoast_head_json":{"title":"LoVo - LoVo","description":"Historia marki LoVo to opowie\u015b\u0107 o sile i do\u015bwiadczeniu sp\u00f3\u0142ek od lat dzia\u0142aj\u0105cych w bran\u017cy telekomunikacyjnej, internetowej oraz system\u00f3w teleinformatycznych","robots":{"index":"noindex","follow":"follow","max-snippet":"max-snippet:-1","max-image-preview":"max-image-preview:large","max-video-preview":"max-video-preview:-1"},"og_locale":"en_US","og_type":"article","og_title":"LoVo - LoVo","og_description":"Historia marki LoVo to opowie\u015b\u0107 o sile i do\u015bwiadczeniu sp\u00f3\u0142ek od lat dzia\u0142aj\u0105cych w bran\u017cy telekomunikacyjnej, internetowej oraz system\u00f3w teleinformatycznych","og_url":"https:\/\/www.lovo.pl\/en\/about-the-company\/about-us\/","og_site_name":"LoVo","article_modified_time":"2020-03-04T11:44:57+00:00","twitter_card":"summary_large_image","twitter_misc":{"Est. reading time":"5 minutes"},"schema":{"@context":"https:\/\/schema.org","@graph":[{"@type":"WebPage","@id":"https:\/\/www.lovo.pl\/en\/about-the-company\/about-us\/","url":"https:\/\/www.lovo.pl\/en\/about-the-company\/about-us\/","name":"LoVo - LoVo","isPartOf":{"@id":"https:\/\/www.lovo.pl\/en\/#website"},"datePublished":"2018-07-23T10:21:32+00:00","dateModified":"2020-03-04T11:44:57+00:00","description":"Historia marki LoVo to opowie\u015b\u0107 o sile i do\u015bwiadczeniu sp\u00f3\u0142ek od lat dzia\u0142aj\u0105cych w bran\u017cy telekomunikacyjnej, internetowej oraz system\u00f3w teleinformatycznych","breadcrumb":{"@id":"https:\/\/www.lovo.pl\/en\/about-the-company\/about-us\/#breadcrumb"},"inLanguage":"en-US","potentialAction":[{"@type":"ReadAction","target":["https:\/\/www.lovo.pl\/en\/about-the-company\/about-us\/"]}]},{"@type":"BreadcrumbList","@id":"https:\/\/www.lovo.pl\/en\/about-the-company\/about-us\/#breadcrumb","itemListElement":[{"@type":"ListItem","position":1,"name":"Strona g\u0142\u00f3wna","item":"https:\/\/www.lovo.pl\/en\/"},{"@type":"ListItem","position":2,"name":"LoVo","item":"https:\/\/www.lovo.pl\/en\/about-the-company\/"},{"@type":"ListItem","position":3,"name":"LoVo"}]},{"@type":"WebSite","@id":"https:\/\/www.lovo.pl\/en\/#website","url":"https:\/\/www.lovo.pl\/en\/","name":"LoVo","description":"Wirtualne rozwi\u0105zania telekomunikacyjne dla Operator\u00f3w, Reseller\u00f3w i Integrator\u00f3w oraz innowacyjne us\u0142ugi teleinformatyczne dla Biznesu.","potentialAction":[{"@type":"SearchAction","target":{"@type":"EntryPoint","urlTemplate":"https:\/\/www.lovo.pl\/en\/?s={search_term_string}"},"query-input":{"@type":"PropertyValueSpecification","valueRequired":true,"valueName":"search_term_string"}}],"inLanguage":"en-US"}]}},"_links":{"self":[{"href":"https:\/\/www.lovo.pl\/en\/wp-json\/wp\/v2\/pages\/18550","targetHints":{"allow":["GET"]}}],"collection":[{"href":"https:\/\/www.lovo.pl\/en\/wp-json\/wp\/v2\/pages"}],"about":[{"href":"https:\/\/www.lovo.pl\/en\/wp-json\/wp\/v2\/types\/page"}],"author":[{"embeddable":true,"href":"https:\/\/www.lovo.pl\/en\/wp-json\/wp\/v2\/users\/1"}],"replies":[{"embeddable":true,"href":"https:\/\/www.lovo.pl\/en\/wp-json\/wp\/v2\/comments?post=18550"}],"version-history":[{"count":8,"href":"https:\/\/www.lovo.pl\/en\/wp-json\/wp\/v2\/pages\/18550\/revisions"}],"predecessor-version":[{"id":21237,"href":"https:\/\/www.lovo.pl\/en\/wp-json\/wp\/v2\/pages\/18550\/revisions\/21237"}],"up":[{"embeddable":true,"href":"https:\/\/www.lovo.pl\/en\/wp-json\/wp\/v2\/pages\/18591"}],"wp:attachment":[{"href":"https:\/\/www.lovo.pl\/en\/wp-json\/wp\/v2\/media?parent=18550"}],"curies":[{"name":"wp","href":"https:\/\/api.w.org\/{rel}","templated":true}]}}