{"id":18549,"date":"2018-07-23T12:23:22","date_gmt":"2018-07-23T10:23:22","guid":{"rendered":"https:\/\/www.lovo.pl\/zarzad-i-managerowie\/"},"modified":"2018-09-19T13:55:01","modified_gmt":"2018-09-19T11:55:01","slug":"management-board","status":"publish","type":"page","link":"https:\/\/www.lovo.pl\/en\/about-the-company\/management-board\/","title":{"rendered":"Management Board and managerial staff"},"content":{"rendered":"<p>[vc_row bg_image=&#8221;17947&#8243; class=&#8221;row-titlebar-image titlebar-font-medium&#8221;][vc_column width=&#8221;1\/1&#8243;]<div class=\"minti_boxedholder   clearfix\" style=\"padding: 0px 0px 0px 0px; margin: 0px 0px 0px 0px; \">[vc_custom_heading source=&#8221;post_title&#8221; font_container=&#8221;tag:h1|font_size:80px|text_align:center|color:%23ffffff|line_height:1&#8243; use_theme_fonts=&#8221;yes&#8221; css=&#8221;.vc_custom_1531175907146{margin-bottom: 20px !important;}&#8221; el_class=&#8221;titlebar-title&#8221;]<div class=\"headline font-inherit fontsize-xxl fontweight-500 lh-inherit align-center transform-inherit titlebar-subtitle\" style=\"margin: 0 0 20px 0; color: #ffffff;\">Our experts<\/div><\/div>[\/vc_column][\/vc_row][vc_row top_padding=&#8221;60&#8243;][vc_column width=&#8221;1\/1&#8243;]<div class=\"headline font-inherit fontsize-xxl fontweight-300 lh-12 align-left transform-inherit lead\" style=\"margin: 0 0 20px 0;\">Members of the LoVo SA Management Board are people with rich experience, well-grounded substantive knowledge and extensive, practical knowledge of the telecommunications industry. All Board Members have been cooperating with each other for years, which facilitates effective management of the company on a daily basis.<\/div>[vc_tta_accordion style=&#8221;flat&#8221; active_section=&#8221;0&#8243; collapsible_all=&#8221;true&#8221;][vc_tta_section title=&#8221;Krzysztof Kornacki &#8221; tab_id=&#8221;1534932170087-65b28617-9858904b-30f6&#8243;][vc_column_text]He is responsible for the inter-operator services sector at LoVo. A graduate of the Faculty of Economics of the University of Gda\u0144sk. He began his career in the nineties as a specialist in the development of new technologies and telecommunications platforms. He is an expert in matters of inter-operator regulations and situation on the telecommunications market in terms of competitiveness and infrastructure. Member of the Council of the National Chamber of Commerce for Electronics and Telecommunications. Privately, a traveller, passionate about sailing and surfing.[\/vc_column_text][\/vc_tta_section][vc_tta_section title=&#8221;Andrzej D\u0105browa &#8221; tab_id=&#8221;1534932170114-1abb4267-7438904b-30f6&#8243;][vc_column_text]He is responsible for the Business Customers sector at LoVo. A graduate of the Warsaw University of Life Sciences. An expert in the field of introducing new telecommunications products, an outstanding manager and sales and marketing specialist. Privately, a sports lover, running and cycling over Europe with his sons.[\/vc_column_text][\/vc_tta_section][vc_tta_section title=&#8221;Tomasz Brzozowski &#8221; tab_id=&#8221;1535115481304-8eae5fc2-434b&#8221;][vc_column_text]He is responsible for Research &amp; Development (R&amp;D) at LoVo. He studied at the Polish-Japanese College of Information Technology with the specialization in Software Engineering and Database. An invaluable expert of VoIP technology, NGN type networks and TDM technology solutions in optical networks. A specialist in the field of software for telecommunications platforms. Privately, he is passionate about civil aviation and technological aspects of flight simulators. After hours, a cyclist of a fixed-gear bicycle.[\/vc_column_text][\/vc_tta_section][vc_tta_section title=&#8221;Managerial staff&#8221; tab_id=&#8221;1535115517036-49b99b95-57bc&#8221;][vc_column_text]Management is an art that requires many skills. The constant changes that are taking place in our world pose a big challenge for every enterprise. Efforts to make every employee able to use the tools necessary for continuous learning and development become our primary goal. That is why the important goal of our company is the development of the managerial staff in terms of the quality of services offered, substantive excellence and development of business competences. As part of managerial training, cycles of trainings are conducted to prepare professionals for process and team management as well as speeches and expert presentations at conferences and workshops.[\/vc_column_text][\/vc_tta_section][\/vc_tta_accordion][vc_empty_space height=&#8221;40px&#8221;][\/vc_column][\/vc_row]<\/p>\n","protected":false},"excerpt":{"rendered":"<p>[vc_row bg_image=&#8221;17947&#8243; class=&#8221;row-titlebar-image titlebar-font-medium&#8221;][vc_column width=&#8221;1\/1&#8243;][\/vc_column][\/vc_row][vc_row top_padding=&#8221;60&#8243;][vc_column width=&#8221;1\/1&#8243;][vc_tta_accordion style=&#8221;flat&#8221; active_section=&#8221;0&#8243; collapsible_all=&#8221;true&#8221;][vc_tta_section title=&#8221;Krzysztof Kornacki &#8221; tab_id=&#8221;1534932170087-65b28617-9858904b-30f6&#8243;][vc_column_text]He is responsible for the inter-operator services sector at LoVo. A graduate of the Faculty of Economics of the University of Gda\u0144sk. He began his career in the nineties as a specialist in the development of new technologies and telecommunications platforms. He is an expert in matters of inter-operator regulations and situation on the telecommunications market in terms of competitiveness and infrastructure. Member of the Council of the National Chamber of Commerce for Electronics and Telecommunications. Privately, a traveller, passionate about sailing and surfing.[\/vc_column_text][\/vc_tta_section][vc_tta_section title=&#8221;Andrzej D\u0105browa &#8221; tab_id=&#8221;1534932170114-1abb4267-7438904b-30f6&#8243;][vc_column_text]He is responsible for the Business Customers sector at LoVo. A graduate of the Warsaw University of Life Sciences. An expert in the field of introducing new telecommunications products, an outstanding manager and sales and marketing specialist. Privately, a sports lover, running and cycling over Europe with his sons.[\/vc_column_text][\/vc_tta_section][vc_tta_section title=&#8221;Tomasz Brzozowski &#8221; tab_id=&#8221;1535115481304-8eae5fc2-434b&#8221;][vc_column_text]He is responsible for Research &amp; Development (R&amp;D) at LoVo. He studied at the Polish-Japanese College of Information Technology with the specialization in Software Engineering and Database. An invaluable expert of VoIP technology, NGN type networks and TDM technology solutions in optical networks. A specialist in the field [&hellip;]<\/p>\n","protected":false},"author":1,"featured_media":0,"parent":18591,"menu_order":0,"comment_status":"closed","ping_status":"closed","template":"","meta":{"footnotes":""},"class_list":["post-18549","page","type-page","status-publish","hentry"],"yoast_head":"<!-- This site is optimized with the Yoast SEO plugin v24.3 - https:\/\/yoast.com\/wordpress\/plugins\/seo\/ -->\n<title>Management Board and managerial staff - LoVo<\/title>\n<meta name=\"description\" content=\"Informacje, zdj\u0119cia i najnowsze wiadomo\u015bci o Cz\u0142onkach Zarz\u0105du oraz kluczowych Mangerach w szeregach LoVo.\" \/>\n<meta name=\"robots\" content=\"noindex, follow, max-snippet:-1, max-image-preview:large, max-video-preview:-1\" \/>\n<meta property=\"og:locale\" content=\"en_US\" \/>\n<meta property=\"og:type\" content=\"article\" \/>\n<meta property=\"og:title\" content=\"Management Board and managerial staff - LoVo\" \/>\n<meta property=\"og:description\" content=\"Informacje, zdj\u0119cia i najnowsze wiadomo\u015bci o Cz\u0142onkach Zarz\u0105du oraz kluczowych Mangerach w szeregach LoVo.\" \/>\n<meta property=\"og:url\" content=\"https:\/\/www.lovo.pl\/en\/about-the-company\/management-board\/\" \/>\n<meta property=\"og:site_name\" content=\"LoVo\" \/>\n<meta property=\"article:modified_time\" content=\"2018-09-19T11:55:01+00:00\" \/>\n<meta name=\"twitter:card\" content=\"summary_large_image\" \/>\n<meta name=\"twitter:label1\" content=\"Est. reading time\" \/>\n\t<meta name=\"twitter:data1\" content=\"3 minutes\" \/>\n<script type=\"application\/ld+json\" class=\"yoast-schema-graph\">{\"@context\":\"https:\/\/schema.org\",\"@graph\":[{\"@type\":\"WebPage\",\"@id\":\"https:\/\/www.lovo.pl\/en\/about-the-company\/management-board\/\",\"url\":\"https:\/\/www.lovo.pl\/en\/about-the-company\/management-board\/\",\"name\":\"Management Board and managerial staff - LoVo\",\"isPartOf\":{\"@id\":\"https:\/\/www.lovo.pl\/en\/#website\"},\"datePublished\":\"2018-07-23T10:23:22+00:00\",\"dateModified\":\"2018-09-19T11:55:01+00:00\",\"description\":\"Informacje, zdj\u0119cia i najnowsze wiadomo\u015bci o Cz\u0142onkach Zarz\u0105du oraz kluczowych Mangerach w szeregach LoVo.\",\"breadcrumb\":{\"@id\":\"https:\/\/www.lovo.pl\/en\/about-the-company\/management-board\/#breadcrumb\"},\"inLanguage\":\"en-US\",\"potentialAction\":[{\"@type\":\"ReadAction\",\"target\":[\"https:\/\/www.lovo.pl\/en\/about-the-company\/management-board\/\"]}]},{\"@type\":\"BreadcrumbList\",\"@id\":\"https:\/\/www.lovo.pl\/en\/about-the-company\/management-board\/#breadcrumb\",\"itemListElement\":[{\"@type\":\"ListItem\",\"position\":1,\"name\":\"Strona g\u0142\u00f3wna\",\"item\":\"https:\/\/www.lovo.pl\/en\/\"},{\"@type\":\"ListItem\",\"position\":2,\"name\":\"LoVo\",\"item\":\"https:\/\/www.lovo.pl\/en\/about-the-company\/\"},{\"@type\":\"ListItem\",\"position\":3,\"name\":\"Management Board and managerial staff\"}]},{\"@type\":\"WebSite\",\"@id\":\"https:\/\/www.lovo.pl\/en\/#website\",\"url\":\"https:\/\/www.lovo.pl\/en\/\",\"name\":\"LoVo\",\"description\":\"Wirtualne rozwi\u0105zania telekomunikacyjne dla Operator\u00f3w, Reseller\u00f3w i Integrator\u00f3w oraz innowacyjne us\u0142ugi teleinformatyczne dla Biznesu.\",\"potentialAction\":[{\"@type\":\"SearchAction\",\"target\":{\"@type\":\"EntryPoint\",\"urlTemplate\":\"https:\/\/www.lovo.pl\/en\/?s={search_term_string}\"},\"query-input\":{\"@type\":\"PropertyValueSpecification\",\"valueRequired\":true,\"valueName\":\"search_term_string\"}}],\"inLanguage\":\"en-US\"}]}<\/script>\n<!-- \/ Yoast SEO plugin. -->","yoast_head_json":{"title":"Management Board and managerial staff - LoVo","description":"Informacje, zdj\u0119cia i najnowsze wiadomo\u015bci o Cz\u0142onkach Zarz\u0105du oraz kluczowych Mangerach w szeregach LoVo.","robots":{"index":"noindex","follow":"follow","max-snippet":"max-snippet:-1","max-image-preview":"max-image-preview:large","max-video-preview":"max-video-preview:-1"},"og_locale":"en_US","og_type":"article","og_title":"Management Board and managerial staff - LoVo","og_description":"Informacje, zdj\u0119cia i najnowsze wiadomo\u015bci o Cz\u0142onkach Zarz\u0105du oraz kluczowych Mangerach w szeregach LoVo.","og_url":"https:\/\/www.lovo.pl\/en\/about-the-company\/management-board\/","og_site_name":"LoVo","article_modified_time":"2018-09-19T11:55:01+00:00","twitter_card":"summary_large_image","twitter_misc":{"Est. reading time":"3 minutes"},"schema":{"@context":"https:\/\/schema.org","@graph":[{"@type":"WebPage","@id":"https:\/\/www.lovo.pl\/en\/about-the-company\/management-board\/","url":"https:\/\/www.lovo.pl\/en\/about-the-company\/management-board\/","name":"Management Board and managerial staff - LoVo","isPartOf":{"@id":"https:\/\/www.lovo.pl\/en\/#website"},"datePublished":"2018-07-23T10:23:22+00:00","dateModified":"2018-09-19T11:55:01+00:00","description":"Informacje, zdj\u0119cia i najnowsze wiadomo\u015bci o Cz\u0142onkach Zarz\u0105du oraz kluczowych Mangerach w szeregach LoVo.","breadcrumb":{"@id":"https:\/\/www.lovo.pl\/en\/about-the-company\/management-board\/#breadcrumb"},"inLanguage":"en-US","potentialAction":[{"@type":"ReadAction","target":["https:\/\/www.lovo.pl\/en\/about-the-company\/management-board\/"]}]},{"@type":"BreadcrumbList","@id":"https:\/\/www.lovo.pl\/en\/about-the-company\/management-board\/#breadcrumb","itemListElement":[{"@type":"ListItem","position":1,"name":"Strona g\u0142\u00f3wna","item":"https:\/\/www.lovo.pl\/en\/"},{"@type":"ListItem","position":2,"name":"LoVo","item":"https:\/\/www.lovo.pl\/en\/about-the-company\/"},{"@type":"ListItem","position":3,"name":"Management Board and managerial staff"}]},{"@type":"WebSite","@id":"https:\/\/www.lovo.pl\/en\/#website","url":"https:\/\/www.lovo.pl\/en\/","name":"LoVo","description":"Wirtualne rozwi\u0105zania telekomunikacyjne dla Operator\u00f3w, Reseller\u00f3w i Integrator\u00f3w oraz innowacyjne us\u0142ugi teleinformatyczne dla Biznesu.","potentialAction":[{"@type":"SearchAction","target":{"@type":"EntryPoint","urlTemplate":"https:\/\/www.lovo.pl\/en\/?s={search_term_string}"},"query-input":{"@type":"PropertyValueSpecification","valueRequired":true,"valueName":"search_term_string"}}],"inLanguage":"en-US"}]}},"_links":{"self":[{"href":"https:\/\/www.lovo.pl\/en\/wp-json\/wp\/v2\/pages\/18549","targetHints":{"allow":["GET"]}}],"collection":[{"href":"https:\/\/www.lovo.pl\/en\/wp-json\/wp\/v2\/pages"}],"about":[{"href":"https:\/\/www.lovo.pl\/en\/wp-json\/wp\/v2\/types\/page"}],"author":[{"embeddable":true,"href":"https:\/\/www.lovo.pl\/en\/wp-json\/wp\/v2\/users\/1"}],"replies":[{"embeddable":true,"href":"https:\/\/www.lovo.pl\/en\/wp-json\/wp\/v2\/comments?post=18549"}],"version-history":[{"count":5,"href":"https:\/\/www.lovo.pl\/en\/wp-json\/wp\/v2\/pages\/18549\/revisions"}],"predecessor-version":[{"id":20021,"href":"https:\/\/www.lovo.pl\/en\/wp-json\/wp\/v2\/pages\/18549\/revisions\/20021"}],"up":[{"embeddable":true,"href":"https:\/\/www.lovo.pl\/en\/wp-json\/wp\/v2\/pages\/18591"}],"wp:attachment":[{"href":"https:\/\/www.lovo.pl\/en\/wp-json\/wp\/v2\/media?parent=18549"}],"curies":[{"name":"wp","href":"https:\/\/api.w.org\/{rel}","templated":true}]}}