{"id":18543,"date":"2018-07-23T23:07:05","date_gmt":"2018-07-23T21:07:05","guid":{"rendered":"https:\/\/www.lovo.pl\/praktyki-i-staze\/"},"modified":"2018-09-06T10:51:41","modified_gmt":"2018-09-06T08:51:41","slug":"for-students","status":"publish","type":"page","link":"https:\/\/www.lovo.pl\/en\/career\/for-students\/","title":{"rendered":"For students and graduates"},"content":{"rendered":"<p>[vc_row bg_image=&#8221;18019&#8243; class=&#8221;row-titlebar-image titlebar-font-large&#8221;][vc_column width=&#8221;1\/1&#8243;]<div class=\"minti_boxedholder   clearfix\" style=\"padding: 0px 0px 0px 0px; margin: 0px 0px 0px 0px; \">[vc_custom_heading source=&#8221;post_title&#8221; font_container=&#8221;tag:h1|font_size:80px|text_align:center|color:%23ffffff|line_height:1&#8243; use_theme_fonts=&#8221;yes&#8221; css=&#8221;.vc_custom_1531176917822{margin-bottom: 20px !important;}&#8221; el_class=&#8221;titlebar-title&#8221;]<div class=\"headline font-inherit fontsize-xxl fontweight-500 lh-inherit align-center transform-inherit titlebar-subtitle\" style=\"margin: 0 0 20px 0; color: #ffffff;\"><\/div><\/div>[\/vc_column][\/vc_row][vc_row bg_color=&#8221;#f8f8f8&#8243; top_padding=&#8221;60&#8243; bottom_padding=&#8221;80&#8243;][vc_column width=&#8221;1\/1&#8243;]<div class=\"headline font-inherit fontsize-xxl fontweight-300 lh-12 align-left transform-inherit lead\" style=\"margin: 0 0 20px 0;\">Are you a technical student and wonder about working in telecommunications? Or maybe you study economics or non-technical majors and are still wondering about your career? Apply to LoVo, because our offer of internships and internships is directed to students of technical and non-technical majors.<\/div>[vc_column_text el_class=&#8221;margin-bottom-0&#8243;]We offer paid internships, based on a contract of mandate or contract. All students and graduates interested in completing a traineeship or apprenticeship are encouraged to send their CV to: <a href=\"mailto:rekrutacja@lovo.pl\">rekrutacja@lovo.pl<\/a>[\/vc_column_text][\/vc_column][\/vc_row][vc_row top_padding=&#8221;60&#8243; bottom_padding=&#8221;60&#8243;][vc_column width=&#8221;1\/1&#8243;][\/vc_column][\/vc_row]<\/p>\n","protected":false},"excerpt":{"rendered":"<p>[vc_row bg_image=&#8221;18019&#8243; class=&#8221;row-titlebar-image titlebar-font-large&#8221;][vc_column width=&#8221;1\/1&#8243;][\/vc_column][\/vc_row][vc_row bg_color=&#8221;#f8f8f8&#8243; top_padding=&#8221;60&#8243; bottom_padding=&#8221;80&#8243;][vc_column width=&#8221;1\/1&#8243;][vc_column_text el_class=&#8221;margin-bottom-0&#8243;]We offer paid internships, based on a contract of mandate or contract. All students and graduates interested in completing a traineeship or apprenticeship are encouraged to send their CV to: rekrutacja@lovo.pl[\/vc_column_text][\/vc_column][\/vc_row][vc_row top_padding=&#8221;60&#8243; bottom_padding=&#8221;60&#8243;][vc_column width=&#8221;1\/1&#8243;][\/vc_column][\/vc_row]<\/p>\n","protected":false},"author":1,"featured_media":0,"parent":18590,"menu_order":0,"comment_status":"closed","ping_status":"closed","template":"","meta":{"footnotes":""},"class_list":["post-18543","page","type-page","status-publish","hentry"],"yoast_head":"<!-- This site is optimized with the Yoast SEO plugin v24.3 - https:\/\/yoast.com\/wordpress\/plugins\/seo\/ -->\n<title>For students and graduates - LoVo<\/title>\n<meta name=\"robots\" content=\"noindex, follow, max-snippet:-1, max-image-preview:large, max-video-preview:-1\" \/>\n<meta property=\"og:locale\" content=\"en_US\" \/>\n<meta property=\"og:type\" content=\"article\" \/>\n<meta property=\"og:title\" content=\"For students and graduates - LoVo\" \/>\n<meta property=\"og:description\" content=\"[vc_row bg_image=&#8221;18019&#8243; class=&#8221;row-titlebar-image titlebar-font-large&#8221;][vc_column width=&#8221;1\/1&#8243;][\/vc_column][\/vc_row][vc_row bg_color=&#8221;#f8f8f8&#8243; top_padding=&#8221;60&#8243; bottom_padding=&#8221;80&#8243;][vc_column width=&#8221;1\/1&#8243;][vc_column_text el_class=&#8221;margin-bottom-0&#8243;]We offer paid internships, based on a contract of mandate or contract. All students and graduates interested in completing a traineeship or apprenticeship are encouraged to send their CV to: rekrutacja@lovo.pl[\/vc_column_text][\/vc_column][\/vc_row][vc_row top_padding=&#8221;60&#8243; bottom_padding=&#8221;60&#8243;][vc_column width=&#8221;1\/1&#8243;][\/vc_column][\/vc_row]\" \/>\n<meta property=\"og:url\" content=\"https:\/\/www.lovo.pl\/en\/career\/for-students\/\" \/>\n<meta property=\"og:site_name\" content=\"LoVo\" \/>\n<meta property=\"article:modified_time\" content=\"2018-09-06T08:51:41+00:00\" \/>\n<meta name=\"twitter:card\" content=\"summary_large_image\" \/>\n<meta name=\"twitter:label1\" content=\"Est. reading time\" \/>\n\t<meta name=\"twitter:data1\" content=\"1 minute\" \/>\n<script type=\"application\/ld+json\" class=\"yoast-schema-graph\">{\"@context\":\"https:\/\/schema.org\",\"@graph\":[{\"@type\":\"WebPage\",\"@id\":\"https:\/\/www.lovo.pl\/en\/career\/for-students\/\",\"url\":\"https:\/\/www.lovo.pl\/en\/career\/for-students\/\",\"name\":\"For students and graduates - LoVo\",\"isPartOf\":{\"@id\":\"https:\/\/www.lovo.pl\/en\/#website\"},\"datePublished\":\"2018-07-23T21:07:05+00:00\",\"dateModified\":\"2018-09-06T08:51:41+00:00\",\"breadcrumb\":{\"@id\":\"https:\/\/www.lovo.pl\/en\/career\/for-students\/#breadcrumb\"},\"inLanguage\":\"en-US\",\"potentialAction\":[{\"@type\":\"ReadAction\",\"target\":[\"https:\/\/www.lovo.pl\/en\/career\/for-students\/\"]}]},{\"@type\":\"BreadcrumbList\",\"@id\":\"https:\/\/www.lovo.pl\/en\/career\/for-students\/#breadcrumb\",\"itemListElement\":[{\"@type\":\"ListItem\",\"position\":1,\"name\":\"Strona g\u0142\u00f3wna\",\"item\":\"https:\/\/www.lovo.pl\/en\/\"},{\"@type\":\"ListItem\",\"position\":2,\"name\":\"Career at LoVo\",\"item\":\"https:\/\/www.lovo.pl\/en\/career\/\"},{\"@type\":\"ListItem\",\"position\":3,\"name\":\"For students and graduates\"}]},{\"@type\":\"WebSite\",\"@id\":\"https:\/\/www.lovo.pl\/en\/#website\",\"url\":\"https:\/\/www.lovo.pl\/en\/\",\"name\":\"LoVo\",\"description\":\"Wirtualne rozwi\u0105zania telekomunikacyjne dla Operator\u00f3w, Reseller\u00f3w i Integrator\u00f3w oraz innowacyjne us\u0142ugi teleinformatyczne dla Biznesu.\",\"potentialAction\":[{\"@type\":\"SearchAction\",\"target\":{\"@type\":\"EntryPoint\",\"urlTemplate\":\"https:\/\/www.lovo.pl\/en\/?s={search_term_string}\"},\"query-input\":{\"@type\":\"PropertyValueSpecification\",\"valueRequired\":true,\"valueName\":\"search_term_string\"}}],\"inLanguage\":\"en-US\"}]}<\/script>\n<!-- \/ Yoast SEO plugin. -->","yoast_head_json":{"title":"For students and graduates - LoVo","robots":{"index":"noindex","follow":"follow","max-snippet":"max-snippet:-1","max-image-preview":"max-image-preview:large","max-video-preview":"max-video-preview:-1"},"og_locale":"en_US","og_type":"article","og_title":"For students and graduates - LoVo","og_description":"[vc_row bg_image=&#8221;18019&#8243; class=&#8221;row-titlebar-image titlebar-font-large&#8221;][vc_column width=&#8221;1\/1&#8243;][\/vc_column][\/vc_row][vc_row bg_color=&#8221;#f8f8f8&#8243; top_padding=&#8221;60&#8243; bottom_padding=&#8221;80&#8243;][vc_column width=&#8221;1\/1&#8243;][vc_column_text el_class=&#8221;margin-bottom-0&#8243;]We offer paid internships, based on a contract of mandate or contract. All students and graduates interested in completing a traineeship or apprenticeship are encouraged to send their CV to: rekrutacja@lovo.pl[\/vc_column_text][\/vc_column][\/vc_row][vc_row top_padding=&#8221;60&#8243; bottom_padding=&#8221;60&#8243;][vc_column width=&#8221;1\/1&#8243;][\/vc_column][\/vc_row]","og_url":"https:\/\/www.lovo.pl\/en\/career\/for-students\/","og_site_name":"LoVo","article_modified_time":"2018-09-06T08:51:41+00:00","twitter_card":"summary_large_image","twitter_misc":{"Est. reading time":"1 minute"},"schema":{"@context":"https:\/\/schema.org","@graph":[{"@type":"WebPage","@id":"https:\/\/www.lovo.pl\/en\/career\/for-students\/","url":"https:\/\/www.lovo.pl\/en\/career\/for-students\/","name":"For students and graduates - LoVo","isPartOf":{"@id":"https:\/\/www.lovo.pl\/en\/#website"},"datePublished":"2018-07-23T21:07:05+00:00","dateModified":"2018-09-06T08:51:41+00:00","breadcrumb":{"@id":"https:\/\/www.lovo.pl\/en\/career\/for-students\/#breadcrumb"},"inLanguage":"en-US","potentialAction":[{"@type":"ReadAction","target":["https:\/\/www.lovo.pl\/en\/career\/for-students\/"]}]},{"@type":"BreadcrumbList","@id":"https:\/\/www.lovo.pl\/en\/career\/for-students\/#breadcrumb","itemListElement":[{"@type":"ListItem","position":1,"name":"Strona g\u0142\u00f3wna","item":"https:\/\/www.lovo.pl\/en\/"},{"@type":"ListItem","position":2,"name":"Career at LoVo","item":"https:\/\/www.lovo.pl\/en\/career\/"},{"@type":"ListItem","position":3,"name":"For students and graduates"}]},{"@type":"WebSite","@id":"https:\/\/www.lovo.pl\/en\/#website","url":"https:\/\/www.lovo.pl\/en\/","name":"LoVo","description":"Wirtualne rozwi\u0105zania telekomunikacyjne dla Operator\u00f3w, Reseller\u00f3w i Integrator\u00f3w oraz innowacyjne us\u0142ugi teleinformatyczne dla Biznesu.","potentialAction":[{"@type":"SearchAction","target":{"@type":"EntryPoint","urlTemplate":"https:\/\/www.lovo.pl\/en\/?s={search_term_string}"},"query-input":{"@type":"PropertyValueSpecification","valueRequired":true,"valueName":"search_term_string"}}],"inLanguage":"en-US"}]}},"_links":{"self":[{"href":"https:\/\/www.lovo.pl\/en\/wp-json\/wp\/v2\/pages\/18543","targetHints":{"allow":["GET"]}}],"collection":[{"href":"https:\/\/www.lovo.pl\/en\/wp-json\/wp\/v2\/pages"}],"about":[{"href":"https:\/\/www.lovo.pl\/en\/wp-json\/wp\/v2\/types\/page"}],"author":[{"embeddable":true,"href":"https:\/\/www.lovo.pl\/en\/wp-json\/wp\/v2\/users\/1"}],"replies":[{"embeddable":true,"href":"https:\/\/www.lovo.pl\/en\/wp-json\/wp\/v2\/comments?post=18543"}],"version-history":[{"count":3,"href":"https:\/\/www.lovo.pl\/en\/wp-json\/wp\/v2\/pages\/18543\/revisions"}],"predecessor-version":[{"id":19162,"href":"https:\/\/www.lovo.pl\/en\/wp-json\/wp\/v2\/pages\/18543\/revisions\/19162"}],"up":[{"embeddable":true,"href":"https:\/\/www.lovo.pl\/en\/wp-json\/wp\/v2\/pages\/18590"}],"wp:attachment":[{"href":"https:\/\/www.lovo.pl\/en\/wp-json\/wp\/v2\/media?parent=18543"}],"curies":[{"name":"wp","href":"https:\/\/api.w.org\/{rel}","templated":true}]}}