{"id":18532,"date":"2018-07-30T04:00:47","date_gmt":"2018-07-30T02:00:47","guid":{"rendered":"https:\/\/www.lovo.pl\/pakiet-bezpieczenstwa\/"},"modified":"2018-09-19T13:05:36","modified_gmt":"2018-09-19T11:05:36","slug":"security-package","status":"publish","type":"page","link":"https:\/\/www.lovo.pl\/en\/for-operators\/domestic-market\/security-package\/","title":{"rendered":"Security package"},"content":{"rendered":"<p>[vc_row bg_image=&#8221;17780&#8243; class=&#8221;row-titlebar-image titlebar-font-medium&#8221;][vc_column width=&#8221;1\/1&#8243;]<div class=\"minti_boxedholder   clearfix\" style=\"padding: 0px 0px 0px 0px; margin: 0px 0px 0px 0px; \">[vc_custom_heading source=&#8221;post_title&#8221; font_container=&#8221;tag:h1|font_size:80px|text_align:center|color:%23ffffff|line_height:1&#8243; use_theme_fonts=&#8221;yes&#8221; css=&#8221;.vc_custom_1531175907146{margin-bottom: 20px !important;}&#8221; el_class=&#8221;titlebar-title&#8221;]<div class=\"headline font-inherit fontsize-xxl fontweight-500 lh-inherit align-center transform-inherit titlebar-subtitle\" style=\"margin: 0 0 20px 0; color: #ffffff;\">IP restrictions and quota limits<\/div><\/div>[\/vc_column][\/vc_row][vc_row top_padding=&#8221;60&#8243;][vc_column width=&#8221;1\/1&#8243;]<div class=\"headline font-inherit fontsize-xxl fontweight-300 lh-12 align-left transform-inherit lead\" style=\"margin: 0 0 20px 0;\">The security package is a solution introducing additional security measures in form of IP restrictions and quota limits on subscribers\u2019 accounts.<\/div>[vc_empty_space height=&#8221;30px&#8221;][vc_column_text]<\/p>\n<h2 style=\"text-align: left;\"><u>What is a fraud?<\/u><\/h2>\n<p style=\"text-align: left;\">Fraud is a type of telecommunications\u2019 abuse, mostly aimed at money extortion or services\u2019 usage without intention to pay. It also any other kind of telecommunication services\u2019 usage against its intended purpose, concluded agreements, applicable law or technical standards provided in parties&#8217; networks or other telecommunication networks. It follows the development of the telecommunication market all over the world. Its negative effects are felt by both customers and carriers.<\/p>\n<p>&nbsp;<\/p>\n<h2><u>How does the Security Package work?<\/u><\/h2>\n<p>LoVo\u2019s security package service is divided into two valuable functionalities:<\/p>\n<ul>\n<li>IP restrictions.<\/li>\n<li>Quota limits.<\/li>\n<\/ul>\n<p>Each of them can be implemented separately or in a beneficial package.[\/vc_column_text][vc_empty_space height=&#8221;30px&#8221;][vc_tta_accordion style=&#8221;flat&#8221; active_section=&#8221;0&#8243; collapsible_all=&#8221;true&#8221;][vc_tta_section title=&#8221;What are IP restrictions?&#8221; tab_id=&#8221;1534932170087-65b28617-98582ee7-0faf&#8221;][vc_column_text]By using the IP restrictions you can define exact IP addresses from which you can make calls using subscribers\u2019 devices.[\/vc_column_text][\/vc_tta_section][vc_tta_section title=&#8221;What are quota limits?&#8221; tab_id=&#8221;1534932170114-1abb4267-74382ee7-0faf&#8221;][vc_column_text]Quota limits base on setting limits on the end-user accounts after exceeding which the subscriber will lose the ability to make calls. This will protect them against any potential telecommunication fraud and unexpected costs associated with fraudulent calls.<\/p>\n<p><strong>\u00a0<\/strong>[\/vc_column_text][\/vc_tta_section][\/vc_tta_accordion][vc_empty_space height=&#8221;30px&#8221;][vc_video link=&#8221;https:\/\/www.youtube.com\/watch?v=jAQX3MUHf80&#8243; title=&#8221;Pakiet bezpiecze\u0144stwa w wirtualnej centrali abonenckiej Hiperus C5&#8243;][vc_column_text]<\/p>\n<h3><strong><u>Benefits for Partners<\/u><\/strong><\/h3>\n<ul>\n<li>Minimizing the risk of telecommunication fraud.<\/li>\n<li>Ability to define quota limits in daily, weekly or monthly amounts.<\/li>\n<li>Defining secure IP addresses and subnets.<\/li>\n<\/ul>\n<p>[\/vc_column_text][vc_empty_space height=&#8221;40px&#8221;][\/vc_column][\/vc_row]<\/p>\n","protected":false},"excerpt":{"rendered":"<p>[vc_row bg_image=&#8221;17780&#8243; class=&#8221;row-titlebar-image titlebar-font-medium&#8221;][vc_column width=&#8221;1\/1&#8243;][\/vc_column][\/vc_row][vc_row top_padding=&#8221;60&#8243;][vc_column width=&#8221;1\/1&#8243;][vc_empty_space height=&#8221;30px&#8221;][vc_column_text] What is a fraud? Fraud is a type of telecommunications\u2019 abuse, mostly aimed at money extortion or services\u2019 usage without intention to pay. It also any other kind of telecommunication services\u2019 usage against its intended purpose, concluded agreements, applicable law or technical standards provided in parties&#8217; networks or other telecommunication networks. It follows the development of the telecommunication market all over the world. Its negative effects are felt by both customers and carriers. &nbsp; How does the Security Package work? LoVo\u2019s security package service is divided into two valuable functionalities: IP restrictions. Quota limits. Each of them can be implemented separately or in a beneficial package.[\/vc_column_text][vc_empty_space height=&#8221;30px&#8221;][vc_tta_accordion style=&#8221;flat&#8221; active_section=&#8221;0&#8243; collapsible_all=&#8221;true&#8221;][vc_tta_section title=&#8221;What are IP restrictions?&#8221; tab_id=&#8221;1534932170087-65b28617-98582ee7-0faf&#8221;][vc_column_text]By using the IP restrictions you can define exact IP addresses from which you can make calls using subscribers\u2019 devices.[\/vc_column_text][\/vc_tta_section][vc_tta_section title=&#8221;What are quota limits?&#8221; tab_id=&#8221;1534932170114-1abb4267-74382ee7-0faf&#8221;][vc_column_text]Quota limits base on setting limits on the end-user accounts after exceeding which the subscriber will lose the ability to make calls. This will protect them against any potential telecommunication fraud and unexpected costs associated with fraudulent calls. \u00a0[\/vc_column_text][\/vc_tta_section][\/vc_tta_accordion][vc_empty_space height=&#8221;30px&#8221;][vc_video link=&#8221;https:\/\/www.youtube.com\/watch?v=jAQX3MUHf80&#8243; title=&#8221;Pakiet bezpiecze\u0144stwa w wirtualnej centrali abonenckiej Hiperus C5&#8243;][vc_column_text] Benefits for Partners Minimizing the [&hellip;]<\/p>\n","protected":false},"author":1,"featured_media":0,"parent":18589,"menu_order":0,"comment_status":"closed","ping_status":"closed","template":"","meta":{"footnotes":""},"class_list":["post-18532","page","type-page","status-publish","hentry"],"yoast_head":"<!-- This site is optimized with the Yoast SEO plugin v24.3 - https:\/\/yoast.com\/wordpress\/plugins\/seo\/ -->\n<title>Security package - LoVo<\/title>\n<meta name=\"description\" content=\"Skuteczne narz\u0119dzie pozwalaj\u0105ce w pewny i bezpieczny spos\u00f3b korzysta\u0107 z po\u0142\u0105cze\u0144 telefonicznych poprzez wirtualn\u0105 central\u0119 abonenck\u0105 Hiperus C5.\" \/>\n<meta name=\"robots\" content=\"noindex, follow, max-snippet:-1, max-image-preview:large, max-video-preview:-1\" \/>\n<meta property=\"og:locale\" content=\"en_US\" \/>\n<meta property=\"og:type\" content=\"article\" \/>\n<meta property=\"og:title\" content=\"Security package - LoVo\" \/>\n<meta property=\"og:description\" content=\"Skuteczne narz\u0119dzie pozwalaj\u0105ce w pewny i bezpieczny spos\u00f3b korzysta\u0107 z po\u0142\u0105cze\u0144 telefonicznych poprzez wirtualn\u0105 central\u0119 abonenck\u0105 Hiperus C5.\" \/>\n<meta property=\"og:url\" content=\"https:\/\/www.lovo.pl\/en\/for-operators\/domestic-market\/security-package\/\" \/>\n<meta property=\"og:site_name\" content=\"LoVo\" \/>\n<meta property=\"article:modified_time\" content=\"2018-09-19T11:05:36+00:00\" \/>\n<meta name=\"twitter:card\" content=\"summary_large_image\" \/>\n<meta name=\"twitter:label1\" content=\"Est. reading time\" \/>\n\t<meta name=\"twitter:data1\" content=\"2 minutes\" \/>\n<script type=\"application\/ld+json\" class=\"yoast-schema-graph\">{\"@context\":\"https:\/\/schema.org\",\"@graph\":[{\"@type\":\"WebPage\",\"@id\":\"https:\/\/www.lovo.pl\/en\/for-operators\/domestic-market\/security-package\/\",\"url\":\"https:\/\/www.lovo.pl\/en\/for-operators\/domestic-market\/security-package\/\",\"name\":\"Security package - LoVo\",\"isPartOf\":{\"@id\":\"https:\/\/www.lovo.pl\/en\/#website\"},\"datePublished\":\"2018-07-30T02:00:47+00:00\",\"dateModified\":\"2018-09-19T11:05:36+00:00\",\"description\":\"Skuteczne narz\u0119dzie pozwalaj\u0105ce w pewny i bezpieczny spos\u00f3b korzysta\u0107 z po\u0142\u0105cze\u0144 telefonicznych poprzez wirtualn\u0105 central\u0119 abonenck\u0105 Hiperus C5.\",\"breadcrumb\":{\"@id\":\"https:\/\/www.lovo.pl\/en\/for-operators\/domestic-market\/security-package\/#breadcrumb\"},\"inLanguage\":\"en-US\",\"potentialAction\":[{\"@type\":\"ReadAction\",\"target\":[\"https:\/\/www.lovo.pl\/en\/for-operators\/domestic-market\/security-package\/\"]}]},{\"@type\":\"BreadcrumbList\",\"@id\":\"https:\/\/www.lovo.pl\/en\/for-operators\/domestic-market\/security-package\/#breadcrumb\",\"itemListElement\":[{\"@type\":\"ListItem\",\"position\":1,\"name\":\"Strona g\u0142\u00f3wna\",\"item\":\"https:\/\/www.lovo.pl\/en\/\"},{\"@type\":\"ListItem\",\"position\":2,\"name\":\"Wholesale telecommunications services\",\"item\":\"https:\/\/www.lovo.pl\/en\/for-operators\/\"},{\"@type\":\"ListItem\",\"position\":3,\"name\":\"Wholesale telecommunications services\",\"item\":\"https:\/\/www.lovo.pl\/en\/for-operators\/domestic-market\/\"},{\"@type\":\"ListItem\",\"position\":4,\"name\":\"Security package\"}]},{\"@type\":\"WebSite\",\"@id\":\"https:\/\/www.lovo.pl\/en\/#website\",\"url\":\"https:\/\/www.lovo.pl\/en\/\",\"name\":\"LoVo\",\"description\":\"Wirtualne rozwi\u0105zania telekomunikacyjne dla Operator\u00f3w, Reseller\u00f3w i Integrator\u00f3w oraz innowacyjne us\u0142ugi teleinformatyczne dla Biznesu.\",\"potentialAction\":[{\"@type\":\"SearchAction\",\"target\":{\"@type\":\"EntryPoint\",\"urlTemplate\":\"https:\/\/www.lovo.pl\/en\/?s={search_term_string}\"},\"query-input\":{\"@type\":\"PropertyValueSpecification\",\"valueRequired\":true,\"valueName\":\"search_term_string\"}}],\"inLanguage\":\"en-US\"}]}<\/script>\n<!-- \/ Yoast SEO plugin. -->","yoast_head_json":{"title":"Security package - LoVo","description":"Skuteczne narz\u0119dzie pozwalaj\u0105ce w pewny i bezpieczny spos\u00f3b korzysta\u0107 z po\u0142\u0105cze\u0144 telefonicznych poprzez wirtualn\u0105 central\u0119 abonenck\u0105 Hiperus C5.","robots":{"index":"noindex","follow":"follow","max-snippet":"max-snippet:-1","max-image-preview":"max-image-preview:large","max-video-preview":"max-video-preview:-1"},"og_locale":"en_US","og_type":"article","og_title":"Security package - LoVo","og_description":"Skuteczne narz\u0119dzie pozwalaj\u0105ce w pewny i bezpieczny spos\u00f3b korzysta\u0107 z po\u0142\u0105cze\u0144 telefonicznych poprzez wirtualn\u0105 central\u0119 abonenck\u0105 Hiperus C5.","og_url":"https:\/\/www.lovo.pl\/en\/for-operators\/domestic-market\/security-package\/","og_site_name":"LoVo","article_modified_time":"2018-09-19T11:05:36+00:00","twitter_card":"summary_large_image","twitter_misc":{"Est. reading time":"2 minutes"},"schema":{"@context":"https:\/\/schema.org","@graph":[{"@type":"WebPage","@id":"https:\/\/www.lovo.pl\/en\/for-operators\/domestic-market\/security-package\/","url":"https:\/\/www.lovo.pl\/en\/for-operators\/domestic-market\/security-package\/","name":"Security package - LoVo","isPartOf":{"@id":"https:\/\/www.lovo.pl\/en\/#website"},"datePublished":"2018-07-30T02:00:47+00:00","dateModified":"2018-09-19T11:05:36+00:00","description":"Skuteczne narz\u0119dzie pozwalaj\u0105ce w pewny i bezpieczny spos\u00f3b korzysta\u0107 z po\u0142\u0105cze\u0144 telefonicznych poprzez wirtualn\u0105 central\u0119 abonenck\u0105 Hiperus C5.","breadcrumb":{"@id":"https:\/\/www.lovo.pl\/en\/for-operators\/domestic-market\/security-package\/#breadcrumb"},"inLanguage":"en-US","potentialAction":[{"@type":"ReadAction","target":["https:\/\/www.lovo.pl\/en\/for-operators\/domestic-market\/security-package\/"]}]},{"@type":"BreadcrumbList","@id":"https:\/\/www.lovo.pl\/en\/for-operators\/domestic-market\/security-package\/#breadcrumb","itemListElement":[{"@type":"ListItem","position":1,"name":"Strona g\u0142\u00f3wna","item":"https:\/\/www.lovo.pl\/en\/"},{"@type":"ListItem","position":2,"name":"Wholesale telecommunications services","item":"https:\/\/www.lovo.pl\/en\/for-operators\/"},{"@type":"ListItem","position":3,"name":"Wholesale telecommunications services","item":"https:\/\/www.lovo.pl\/en\/for-operators\/domestic-market\/"},{"@type":"ListItem","position":4,"name":"Security package"}]},{"@type":"WebSite","@id":"https:\/\/www.lovo.pl\/en\/#website","url":"https:\/\/www.lovo.pl\/en\/","name":"LoVo","description":"Wirtualne rozwi\u0105zania telekomunikacyjne dla Operator\u00f3w, Reseller\u00f3w i Integrator\u00f3w oraz innowacyjne us\u0142ugi teleinformatyczne dla Biznesu.","potentialAction":[{"@type":"SearchAction","target":{"@type":"EntryPoint","urlTemplate":"https:\/\/www.lovo.pl\/en\/?s={search_term_string}"},"query-input":{"@type":"PropertyValueSpecification","valueRequired":true,"valueName":"search_term_string"}}],"inLanguage":"en-US"}]}},"_links":{"self":[{"href":"https:\/\/www.lovo.pl\/en\/wp-json\/wp\/v2\/pages\/18532","targetHints":{"allow":["GET"]}}],"collection":[{"href":"https:\/\/www.lovo.pl\/en\/wp-json\/wp\/v2\/pages"}],"about":[{"href":"https:\/\/www.lovo.pl\/en\/wp-json\/wp\/v2\/types\/page"}],"author":[{"embeddable":true,"href":"https:\/\/www.lovo.pl\/en\/wp-json\/wp\/v2\/users\/1"}],"replies":[{"embeddable":true,"href":"https:\/\/www.lovo.pl\/en\/wp-json\/wp\/v2\/comments?post=18532"}],"version-history":[{"count":4,"href":"https:\/\/www.lovo.pl\/en\/wp-json\/wp\/v2\/pages\/18532\/revisions"}],"predecessor-version":[{"id":19963,"href":"https:\/\/www.lovo.pl\/en\/wp-json\/wp\/v2\/pages\/18532\/revisions\/19963"}],"up":[{"embeddable":true,"href":"https:\/\/www.lovo.pl\/en\/wp-json\/wp\/v2\/pages\/18589"}],"wp:attachment":[{"href":"https:\/\/www.lovo.pl\/en\/wp-json\/wp\/v2\/media?parent=18532"}],"curies":[{"name":"wp","href":"https:\/\/api.w.org\/{rel}","templated":true}]}}