{"id":18529,"date":"2018-07-30T05:58:46","date_gmt":"2018-07-30T03:58:46","guid":{"rendered":"https:\/\/www.lovo.pl\/wirtualna-centrala-telefoniczna\/"},"modified":"2018-09-19T13:09:51","modified_gmt":"2018-09-19T11:09:51","slug":"virtual-private-branch-exchange-vpbx","status":"publish","type":"page","link":"https:\/\/www.lovo.pl\/en\/for-operators\/international-market\/virtual-private-branch-exchange-vpbx\/","title":{"rendered":"Virtual private branch exchange VPBX"},"content":{"rendered":"<p>[vc_row bg_image=&#8221;17816&#8243; class=&#8221;row-titlebar-image titlebar-font-medium&#8221;][vc_column width=&#8221;1\/1&#8243;]<div class=\"minti_boxedholder   clearfix\" style=\"padding: 0px 0px 0px 0px; margin: 0px 0px 0px 0px; \">[vc_custom_heading source=&#8221;post_title&#8221; font_container=&#8221;tag:h1|font_size:80px|text_align:center|color:%23ffffff|line_height:1&#8243; use_theme_fonts=&#8221;yes&#8221; css=&#8221;.vc_custom_1531175907146{margin-bottom: 20px !important;}&#8221; el_class=&#8221;titlebar-title&#8221;]<div class=\"headline font-inherit fontsize-xxl fontweight-500 lh-inherit align-center transform-inherit titlebar-subtitle\" style=\"margin: 0 0 20px 0; color: #ffffff;\">LoVoX<\/div><\/div>[\/vc_column][\/vc_row][vc_row top_padding=&#8221;60&#8243;][vc_column width=&#8221;1\/1&#8243;]<div class=\"headline font-inherit fontsize-xxl fontweight-300 lh-12 align-left transform-inherit lead\" style=\"margin: 0 0 20px 0;\">Until recently, no one has heard about the fact that the telecommunications center may be in the cloud. After all, the telephone exchange serving the telecommunications system in the company is a huge server and tangled cables that are somewhere in the basement of the office building. Well, times are changing.<\/div>[vc_empty_space height=&#8221;30px&#8221;][vc_tta_accordion style=&#8221;flat&#8221; active_section=&#8221;0&#8243; collapsible_all=&#8221;true&#8221;][vc_tta_section title=&#8221;What is the virtual private branch exchange (VPBX) (LoVoX)?&#8221; tab_id=&#8221;1534932170087-65b28617-9858fa0f-7e24d840-07ed&#8221;][vc_column_text]Companies strive to save time, money and improve the quality of their organization. More and more companies decide to exchange traditional telephone exchanges at their headquarters with an alternative virtual private branch exchanges, the so-called VPBX. The use of the virtual exchange is via the Internet. The customer only has IP phones or VoIP gateways. Servers are located outside the company in special collocation centers. Using the so-called virtual exchanges is above all cheaper, and in addition to the low cost of purchase and maintenance, the virtual exchange gives companies more technical possibilities and convenience and ease of use.<\/p>\n<p>LoVoX is a virtual telephone exchange which includes:<\/p>\n<ul>\n<li>Assigning personalized rights to users.<\/li>\n<li>Connecting the telephone line of each technology.<\/li>\n<li>Access to the exchange for 24 hours from anywhere in the world.<\/li>\n<li>Access the customer panel.<\/li>\n<li>Environmental protection and energy saving.<\/li>\n<li>Modern telecommunications solutions.<\/li>\n<li>New functionalities.<\/li>\n<\/ul>\n<p>LoVoX is a virtual telephone exchange in which there is no:<\/p>\n<ul>\n<li>Equipment purchasing costs.<\/li>\n<li>Operating costs.<\/li>\n<li>Configuration costs.<\/li>\n<li>Costs of external services.<\/li>\n<li>Costs of disposal.<\/li>\n<\/ul>\n<p>[\/vc_column_text][\/vc_tta_section][vc_tta_section title=&#8221;How does the virtual private branch exchange (VPBX) (LoVoX) works?&#8221; tab_id=&#8221;1534932170114-1abb4267-7438fa0f-7e24d840-07ed&#8221;][vc_column_text]The standard telephone exchange operates as follows:<\/p>\n<p><img loading=\"lazy\" decoding=\"async\" class=\"alignnone wp-image-18085\" src=\"https:\/\/www.lovo.pl\/wp-content\/uploads\/2018\/08\/PBX.png\" alt=\"centrala telefoniczna PBX\" width=\"535\" height=\"225\" srcset=\"https:\/\/www.lovo.pl\/wp-content\/uploads\/2018\/08\/PBX.png 1476w, https:\/\/www.lovo.pl\/wp-content\/uploads\/2018\/08\/PBX-300x126.png 300w, https:\/\/www.lovo.pl\/wp-content\/uploads\/2018\/08\/PBX-768x323.png 768w, https:\/\/www.lovo.pl\/wp-content\/uploads\/2018\/08\/PBX-1024x430.png 1024w, https:\/\/www.lovo.pl\/wp-content\/uploads\/2018\/08\/PBX-100x42.png 100w\" sizes=\"auto, (max-width: 535px) 100vw, 535px\" \/><\/p>\n<p>Functioning of the virtual LoVoX exchange:<\/p>\n<p><img loading=\"lazy\" decoding=\"async\" class=\"alignnone wp-image-18087\" src=\"https:\/\/www.lovo.pl\/wp-content\/uploads\/2018\/08\/VPBX.png\" alt=\"wirtualna centrala telefoniczna vpbx\" width=\"535\" height=\"300\" srcset=\"https:\/\/www.lovo.pl\/wp-content\/uploads\/2018\/08\/VPBX.png 1476w, https:\/\/www.lovo.pl\/wp-content\/uploads\/2018\/08\/VPBX-300x168.png 300w, https:\/\/www.lovo.pl\/wp-content\/uploads\/2018\/08\/VPBX-768x430.png 768w, https:\/\/www.lovo.pl\/wp-content\/uploads\/2018\/08\/VPBX-1024x574.png 1024w, https:\/\/www.lovo.pl\/wp-content\/uploads\/2018\/08\/VPBX-1000x563.png 1000w, https:\/\/www.lovo.pl\/wp-content\/uploads\/2018\/08\/VPBX-100x56.png 100w\" sizes=\"auto, (max-width: 535px) 100vw, 535px\" \/>[\/vc_column_text][\/vc_tta_section][\/vc_tta_accordion][vc_empty_space height=&#8221;30px&#8221;][vc_column_text]<\/p>\n<h2><strong><u>The most important functions of the virtual LoVoX exchange<\/u><\/strong><\/h2>\n<ul>\n<li>IVR (Interactive Voice Response) &#8211; interactive service for the customer calling the company&#8217;s phone exchange, who &#8211; after listening to voice messages &#8211; selects the tone number with which he wants to connect. The exchange with the IVR function allows you to choose, for example, the topic of conversation, the relevant department in the company or the language in which the customer wants to talk. Thanks to the IVR function, the company identifies and segments callers, improves customer service, saves time and reduces costs.<\/li>\n<li>Call forwarding &#8211; the company can manage calls by forwarding to selected numbers of their employees, thus eliminating missed calls from their customers to a minimum.<\/li>\n<li>Groups with Call Center, Hunting Group and Pickup functions &#8211; creating groups allows for efficient routing of callers to the appropriate group of employees (eg Sales Department, Accounting Department etc.).<\/li>\n<li>Virtual FAX (Fax2Mail) &#8211; convenient support of faxes in pdf files via the mailbox or LoVoX administration panel.<\/li>\n<li>Exchange Map &#8211; the company&#8217;s exchange is shown with a transparent so-called exchange map, e.i. A graphical scheme depicting the LoVoX structure.<\/li>\n<li>Music on Hold.<\/li>\n<li>Call Waiting (CW).<\/li>\n<li>Call Hold (CH).<\/li>\n<li>Call Forwarding Unconditional (CFU), Call Forwarding Busy (CFB), Call Forwarding No Reply (CFNR), Call Transfer (CT),\u00a0 Do Not Disturb (DnD), Calling Line Identification Presentation (CLIP) and many other.<\/li>\n<\/ul>\n<h3><\/h3>\n<h2><strong><u>Advantages of the LoVoX\u00a0 virtual exchange over the traditional telephone exchange<\/u><\/strong><\/h2>\n<ul>\n<li>\n<ul>\n<li>Significantly lower purchase costs.<\/li>\n<li>No operating costs.<\/li>\n<li>Saving time.<\/li>\n<li>More functionality.<\/li>\n<li>Modern telecommunications system.<\/li>\n<\/ul>\n<p>&nbsp;<\/p>\n<p>LoVoX virtual telephone exchange gives the Customer even more:<\/p>\n<ul>\n<li>Availability of technical consultants.<\/li>\n<li>Flexibility &#8211; without having to change the Operator.<\/li>\n<li>Convenience &#8211; ordering already configured telephones is done via the customer panel &#8211; option &#8220;buy device&#8221;.<\/li>\n<li>Simple and intuitive management panel.<\/li>\n<li>Quick launch of new functionalities.<\/li>\n<li>Endless updates.<\/li>\n<li>Change numbers to usernames.<\/li>\n<\/ul>\n<\/li>\n<\/ul>\n<p>&nbsp;<\/p>\n<h2><strong><u>Benefits for Partners<\/u><\/strong><\/h2>\n<p><a name=\"_Toc509230475\"><\/a>Benefits of having the LoVoX\u00a0 virtual exchange:<\/p>\n<p>&nbsp;<\/p>\n<ul>\n<li>Savings &#8211; LoVoX is a cloud service (SaaS &#8211; Software as a Service), not an expensive device. Thanks to the SaaS model. The customer does not have to have his own exchange, which involves high costs of purchase, leasing, maintenance and service.<\/li>\n<li>Simple use &#8211; the customer does not have to use the services of third parties that support physical exchanges, because thanks to the simple operation of the LoVoX customer panel they can easily manage it with their own resources.<\/li>\n<li>Flexibility &#8211; the Customer can use the services of any Operator who offers an Internet telephony service.<\/li>\n<li>Convenience &#8211; thanks to the fact that LoVoX is placed on servers and in the LoVo data processing center, the customer does not deal with technical aspects related to the proper functioning of the exchange. All technical matters remain on the part of LoVo. The only thing you need is an active technical connection.<\/li>\n<li>Modern devices &#8211; LoVo provides, at the customer&#8217;s request, fully configured, high-end IP telephones. Alternatively, the customer can use his own devices.<\/li>\n<\/ul>\n<p>[\/vc_column_text][vc_empty_space height=&#8221;40px&#8221;][\/vc_column][\/vc_row]<\/p>\n","protected":false},"excerpt":{"rendered":"<p>[vc_row bg_image=&#8221;17816&#8243; class=&#8221;row-titlebar-image titlebar-font-medium&#8221;][vc_column width=&#8221;1\/1&#8243;][\/vc_column][\/vc_row][vc_row top_padding=&#8221;60&#8243;][vc_column width=&#8221;1\/1&#8243;][vc_empty_space height=&#8221;30px&#8221;][vc_tta_accordion style=&#8221;flat&#8221; active_section=&#8221;0&#8243; collapsible_all=&#8221;true&#8221;][vc_tta_section title=&#8221;What is the virtual private branch exchange (VPBX) (LoVoX)?&#8221; tab_id=&#8221;1534932170087-65b28617-9858fa0f-7e24d840-07ed&#8221;][vc_column_text]Companies strive to save time, money and improve the quality of their organization. More and more companies decide to exchange traditional telephone exchanges at their headquarters with an alternative virtual private branch exchanges, the so-called VPBX. The use of the virtual exchange is via the Internet. The customer only has IP phones or VoIP gateways. Servers are located outside the company in special collocation centers. Using the so-called virtual exchanges is above all cheaper, and in addition to the low cost of purchase and maintenance, the virtual exchange gives companies more technical possibilities and convenience and ease of use. LoVoX is a virtual telephone exchange which includes: Assigning personalized rights to users. Connecting the telephone line of each technology. Access to the exchange for 24 hours from anywhere in the world. Access the customer panel. Environmental protection and energy saving. Modern telecommunications solutions. New functionalities. LoVoX is a virtual telephone exchange in which there is no: Equipment purchasing costs. Operating costs. Configuration costs. Costs of external services. Costs of disposal. [\/vc_column_text][\/vc_tta_section][vc_tta_section title=&#8221;How does the virtual private branch exchange (VPBX) (LoVoX) [&hellip;]<\/p>\n","protected":false},"author":1,"featured_media":0,"parent":18572,"menu_order":0,"comment_status":"closed","ping_status":"closed","template":"","meta":{"footnotes":""},"class_list":["post-18529","page","type-page","status-publish","hentry"],"yoast_head":"<!-- This site is optimized with the Yoast SEO plugin v24.3 - https:\/\/yoast.com\/wordpress\/plugins\/seo\/ -->\n<title>Virtual private branch exchange VPBX - LoVo<\/title>\n<meta name=\"description\" content=\"Prosta w obs\u0142udze i zaawansowana technologicznie wirtualna centrala VPBX to szybkie, tanie i wygodne rozwi\u0105zanie do dalszej dystrybucji mi\u0119dzynarodowej.\" \/>\n<meta name=\"robots\" content=\"noindex, follow, max-snippet:-1, max-image-preview:large, max-video-preview:-1\" \/>\n<meta property=\"og:locale\" content=\"en_US\" \/>\n<meta property=\"og:type\" content=\"article\" \/>\n<meta property=\"og:title\" content=\"Virtual private branch exchange VPBX - LoVo\" \/>\n<meta property=\"og:description\" content=\"Prosta w obs\u0142udze i zaawansowana technologicznie wirtualna centrala VPBX to szybkie, tanie i wygodne rozwi\u0105zanie do dalszej dystrybucji mi\u0119dzynarodowej.\" \/>\n<meta property=\"og:url\" content=\"https:\/\/www.lovo.pl\/en\/for-operators\/international-market\/virtual-private-branch-exchange-vpbx\/\" \/>\n<meta property=\"og:site_name\" content=\"LoVo\" \/>\n<meta property=\"article:modified_time\" content=\"2018-09-19T11:09:51+00:00\" \/>\n<meta property=\"og:image\" content=\"https:\/\/www.lovo.pl\/wp-content\/uploads\/2018\/08\/PBX.png\" \/>\n<meta name=\"twitter:card\" content=\"summary_large_image\" \/>\n<meta name=\"twitter:label1\" content=\"Est. reading time\" \/>\n\t<meta name=\"twitter:data1\" content=\"5 minutes\" \/>\n<script type=\"application\/ld+json\" class=\"yoast-schema-graph\">{\"@context\":\"https:\/\/schema.org\",\"@graph\":[{\"@type\":\"WebPage\",\"@id\":\"https:\/\/www.lovo.pl\/en\/for-operators\/international-market\/virtual-private-branch-exchange-vpbx\/\",\"url\":\"https:\/\/www.lovo.pl\/en\/for-operators\/international-market\/virtual-private-branch-exchange-vpbx\/\",\"name\":\"Virtual private branch exchange VPBX - LoVo\",\"isPartOf\":{\"@id\":\"https:\/\/www.lovo.pl\/en\/#website\"},\"primaryImageOfPage\":{\"@id\":\"https:\/\/www.lovo.pl\/en\/for-operators\/international-market\/virtual-private-branch-exchange-vpbx\/#primaryimage\"},\"image\":{\"@id\":\"https:\/\/www.lovo.pl\/en\/for-operators\/international-market\/virtual-private-branch-exchange-vpbx\/#primaryimage\"},\"thumbnailUrl\":\"https:\/\/www.lovo.pl\/wp-content\/uploads\/2018\/08\/PBX.png\",\"datePublished\":\"2018-07-30T03:58:46+00:00\",\"dateModified\":\"2018-09-19T11:09:51+00:00\",\"description\":\"Prosta w obs\u0142udze i zaawansowana technologicznie wirtualna centrala VPBX to szybkie, tanie i wygodne rozwi\u0105zanie do dalszej dystrybucji mi\u0119dzynarodowej.\",\"breadcrumb\":{\"@id\":\"https:\/\/www.lovo.pl\/en\/for-operators\/international-market\/virtual-private-branch-exchange-vpbx\/#breadcrumb\"},\"inLanguage\":\"en-US\",\"potentialAction\":[{\"@type\":\"ReadAction\",\"target\":[\"https:\/\/www.lovo.pl\/en\/for-operators\/international-market\/virtual-private-branch-exchange-vpbx\/\"]}]},{\"@type\":\"ImageObject\",\"inLanguage\":\"en-US\",\"@id\":\"https:\/\/www.lovo.pl\/en\/for-operators\/international-market\/virtual-private-branch-exchange-vpbx\/#primaryimage\",\"url\":\"https:\/\/www.lovo.pl\/wp-content\/uploads\/2018\/08\/PBX.png\",\"contentUrl\":\"https:\/\/www.lovo.pl\/wp-content\/uploads\/2018\/08\/PBX.png\"},{\"@type\":\"BreadcrumbList\",\"@id\":\"https:\/\/www.lovo.pl\/en\/for-operators\/international-market\/virtual-private-branch-exchange-vpbx\/#breadcrumb\",\"itemListElement\":[{\"@type\":\"ListItem\",\"position\":1,\"name\":\"Strona g\u0142\u00f3wna\",\"item\":\"https:\/\/www.lovo.pl\/en\/\"},{\"@type\":\"ListItem\",\"position\":2,\"name\":\"Wholesale telecommunications services\",\"item\":\"https:\/\/www.lovo.pl\/en\/for-operators\/\"},{\"@type\":\"ListItem\",\"position\":3,\"name\":\"Wholesale telecommunications services\",\"item\":\"https:\/\/www.lovo.pl\/en\/for-operators\/international-market\/\"},{\"@type\":\"ListItem\",\"position\":4,\"name\":\"Virtual private branch exchange VPBX\"}]},{\"@type\":\"WebSite\",\"@id\":\"https:\/\/www.lovo.pl\/en\/#website\",\"url\":\"https:\/\/www.lovo.pl\/en\/\",\"name\":\"LoVo\",\"description\":\"Wirtualne rozwi\u0105zania telekomunikacyjne dla Operator\u00f3w, Reseller\u00f3w i Integrator\u00f3w oraz innowacyjne us\u0142ugi teleinformatyczne dla Biznesu.\",\"potentialAction\":[{\"@type\":\"SearchAction\",\"target\":{\"@type\":\"EntryPoint\",\"urlTemplate\":\"https:\/\/www.lovo.pl\/en\/?s={search_term_string}\"},\"query-input\":{\"@type\":\"PropertyValueSpecification\",\"valueRequired\":true,\"valueName\":\"search_term_string\"}}],\"inLanguage\":\"en-US\"}]}<\/script>\n<!-- \/ Yoast SEO plugin. -->","yoast_head_json":{"title":"Virtual private branch exchange VPBX - LoVo","description":"Prosta w obs\u0142udze i zaawansowana technologicznie wirtualna centrala VPBX to szybkie, tanie i wygodne rozwi\u0105zanie do dalszej dystrybucji mi\u0119dzynarodowej.","robots":{"index":"noindex","follow":"follow","max-snippet":"max-snippet:-1","max-image-preview":"max-image-preview:large","max-video-preview":"max-video-preview:-1"},"og_locale":"en_US","og_type":"article","og_title":"Virtual private branch exchange VPBX - LoVo","og_description":"Prosta w obs\u0142udze i zaawansowana technologicznie wirtualna centrala VPBX to szybkie, tanie i wygodne rozwi\u0105zanie do dalszej dystrybucji mi\u0119dzynarodowej.","og_url":"https:\/\/www.lovo.pl\/en\/for-operators\/international-market\/virtual-private-branch-exchange-vpbx\/","og_site_name":"LoVo","article_modified_time":"2018-09-19T11:09:51+00:00","og_image":[{"url":"https:\/\/www.lovo.pl\/wp-content\/uploads\/2018\/08\/PBX.png","type":"","width":"","height":""}],"twitter_card":"summary_large_image","twitter_misc":{"Est. reading time":"5 minutes"},"schema":{"@context":"https:\/\/schema.org","@graph":[{"@type":"WebPage","@id":"https:\/\/www.lovo.pl\/en\/for-operators\/international-market\/virtual-private-branch-exchange-vpbx\/","url":"https:\/\/www.lovo.pl\/en\/for-operators\/international-market\/virtual-private-branch-exchange-vpbx\/","name":"Virtual private branch exchange VPBX - LoVo","isPartOf":{"@id":"https:\/\/www.lovo.pl\/en\/#website"},"primaryImageOfPage":{"@id":"https:\/\/www.lovo.pl\/en\/for-operators\/international-market\/virtual-private-branch-exchange-vpbx\/#primaryimage"},"image":{"@id":"https:\/\/www.lovo.pl\/en\/for-operators\/international-market\/virtual-private-branch-exchange-vpbx\/#primaryimage"},"thumbnailUrl":"https:\/\/www.lovo.pl\/wp-content\/uploads\/2018\/08\/PBX.png","datePublished":"2018-07-30T03:58:46+00:00","dateModified":"2018-09-19T11:09:51+00:00","description":"Prosta w obs\u0142udze i zaawansowana technologicznie wirtualna centrala VPBX to szybkie, tanie i wygodne rozwi\u0105zanie do dalszej dystrybucji mi\u0119dzynarodowej.","breadcrumb":{"@id":"https:\/\/www.lovo.pl\/en\/for-operators\/international-market\/virtual-private-branch-exchange-vpbx\/#breadcrumb"},"inLanguage":"en-US","potentialAction":[{"@type":"ReadAction","target":["https:\/\/www.lovo.pl\/en\/for-operators\/international-market\/virtual-private-branch-exchange-vpbx\/"]}]},{"@type":"ImageObject","inLanguage":"en-US","@id":"https:\/\/www.lovo.pl\/en\/for-operators\/international-market\/virtual-private-branch-exchange-vpbx\/#primaryimage","url":"https:\/\/www.lovo.pl\/wp-content\/uploads\/2018\/08\/PBX.png","contentUrl":"https:\/\/www.lovo.pl\/wp-content\/uploads\/2018\/08\/PBX.png"},{"@type":"BreadcrumbList","@id":"https:\/\/www.lovo.pl\/en\/for-operators\/international-market\/virtual-private-branch-exchange-vpbx\/#breadcrumb","itemListElement":[{"@type":"ListItem","position":1,"name":"Strona g\u0142\u00f3wna","item":"https:\/\/www.lovo.pl\/en\/"},{"@type":"ListItem","position":2,"name":"Wholesale telecommunications services","item":"https:\/\/www.lovo.pl\/en\/for-operators\/"},{"@type":"ListItem","position":3,"name":"Wholesale telecommunications services","item":"https:\/\/www.lovo.pl\/en\/for-operators\/international-market\/"},{"@type":"ListItem","position":4,"name":"Virtual private branch exchange VPBX"}]},{"@type":"WebSite","@id":"https:\/\/www.lovo.pl\/en\/#website","url":"https:\/\/www.lovo.pl\/en\/","name":"LoVo","description":"Wirtualne rozwi\u0105zania telekomunikacyjne dla Operator\u00f3w, Reseller\u00f3w i Integrator\u00f3w oraz innowacyjne us\u0142ugi teleinformatyczne dla Biznesu.","potentialAction":[{"@type":"SearchAction","target":{"@type":"EntryPoint","urlTemplate":"https:\/\/www.lovo.pl\/en\/?s={search_term_string}"},"query-input":{"@type":"PropertyValueSpecification","valueRequired":true,"valueName":"search_term_string"}}],"inLanguage":"en-US"}]}},"_links":{"self":[{"href":"https:\/\/www.lovo.pl\/en\/wp-json\/wp\/v2\/pages\/18529","targetHints":{"allow":["GET"]}}],"collection":[{"href":"https:\/\/www.lovo.pl\/en\/wp-json\/wp\/v2\/pages"}],"about":[{"href":"https:\/\/www.lovo.pl\/en\/wp-json\/wp\/v2\/types\/page"}],"author":[{"embeddable":true,"href":"https:\/\/www.lovo.pl\/en\/wp-json\/wp\/v2\/users\/1"}],"replies":[{"embeddable":true,"href":"https:\/\/www.lovo.pl\/en\/wp-json\/wp\/v2\/comments?post=18529"}],"version-history":[{"count":4,"href":"https:\/\/www.lovo.pl\/en\/wp-json\/wp\/v2\/pages\/18529\/revisions"}],"predecessor-version":[{"id":19969,"href":"https:\/\/www.lovo.pl\/en\/wp-json\/wp\/v2\/pages\/18529\/revisions\/19969"}],"up":[{"embeddable":true,"href":"https:\/\/www.lovo.pl\/en\/wp-json\/wp\/v2\/pages\/18572"}],"wp:attachment":[{"href":"https:\/\/www.lovo.pl\/en\/wp-json\/wp\/v2\/media?parent=18529"}],"curies":[{"name":"wp","href":"https:\/\/api.w.org\/{rel}","templated":true}]}}