{"id":18528,"date":"2018-07-30T06:03:15","date_gmt":"2018-07-30T04:03:15","guid":{"rendered":"https:\/\/www.lovo.pl\/efax\/"},"modified":"2018-09-19T13:41:10","modified_gmt":"2018-09-19T11:41:10","slug":"efax","status":"publish","type":"page","link":"https:\/\/www.lovo.pl\/en\/for-institutions\/efax\/","title":{"rendered":"Receiving a fax by e-mail"},"content":{"rendered":"<p>[vc_row bg_image=&#8221;18005&#8243; class=&#8221;row-titlebar-image titlebar-font-medium&#8221;][vc_column width=&#8221;1\/1&#8243;]<div class=\"minti_boxedholder   clearfix\" style=\"padding: 0px 0px 0px 0px; margin: 0px 0px 0px 0px; \">[vc_custom_heading source=&#8221;post_title&#8221; font_container=&#8221;tag:h1|font_size:80px|text_align:center|color:%23ffffff|line_height:1&#8243; use_theme_fonts=&#8221;yes&#8221; css=&#8221;.vc_custom_1531175907146{margin-bottom: 20px !important;}&#8221; el_class=&#8221;titlebar-title&#8221;]<div class=\"headline font-inherit fontsize-xxl fontweight-500 lh-inherit align-center transform-inherit titlebar-subtitle\" style=\"margin: 0 0 20px 0; color: #ffffff;\">E-fax<\/div><\/div>[\/vc_column][\/vc_row][vc_row top_padding=&#8221;60&#8243;][vc_column width=&#8221;1\/1&#8243;]<div class=\"headline font-inherit fontsize-xxl fontweight-300 lh-12 align-left transform-inherit lead\" style=\"margin: 0 0 20px 0;\">The ability to send faxes from a computer to physical devices and receive them in an e-mail box or on Hiperus C5 Platform is a convenient solution designed for business. Our virtual fax machine can completely replace the physical device. Your company will be able to communicate with the state administration and contractors without any problem.<\/div>[vc_column_text]<\/p>\n<h2><strong><u>How does E-fax work?<\/u><\/strong><\/h2>\n<p>The E-fax service enables the use of faxes in the same way as e-mail attachments are sent via e-mail. Thanks to E-fax, there is no need to have fax devices and an analogue line. A standard email program is enough to send a fax.<\/p>\n<p>The user can also receive a special account on the Hiperus Platform, used for sending messages. Thanks to this, the mail program archives all sent documents. Fax forward notifications (delivery reports) are delivered by the Hyperus platform to the e-mail box associated with the fax number.[\/vc_column_text][vc_tta_accordion style=&#8221;flat&#8221; active_section=&#8221;0&#8243; collapsible_all=&#8221;true&#8221;][vc_tta_section title=&#8221;Web2Fax&#8221; tab_id=&#8221;1534932170087-65b28617-9858c30c-0da718e9-7bac&#8221;][vc_column_text]The Web2Fax (Web to Fax) service allows sending a fax message from a dedicated account on Hiperus C5 Platform to any fax number.[\/vc_column_text][\/vc_tta_section][vc_tta_section title=&#8221;Fax2Web&#8221; tab_id=&#8221;1534932170114-1abb4267-7438c30c-0da718e9-7bac&#8221;][vc_column_text]The Fax2Web (Fax to Web) service allows receiving a fax message by means of a dedicated account on Hiperus C5 Platform.[\/vc_column_text][\/vc_tta_section][vc_tta_section title=&#8221;Email2Fax&#8221; tab_id=&#8221;1535047701746-2b30d5b1-641118e9-7bac&#8221;][vc_column_text]The Email2Fax (Email to Fax) service consists in the possibility of sending faxes from its own e-mail in PDF format to traditional fax devices.[\/vc_column_text][\/vc_tta_section][vc_tta_section title=&#8221;Fax2Email&#8221; tab_id=&#8221;1535047730101-86d5f4e7-cbbf18e9-7bac&#8221;][vc_column_text]The Fax2Email service (Fax to Email) gives the option of receiving a fax message using own e-mail address.[\/vc_column_text][\/vc_tta_section][\/vc_tta_accordion][vc_empty_space][vc_column_text]<\/p>\n<h2><strong><u>Security:<\/u><\/strong><\/h2>\n<p>Sending documents is encrypted and password protected.<\/p>\n<p>&nbsp;<\/p>\n<h2><strong><u>The benefits of having the E-fax<\/u><\/strong><\/h2>\n<ul>\n<li>Dedicated fax number can be operated by any number of users.<\/li>\n<li>It is possible to set the schedule of mailing in the calendar (e.g. for night or weekend).<\/li>\n<li>Import of contacts from .csv or .txt files and scheduling recurring mailing.<\/li>\n<li>Incoming fax documents in the form of PDF files.<\/li>\n<\/ul>\n<p>[\/vc_column_text][vc_empty_space height=&#8221;40px&#8221;][\/vc_column][\/vc_row]<\/p>\n","protected":false},"excerpt":{"rendered":"<p>[vc_row bg_image=&#8221;18005&#8243; class=&#8221;row-titlebar-image titlebar-font-medium&#8221;][vc_column width=&#8221;1\/1&#8243;][\/vc_column][\/vc_row][vc_row top_padding=&#8221;60&#8243;][vc_column width=&#8221;1\/1&#8243;][vc_column_text] How does E-fax work? The E-fax service enables the use of faxes in the same way as e-mail attachments are sent via e-mail. Thanks to E-fax, there is no need to have fax devices and an analogue line. A standard email program is enough to send a fax. The user can also receive a special account on the Hiperus Platform, used for sending messages. Thanks to this, the mail program archives all sent documents. Fax forward notifications (delivery reports) are delivered by the Hyperus platform to the e-mail box associated with the fax number.[\/vc_column_text][vc_tta_accordion style=&#8221;flat&#8221; active_section=&#8221;0&#8243; collapsible_all=&#8221;true&#8221;][vc_tta_section title=&#8221;Web2Fax&#8221; tab_id=&#8221;1534932170087-65b28617-9858c30c-0da718e9-7bac&#8221;][vc_column_text]The Web2Fax (Web to Fax) service allows sending a fax message from a dedicated account on Hiperus C5 Platform to any fax number.[\/vc_column_text][\/vc_tta_section][vc_tta_section title=&#8221;Fax2Web&#8221; tab_id=&#8221;1534932170114-1abb4267-7438c30c-0da718e9-7bac&#8221;][vc_column_text]The Fax2Web (Fax to Web) service allows receiving a fax message by means of a dedicated account on Hiperus C5 Platform.[\/vc_column_text][\/vc_tta_section][vc_tta_section title=&#8221;Email2Fax&#8221; tab_id=&#8221;1535047701746-2b30d5b1-641118e9-7bac&#8221;][vc_column_text]The Email2Fax (Email to Fax) service consists in the possibility of sending faxes from its own e-mail in PDF format to traditional fax devices.[\/vc_column_text][\/vc_tta_section][vc_tta_section title=&#8221;Fax2Email&#8221; tab_id=&#8221;1535047730101-86d5f4e7-cbbf18e9-7bac&#8221;][vc_column_text]The Fax2Email service (Fax to Email) gives the option of receiving a fax message using own e-mail address.[\/vc_column_text][\/vc_tta_section][\/vc_tta_accordion][vc_empty_space][vc_column_text] Security: Sending documents is encrypted and [&hellip;]<\/p>\n","protected":false},"author":1,"featured_media":0,"parent":18593,"menu_order":0,"comment_status":"closed","ping_status":"closed","template":"","meta":{"footnotes":""},"class_list":["post-18528","page","type-page","status-publish","hentry"],"yoast_head":"<!-- This site is optimized with the Yoast SEO plugin v24.3 - https:\/\/yoast.com\/wordpress\/plugins\/seo\/ -->\n<title>Receiving a fax by e-mail - LoVo<\/title>\n<meta name=\"description\" content=\"System do wysy\u0142ania i odbierania faks\u00f3w w ustalonych formatach (np. e-mail, PDF) bez konieczno\u015bci posiadania dedykowanych urz\u0105dze\u0144.\" \/>\n<meta name=\"robots\" content=\"noindex, follow, max-snippet:-1, max-image-preview:large, max-video-preview:-1\" \/>\n<meta property=\"og:locale\" content=\"en_US\" \/>\n<meta property=\"og:type\" content=\"article\" \/>\n<meta property=\"og:title\" content=\"Receiving a fax by e-mail - LoVo\" \/>\n<meta property=\"og:description\" content=\"System do wysy\u0142ania i odbierania faks\u00f3w w ustalonych formatach (np. e-mail, PDF) bez konieczno\u015bci posiadania dedykowanych urz\u0105dze\u0144.\" \/>\n<meta property=\"og:url\" content=\"https:\/\/www.lovo.pl\/en\/for-institutions\/efax\/\" \/>\n<meta property=\"og:site_name\" content=\"LoVo\" \/>\n<meta property=\"article:modified_time\" content=\"2018-09-19T11:41:10+00:00\" \/>\n<meta name=\"twitter:card\" content=\"summary_large_image\" \/>\n<meta name=\"twitter:label1\" content=\"Est. reading time\" \/>\n\t<meta name=\"twitter:data1\" content=\"3 minutes\" \/>\n<script type=\"application\/ld+json\" class=\"yoast-schema-graph\">{\"@context\":\"https:\/\/schema.org\",\"@graph\":[{\"@type\":\"WebPage\",\"@id\":\"https:\/\/www.lovo.pl\/en\/for-institutions\/efax\/\",\"url\":\"https:\/\/www.lovo.pl\/en\/for-institutions\/efax\/\",\"name\":\"Receiving a fax by e-mail - LoVo\",\"isPartOf\":{\"@id\":\"https:\/\/www.lovo.pl\/en\/#website\"},\"datePublished\":\"2018-07-30T04:03:15+00:00\",\"dateModified\":\"2018-09-19T11:41:10+00:00\",\"description\":\"System do wysy\u0142ania i odbierania faks\u00f3w w ustalonych formatach (np. e-mail, PDF) bez konieczno\u015bci posiadania dedykowanych urz\u0105dze\u0144.\",\"breadcrumb\":{\"@id\":\"https:\/\/www.lovo.pl\/en\/for-institutions\/efax\/#breadcrumb\"},\"inLanguage\":\"en-US\",\"potentialAction\":[{\"@type\":\"ReadAction\",\"target\":[\"https:\/\/www.lovo.pl\/en\/for-institutions\/efax\/\"]}]},{\"@type\":\"BreadcrumbList\",\"@id\":\"https:\/\/www.lovo.pl\/en\/for-institutions\/efax\/#breadcrumb\",\"itemListElement\":[{\"@type\":\"ListItem\",\"position\":1,\"name\":\"Strona g\u0142\u00f3wna\",\"item\":\"https:\/\/www.lovo.pl\/en\/\"},{\"@type\":\"ListItem\",\"position\":2,\"name\":\"Digitization of Public Institutions\",\"item\":\"https:\/\/www.lovo.pl\/en\/for-institutions\/\"},{\"@type\":\"ListItem\",\"position\":3,\"name\":\"Receiving a fax by e-mail\"}]},{\"@type\":\"WebSite\",\"@id\":\"https:\/\/www.lovo.pl\/en\/#website\",\"url\":\"https:\/\/www.lovo.pl\/en\/\",\"name\":\"LoVo\",\"description\":\"Wirtualne rozwi\u0105zania telekomunikacyjne dla Operator\u00f3w, Reseller\u00f3w i Integrator\u00f3w oraz innowacyjne us\u0142ugi teleinformatyczne dla Biznesu.\",\"potentialAction\":[{\"@type\":\"SearchAction\",\"target\":{\"@type\":\"EntryPoint\",\"urlTemplate\":\"https:\/\/www.lovo.pl\/en\/?s={search_term_string}\"},\"query-input\":{\"@type\":\"PropertyValueSpecification\",\"valueRequired\":true,\"valueName\":\"search_term_string\"}}],\"inLanguage\":\"en-US\"}]}<\/script>\n<!-- \/ Yoast SEO plugin. -->","yoast_head_json":{"title":"Receiving a fax by e-mail - LoVo","description":"System do wysy\u0142ania i odbierania faks\u00f3w w ustalonych formatach (np. e-mail, PDF) bez konieczno\u015bci posiadania dedykowanych urz\u0105dze\u0144.","robots":{"index":"noindex","follow":"follow","max-snippet":"max-snippet:-1","max-image-preview":"max-image-preview:large","max-video-preview":"max-video-preview:-1"},"og_locale":"en_US","og_type":"article","og_title":"Receiving a fax by e-mail - LoVo","og_description":"System do wysy\u0142ania i odbierania faks\u00f3w w ustalonych formatach (np. e-mail, PDF) bez konieczno\u015bci posiadania dedykowanych urz\u0105dze\u0144.","og_url":"https:\/\/www.lovo.pl\/en\/for-institutions\/efax\/","og_site_name":"LoVo","article_modified_time":"2018-09-19T11:41:10+00:00","twitter_card":"summary_large_image","twitter_misc":{"Est. reading time":"3 minutes"},"schema":{"@context":"https:\/\/schema.org","@graph":[{"@type":"WebPage","@id":"https:\/\/www.lovo.pl\/en\/for-institutions\/efax\/","url":"https:\/\/www.lovo.pl\/en\/for-institutions\/efax\/","name":"Receiving a fax by e-mail - LoVo","isPartOf":{"@id":"https:\/\/www.lovo.pl\/en\/#website"},"datePublished":"2018-07-30T04:03:15+00:00","dateModified":"2018-09-19T11:41:10+00:00","description":"System do wysy\u0142ania i odbierania faks\u00f3w w ustalonych formatach (np. e-mail, PDF) bez konieczno\u015bci posiadania dedykowanych urz\u0105dze\u0144.","breadcrumb":{"@id":"https:\/\/www.lovo.pl\/en\/for-institutions\/efax\/#breadcrumb"},"inLanguage":"en-US","potentialAction":[{"@type":"ReadAction","target":["https:\/\/www.lovo.pl\/en\/for-institutions\/efax\/"]}]},{"@type":"BreadcrumbList","@id":"https:\/\/www.lovo.pl\/en\/for-institutions\/efax\/#breadcrumb","itemListElement":[{"@type":"ListItem","position":1,"name":"Strona g\u0142\u00f3wna","item":"https:\/\/www.lovo.pl\/en\/"},{"@type":"ListItem","position":2,"name":"Digitization of Public Institutions","item":"https:\/\/www.lovo.pl\/en\/for-institutions\/"},{"@type":"ListItem","position":3,"name":"Receiving a fax by e-mail"}]},{"@type":"WebSite","@id":"https:\/\/www.lovo.pl\/en\/#website","url":"https:\/\/www.lovo.pl\/en\/","name":"LoVo","description":"Wirtualne rozwi\u0105zania telekomunikacyjne dla Operator\u00f3w, Reseller\u00f3w i Integrator\u00f3w oraz innowacyjne us\u0142ugi teleinformatyczne dla Biznesu.","potentialAction":[{"@type":"SearchAction","target":{"@type":"EntryPoint","urlTemplate":"https:\/\/www.lovo.pl\/en\/?s={search_term_string}"},"query-input":{"@type":"PropertyValueSpecification","valueRequired":true,"valueName":"search_term_string"}}],"inLanguage":"en-US"}]}},"_links":{"self":[{"href":"https:\/\/www.lovo.pl\/en\/wp-json\/wp\/v2\/pages\/18528","targetHints":{"allow":["GET"]}}],"collection":[{"href":"https:\/\/www.lovo.pl\/en\/wp-json\/wp\/v2\/pages"}],"about":[{"href":"https:\/\/www.lovo.pl\/en\/wp-json\/wp\/v2\/types\/page"}],"author":[{"embeddable":true,"href":"https:\/\/www.lovo.pl\/en\/wp-json\/wp\/v2\/users\/1"}],"replies":[{"embeddable":true,"href":"https:\/\/www.lovo.pl\/en\/wp-json\/wp\/v2\/comments?post=18528"}],"version-history":[{"count":5,"href":"https:\/\/www.lovo.pl\/en\/wp-json\/wp\/v2\/pages\/18528\/revisions"}],"predecessor-version":[{"id":20005,"href":"https:\/\/www.lovo.pl\/en\/wp-json\/wp\/v2\/pages\/18528\/revisions\/20005"}],"up":[{"embeddable":true,"href":"https:\/\/www.lovo.pl\/en\/wp-json\/wp\/v2\/pages\/18593"}],"wp:attachment":[{"href":"https:\/\/www.lovo.pl\/en\/wp-json\/wp\/v2\/media?parent=18528"}],"curies":[{"name":"wp","href":"https:\/\/api.w.org\/{rel}","templated":true}]}}