{"id":18523,"date":"2018-08-24T10:23:23","date_gmt":"2018-08-24T08:23:23","guid":{"rendered":"https:\/\/www.lovo.pl\/internet-dla-instytucji-publicznych\/"},"modified":"2018-09-19T13:42:23","modified_gmt":"2018-09-19T11:42:23","slug":"internet-for-public-institutions","status":"publish","type":"page","link":"https:\/\/www.lovo.pl\/en\/for-institutions\/internet-for-public-institutions\/","title":{"rendered":"Internet for Public Institutions"},"content":{"rendered":"<p>[vc_row bg_image=&#8221;17858&#8243; class=&#8221;row-titlebar-image titlebar-font-medium&#8221;][vc_column width=&#8221;1\/1&#8243;]<div class=\"minti_boxedholder   clearfix\" style=\"padding: 0px 0px 0px 0px; margin: 0px 0px 0px 0px; \">[vc_custom_heading source=&#8221;post_title&#8221; font_container=&#8221;tag:h1|font_size:80px|text_align:center|color:%23ffffff|line_height:1&#8243; use_theme_fonts=&#8221;yes&#8221; css=&#8221;.vc_custom_1531175907146{margin-bottom: 20px !important;}&#8221; el_class=&#8221;titlebar-title&#8221;]<div class=\"headline font-inherit fontsize-xxl fontweight-500 lh-inherit align-center transform-inherit titlebar-subtitle\" style=\"margin: 0 0 20px 0; color: #ffffff;\">Communes and Districts<\/div><\/div>[\/vc_column][\/vc_row][vc_row top_padding=&#8221;60&#8243;][vc_column width=&#8221;1\/1&#8243;]<div class=\"headline font-inherit fontsize-xxl fontweight-300 lh-12 align-left transform-inherit lead\" style=\"margin: 0 0 20px 0;\">The Internet access service provides the Communes and District authorities with guaranteed and stable access to the Internet. <\/div>[vc_column_text]High quality of the LoVo Net network ensures the highest quality of transmission within the network and a guarantee of high quality of transmission with the global Internet network. In order to optimally provide offices with access to the global network, the LoVo network is connected to the largest Internet networks owned by domestic operators and has a direct connection with international operators with a global reach.[\/vc_column_text][vc_tta_accordion style=&#8221;flat&#8221; active_section=&#8221;0&#8243; collapsible_all=&#8221;true&#8221;][vc_tta_section title=&#8221;Technology used&#8221; tab_id=&#8221;1534932170087-65b28617-9858b401-1a3b&#8221;][vc_column_text]Thanks to the radio and fiber optic technology used, we can choose the bandwidth for your office according to your needs The company receives a symmetrical link with a guarantee of transmission parameters, thanks to which access to the Internet will be functioning without interruption throughout the service period.[\/vc_column_text][\/vc_tta_section][vc_tta_section title=&#8221;Bandwidth&#8221; tab_id=&#8221;1534932170114-1abb4267-7438b401-1a3b&#8221;][vc_column_text]LoVo Net is a symmetric service, which means that the speed of downloading and sending data is the same. The LoVo Net bandwidth is guaranteed over the entire length of the access link, i.e. between the operator device and the edge router of the internet network. This means that the user has at their disposal the purchased bandwidth available throughout the entire service period, regardless of how other users of the internet access service use their services.<\/p>\n<p><strong>The LoVo Net service bandwidth:<\/strong><\/p>\n<p>Download speed | Upload speed<\/p>\n<ul>\n<li>from 10 Mbit\/s | 10 Mbit\/s to 1 Gbit\/s | 1 Gbit\/s<\/li>\n<\/ul>\n<p>[\/vc_column_text][\/vc_tta_section][vc_tta_section title=&#8221;Service scheme&#8221; tab_id=&#8221;1535367079714-c23c7ad0-ac6b&#8221;][vc_column_text]The operator provides the Customer with an Internet access link in accordance with the set parameters (bandwidth, interface type, availability, etc.). The service is available via the interface (port) in the operator&#8217;s device.<\/p>\n<p>&nbsp;<\/p>\n<p><img loading=\"lazy\" decoding=\"async\" class=\"alignnone wp-image-17860 size-full\" src=\"https:\/\/www.lovo.pl\/wp-content\/uploads\/2018\/08\/LoVoNet.png\" alt=\"\" width=\"719\" height=\"220\" srcset=\"https:\/\/www.lovo.pl\/wp-content\/uploads\/2018\/08\/LoVoNet.png 719w, https:\/\/www.lovo.pl\/wp-content\/uploads\/2018\/08\/LoVoNet-300x92.png 300w, https:\/\/www.lovo.pl\/wp-content\/uploads\/2018\/08\/LoVoNet-100x31.png 100w\" sizes=\"auto, (max-width: 719px) 100vw, 719px\" \/>[\/vc_column_text][\/vc_tta_section][\/vc_tta_accordion][vc_column_text]<\/p>\n<h2><strong><u>Benefits for institutions<\/u><\/strong><\/h2>\n<p>The LoVo Group companies have been influencing the formation of the telecommunications market in Poland and around the world for years. We are constantly working on new solutions, which are very popular with our business partners. Thanks to the high quality and innovation of the services provided, many companies and public institutions have trusted us, and their group is still growing.<\/p>\n<p>The most important values and features distinguishing the LoVo Internet access service are such important factors as:<\/p>\n<ul>\n<li>The bandwidth symmetry &#8211; the speed of transmission from the network to the user and from the user towards the network is the same.<\/li>\n<li>Guaranteed bandwidth throughout the entire section from the Customer&#8217;s device (CPE) to the operator&#8217;s edge routers.<\/li>\n<li>High quality of the LoVo backbone network ensuring the highest quality of transmission within the network and the guarantee of high quality transmission with the global Internet network.<\/li>\n<li>High availability of the radio link is 99.95% per annum, which means that there is a possibility of a lack of communication for just over 4 hours throughout the whole year.<\/li>\n<li>Short installation time &#8211; radio links can be installed in just a few weeks from signing the contract to starting the service. Preparing the infrastructure and setting up and configuring the devices is only a few days.<\/li>\n<li>Fixed IP addressing &#8211; 4 or 8 address IP address class. In exceptional cases, it is possible to allocate a larger address pool.<\/li>\n<li>The possibility of exchanging IP traffic based on the BGP protocol: for Customers with an AS (Autonomous System) number, it is possible to set up a BGP session with the LoVo network.<\/li>\n<li>Permanent monitoring (24\/7\/365) of the network.<\/li>\n<\/ul>\n<p>[\/vc_column_text][vc_empty_space][\/vc_column][\/vc_row]<\/p>\n","protected":false},"excerpt":{"rendered":"<p>[vc_row bg_image=&#8221;17858&#8243; class=&#8221;row-titlebar-image titlebar-font-medium&#8221;][vc_column width=&#8221;1\/1&#8243;][\/vc_column][\/vc_row][vc_row top_padding=&#8221;60&#8243;][vc_column width=&#8221;1\/1&#8243;][vc_column_text]High quality of the LoVo Net network ensures the highest quality of transmission within the network and a guarantee of high quality of transmission with the global Internet network. In order to optimally provide offices with access to the global network, the LoVo network is connected to the largest Internet networks owned by domestic operators and has a direct connection with international operators with a global reach.[\/vc_column_text][vc_tta_accordion style=&#8221;flat&#8221; active_section=&#8221;0&#8243; collapsible_all=&#8221;true&#8221;][vc_tta_section title=&#8221;Technology used&#8221; tab_id=&#8221;1534932170087-65b28617-9858b401-1a3b&#8221;][vc_column_text]Thanks to the radio and fiber optic technology used, we can choose the bandwidth for your office according to your needs The company receives a symmetrical link with a guarantee of transmission parameters, thanks to which access to the Internet will be functioning without interruption throughout the service period.[\/vc_column_text][\/vc_tta_section][vc_tta_section title=&#8221;Bandwidth&#8221; tab_id=&#8221;1534932170114-1abb4267-7438b401-1a3b&#8221;][vc_column_text]LoVo Net is a symmetric service, which means that the speed of downloading and sending data is the same. The LoVo Net bandwidth is guaranteed over the entire length of the access link, i.e. between the operator device and the edge router of the internet network. This means that the user has at their disposal the purchased bandwidth available throughout the entire service period, regardless of how other users of the internet [&hellip;]<\/p>\n","protected":false},"author":1,"featured_media":0,"parent":18593,"menu_order":0,"comment_status":"closed","ping_status":"closed","template":"","meta":{"footnotes":""},"class_list":["post-18523","page","type-page","status-publish","hentry"],"yoast_head":"<!-- This site is optimized with the Yoast SEO plugin v24.3 - https:\/\/yoast.com\/wordpress\/plugins\/seo\/ -->\n<title>Internet for Public Institutions - LoVo<\/title>\n<meta name=\"robots\" content=\"noindex, follow, max-snippet:-1, max-image-preview:large, max-video-preview:-1\" \/>\n<meta property=\"og:locale\" content=\"en_US\" \/>\n<meta property=\"og:type\" content=\"article\" \/>\n<meta property=\"og:title\" content=\"Internet for Public Institutions - LoVo\" \/>\n<meta property=\"og:description\" content=\"[vc_row bg_image=&#8221;17858&#8243; class=&#8221;row-titlebar-image titlebar-font-medium&#8221;][vc_column width=&#8221;1\/1&#8243;][\/vc_column][\/vc_row][vc_row top_padding=&#8221;60&#8243;][vc_column width=&#8221;1\/1&#8243;][vc_column_text]High quality of the LoVo Net network ensures the highest quality of transmission within the network and a guarantee of high quality of transmission with the global Internet network. In order to optimally provide offices with access to the global network, the LoVo network is connected to the largest Internet networks owned by domestic operators and has a direct connection with international operators with a global reach.[\/vc_column_text][vc_tta_accordion style=&#8221;flat&#8221; active_section=&#8221;0&#8243; collapsible_all=&#8221;true&#8221;][vc_tta_section title=&#8221;Technology used&#8221; tab_id=&#8221;1534932170087-65b28617-9858b401-1a3b&#8221;][vc_column_text]Thanks to the radio and fiber optic technology used, we can choose the bandwidth for your office according to your needs The company receives a symmetrical link with a guarantee of transmission parameters, thanks to which access to the Internet will be functioning without interruption throughout the service period.[\/vc_column_text][\/vc_tta_section][vc_tta_section title=&#8221;Bandwidth&#8221; tab_id=&#8221;1534932170114-1abb4267-7438b401-1a3b&#8221;][vc_column_text]LoVo Net is a symmetric service, which means that the speed of downloading and sending data is the same. The LoVo Net bandwidth is guaranteed over the entire length of the access link, i.e. between the operator device and the edge router of the internet network. This means that the user has at their disposal the purchased bandwidth available throughout the entire service period, regardless of how other users of the internet [&hellip;]\" \/>\n<meta property=\"og:url\" content=\"https:\/\/www.lovo.pl\/en\/for-institutions\/internet-for-public-institutions\/\" \/>\n<meta property=\"og:site_name\" content=\"LoVo\" \/>\n<meta property=\"article:modified_time\" content=\"2018-09-19T11:42:23+00:00\" \/>\n<meta property=\"og:image\" content=\"https:\/\/www.lovo.pl\/wp-content\/uploads\/2018\/08\/LoVoNet.png\" \/>\n<meta name=\"twitter:card\" content=\"summary_large_image\" \/>\n<meta name=\"twitter:label1\" content=\"Est. reading time\" \/>\n\t<meta name=\"twitter:data1\" content=\"4 minutes\" \/>\n<script type=\"application\/ld+json\" class=\"yoast-schema-graph\">{\"@context\":\"https:\/\/schema.org\",\"@graph\":[{\"@type\":\"WebPage\",\"@id\":\"https:\/\/www.lovo.pl\/en\/for-institutions\/internet-for-public-institutions\/\",\"url\":\"https:\/\/www.lovo.pl\/en\/for-institutions\/internet-for-public-institutions\/\",\"name\":\"Internet for Public Institutions - LoVo\",\"isPartOf\":{\"@id\":\"https:\/\/www.lovo.pl\/en\/#website\"},\"primaryImageOfPage\":{\"@id\":\"https:\/\/www.lovo.pl\/en\/for-institutions\/internet-for-public-institutions\/#primaryimage\"},\"image\":{\"@id\":\"https:\/\/www.lovo.pl\/en\/for-institutions\/internet-for-public-institutions\/#primaryimage\"},\"thumbnailUrl\":\"https:\/\/www.lovo.pl\/wp-content\/uploads\/2018\/08\/LoVoNet.png\",\"datePublished\":\"2018-08-24T08:23:23+00:00\",\"dateModified\":\"2018-09-19T11:42:23+00:00\",\"breadcrumb\":{\"@id\":\"https:\/\/www.lovo.pl\/en\/for-institutions\/internet-for-public-institutions\/#breadcrumb\"},\"inLanguage\":\"en-US\",\"potentialAction\":[{\"@type\":\"ReadAction\",\"target\":[\"https:\/\/www.lovo.pl\/en\/for-institutions\/internet-for-public-institutions\/\"]}]},{\"@type\":\"ImageObject\",\"inLanguage\":\"en-US\",\"@id\":\"https:\/\/www.lovo.pl\/en\/for-institutions\/internet-for-public-institutions\/#primaryimage\",\"url\":\"https:\/\/www.lovo.pl\/wp-content\/uploads\/2018\/08\/LoVoNet.png\",\"contentUrl\":\"https:\/\/www.lovo.pl\/wp-content\/uploads\/2018\/08\/LoVoNet.png\"},{\"@type\":\"BreadcrumbList\",\"@id\":\"https:\/\/www.lovo.pl\/en\/for-institutions\/internet-for-public-institutions\/#breadcrumb\",\"itemListElement\":[{\"@type\":\"ListItem\",\"position\":1,\"name\":\"Strona g\u0142\u00f3wna\",\"item\":\"https:\/\/www.lovo.pl\/en\/\"},{\"@type\":\"ListItem\",\"position\":2,\"name\":\"Digitization of Public Institutions\",\"item\":\"https:\/\/www.lovo.pl\/en\/for-institutions\/\"},{\"@type\":\"ListItem\",\"position\":3,\"name\":\"Internet for Public Institutions\"}]},{\"@type\":\"WebSite\",\"@id\":\"https:\/\/www.lovo.pl\/en\/#website\",\"url\":\"https:\/\/www.lovo.pl\/en\/\",\"name\":\"LoVo\",\"description\":\"Wirtualne rozwi\u0105zania telekomunikacyjne dla Operator\u00f3w, Reseller\u00f3w i Integrator\u00f3w oraz innowacyjne us\u0142ugi teleinformatyczne dla Biznesu.\",\"potentialAction\":[{\"@type\":\"SearchAction\",\"target\":{\"@type\":\"EntryPoint\",\"urlTemplate\":\"https:\/\/www.lovo.pl\/en\/?s={search_term_string}\"},\"query-input\":{\"@type\":\"PropertyValueSpecification\",\"valueRequired\":true,\"valueName\":\"search_term_string\"}}],\"inLanguage\":\"en-US\"}]}<\/script>\n<!-- \/ Yoast SEO plugin. -->","yoast_head_json":{"title":"Internet for Public Institutions - LoVo","robots":{"index":"noindex","follow":"follow","max-snippet":"max-snippet:-1","max-image-preview":"max-image-preview:large","max-video-preview":"max-video-preview:-1"},"og_locale":"en_US","og_type":"article","og_title":"Internet for Public Institutions - LoVo","og_description":"[vc_row bg_image=&#8221;17858&#8243; class=&#8221;row-titlebar-image titlebar-font-medium&#8221;][vc_column width=&#8221;1\/1&#8243;][\/vc_column][\/vc_row][vc_row top_padding=&#8221;60&#8243;][vc_column width=&#8221;1\/1&#8243;][vc_column_text]High quality of the LoVo Net network ensures the highest quality of transmission within the network and a guarantee of high quality of transmission with the global Internet network. In order to optimally provide offices with access to the global network, the LoVo network is connected to the largest Internet networks owned by domestic operators and has a direct connection with international operators with a global reach.[\/vc_column_text][vc_tta_accordion style=&#8221;flat&#8221; active_section=&#8221;0&#8243; collapsible_all=&#8221;true&#8221;][vc_tta_section title=&#8221;Technology used&#8221; tab_id=&#8221;1534932170087-65b28617-9858b401-1a3b&#8221;][vc_column_text]Thanks to the radio and fiber optic technology used, we can choose the bandwidth for your office according to your needs The company receives a symmetrical link with a guarantee of transmission parameters, thanks to which access to the Internet will be functioning without interruption throughout the service period.[\/vc_column_text][\/vc_tta_section][vc_tta_section title=&#8221;Bandwidth&#8221; tab_id=&#8221;1534932170114-1abb4267-7438b401-1a3b&#8221;][vc_column_text]LoVo Net is a symmetric service, which means that the speed of downloading and sending data is the same. The LoVo Net bandwidth is guaranteed over the entire length of the access link, i.e. between the operator device and the edge router of the internet network. This means that the user has at their disposal the purchased bandwidth available throughout the entire service period, regardless of how other users of the internet [&hellip;]","og_url":"https:\/\/www.lovo.pl\/en\/for-institutions\/internet-for-public-institutions\/","og_site_name":"LoVo","article_modified_time":"2018-09-19T11:42:23+00:00","og_image":[{"url":"https:\/\/www.lovo.pl\/wp-content\/uploads\/2018\/08\/LoVoNet.png","type":"","width":"","height":""}],"twitter_card":"summary_large_image","twitter_misc":{"Est. reading time":"4 minutes"},"schema":{"@context":"https:\/\/schema.org","@graph":[{"@type":"WebPage","@id":"https:\/\/www.lovo.pl\/en\/for-institutions\/internet-for-public-institutions\/","url":"https:\/\/www.lovo.pl\/en\/for-institutions\/internet-for-public-institutions\/","name":"Internet for Public Institutions - LoVo","isPartOf":{"@id":"https:\/\/www.lovo.pl\/en\/#website"},"primaryImageOfPage":{"@id":"https:\/\/www.lovo.pl\/en\/for-institutions\/internet-for-public-institutions\/#primaryimage"},"image":{"@id":"https:\/\/www.lovo.pl\/en\/for-institutions\/internet-for-public-institutions\/#primaryimage"},"thumbnailUrl":"https:\/\/www.lovo.pl\/wp-content\/uploads\/2018\/08\/LoVoNet.png","datePublished":"2018-08-24T08:23:23+00:00","dateModified":"2018-09-19T11:42:23+00:00","breadcrumb":{"@id":"https:\/\/www.lovo.pl\/en\/for-institutions\/internet-for-public-institutions\/#breadcrumb"},"inLanguage":"en-US","potentialAction":[{"@type":"ReadAction","target":["https:\/\/www.lovo.pl\/en\/for-institutions\/internet-for-public-institutions\/"]}]},{"@type":"ImageObject","inLanguage":"en-US","@id":"https:\/\/www.lovo.pl\/en\/for-institutions\/internet-for-public-institutions\/#primaryimage","url":"https:\/\/www.lovo.pl\/wp-content\/uploads\/2018\/08\/LoVoNet.png","contentUrl":"https:\/\/www.lovo.pl\/wp-content\/uploads\/2018\/08\/LoVoNet.png"},{"@type":"BreadcrumbList","@id":"https:\/\/www.lovo.pl\/en\/for-institutions\/internet-for-public-institutions\/#breadcrumb","itemListElement":[{"@type":"ListItem","position":1,"name":"Strona g\u0142\u00f3wna","item":"https:\/\/www.lovo.pl\/en\/"},{"@type":"ListItem","position":2,"name":"Digitization of Public Institutions","item":"https:\/\/www.lovo.pl\/en\/for-institutions\/"},{"@type":"ListItem","position":3,"name":"Internet for Public Institutions"}]},{"@type":"WebSite","@id":"https:\/\/www.lovo.pl\/en\/#website","url":"https:\/\/www.lovo.pl\/en\/","name":"LoVo","description":"Wirtualne rozwi\u0105zania telekomunikacyjne dla Operator\u00f3w, Reseller\u00f3w i Integrator\u00f3w oraz innowacyjne us\u0142ugi teleinformatyczne dla Biznesu.","potentialAction":[{"@type":"SearchAction","target":{"@type":"EntryPoint","urlTemplate":"https:\/\/www.lovo.pl\/en\/?s={search_term_string}"},"query-input":{"@type":"PropertyValueSpecification","valueRequired":true,"valueName":"search_term_string"}}],"inLanguage":"en-US"}]}},"_links":{"self":[{"href":"https:\/\/www.lovo.pl\/en\/wp-json\/wp\/v2\/pages\/18523","targetHints":{"allow":["GET"]}}],"collection":[{"href":"https:\/\/www.lovo.pl\/en\/wp-json\/wp\/v2\/pages"}],"about":[{"href":"https:\/\/www.lovo.pl\/en\/wp-json\/wp\/v2\/types\/page"}],"author":[{"embeddable":true,"href":"https:\/\/www.lovo.pl\/en\/wp-json\/wp\/v2\/users\/1"}],"replies":[{"embeddable":true,"href":"https:\/\/www.lovo.pl\/en\/wp-json\/wp\/v2\/comments?post=18523"}],"version-history":[{"count":4,"href":"https:\/\/www.lovo.pl\/en\/wp-json\/wp\/v2\/pages\/18523\/revisions"}],"predecessor-version":[{"id":20007,"href":"https:\/\/www.lovo.pl\/en\/wp-json\/wp\/v2\/pages\/18523\/revisions\/20007"}],"up":[{"embeddable":true,"href":"https:\/\/www.lovo.pl\/en\/wp-json\/wp\/v2\/pages\/18593"}],"wp:attachment":[{"href":"https:\/\/www.lovo.pl\/en\/wp-json\/wp\/v2\/media?parent=18523"}],"curies":[{"name":"wp","href":"https:\/\/api.w.org\/{rel}","templated":true}]}}