{"id":18522,"date":"2018-08-24T10:45:20","date_gmt":"2018-08-24T08:45:20","guid":{"rendered":"https:\/\/www.lovo.pl\/iot\/"},"modified":"2018-09-19T13:43:34","modified_gmt":"2018-09-19T11:43:34","slug":"iot","status":"publish","type":"page","link":"https:\/\/www.lovo.pl\/en\/iot\/","title":{"rendered":"Internet of Things"},"content":{"rendered":"<p>[vc_row bg_image=&#8221;17883&#8243; class=&#8221;row-titlebar-image titlebar-font-medium&#8221;][vc_column width=&#8221;1\/1&#8243;]<div class=\"minti_boxedholder   clearfix\" style=\"padding: 0px 0px 0px 0px; margin: 0px 0px 0px 0px; \">[vc_custom_heading source=&#8221;post_title&#8221; font_container=&#8221;tag:h1|font_size:80px|text_align:center|color:%23ffffff|line_height:1&#8243; use_theme_fonts=&#8221;yes&#8221; css=&#8221;.vc_custom_1531175907146{margin-bottom: 20px !important;}&#8221; el_class=&#8221;titlebar-title&#8221;]<div class=\"headline font-inherit fontsize-xxl fontweight-500 lh-inherit align-center transform-inherit titlebar-subtitle\" style=\"margin: 0 0 20px 0; color: #ffffff;\">IoT<\/div><\/div>[\/vc_column][\/vc_row][vc_row top_padding=&#8221;60&#8243;][vc_column width=&#8221;1\/1&#8243;]<div class=\"headline font-inherit fontsize-xxl fontweight-300 lh-12 align-left transform-inherit lead\" style=\"margin: 0 0 20px 0;\">Improve your reality through the innovative applications of the LoVo IoT network.<\/div>[vc_tta_accordion style=&#8221;flat&#8221; active_section=&#8221;0&#8243; collapsible_all=&#8221;true&#8221;][vc_tta_section title=&#8221;What is the Internet of Things?&#8221; tab_id=&#8221;1534932170087-65b28617-9858f945-7e6e&#8221;][vc_column_text]Contrary to appearances, the Internet of Things (IoT) is not an internet of &#8220;things&#8221; but of data. The main idea of \u200b\u200bthe Internet of Things &#8211; which is already often described as &#8220;the internet of the future&#8221; &#8211; are not the devices themselves but their enormous potential and the possibility of collecting and sending data by them. Talking about IoT, we are really talking about what smart-objects are able to do, and to what extent we are able to use the data they generate to improve our lives. If you manage to master Big Data generated by smart devices, IoT will develop into one of the main building blocks of our era, where smart homes and cities will become everyday life.[\/vc_column_text][\/vc_tta_section][\/vc_tta_accordion][vc_empty_space height=&#8221;40px&#8221;][vc_column_text]<\/p>\n<h2><strong><u>What is LoVo IoT?<\/u><\/strong><\/h2>\n<p>The <strong>TELKO.in<\/strong> information service, addressed to readers interested in the professional aspect of the Polish and global telecommunications market, published an article of Tomasz Brzozowski, the Board Member of the LoVo SA., on the subject of IoT (Internet of Things). The material covers not only the basic issues of the Internet of Things, but innovative solutions used in LoVo. The entire article &#8220;<em>Internet of Things &#8211; what are you?<\/em>&#8221; by Tomasz Brzozowski is available online on the TELKO.in portal or <a href=\"https:\/\/www.telko.in\/internecie-rzeczy-czym-jestes\"><strong>here<\/strong><\/a>. It is worth noting that the material went to TOP5 of the most-read publications in the <a href=\"https:\/\/www.telko.in\/telko-in-hity-czerwca-4\">June ranking<\/a> of the website. Below we present a fragment of the article:<\/p>\n<p><strong>The term IoT (Internet of Things) in recent years has been treated as the buzzword used by operators, device manufacturers and consultants for their own purposes, mainly marketing one. Some approach the Internet of Things as an innovation &#8211; a completely new area, a technological revolution. Others consider this term a new name for long-existing technologies such as M2M in 2G and 3G networks. As usual, the devil\u2019s in the details. The multitude of technologies, philosophies and possible applications is so wide that it is not difficult to get a headache. Let&#8217;s try to systematize it somehow.<\/strong><\/p>\n<p>&nbsp;<\/p>\n<p><img loading=\"lazy\" decoding=\"async\" class=\"alignnone wp-image-17885 \" src=\"https:\/\/www.lovo.pl\/wp-content\/uploads\/2018\/08\/image019.png\" alt=\"\" width=\"811\" height=\"452\" \/><\/p>\n<p>&nbsp;<\/p>\n<p>The figure above shows the dependence of energy efficiency on the scale capability. Energy efficiency in this case means the amount of energy needed to operation of a given technology. The higher the scale, the more cost-effective devices are and the less energy they need to send data.<\/p>\n<p>On the second axis, the possible scale\/range to be achieved by the given solution is presented. For example, in the 2G, 3G, 4G networks we are able to achieve a huge scale, both in terms of the range of operation of the devices and their number, while the energy efficiency is low. In this case, maintaining the session and transmission itself is very energy-intensive.<\/p>\n<p>Each of these technologies is suitable for use in specific IoT solutions. Each of them has its pros and cons. Some of them have existed for a long time, others have just emerged and are beginning to develop dynamically. (\u2026)<\/p>\n<p>&nbsp;<\/p>\n<h2><strong><u>LoVo IoT solutions<\/u><\/strong><\/h2>\n<p>[\/vc_column_text][\/vc_column][\/vc_row][vc_row top_padding=&#8221;30&#8243; bottom_padding=&#8221;80&#8243;][vc_column width=&#8221;1\/1&#8243;][vc_row_inner el_class=&#8221;ehcol-section-1&#8243;][vc_column_inner width=&#8221;1\/3&#8243; css=&#8221;.vc_custom_1533631317586{padding-top: 0px !important;background-color: #f8f8f8 !important;background-position: center !important;background-repeat: no-repeat !important;background-size: cover !important;}&#8221;]<div class=\"minti_boxedholder   clearfix\" style=\"margin: 0px 0px 0px 0px; \"><a href=\"https:\/\/www.lovo.pl\/en\/iot\/lorawan-network\/\"\" style=\"display: block; -webkit-box-sizing: border-box; box-sizing: border-box; height: 100%; padding: 120px 30px 30px 30px; \"><h3 class=\"headline font-inherit fontsize-xl fontweight-500 lh-12 align-left transform-uppercase ehcol-group-1\" style=\"margin: 0 0 5px 0;\">LoRaWAN network<\/h3>[vc_column_text el_class=&#8221;ehcol-group-2&#8243;]Energy-efficient and long-distance network for smart devices and IoT networks.[\/vc_column_text]<\/a><\/div>[\/vc_column_inner][vc_column_inner width=&#8221;1\/3&#8243; css=&#8221;.vc_custom_1533631362712{padding-top: 0px !important;background-color: #f8f8f8 !important;background-position: center !important;background-repeat: no-repeat !important;background-size: cover !important;}&#8221;]<div class=\"minti_boxedholder   clearfix\" style=\"margin: 0px 0px 0px 0px; \"><a href=\"https:\/\/www.lovo.pl\/en\/iot\/lovo-motion-guard\/\"\" style=\"display: block; -webkit-box-sizing: border-box; box-sizing: border-box; height: 100%; padding: 120px 30px 30px 30px; \"><h3 class=\"headline font-inherit fontsize-xl fontweight-500 lh-12 align-left transform-uppercase ehcol-group-1\" style=\"margin: 0 0 5px 0;\">Wireless locator with a motion detector<\/h3>[vc_column_text el_class=&#8221;ehcol-group-2&#8243;]A revolutionary solution using its own independent network to communicate the motion of devices.[\/vc_column_text]<\/a><\/div>[\/vc_column_inner][vc_column_inner width=&#8221;1\/3&#8243; css=&#8221;.vc_custom_1533631375962{padding-top: 0px !important;background-color: #f8f8f8 !important;background-position: center !important;background-repeat: no-repeat !important;background-size: cover !important;}&#8221;]<div class=\"minti_boxedholder   clearfix\" style=\"margin: 0px 0px 0px 0px; \"><a href=\"https:\/\/www.lovo.pl\/en\/iot\/air-quality-monitoring-system\/\"\" style=\"display: block; -webkit-box-sizing: border-box; box-sizing: border-box; height: 100%; padding: 120px 30px 30px 30px; \"><h3 class=\"headline font-inherit fontsize-xl fontweight-500 lh-12 align-left transform-uppercase ehcol-group-1\" style=\"margin: 0 0 5px 0;\">Air quality monitoring system <\/h3>[vc_column_text el_class=&#8221;ehcol-group-2&#8243;]A modern solution based on the network of LoVo IoT Base Stations controlling the air quality.[\/vc_column_text]<\/a><\/div>[\/vc_column_inner][\/vc_row_inner][\/vc_column][\/vc_row]<\/p>\n","protected":false},"excerpt":{"rendered":"<p>[vc_row bg_image=&#8221;17883&#8243; class=&#8221;row-titlebar-image titlebar-font-medium&#8221;][vc_column width=&#8221;1\/1&#8243;][\/vc_column][\/vc_row][vc_row top_padding=&#8221;60&#8243;][vc_column width=&#8221;1\/1&#8243;][vc_tta_accordion style=&#8221;flat&#8221; active_section=&#8221;0&#8243; collapsible_all=&#8221;true&#8221;][vc_tta_section title=&#8221;What is the Internet of Things?&#8221; tab_id=&#8221;1534932170087-65b28617-9858f945-7e6e&#8221;][vc_column_text]Contrary to appearances, the Internet of Things (IoT) is not an internet of &#8220;things&#8221; but of data. The main idea of \u200b\u200bthe Internet of Things &#8211; which is already often described as &#8220;the internet of the future&#8221; &#8211; are not the devices themselves but their enormous potential and the possibility of collecting and sending data by them. Talking about IoT, we are really talking about what smart-objects are able to do, and to what extent we are able to use the data they generate to improve our lives. If you manage to master Big Data generated by smart devices, IoT will develop into one of the main building blocks of our era, where smart homes and cities will become everyday life.[\/vc_column_text][\/vc_tta_section][\/vc_tta_accordion][vc_empty_space height=&#8221;40px&#8221;][vc_column_text] What is LoVo IoT? The TELKO.in information service, addressed to readers interested in the professional aspect of the Polish and global telecommunications market, published an article of Tomasz Brzozowski, the Board Member of the LoVo SA., on the subject of IoT (Internet of Things). The material covers not only the basic issues of the Internet of Things, but innovative solutions used in [&hellip;]<\/p>\n","protected":false},"author":1,"featured_media":0,"parent":0,"menu_order":0,"comment_status":"closed","ping_status":"closed","template":"","meta":{"footnotes":""},"class_list":["post-18522","page","type-page","status-publish","hentry"],"yoast_head":"<!-- This site is optimized with the Yoast SEO plugin v24.3 - https:\/\/yoast.com\/wordpress\/plugins\/seo\/ -->\n<title>Internet of Things - LoVo<\/title>\n<meta name=\"robots\" content=\"noindex, follow, max-snippet:-1, max-image-preview:large, max-video-preview:-1\" \/>\n<meta property=\"og:locale\" content=\"en_US\" \/>\n<meta property=\"og:type\" content=\"article\" \/>\n<meta property=\"og:title\" content=\"Internet of Things - LoVo\" \/>\n<meta property=\"og:description\" content=\"[vc_row bg_image=&#8221;17883&#8243; class=&#8221;row-titlebar-image titlebar-font-medium&#8221;][vc_column width=&#8221;1\/1&#8243;][\/vc_column][\/vc_row][vc_row top_padding=&#8221;60&#8243;][vc_column width=&#8221;1\/1&#8243;][vc_tta_accordion style=&#8221;flat&#8221; active_section=&#8221;0&#8243; collapsible_all=&#8221;true&#8221;][vc_tta_section title=&#8221;What is the Internet of Things?&#8221; tab_id=&#8221;1534932170087-65b28617-9858f945-7e6e&#8221;][vc_column_text]Contrary to appearances, the Internet of Things (IoT) is not an internet of &#8220;things&#8221; but of data. The main idea of \u200b\u200bthe Internet of Things &#8211; which is already often described as &#8220;the internet of the future&#8221; &#8211; are not the devices themselves but their enormous potential and the possibility of collecting and sending data by them. Talking about IoT, we are really talking about what smart-objects are able to do, and to what extent we are able to use the data they generate to improve our lives. If you manage to master Big Data generated by smart devices, IoT will develop into one of the main building blocks of our era, where smart homes and cities will become everyday life.[\/vc_column_text][\/vc_tta_section][\/vc_tta_accordion][vc_empty_space height=&#8221;40px&#8221;][vc_column_text] What is LoVo IoT? The TELKO.in information service, addressed to readers interested in the professional aspect of the Polish and global telecommunications market, published an article of Tomasz Brzozowski, the Board Member of the LoVo SA., on the subject of IoT (Internet of Things). The material covers not only the basic issues of the Internet of Things, but innovative solutions used in [&hellip;]\" \/>\n<meta property=\"og:url\" content=\"https:\/\/www.lovo.pl\/en\/iot\/\" \/>\n<meta property=\"og:site_name\" content=\"LoVo\" \/>\n<meta property=\"article:modified_time\" content=\"2018-09-19T11:43:34+00:00\" \/>\n<meta property=\"og:image\" content=\"https:\/\/www.lovo.pl\/wp-content\/uploads\/2018\/08\/image019.png\" \/>\n<meta name=\"twitter:card\" content=\"summary_large_image\" \/>\n<meta name=\"twitter:label1\" content=\"Est. reading time\" \/>\n\t<meta name=\"twitter:data1\" content=\"5 minutes\" \/>\n<script type=\"application\/ld+json\" class=\"yoast-schema-graph\">{\"@context\":\"https:\/\/schema.org\",\"@graph\":[{\"@type\":\"WebPage\",\"@id\":\"https:\/\/www.lovo.pl\/en\/iot\/\",\"url\":\"https:\/\/www.lovo.pl\/en\/iot\/\",\"name\":\"Internet of Things - LoVo\",\"isPartOf\":{\"@id\":\"https:\/\/www.lovo.pl\/en\/#website\"},\"primaryImageOfPage\":{\"@id\":\"https:\/\/www.lovo.pl\/en\/iot\/#primaryimage\"},\"image\":{\"@id\":\"https:\/\/www.lovo.pl\/en\/iot\/#primaryimage\"},\"thumbnailUrl\":\"https:\/\/www.lovo.pl\/wp-content\/uploads\/2018\/08\/image019.png\",\"datePublished\":\"2018-08-24T08:45:20+00:00\",\"dateModified\":\"2018-09-19T11:43:34+00:00\",\"breadcrumb\":{\"@id\":\"https:\/\/www.lovo.pl\/en\/iot\/#breadcrumb\"},\"inLanguage\":\"en-US\",\"potentialAction\":[{\"@type\":\"ReadAction\",\"target\":[\"https:\/\/www.lovo.pl\/en\/iot\/\"]}]},{\"@type\":\"ImageObject\",\"inLanguage\":\"en-US\",\"@id\":\"https:\/\/www.lovo.pl\/en\/iot\/#primaryimage\",\"url\":\"https:\/\/www.lovo.pl\/wp-content\/uploads\/2018\/08\/image019.png\",\"contentUrl\":\"https:\/\/www.lovo.pl\/wp-content\/uploads\/2018\/08\/image019.png\"},{\"@type\":\"BreadcrumbList\",\"@id\":\"https:\/\/www.lovo.pl\/en\/iot\/#breadcrumb\",\"itemListElement\":[{\"@type\":\"ListItem\",\"position\":1,\"name\":\"Strona g\u0142\u00f3wna\",\"item\":\"https:\/\/www.lovo.pl\/en\/\"},{\"@type\":\"ListItem\",\"position\":2,\"name\":\"Internet of Things\"}]},{\"@type\":\"WebSite\",\"@id\":\"https:\/\/www.lovo.pl\/en\/#website\",\"url\":\"https:\/\/www.lovo.pl\/en\/\",\"name\":\"LoVo\",\"description\":\"Wirtualne rozwi\u0105zania telekomunikacyjne dla Operator\u00f3w, Reseller\u00f3w i Integrator\u00f3w oraz innowacyjne us\u0142ugi teleinformatyczne dla Biznesu.\",\"potentialAction\":[{\"@type\":\"SearchAction\",\"target\":{\"@type\":\"EntryPoint\",\"urlTemplate\":\"https:\/\/www.lovo.pl\/en\/?s={search_term_string}\"},\"query-input\":{\"@type\":\"PropertyValueSpecification\",\"valueRequired\":true,\"valueName\":\"search_term_string\"}}],\"inLanguage\":\"en-US\"}]}<\/script>\n<!-- \/ Yoast SEO plugin. -->","yoast_head_json":{"title":"Internet of Things - LoVo","robots":{"index":"noindex","follow":"follow","max-snippet":"max-snippet:-1","max-image-preview":"max-image-preview:large","max-video-preview":"max-video-preview:-1"},"og_locale":"en_US","og_type":"article","og_title":"Internet of Things - LoVo","og_description":"[vc_row bg_image=&#8221;17883&#8243; class=&#8221;row-titlebar-image titlebar-font-medium&#8221;][vc_column width=&#8221;1\/1&#8243;][\/vc_column][\/vc_row][vc_row top_padding=&#8221;60&#8243;][vc_column width=&#8221;1\/1&#8243;][vc_tta_accordion style=&#8221;flat&#8221; active_section=&#8221;0&#8243; collapsible_all=&#8221;true&#8221;][vc_tta_section title=&#8221;What is the Internet of Things?&#8221; tab_id=&#8221;1534932170087-65b28617-9858f945-7e6e&#8221;][vc_column_text]Contrary to appearances, the Internet of Things (IoT) is not an internet of &#8220;things&#8221; but of data. The main idea of \u200b\u200bthe Internet of Things &#8211; which is already often described as &#8220;the internet of the future&#8221; &#8211; are not the devices themselves but their enormous potential and the possibility of collecting and sending data by them. Talking about IoT, we are really talking about what smart-objects are able to do, and to what extent we are able to use the data they generate to improve our lives. If you manage to master Big Data generated by smart devices, IoT will develop into one of the main building blocks of our era, where smart homes and cities will become everyday life.[\/vc_column_text][\/vc_tta_section][\/vc_tta_accordion][vc_empty_space height=&#8221;40px&#8221;][vc_column_text] What is LoVo IoT? The TELKO.in information service, addressed to readers interested in the professional aspect of the Polish and global telecommunications market, published an article of Tomasz Brzozowski, the Board Member of the LoVo SA., on the subject of IoT (Internet of Things). The material covers not only the basic issues of the Internet of Things, but innovative solutions used in [&hellip;]","og_url":"https:\/\/www.lovo.pl\/en\/iot\/","og_site_name":"LoVo","article_modified_time":"2018-09-19T11:43:34+00:00","og_image":[{"url":"https:\/\/www.lovo.pl\/wp-content\/uploads\/2018\/08\/image019.png","type":"","width":"","height":""}],"twitter_card":"summary_large_image","twitter_misc":{"Est. reading time":"5 minutes"},"schema":{"@context":"https:\/\/schema.org","@graph":[{"@type":"WebPage","@id":"https:\/\/www.lovo.pl\/en\/iot\/","url":"https:\/\/www.lovo.pl\/en\/iot\/","name":"Internet of Things - LoVo","isPartOf":{"@id":"https:\/\/www.lovo.pl\/en\/#website"},"primaryImageOfPage":{"@id":"https:\/\/www.lovo.pl\/en\/iot\/#primaryimage"},"image":{"@id":"https:\/\/www.lovo.pl\/en\/iot\/#primaryimage"},"thumbnailUrl":"https:\/\/www.lovo.pl\/wp-content\/uploads\/2018\/08\/image019.png","datePublished":"2018-08-24T08:45:20+00:00","dateModified":"2018-09-19T11:43:34+00:00","breadcrumb":{"@id":"https:\/\/www.lovo.pl\/en\/iot\/#breadcrumb"},"inLanguage":"en-US","potentialAction":[{"@type":"ReadAction","target":["https:\/\/www.lovo.pl\/en\/iot\/"]}]},{"@type":"ImageObject","inLanguage":"en-US","@id":"https:\/\/www.lovo.pl\/en\/iot\/#primaryimage","url":"https:\/\/www.lovo.pl\/wp-content\/uploads\/2018\/08\/image019.png","contentUrl":"https:\/\/www.lovo.pl\/wp-content\/uploads\/2018\/08\/image019.png"},{"@type":"BreadcrumbList","@id":"https:\/\/www.lovo.pl\/en\/iot\/#breadcrumb","itemListElement":[{"@type":"ListItem","position":1,"name":"Strona g\u0142\u00f3wna","item":"https:\/\/www.lovo.pl\/en\/"},{"@type":"ListItem","position":2,"name":"Internet of Things"}]},{"@type":"WebSite","@id":"https:\/\/www.lovo.pl\/en\/#website","url":"https:\/\/www.lovo.pl\/en\/","name":"LoVo","description":"Wirtualne rozwi\u0105zania telekomunikacyjne dla Operator\u00f3w, Reseller\u00f3w i Integrator\u00f3w oraz innowacyjne us\u0142ugi teleinformatyczne dla Biznesu.","potentialAction":[{"@type":"SearchAction","target":{"@type":"EntryPoint","urlTemplate":"https:\/\/www.lovo.pl\/en\/?s={search_term_string}"},"query-input":{"@type":"PropertyValueSpecification","valueRequired":true,"valueName":"search_term_string"}}],"inLanguage":"en-US"}]}},"_links":{"self":[{"href":"https:\/\/www.lovo.pl\/en\/wp-json\/wp\/v2\/pages\/18522","targetHints":{"allow":["GET"]}}],"collection":[{"href":"https:\/\/www.lovo.pl\/en\/wp-json\/wp\/v2\/pages"}],"about":[{"href":"https:\/\/www.lovo.pl\/en\/wp-json\/wp\/v2\/types\/page"}],"author":[{"embeddable":true,"href":"https:\/\/www.lovo.pl\/en\/wp-json\/wp\/v2\/users\/1"}],"replies":[{"embeddable":true,"href":"https:\/\/www.lovo.pl\/en\/wp-json\/wp\/v2\/comments?post=18522"}],"version-history":[{"count":6,"href":"https:\/\/www.lovo.pl\/en\/wp-json\/wp\/v2\/pages\/18522\/revisions"}],"predecessor-version":[{"id":20009,"href":"https:\/\/www.lovo.pl\/en\/wp-json\/wp\/v2\/pages\/18522\/revisions\/20009"}],"wp:attachment":[{"href":"https:\/\/www.lovo.pl\/en\/wp-json\/wp\/v2\/media?parent=18522"}],"curies":[{"name":"wp","href":"https:\/\/api.w.org\/{rel}","templated":true}]}}