{"id":18520,"date":"2018-08-24T11:08:33","date_gmt":"2018-08-24T09:08:33","guid":{"rendered":"https:\/\/www.lovo.pl\/lovo-motion-guard\/"},"modified":"2018-09-19T13:44:58","modified_gmt":"2018-09-19T11:44:58","slug":"lovo-motion-guard","status":"publish","type":"page","link":"https:\/\/www.lovo.pl\/en\/iot\/lovo-motion-guard\/","title":{"rendered":"LoVo Motion Guard"},"content":{"rendered":"<p>[vc_row bg_image=&#8221;17883&#8243; class=&#8221;row-titlebar-image titlebar-font-medium&#8221;][vc_column width=&#8221;1\/1&#8243;]<div class=\"minti_boxedholder   clearfix\" style=\"padding: 0px 0px 0px 0px; margin: 0px 0px 0px 0px; \">[vc_custom_heading source=&#8221;post_title&#8221; font_container=&#8221;tag:h1|font_size:80px|text_align:center|color:%23ffffff|line_height:1&#8243; use_theme_fonts=&#8221;yes&#8221; css=&#8221;.vc_custom_1531175907146{margin-bottom: 20px !important;}&#8221; el_class=&#8221;titlebar-title&#8221;]<div class=\"headline font-inherit fontsize-xxl fontweight-500 lh-inherit align-center transform-inherit titlebar-subtitle\" style=\"margin: 0 0 20px 0; color: #ffffff;\">Monitor your property &#8211; without access to the Internet, special connections or cables.<\/div><\/div>[\/vc_column][\/vc_row][vc_row top_padding=&#8221;60&#8243;][vc_column width=&#8221;1\/1&#8243;][vc_column_text]Lovo Motion Guard is a revolutionary solution using its own independent network to communicate traffic of your car, motorcycle, scooter and any other device. The motion tracking sensor is not based on GSM telecommunications networks, therefore there are no requirements for using SIM cards. The sensor does not require any wiring, i.e. connection to an electronic power source. Thanks to this the solution ensures convenience and independence of use and optimizes costs, which are associated with the lack of additional charges for data transmission and electricity.[\/vc_column_text][vc_tta_accordion style=&#8221;flat&#8221; active_section=&#8221;0&#8243; collapsible_all=&#8221;true&#8221;][vc_tta_section title=&#8221;A simple and effective application&#8221; tab_id=&#8221;1534932170087-65b28617-9858c1e3-83d8&#8243;][vc_column_text]In accordance with the innovative &#8220;Internet of Things\u201d technologies we have developed a mobile application that provides advanced information on the movement and location of the selected device. The application is simple and does not require the user to learn any special instructions for use. The principle of operation is very intuitive:<\/p>\n<p><img loading=\"lazy\" decoding=\"async\" class=\"alignnone wp-image-17900\" src=\"https:\/\/www.lovo.pl\/wp-content\/uploads\/2018\/08\/image021-300x131.png\" alt=\"\" width=\"500\" height=\"218\" srcset=\"https:\/\/www.lovo.pl\/wp-content\/uploads\/2018\/08\/image021-300x131.png 300w, https:\/\/www.lovo.pl\/wp-content\/uploads\/2018\/08\/image021-768x334.png 768w, https:\/\/www.lovo.pl\/wp-content\/uploads\/2018\/08\/image021-1024x446.png 1024w, https:\/\/www.lovo.pl\/wp-content\/uploads\/2018\/08\/image021-100x44.png 100w, https:\/\/www.lovo.pl\/wp-content\/uploads\/2018\/08\/image021.png 1386w\" sizes=\"auto, (max-width: 500px) 100vw, 500px\" \/> <img loading=\"lazy\" decoding=\"async\" class=\"alignnone wp-image-17902\" src=\"https:\/\/www.lovo.pl\/wp-content\/uploads\/2018\/08\/image023-300x131.png\" alt=\"\" width=\"500\" height=\"218\" srcset=\"https:\/\/www.lovo.pl\/wp-content\/uploads\/2018\/08\/image023-300x131.png 300w, https:\/\/www.lovo.pl\/wp-content\/uploads\/2018\/08\/image023-768x334.png 768w, https:\/\/www.lovo.pl\/wp-content\/uploads\/2018\/08\/image023-1024x446.png 1024w, https:\/\/www.lovo.pl\/wp-content\/uploads\/2018\/08\/image023-100x44.png 100w, https:\/\/www.lovo.pl\/wp-content\/uploads\/2018\/08\/image023.png 1386w\" sizes=\"auto, (max-width: 500px) 100vw, 500px\" \/><img loading=\"lazy\" decoding=\"async\" class=\"alignnone wp-image-17904\" src=\"https:\/\/www.lovo.pl\/wp-content\/uploads\/2018\/08\/image025-300x131.png\" alt=\"\" width=\"500\" height=\"218\" srcset=\"https:\/\/www.lovo.pl\/wp-content\/uploads\/2018\/08\/image025-300x131.png 300w, https:\/\/www.lovo.pl\/wp-content\/uploads\/2018\/08\/image025-768x334.png 768w, https:\/\/www.lovo.pl\/wp-content\/uploads\/2018\/08\/image025-1024x446.png 1024w, https:\/\/www.lovo.pl\/wp-content\/uploads\/2018\/08\/image025-100x44.png 100w, https:\/\/www.lovo.pl\/wp-content\/uploads\/2018\/08\/image025.png 1386w\" sizes=\"auto, (max-width: 500px) 100vw, 500px\" \/><img loading=\"lazy\" decoding=\"async\" class=\"alignnone wp-image-17906\" src=\"https:\/\/www.lovo.pl\/wp-content\/uploads\/2018\/08\/image027-300x162.png\" alt=\"\" width=\"500\" height=\"269\" srcset=\"https:\/\/www.lovo.pl\/wp-content\/uploads\/2018\/08\/image027-300x162.png 300w, https:\/\/www.lovo.pl\/wp-content\/uploads\/2018\/08\/image027-768x414.png 768w, https:\/\/www.lovo.pl\/wp-content\/uploads\/2018\/08\/image027-1024x552.png 1024w, https:\/\/www.lovo.pl\/wp-content\/uploads\/2018\/08\/image027-100x54.png 100w, https:\/\/www.lovo.pl\/wp-content\/uploads\/2018\/08\/image027.png 1385w\" sizes=\"auto, (max-width: 500px) 100vw, 500px\" \/>[\/vc_column_text][\/vc_tta_section][\/vc_tta_accordion][vc_empty_space height=&#8221;40px&#8221;][vc_column_text]<strong><u>Benefits of having LoVo Motion Guard wireless locator with motion detector<\/u><\/strong><\/p>\n<ul>\n<li>LoVo Motion Guard sends to your telephone number information on the movement and \/or displacement of the selected item. Regardless of whether it is a door, a bicycle or a car.<\/li>\n<li>You can always check the current location of your monitored item on the map at any place.<\/li>\n<li>Modern technology based on LPWAN (Low Power Wide Area Networks) networks does not require a permanent power supply, internet access or GSM cellular network.<\/li>\n<li>Easy installation, without cables, drilling holes or other costly and troublesome modifications, puts our solution above existing technology.<\/li>\n<li>The simplicity of use allows you to independently run both the sensor and the application. Thanks to this you will avoid unauthorized actions by third parties.<\/li>\n<li>You can secure both your movable property and any property &#8211; a summer house, warehouse, basement or other place where you rarely go.<\/li>\n<\/ul>\n<p>If you would like to join our group of satisfied users or need more information about LoVo Motion Guard, please visit our <a href=\"http:\/\/motion-guard.lovo.pl\/\"><strong>website<\/strong><\/a> or fill out the form below. Our IOT specialists will prepare for you a preliminary analysis of implementation without any obligations.[\/vc_column_text][vc_empty_space][\/vc_column][\/vc_row]<\/p>\n","protected":false},"excerpt":{"rendered":"<p>[vc_row bg_image=&#8221;17883&#8243; class=&#8221;row-titlebar-image titlebar-font-medium&#8221;][vc_column width=&#8221;1\/1&#8243;][\/vc_column][\/vc_row][vc_row top_padding=&#8221;60&#8243;][vc_column width=&#8221;1\/1&#8243;][vc_column_text]Lovo Motion Guard is a revolutionary solution using its own independent network to communicate traffic of your car, motorcycle, scooter and any other device. The motion tracking sensor is not based on GSM telecommunications networks, therefore there are no requirements for using SIM cards. The sensor does not require any wiring, i.e. connection to an electronic power source. Thanks to this the solution ensures convenience and independence of use and optimizes costs, which are associated with the lack of additional charges for data transmission and electricity.[\/vc_column_text][vc_tta_accordion style=&#8221;flat&#8221; active_section=&#8221;0&#8243; collapsible_all=&#8221;true&#8221;][vc_tta_section title=&#8221;A simple and effective application&#8221; tab_id=&#8221;1534932170087-65b28617-9858c1e3-83d8&#8243;][vc_column_text]In accordance with the innovative &#8220;Internet of Things\u201d technologies we have developed a mobile application that provides advanced information on the movement and location of the selected device. The application is simple and does not require the user to learn any special instructions for use. The principle of operation is very intuitive: [\/vc_column_text][\/vc_tta_section][\/vc_tta_accordion][vc_empty_space height=&#8221;40px&#8221;][vc_column_text]Benefits of having LoVo Motion Guard wireless locator with motion detector LoVo Motion Guard sends to your telephone number information on the movement and \/or displacement of the selected item. Regardless of whether it is a door, a bicycle or a car. You can always check the [&hellip;]<\/p>\n","protected":false},"author":1,"featured_media":0,"parent":18522,"menu_order":0,"comment_status":"closed","ping_status":"closed","template":"","meta":{"footnotes":""},"class_list":["post-18520","page","type-page","status-publish","hentry"],"yoast_head":"<!-- This site is optimized with the Yoast SEO plugin v24.3 - https:\/\/yoast.com\/wordpress\/plugins\/seo\/ -->\n<title>LoVo Motion Guard - LoVo<\/title>\n<meta name=\"robots\" content=\"noindex, follow, max-snippet:-1, max-image-preview:large, max-video-preview:-1\" \/>\n<meta property=\"og:locale\" content=\"en_US\" \/>\n<meta property=\"og:type\" content=\"article\" \/>\n<meta property=\"og:title\" content=\"LoVo Motion Guard - LoVo\" \/>\n<meta property=\"og:description\" content=\"[vc_row bg_image=&#8221;17883&#8243; class=&#8221;row-titlebar-image titlebar-font-medium&#8221;][vc_column width=&#8221;1\/1&#8243;][\/vc_column][\/vc_row][vc_row top_padding=&#8221;60&#8243;][vc_column width=&#8221;1\/1&#8243;][vc_column_text]Lovo Motion Guard is a revolutionary solution using its own independent network to communicate traffic of your car, motorcycle, scooter and any other device. The motion tracking sensor is not based on GSM telecommunications networks, therefore there are no requirements for using SIM cards. The sensor does not require any wiring, i.e. connection to an electronic power source. Thanks to this the solution ensures convenience and independence of use and optimizes costs, which are associated with the lack of additional charges for data transmission and electricity.[\/vc_column_text][vc_tta_accordion style=&#8221;flat&#8221; active_section=&#8221;0&#8243; collapsible_all=&#8221;true&#8221;][vc_tta_section title=&#8221;A simple and effective application&#8221; tab_id=&#8221;1534932170087-65b28617-9858c1e3-83d8&#8243;][vc_column_text]In accordance with the innovative &#8220;Internet of Things\u201d technologies we have developed a mobile application that provides advanced information on the movement and location of the selected device. The application is simple and does not require the user to learn any special instructions for use. The principle of operation is very intuitive: [\/vc_column_text][\/vc_tta_section][\/vc_tta_accordion][vc_empty_space height=&#8221;40px&#8221;][vc_column_text]Benefits of having LoVo Motion Guard wireless locator with motion detector LoVo Motion Guard sends to your telephone number information on the movement and \/or displacement of the selected item. Regardless of whether it is a door, a bicycle or a car. You can always check the [&hellip;]\" \/>\n<meta property=\"og:url\" content=\"https:\/\/www.lovo.pl\/en\/iot\/lovo-motion-guard\/\" \/>\n<meta property=\"og:site_name\" content=\"LoVo\" \/>\n<meta property=\"article:modified_time\" content=\"2018-09-19T11:44:58+00:00\" \/>\n<meta property=\"og:image\" content=\"https:\/\/www.lovo.pl\/wp-content\/uploads\/2018\/08\/image021-300x131.png\" \/>\n<meta name=\"twitter:card\" content=\"summary_large_image\" \/>\n<meta name=\"twitter:label1\" content=\"Est. reading time\" \/>\n\t<meta name=\"twitter:data1\" content=\"2 minutes\" \/>\n<script type=\"application\/ld+json\" class=\"yoast-schema-graph\">{\"@context\":\"https:\/\/schema.org\",\"@graph\":[{\"@type\":\"WebPage\",\"@id\":\"https:\/\/www.lovo.pl\/en\/iot\/lovo-motion-guard\/\",\"url\":\"https:\/\/www.lovo.pl\/en\/iot\/lovo-motion-guard\/\",\"name\":\"LoVo Motion Guard - LoVo\",\"isPartOf\":{\"@id\":\"https:\/\/www.lovo.pl\/en\/#website\"},\"primaryImageOfPage\":{\"@id\":\"https:\/\/www.lovo.pl\/en\/iot\/lovo-motion-guard\/#primaryimage\"},\"image\":{\"@id\":\"https:\/\/www.lovo.pl\/en\/iot\/lovo-motion-guard\/#primaryimage\"},\"thumbnailUrl\":\"https:\/\/www.lovo.pl\/wp-content\/uploads\/2018\/08\/image021-300x131.png\",\"datePublished\":\"2018-08-24T09:08:33+00:00\",\"dateModified\":\"2018-09-19T11:44:58+00:00\",\"breadcrumb\":{\"@id\":\"https:\/\/www.lovo.pl\/en\/iot\/lovo-motion-guard\/#breadcrumb\"},\"inLanguage\":\"en-US\",\"potentialAction\":[{\"@type\":\"ReadAction\",\"target\":[\"https:\/\/www.lovo.pl\/en\/iot\/lovo-motion-guard\/\"]}]},{\"@type\":\"ImageObject\",\"inLanguage\":\"en-US\",\"@id\":\"https:\/\/www.lovo.pl\/en\/iot\/lovo-motion-guard\/#primaryimage\",\"url\":\"https:\/\/www.lovo.pl\/wp-content\/uploads\/2018\/08\/image021-300x131.png\",\"contentUrl\":\"https:\/\/www.lovo.pl\/wp-content\/uploads\/2018\/08\/image021-300x131.png\"},{\"@type\":\"BreadcrumbList\",\"@id\":\"https:\/\/www.lovo.pl\/en\/iot\/lovo-motion-guard\/#breadcrumb\",\"itemListElement\":[{\"@type\":\"ListItem\",\"position\":1,\"name\":\"Strona g\u0142\u00f3wna\",\"item\":\"https:\/\/www.lovo.pl\/en\/\"},{\"@type\":\"ListItem\",\"position\":2,\"name\":\"Internet of Things\",\"item\":\"https:\/\/www.lovo.pl\/en\/iot\/\"},{\"@type\":\"ListItem\",\"position\":3,\"name\":\"LoVo Motion Guard\"}]},{\"@type\":\"WebSite\",\"@id\":\"https:\/\/www.lovo.pl\/en\/#website\",\"url\":\"https:\/\/www.lovo.pl\/en\/\",\"name\":\"LoVo\",\"description\":\"Wirtualne rozwi\u0105zania telekomunikacyjne dla Operator\u00f3w, Reseller\u00f3w i Integrator\u00f3w oraz innowacyjne us\u0142ugi teleinformatyczne dla Biznesu.\",\"potentialAction\":[{\"@type\":\"SearchAction\",\"target\":{\"@type\":\"EntryPoint\",\"urlTemplate\":\"https:\/\/www.lovo.pl\/en\/?s={search_term_string}\"},\"query-input\":{\"@type\":\"PropertyValueSpecification\",\"valueRequired\":true,\"valueName\":\"search_term_string\"}}],\"inLanguage\":\"en-US\"}]}<\/script>\n<!-- \/ Yoast SEO plugin. -->","yoast_head_json":{"title":"LoVo Motion Guard - LoVo","robots":{"index":"noindex","follow":"follow","max-snippet":"max-snippet:-1","max-image-preview":"max-image-preview:large","max-video-preview":"max-video-preview:-1"},"og_locale":"en_US","og_type":"article","og_title":"LoVo Motion Guard - LoVo","og_description":"[vc_row bg_image=&#8221;17883&#8243; class=&#8221;row-titlebar-image titlebar-font-medium&#8221;][vc_column width=&#8221;1\/1&#8243;][\/vc_column][\/vc_row][vc_row top_padding=&#8221;60&#8243;][vc_column width=&#8221;1\/1&#8243;][vc_column_text]Lovo Motion Guard is a revolutionary solution using its own independent network to communicate traffic of your car, motorcycle, scooter and any other device. The motion tracking sensor is not based on GSM telecommunications networks, therefore there are no requirements for using SIM cards. The sensor does not require any wiring, i.e. connection to an electronic power source. Thanks to this the solution ensures convenience and independence of use and optimizes costs, which are associated with the lack of additional charges for data transmission and electricity.[\/vc_column_text][vc_tta_accordion style=&#8221;flat&#8221; active_section=&#8221;0&#8243; collapsible_all=&#8221;true&#8221;][vc_tta_section title=&#8221;A simple and effective application&#8221; tab_id=&#8221;1534932170087-65b28617-9858c1e3-83d8&#8243;][vc_column_text]In accordance with the innovative &#8220;Internet of Things\u201d technologies we have developed a mobile application that provides advanced information on the movement and location of the selected device. The application is simple and does not require the user to learn any special instructions for use. The principle of operation is very intuitive: [\/vc_column_text][\/vc_tta_section][\/vc_tta_accordion][vc_empty_space height=&#8221;40px&#8221;][vc_column_text]Benefits of having LoVo Motion Guard wireless locator with motion detector LoVo Motion Guard sends to your telephone number information on the movement and \/or displacement of the selected item. Regardless of whether it is a door, a bicycle or a car. You can always check the [&hellip;]","og_url":"https:\/\/www.lovo.pl\/en\/iot\/lovo-motion-guard\/","og_site_name":"LoVo","article_modified_time":"2018-09-19T11:44:58+00:00","og_image":[{"url":"https:\/\/www.lovo.pl\/wp-content\/uploads\/2018\/08\/image021-300x131.png","type":"","width":"","height":""}],"twitter_card":"summary_large_image","twitter_misc":{"Est. reading time":"2 minutes"},"schema":{"@context":"https:\/\/schema.org","@graph":[{"@type":"WebPage","@id":"https:\/\/www.lovo.pl\/en\/iot\/lovo-motion-guard\/","url":"https:\/\/www.lovo.pl\/en\/iot\/lovo-motion-guard\/","name":"LoVo Motion Guard - LoVo","isPartOf":{"@id":"https:\/\/www.lovo.pl\/en\/#website"},"primaryImageOfPage":{"@id":"https:\/\/www.lovo.pl\/en\/iot\/lovo-motion-guard\/#primaryimage"},"image":{"@id":"https:\/\/www.lovo.pl\/en\/iot\/lovo-motion-guard\/#primaryimage"},"thumbnailUrl":"https:\/\/www.lovo.pl\/wp-content\/uploads\/2018\/08\/image021-300x131.png","datePublished":"2018-08-24T09:08:33+00:00","dateModified":"2018-09-19T11:44:58+00:00","breadcrumb":{"@id":"https:\/\/www.lovo.pl\/en\/iot\/lovo-motion-guard\/#breadcrumb"},"inLanguage":"en-US","potentialAction":[{"@type":"ReadAction","target":["https:\/\/www.lovo.pl\/en\/iot\/lovo-motion-guard\/"]}]},{"@type":"ImageObject","inLanguage":"en-US","@id":"https:\/\/www.lovo.pl\/en\/iot\/lovo-motion-guard\/#primaryimage","url":"https:\/\/www.lovo.pl\/wp-content\/uploads\/2018\/08\/image021-300x131.png","contentUrl":"https:\/\/www.lovo.pl\/wp-content\/uploads\/2018\/08\/image021-300x131.png"},{"@type":"BreadcrumbList","@id":"https:\/\/www.lovo.pl\/en\/iot\/lovo-motion-guard\/#breadcrumb","itemListElement":[{"@type":"ListItem","position":1,"name":"Strona g\u0142\u00f3wna","item":"https:\/\/www.lovo.pl\/en\/"},{"@type":"ListItem","position":2,"name":"Internet of Things","item":"https:\/\/www.lovo.pl\/en\/iot\/"},{"@type":"ListItem","position":3,"name":"LoVo Motion Guard"}]},{"@type":"WebSite","@id":"https:\/\/www.lovo.pl\/en\/#website","url":"https:\/\/www.lovo.pl\/en\/","name":"LoVo","description":"Wirtualne rozwi\u0105zania telekomunikacyjne dla Operator\u00f3w, Reseller\u00f3w i Integrator\u00f3w oraz innowacyjne us\u0142ugi teleinformatyczne dla Biznesu.","potentialAction":[{"@type":"SearchAction","target":{"@type":"EntryPoint","urlTemplate":"https:\/\/www.lovo.pl\/en\/?s={search_term_string}"},"query-input":{"@type":"PropertyValueSpecification","valueRequired":true,"valueName":"search_term_string"}}],"inLanguage":"en-US"}]}},"_links":{"self":[{"href":"https:\/\/www.lovo.pl\/en\/wp-json\/wp\/v2\/pages\/18520","targetHints":{"allow":["GET"]}}],"collection":[{"href":"https:\/\/www.lovo.pl\/en\/wp-json\/wp\/v2\/pages"}],"about":[{"href":"https:\/\/www.lovo.pl\/en\/wp-json\/wp\/v2\/types\/page"}],"author":[{"embeddable":true,"href":"https:\/\/www.lovo.pl\/en\/wp-json\/wp\/v2\/users\/1"}],"replies":[{"embeddable":true,"href":"https:\/\/www.lovo.pl\/en\/wp-json\/wp\/v2\/comments?post=18520"}],"version-history":[{"count":4,"href":"https:\/\/www.lovo.pl\/en\/wp-json\/wp\/v2\/pages\/18520\/revisions"}],"predecessor-version":[{"id":20011,"href":"https:\/\/www.lovo.pl\/en\/wp-json\/wp\/v2\/pages\/18520\/revisions\/20011"}],"up":[{"embeddable":true,"href":"https:\/\/www.lovo.pl\/en\/wp-json\/wp\/v2\/pages\/18522"}],"wp:attachment":[{"href":"https:\/\/www.lovo.pl\/en\/wp-json\/wp\/v2\/media?parent=18520"}],"curies":[{"name":"wp","href":"https:\/\/api.w.org\/{rel}","templated":true}]}}