{"id":18519,"date":"2018-08-24T11:18:47","date_gmt":"2018-08-24T09:18:47","guid":{"rendered":"https:\/\/www.lovo.pl\/system-do-monitorowania-jakosci-powietrza\/"},"modified":"2018-09-19T13:46:18","modified_gmt":"2018-09-19T11:46:18","slug":"air-quality-monitoring-system","status":"publish","type":"page","link":"https:\/\/www.lovo.pl\/en\/iot\/air-quality-monitoring-system\/","title":{"rendered":"Air quality monitoring system"},"content":{"rendered":"<p>[vc_row bg_image=&#8221;17883&#8243; class=&#8221;row-titlebar-image titlebar-font-medium&#8221;][vc_column width=&#8221;1\/1&#8243;]<div class=\"minti_boxedholder   clearfix\" style=\"padding: 0px 0px 0px 0px; margin: 0px 0px 0px 0px; \">[vc_custom_heading source=&#8221;post_title&#8221; font_container=&#8221;tag:h1|font_size:80px|text_align:center|color:%23ffffff|line_height:1&#8243; use_theme_fonts=&#8221;yes&#8221; css=&#8221;.vc_custom_1531175907146{margin-bottom: 20px !important;}&#8221; el_class=&#8221;titlebar-title&#8221;]<div class=\"headline font-inherit fontsize-xxl fontweight-500 lh-inherit align-center transform-inherit titlebar-subtitle\" style=\"margin: 0 0 20px 0; color: #ffffff;\">Check the air quality in your surroundings<\/div><\/div>[\/vc_column][\/vc_row][vc_row top_padding=&#8221;60&#8243;][vc_column width=&#8221;1\/1&#8243;][vc_column_text]The air quality monitoring system is a modern solution based on the network of LoVo IoT Base Stations. Our system is the idea of \u200b\u200bSmart City, i.e. &#8220;Intelligent City&#8221;, where the concept is defined, according to which cities use advanced technologies to improve the quality of life and functioning in each area. According to this assumption, residents are to live better and more comfortably, and at the same time the operating costs of the entire urban organism are to be as low as possible. The air quality monitoring system is a solution that is able to measure the level of air pollution and smog outside as well as indoor dust. The sensor used in the system is very sensitive, waterproof and resistant to weather conditions, such as rain, snow, low and high temperatures Thanks to the synergy of technology, it is possible to read many parameters of air quality in a specific location in real time.[\/vc_column_text][vc_tta_accordion style=&#8221;flat&#8221; active_section=&#8221;0&#8243; collapsible_all=&#8221;true&#8221;][vc_tta_section title=&#8221;A simple and intuitive application&#8221; tab_id=&#8221;1534932170087-65b28617-9858d995-8c8c&#8221;][vc_column_text]Moving with the times, LoVo has developed a modern solution that provides advanced information on air quality in the selected location. The application \u201e<a href=\"http:\/\/atmosfera.lovo.pl\/index.php\/intuicyjna-aplikacja\/\">Air Quality<\/a>\u201d has been prepared for phones with Android, iOS and Windows. It allows quick and easy access to information on the state of air quality in places equipped with sensors. The system for monitoring air quality. Useful and intuitive functions and facilities will allow you to easily use the application. Thanks to them, you can consciously make decisions about staying in places where the saturation of harmful substances can be high.<\/p>\n<p>&nbsp;<\/p>\n<p><img loading=\"lazy\" decoding=\"async\" class=\"alignnone wp-image-17910\" src=\"https:\/\/www.lovo.pl\/wp-content\/uploads\/2018\/08\/image029-300x138.png\" alt=\"\" width=\"700\" height=\"322\" srcset=\"https:\/\/www.lovo.pl\/wp-content\/uploads\/2018\/08\/image029-300x138.png 300w, https:\/\/www.lovo.pl\/wp-content\/uploads\/2018\/08\/image029-768x354.png 768w, https:\/\/www.lovo.pl\/wp-content\/uploads\/2018\/08\/image029-1024x472.png 1024w, https:\/\/www.lovo.pl\/wp-content\/uploads\/2018\/08\/image029-100x46.png 100w, https:\/\/www.lovo.pl\/wp-content\/uploads\/2018\/08\/image029.png 1600w\" sizes=\"auto, (max-width: 700px) 100vw, 700px\" \/>[\/vc_column_text][\/vc_tta_section][\/vc_tta_accordion][vc_empty_space height=&#8221;40px&#8221;][vc_column_text]<strong><u>How does the air quality monitoring system work?<\/u><\/strong><\/p>\n<p>The air quality monitoring system is powered by a battery that allows it to function autonomously over a year. Once per hour it measures PM2.5, PM10 and air temperature. The device exits from a deep sleep status, stabilizes the sensors, and then performs partial measurements (each every second) and averages their result. Then, it sends data to the central system over the IoT * network, which data is processed and made available in a dedicated application. When critical readings occur, the System will send a warning message via SMS to the registered users, using the data from the application. The content of the warning can be modified by the Customer for their needs, e.g. &#8220;The air quality is bad. Due to exceeding the PM10 and PM2.5 concentrations, sick, elderly people as well as pregnant women and young children should avoid being outdoors &#8220;.<\/p>\n<p>*The radio IoT LoVo \u2013 LoRaWAN netowrk, not requiring a SIM card or additional charges is used to send data from the sensor to the exchange.<\/p>\n<p><strong><u>What distinguishes our System from other solutions?<\/u><\/strong><\/p>\n<ul>\n<li>The air quality monitoring system is a complete service, not single devices.<\/li>\n<li>The application dedicated to the local community (gmina \/ district\/ city \/ enterprise) can be personalized (appropriately branded), under a dedicated website, with the possibility of displaying sponsors or additional information.<\/li>\n<li>The application gives you the opportunity to sign up for SMS alerts &#8211; just enter your phone (which is not a personal data).<\/li>\n<li>The system is fully autonomous &#8211; it does not need internet access (even Wi-Fi networks) or power. It is enough to install it, for example, on a tree in a park and &#8230; it works!<\/li>\n<\/ul>\n<p>If you would like to analyse air pollution in your area or need more information about the Air Quality Monitoring System, please visit <a href=\"http:\/\/atmosfera.lovo.pl\/\"><strong>website<\/strong><\/a> or fill out the form below. Our IOT specialists will prepare for you a preliminary analysis of implementation without any obligations.[\/vc_column_text][vc_empty_space][\/vc_column][\/vc_row]<\/p>\n","protected":false},"excerpt":{"rendered":"<p>[vc_row bg_image=&#8221;17883&#8243; class=&#8221;row-titlebar-image titlebar-font-medium&#8221;][vc_column width=&#8221;1\/1&#8243;][\/vc_column][\/vc_row][vc_row top_padding=&#8221;60&#8243;][vc_column width=&#8221;1\/1&#8243;][vc_column_text]The air quality monitoring system is a modern solution based on the network of LoVo IoT Base Stations. Our system is the idea of \u200b\u200bSmart City, i.e. &#8220;Intelligent City&#8221;, where the concept is defined, according to which cities use advanced technologies to improve the quality of life and functioning in each area. According to this assumption, residents are to live better and more comfortably, and at the same time the operating costs of the entire urban organism are to be as low as possible. The air quality monitoring system is a solution that is able to measure the level of air pollution and smog outside as well as indoor dust. The sensor used in the system is very sensitive, waterproof and resistant to weather conditions, such as rain, snow, low and high temperatures Thanks to the synergy of technology, it is possible to read many parameters of air quality in a specific location in real time.[\/vc_column_text][vc_tta_accordion style=&#8221;flat&#8221; active_section=&#8221;0&#8243; collapsible_all=&#8221;true&#8221;][vc_tta_section title=&#8221;A simple and intuitive application&#8221; tab_id=&#8221;1534932170087-65b28617-9858d995-8c8c&#8221;][vc_column_text]Moving with the times, LoVo has developed a modern solution that provides advanced information on air quality in the selected location. The application \u201eAir Quality\u201d has been prepared for phones [&hellip;]<\/p>\n","protected":false},"author":1,"featured_media":0,"parent":18522,"menu_order":0,"comment_status":"closed","ping_status":"closed","template":"","meta":{"footnotes":""},"class_list":["post-18519","page","type-page","status-publish","hentry"],"yoast_head":"<!-- This site is optimized with the Yoast SEO plugin v24.3 - https:\/\/yoast.com\/wordpress\/plugins\/seo\/ -->\n<title>Air quality monitoring system - LoVo<\/title>\n<meta name=\"robots\" content=\"noindex, follow, max-snippet:-1, max-image-preview:large, max-video-preview:-1\" \/>\n<meta property=\"og:locale\" content=\"en_US\" \/>\n<meta property=\"og:type\" content=\"article\" \/>\n<meta property=\"og:title\" content=\"Air quality monitoring system - LoVo\" \/>\n<meta property=\"og:description\" content=\"[vc_row bg_image=&#8221;17883&#8243; class=&#8221;row-titlebar-image titlebar-font-medium&#8221;][vc_column width=&#8221;1\/1&#8243;][\/vc_column][\/vc_row][vc_row top_padding=&#8221;60&#8243;][vc_column width=&#8221;1\/1&#8243;][vc_column_text]The air quality monitoring system is a modern solution based on the network of LoVo IoT Base Stations. Our system is the idea of \u200b\u200bSmart City, i.e. &#8220;Intelligent City&#8221;, where the concept is defined, according to which cities use advanced technologies to improve the quality of life and functioning in each area. According to this assumption, residents are to live better and more comfortably, and at the same time the operating costs of the entire urban organism are to be as low as possible. The air quality monitoring system is a solution that is able to measure the level of air pollution and smog outside as well as indoor dust. The sensor used in the system is very sensitive, waterproof and resistant to weather conditions, such as rain, snow, low and high temperatures Thanks to the synergy of technology, it is possible to read many parameters of air quality in a specific location in real time.[\/vc_column_text][vc_tta_accordion style=&#8221;flat&#8221; active_section=&#8221;0&#8243; collapsible_all=&#8221;true&#8221;][vc_tta_section title=&#8221;A simple and intuitive application&#8221; tab_id=&#8221;1534932170087-65b28617-9858d995-8c8c&#8221;][vc_column_text]Moving with the times, LoVo has developed a modern solution that provides advanced information on air quality in the selected location. The application \u201eAir Quality\u201d has been prepared for phones [&hellip;]\" \/>\n<meta property=\"og:url\" content=\"https:\/\/www.lovo.pl\/en\/iot\/air-quality-monitoring-system\/\" \/>\n<meta property=\"og:site_name\" content=\"LoVo\" \/>\n<meta property=\"article:modified_time\" content=\"2018-09-19T11:46:18+00:00\" \/>\n<meta property=\"og:image\" content=\"https:\/\/www.lovo.pl\/wp-content\/uploads\/2018\/08\/image029-300x138.png\" \/>\n<meta name=\"twitter:card\" content=\"summary_large_image\" \/>\n<meta name=\"twitter:label1\" content=\"Est. reading time\" \/>\n\t<meta name=\"twitter:data1\" content=\"4 minutes\" \/>\n<script type=\"application\/ld+json\" class=\"yoast-schema-graph\">{\"@context\":\"https:\/\/schema.org\",\"@graph\":[{\"@type\":\"WebPage\",\"@id\":\"https:\/\/www.lovo.pl\/en\/iot\/air-quality-monitoring-system\/\",\"url\":\"https:\/\/www.lovo.pl\/en\/iot\/air-quality-monitoring-system\/\",\"name\":\"Air quality monitoring system - LoVo\",\"isPartOf\":{\"@id\":\"https:\/\/www.lovo.pl\/en\/#website\"},\"primaryImageOfPage\":{\"@id\":\"https:\/\/www.lovo.pl\/en\/iot\/air-quality-monitoring-system\/#primaryimage\"},\"image\":{\"@id\":\"https:\/\/www.lovo.pl\/en\/iot\/air-quality-monitoring-system\/#primaryimage\"},\"thumbnailUrl\":\"https:\/\/www.lovo.pl\/wp-content\/uploads\/2018\/08\/image029-300x138.png\",\"datePublished\":\"2018-08-24T09:18:47+00:00\",\"dateModified\":\"2018-09-19T11:46:18+00:00\",\"breadcrumb\":{\"@id\":\"https:\/\/www.lovo.pl\/en\/iot\/air-quality-monitoring-system\/#breadcrumb\"},\"inLanguage\":\"en-US\",\"potentialAction\":[{\"@type\":\"ReadAction\",\"target\":[\"https:\/\/www.lovo.pl\/en\/iot\/air-quality-monitoring-system\/\"]}]},{\"@type\":\"ImageObject\",\"inLanguage\":\"en-US\",\"@id\":\"https:\/\/www.lovo.pl\/en\/iot\/air-quality-monitoring-system\/#primaryimage\",\"url\":\"https:\/\/www.lovo.pl\/wp-content\/uploads\/2018\/08\/image029-300x138.png\",\"contentUrl\":\"https:\/\/www.lovo.pl\/wp-content\/uploads\/2018\/08\/image029-300x138.png\"},{\"@type\":\"BreadcrumbList\",\"@id\":\"https:\/\/www.lovo.pl\/en\/iot\/air-quality-monitoring-system\/#breadcrumb\",\"itemListElement\":[{\"@type\":\"ListItem\",\"position\":1,\"name\":\"Strona g\u0142\u00f3wna\",\"item\":\"https:\/\/www.lovo.pl\/en\/\"},{\"@type\":\"ListItem\",\"position\":2,\"name\":\"Internet of Things\",\"item\":\"https:\/\/www.lovo.pl\/en\/iot\/\"},{\"@type\":\"ListItem\",\"position\":3,\"name\":\"Air quality monitoring system\"}]},{\"@type\":\"WebSite\",\"@id\":\"https:\/\/www.lovo.pl\/en\/#website\",\"url\":\"https:\/\/www.lovo.pl\/en\/\",\"name\":\"LoVo\",\"description\":\"Wirtualne rozwi\u0105zania telekomunikacyjne dla Operator\u00f3w, Reseller\u00f3w i Integrator\u00f3w oraz innowacyjne us\u0142ugi teleinformatyczne dla Biznesu.\",\"potentialAction\":[{\"@type\":\"SearchAction\",\"target\":{\"@type\":\"EntryPoint\",\"urlTemplate\":\"https:\/\/www.lovo.pl\/en\/?s={search_term_string}\"},\"query-input\":{\"@type\":\"PropertyValueSpecification\",\"valueRequired\":true,\"valueName\":\"search_term_string\"}}],\"inLanguage\":\"en-US\"}]}<\/script>\n<!-- \/ Yoast SEO plugin. -->","yoast_head_json":{"title":"Air quality monitoring system - LoVo","robots":{"index":"noindex","follow":"follow","max-snippet":"max-snippet:-1","max-image-preview":"max-image-preview:large","max-video-preview":"max-video-preview:-1"},"og_locale":"en_US","og_type":"article","og_title":"Air quality monitoring system - LoVo","og_description":"[vc_row bg_image=&#8221;17883&#8243; class=&#8221;row-titlebar-image titlebar-font-medium&#8221;][vc_column width=&#8221;1\/1&#8243;][\/vc_column][\/vc_row][vc_row top_padding=&#8221;60&#8243;][vc_column width=&#8221;1\/1&#8243;][vc_column_text]The air quality monitoring system is a modern solution based on the network of LoVo IoT Base Stations. Our system is the idea of \u200b\u200bSmart City, i.e. &#8220;Intelligent City&#8221;, where the concept is defined, according to which cities use advanced technologies to improve the quality of life and functioning in each area. According to this assumption, residents are to live better and more comfortably, and at the same time the operating costs of the entire urban organism are to be as low as possible. The air quality monitoring system is a solution that is able to measure the level of air pollution and smog outside as well as indoor dust. The sensor used in the system is very sensitive, waterproof and resistant to weather conditions, such as rain, snow, low and high temperatures Thanks to the synergy of technology, it is possible to read many parameters of air quality in a specific location in real time.[\/vc_column_text][vc_tta_accordion style=&#8221;flat&#8221; active_section=&#8221;0&#8243; collapsible_all=&#8221;true&#8221;][vc_tta_section title=&#8221;A simple and intuitive application&#8221; tab_id=&#8221;1534932170087-65b28617-9858d995-8c8c&#8221;][vc_column_text]Moving with the times, LoVo has developed a modern solution that provides advanced information on air quality in the selected location. The application \u201eAir Quality\u201d has been prepared for phones [&hellip;]","og_url":"https:\/\/www.lovo.pl\/en\/iot\/air-quality-monitoring-system\/","og_site_name":"LoVo","article_modified_time":"2018-09-19T11:46:18+00:00","og_image":[{"url":"https:\/\/www.lovo.pl\/wp-content\/uploads\/2018\/08\/image029-300x138.png","type":"","width":"","height":""}],"twitter_card":"summary_large_image","twitter_misc":{"Est. reading time":"4 minutes"},"schema":{"@context":"https:\/\/schema.org","@graph":[{"@type":"WebPage","@id":"https:\/\/www.lovo.pl\/en\/iot\/air-quality-monitoring-system\/","url":"https:\/\/www.lovo.pl\/en\/iot\/air-quality-monitoring-system\/","name":"Air quality monitoring system - LoVo","isPartOf":{"@id":"https:\/\/www.lovo.pl\/en\/#website"},"primaryImageOfPage":{"@id":"https:\/\/www.lovo.pl\/en\/iot\/air-quality-monitoring-system\/#primaryimage"},"image":{"@id":"https:\/\/www.lovo.pl\/en\/iot\/air-quality-monitoring-system\/#primaryimage"},"thumbnailUrl":"https:\/\/www.lovo.pl\/wp-content\/uploads\/2018\/08\/image029-300x138.png","datePublished":"2018-08-24T09:18:47+00:00","dateModified":"2018-09-19T11:46:18+00:00","breadcrumb":{"@id":"https:\/\/www.lovo.pl\/en\/iot\/air-quality-monitoring-system\/#breadcrumb"},"inLanguage":"en-US","potentialAction":[{"@type":"ReadAction","target":["https:\/\/www.lovo.pl\/en\/iot\/air-quality-monitoring-system\/"]}]},{"@type":"ImageObject","inLanguage":"en-US","@id":"https:\/\/www.lovo.pl\/en\/iot\/air-quality-monitoring-system\/#primaryimage","url":"https:\/\/www.lovo.pl\/wp-content\/uploads\/2018\/08\/image029-300x138.png","contentUrl":"https:\/\/www.lovo.pl\/wp-content\/uploads\/2018\/08\/image029-300x138.png"},{"@type":"BreadcrumbList","@id":"https:\/\/www.lovo.pl\/en\/iot\/air-quality-monitoring-system\/#breadcrumb","itemListElement":[{"@type":"ListItem","position":1,"name":"Strona g\u0142\u00f3wna","item":"https:\/\/www.lovo.pl\/en\/"},{"@type":"ListItem","position":2,"name":"Internet of Things","item":"https:\/\/www.lovo.pl\/en\/iot\/"},{"@type":"ListItem","position":3,"name":"Air quality monitoring system"}]},{"@type":"WebSite","@id":"https:\/\/www.lovo.pl\/en\/#website","url":"https:\/\/www.lovo.pl\/en\/","name":"LoVo","description":"Wirtualne rozwi\u0105zania telekomunikacyjne dla Operator\u00f3w, Reseller\u00f3w i Integrator\u00f3w oraz innowacyjne us\u0142ugi teleinformatyczne dla Biznesu.","potentialAction":[{"@type":"SearchAction","target":{"@type":"EntryPoint","urlTemplate":"https:\/\/www.lovo.pl\/en\/?s={search_term_string}"},"query-input":{"@type":"PropertyValueSpecification","valueRequired":true,"valueName":"search_term_string"}}],"inLanguage":"en-US"}]}},"_links":{"self":[{"href":"https:\/\/www.lovo.pl\/en\/wp-json\/wp\/v2\/pages\/18519","targetHints":{"allow":["GET"]}}],"collection":[{"href":"https:\/\/www.lovo.pl\/en\/wp-json\/wp\/v2\/pages"}],"about":[{"href":"https:\/\/www.lovo.pl\/en\/wp-json\/wp\/v2\/types\/page"}],"author":[{"embeddable":true,"href":"https:\/\/www.lovo.pl\/en\/wp-json\/wp\/v2\/users\/1"}],"replies":[{"embeddable":true,"href":"https:\/\/www.lovo.pl\/en\/wp-json\/wp\/v2\/comments?post=18519"}],"version-history":[{"count":4,"href":"https:\/\/www.lovo.pl\/en\/wp-json\/wp\/v2\/pages\/18519\/revisions"}],"predecessor-version":[{"id":20013,"href":"https:\/\/www.lovo.pl\/en\/wp-json\/wp\/v2\/pages\/18519\/revisions\/20013"}],"up":[{"embeddable":true,"href":"https:\/\/www.lovo.pl\/en\/wp-json\/wp\/v2\/pages\/18522"}],"wp:attachment":[{"href":"https:\/\/www.lovo.pl\/en\/wp-json\/wp\/v2\/media?parent=18519"}],"curies":[{"name":"wp","href":"https:\/\/api.w.org\/{rel}","templated":true}]}}