{"id":18518,"date":"2018-08-24T12:22:34","date_gmt":"2018-08-24T10:22:34","guid":{"rendered":"https:\/\/www.lovo.pl\/szkolenia-i-warsztaty\/"},"modified":"2020-09-16T13:26:05","modified_gmt":"2020-09-16T11:26:05","slug":"training-and-workshops","status":"publish","type":"page","link":"https:\/\/www.lovo.pl\/en\/telecommunications-training-and-support\/training-and-workshops\/","title":{"rendered":"Training and workshops"},"content":{"rendered":"<p>[vc_row bg_image=&#8221;17921&#8243; class=&#8221;row-titlebar-image titlebar-font-large&#8221;][vc_column width=&#8221;1\/1&#8243;]<div class=\"minti_boxedholder   clearfix\" style=\"padding: 0px 0px 0px 0px; margin: 0px 0px 0px 0px; \">[vc_custom_heading source=&#8221;post_title&#8221; font_container=&#8221;tag:h1|font_size:80px|text_align:center|color:%23ffffff|line_height:1&#8243; use_theme_fonts=&#8221;yes&#8221; css=&#8221;.vc_custom_1531133363389{margin-bottom: 20px !important;}&#8221; el_class=&#8221;titlebar-title&#8221;]<div class=\"headline font-inherit fontsize-xxl fontweight-500 lh-inherit align-center transform-inherit titlebar-subtitle\" style=\"margin: 0 0 20px 0; color: #ffffff;\">Education at the highest level<\/div><\/div>[\/vc_column][\/vc_row][vc_row top_padding=&#8221;60&#8243; bottom_padding=&#8221;100&#8243;][vc_column width=&#8221;1\/1&#8243;]<div class=\"headline font-inherit fontsize-xxl fontweight-300 lh-12 align-left transform-inherit lead\" style=\"margin: 0 0 40px 0;\">Our telecommunications trainings and workshops are a form of learning that focuses mainly on practice.<\/div>[vc_column_text el_class=&#8221;margin-bottom-0&#8243;]Classes involve transfer of expert knowledge and improvement of technical skills through exercises and active participation in classes. The dry theory, or self-development of topics, often raises many problems in solving the problem independently. LoVo trainings teach, provide valuable knowledge and indicate specific solutions. The success of the educational process is supervised by a qualified team of trainers who has a specific scenario for conducting classes for a given group and predefined goals.<\/p>\n<p>Observing the needs of our partners and market trends, we organize educational meetings at the headquarters of our company, as well as at the customer &#8211; after prior determination of the scope and conditions of the training. A wide range of workshop modules allows the participation of both beginners and users advanced in the telecommunications field.<\/p>\n<p>To find out more click on the topic you are interested in:[\/vc_column_text]<div class=\"spacer\" style=\"height: 80px;\"><\/div>[vc_row_inner el_class=&#8221;ehcol-section-1&#8243;][vc_column_inner width=&#8221;1\/3&#8243; css=&#8221;.vc_custom_1533631362712{padding-top: 0px !important;background-color: #f8f8f8 !important;background-position: center !important;background-repeat: no-repeat !important;background-size: cover !important;}&#8221;]<div class=\"minti_boxedholder   clearfix\" style=\"margin: 0px 0px 0px 0px; \"><a href=\"https:\/\/www.lovo.pl\/en\/telecommunications-training-and-support\/training-and-workshops\/bpm-workshops\/\"\" style=\"display: block; -webkit-box-sizing: border-box; box-sizing: border-box; height: 100%; padding: 120px 30px 30px 30px; \"><h3 class=\"headline font-inherit fontsize-xl fontweight-500 lh-12 align-left transform-uppercase ehcol-group-1\" style=\"margin: 0 0 5px 0;\">Business Process Management workshops<\/h3>[vc_column_text el_class=&#8221;ehcol-group-2&#8243;]Functioning of the LoVo BPM Platform and its various possibilities supporting the development and automation of business processes in companies.[\/vc_column_text]<\/a><\/div>[\/vc_column_inner][vc_column_inner width=&#8221;1\/3&#8243; css=&#8221;.vc_custom_1533631375962{padding-top: 0px !important;background-color: #f8f8f8 !important;background-position: center !important;background-repeat: no-repeat !important;background-size: cover !important;}&#8221;]<div class=\"minti_boxedholder   clearfix\" style=\"margin: 0px 0px 0px 0px; \"><a href=\"https:\/\/www.lovo.pl\/en\/telecommunications-training-and-support\/training-and-workshops\/implementation-of-telecommunications-services\/\"\" style=\"display: block; -webkit-box-sizing: border-box; box-sizing: border-box; height: 100%; padding: 120px 30px 30px 30px; \"><h3 class=\"headline font-inherit fontsize-xl fontweight-500 lh-12 align-left transform-uppercase ehcol-group-1\" style=\"margin: 0 0 5px 0;\">Implementation trainings on telecommunications services<\/h3>[vc_column_text el_class=&#8221;ehcol-group-2&#8243;]The telecommunications business is experiencing a dynamic transformation period. Increase your qualifications and become an expert in the telecommunications industry.[\/vc_column_text]<\/a><\/div>[\/vc_column_inner][\/vc_row_inner][\/vc_column][\/vc_row]<\/p>\n","protected":false},"excerpt":{"rendered":"<p>[vc_row bg_image=&#8221;17921&#8243; class=&#8221;row-titlebar-image titlebar-font-large&#8221;][vc_column width=&#8221;1\/1&#8243;][\/vc_column][\/vc_row][vc_row top_padding=&#8221;60&#8243; bottom_padding=&#8221;100&#8243;][vc_column width=&#8221;1\/1&#8243;][vc_column_text el_class=&#8221;margin-bottom-0&#8243;]Classes involve transfer of expert knowledge and improvement of technical skills through exercises and active participation in classes. The dry theory, or self-development of topics, often raises many problems in solving the problem independently. LoVo trainings teach, provide valuable knowledge and indicate specific solutions. The success of the educational process is supervised by a qualified team of trainers who has a specific scenario for conducting classes for a given group and predefined goals. Observing the needs of our partners and market trends, we organize educational meetings at the headquarters of our company, as well as at the customer &#8211; after prior determination of the scope and conditions of the training. A wide range of workshop modules allows the participation of both beginners and users advanced in the telecommunications field. To find out more click on the topic you are interested in:[\/vc_column_text][vc_row_inner el_class=&#8221;ehcol-section-1&#8243;][vc_column_inner width=&#8221;1\/3&#8243; css=&#8221;.vc_custom_1533631362712{padding-top: 0px !important;background-color: #f8f8f8 !important;background-position: center !important;background-repeat: no-repeat !important;background-size: cover !important;}&#8221;][\/vc_column_inner][vc_column_inner width=&#8221;1\/3&#8243; css=&#8221;.vc_custom_1533631375962{padding-top: 0px !important;background-color: #f8f8f8 !important;background-position: center !important;background-repeat: no-repeat !important;background-size: cover !important;}&#8221;][\/vc_column_inner][\/vc_row_inner][\/vc_column][\/vc_row]<\/p>\n","protected":false},"author":1,"featured_media":0,"parent":18592,"menu_order":0,"comment_status":"closed","ping_status":"closed","template":"","meta":{"footnotes":""},"class_list":["post-18518","page","type-page","status-publish","hentry"],"yoast_head":"<!-- This site is optimized with the Yoast SEO plugin v24.3 - https:\/\/yoast.com\/wordpress\/plugins\/seo\/ -->\n<title>Training and workshops - LoVo<\/title>\n<meta name=\"robots\" content=\"noindex, follow, max-snippet:-1, max-image-preview:large, max-video-preview:-1\" \/>\n<meta property=\"og:locale\" content=\"en_US\" \/>\n<meta property=\"og:type\" content=\"article\" \/>\n<meta property=\"og:title\" content=\"Training and workshops - LoVo\" \/>\n<meta property=\"og:description\" content=\"[vc_row bg_image=&#8221;17921&#8243; class=&#8221;row-titlebar-image titlebar-font-large&#8221;][vc_column width=&#8221;1\/1&#8243;][\/vc_column][\/vc_row][vc_row top_padding=&#8221;60&#8243; bottom_padding=&#8221;100&#8243;][vc_column width=&#8221;1\/1&#8243;][vc_column_text el_class=&#8221;margin-bottom-0&#8243;]Classes involve transfer of expert knowledge and improvement of technical skills through exercises and active participation in classes. The dry theory, or self-development of topics, often raises many problems in solving the problem independently. LoVo trainings teach, provide valuable knowledge and indicate specific solutions. The success of the educational process is supervised by a qualified team of trainers who has a specific scenario for conducting classes for a given group and predefined goals. Observing the needs of our partners and market trends, we organize educational meetings at the headquarters of our company, as well as at the customer &#8211; after prior determination of the scope and conditions of the training. A wide range of workshop modules allows the participation of both beginners and users advanced in the telecommunications field. To find out more click on the topic you are interested in:[\/vc_column_text][vc_row_inner el_class=&#8221;ehcol-section-1&#8243;][vc_column_inner width=&#8221;1\/3&#8243; css=&#8221;.vc_custom_1533631362712{padding-top: 0px !important;background-color: #f8f8f8 !important;background-position: center !important;background-repeat: no-repeat !important;background-size: cover !important;}&#8221;][\/vc_column_inner][vc_column_inner width=&#8221;1\/3&#8243; css=&#8221;.vc_custom_1533631375962{padding-top: 0px !important;background-color: #f8f8f8 !important;background-position: center !important;background-repeat: no-repeat !important;background-size: cover !important;}&#8221;][\/vc_column_inner][\/vc_row_inner][\/vc_column][\/vc_row]\" \/>\n<meta property=\"og:url\" content=\"https:\/\/www.lovo.pl\/en\/telecommunications-training-and-support\/training-and-workshops\/\" \/>\n<meta property=\"og:site_name\" content=\"LoVo\" \/>\n<meta property=\"article:modified_time\" content=\"2020-09-16T11:26:05+00:00\" \/>\n<meta name=\"twitter:card\" content=\"summary_large_image\" \/>\n<meta name=\"twitter:label1\" content=\"Est. reading time\" \/>\n\t<meta name=\"twitter:data1\" content=\"2 minutes\" \/>\n<script type=\"application\/ld+json\" class=\"yoast-schema-graph\">{\"@context\":\"https:\/\/schema.org\",\"@graph\":[{\"@type\":\"WebPage\",\"@id\":\"https:\/\/www.lovo.pl\/en\/telecommunications-training-and-support\/training-and-workshops\/\",\"url\":\"https:\/\/www.lovo.pl\/en\/telecommunications-training-and-support\/training-and-workshops\/\",\"name\":\"Training and workshops - LoVo\",\"isPartOf\":{\"@id\":\"https:\/\/www.lovo.pl\/en\/#website\"},\"datePublished\":\"2018-08-24T10:22:34+00:00\",\"dateModified\":\"2020-09-16T11:26:05+00:00\",\"breadcrumb\":{\"@id\":\"https:\/\/www.lovo.pl\/en\/telecommunications-training-and-support\/training-and-workshops\/#breadcrumb\"},\"inLanguage\":\"en-US\",\"potentialAction\":[{\"@type\":\"ReadAction\",\"target\":[\"https:\/\/www.lovo.pl\/en\/telecommunications-training-and-support\/training-and-workshops\/\"]}]},{\"@type\":\"BreadcrumbList\",\"@id\":\"https:\/\/www.lovo.pl\/en\/telecommunications-training-and-support\/training-and-workshops\/#breadcrumb\",\"itemListElement\":[{\"@type\":\"ListItem\",\"position\":1,\"name\":\"Strona g\u0142\u00f3wna\",\"item\":\"https:\/\/www.lovo.pl\/en\/\"},{\"@type\":\"ListItem\",\"position\":2,\"name\":\"Telecommunications support\",\"item\":\"https:\/\/www.lovo.pl\/en\/telecommunications-training-and-support\/\"},{\"@type\":\"ListItem\",\"position\":3,\"name\":\"Training and workshops\"}]},{\"@type\":\"WebSite\",\"@id\":\"https:\/\/www.lovo.pl\/en\/#website\",\"url\":\"https:\/\/www.lovo.pl\/en\/\",\"name\":\"LoVo\",\"description\":\"Wirtualne rozwi\u0105zania telekomunikacyjne dla Operator\u00f3w, Reseller\u00f3w i Integrator\u00f3w oraz innowacyjne us\u0142ugi teleinformatyczne dla Biznesu.\",\"potentialAction\":[{\"@type\":\"SearchAction\",\"target\":{\"@type\":\"EntryPoint\",\"urlTemplate\":\"https:\/\/www.lovo.pl\/en\/?s={search_term_string}\"},\"query-input\":{\"@type\":\"PropertyValueSpecification\",\"valueRequired\":true,\"valueName\":\"search_term_string\"}}],\"inLanguage\":\"en-US\"}]}<\/script>\n<!-- \/ Yoast SEO plugin. -->","yoast_head_json":{"title":"Training and workshops - LoVo","robots":{"index":"noindex","follow":"follow","max-snippet":"max-snippet:-1","max-image-preview":"max-image-preview:large","max-video-preview":"max-video-preview:-1"},"og_locale":"en_US","og_type":"article","og_title":"Training and workshops - LoVo","og_description":"[vc_row bg_image=&#8221;17921&#8243; class=&#8221;row-titlebar-image titlebar-font-large&#8221;][vc_column width=&#8221;1\/1&#8243;][\/vc_column][\/vc_row][vc_row top_padding=&#8221;60&#8243; bottom_padding=&#8221;100&#8243;][vc_column width=&#8221;1\/1&#8243;][vc_column_text el_class=&#8221;margin-bottom-0&#8243;]Classes involve transfer of expert knowledge and improvement of technical skills through exercises and active participation in classes. The dry theory, or self-development of topics, often raises many problems in solving the problem independently. LoVo trainings teach, provide valuable knowledge and indicate specific solutions. The success of the educational process is supervised by a qualified team of trainers who has a specific scenario for conducting classes for a given group and predefined goals. Observing the needs of our partners and market trends, we organize educational meetings at the headquarters of our company, as well as at the customer &#8211; after prior determination of the scope and conditions of the training. A wide range of workshop modules allows the participation of both beginners and users advanced in the telecommunications field. To find out more click on the topic you are interested in:[\/vc_column_text][vc_row_inner el_class=&#8221;ehcol-section-1&#8243;][vc_column_inner width=&#8221;1\/3&#8243; css=&#8221;.vc_custom_1533631362712{padding-top: 0px !important;background-color: #f8f8f8 !important;background-position: center !important;background-repeat: no-repeat !important;background-size: cover !important;}&#8221;][\/vc_column_inner][vc_column_inner width=&#8221;1\/3&#8243; css=&#8221;.vc_custom_1533631375962{padding-top: 0px !important;background-color: #f8f8f8 !important;background-position: center !important;background-repeat: no-repeat !important;background-size: cover !important;}&#8221;][\/vc_column_inner][\/vc_row_inner][\/vc_column][\/vc_row]","og_url":"https:\/\/www.lovo.pl\/en\/telecommunications-training-and-support\/training-and-workshops\/","og_site_name":"LoVo","article_modified_time":"2020-09-16T11:26:05+00:00","twitter_card":"summary_large_image","twitter_misc":{"Est. reading time":"2 minutes"},"schema":{"@context":"https:\/\/schema.org","@graph":[{"@type":"WebPage","@id":"https:\/\/www.lovo.pl\/en\/telecommunications-training-and-support\/training-and-workshops\/","url":"https:\/\/www.lovo.pl\/en\/telecommunications-training-and-support\/training-and-workshops\/","name":"Training and workshops - LoVo","isPartOf":{"@id":"https:\/\/www.lovo.pl\/en\/#website"},"datePublished":"2018-08-24T10:22:34+00:00","dateModified":"2020-09-16T11:26:05+00:00","breadcrumb":{"@id":"https:\/\/www.lovo.pl\/en\/telecommunications-training-and-support\/training-and-workshops\/#breadcrumb"},"inLanguage":"en-US","potentialAction":[{"@type":"ReadAction","target":["https:\/\/www.lovo.pl\/en\/telecommunications-training-and-support\/training-and-workshops\/"]}]},{"@type":"BreadcrumbList","@id":"https:\/\/www.lovo.pl\/en\/telecommunications-training-and-support\/training-and-workshops\/#breadcrumb","itemListElement":[{"@type":"ListItem","position":1,"name":"Strona g\u0142\u00f3wna","item":"https:\/\/www.lovo.pl\/en\/"},{"@type":"ListItem","position":2,"name":"Telecommunications support","item":"https:\/\/www.lovo.pl\/en\/telecommunications-training-and-support\/"},{"@type":"ListItem","position":3,"name":"Training and workshops"}]},{"@type":"WebSite","@id":"https:\/\/www.lovo.pl\/en\/#website","url":"https:\/\/www.lovo.pl\/en\/","name":"LoVo","description":"Wirtualne rozwi\u0105zania telekomunikacyjne dla Operator\u00f3w, Reseller\u00f3w i Integrator\u00f3w oraz innowacyjne us\u0142ugi teleinformatyczne dla Biznesu.","potentialAction":[{"@type":"SearchAction","target":{"@type":"EntryPoint","urlTemplate":"https:\/\/www.lovo.pl\/en\/?s={search_term_string}"},"query-input":{"@type":"PropertyValueSpecification","valueRequired":true,"valueName":"search_term_string"}}],"inLanguage":"en-US"}]}},"_links":{"self":[{"href":"https:\/\/www.lovo.pl\/en\/wp-json\/wp\/v2\/pages\/18518","targetHints":{"allow":["GET"]}}],"collection":[{"href":"https:\/\/www.lovo.pl\/en\/wp-json\/wp\/v2\/pages"}],"about":[{"href":"https:\/\/www.lovo.pl\/en\/wp-json\/wp\/v2\/types\/page"}],"author":[{"embeddable":true,"href":"https:\/\/www.lovo.pl\/en\/wp-json\/wp\/v2\/users\/1"}],"replies":[{"embeddable":true,"href":"https:\/\/www.lovo.pl\/en\/wp-json\/wp\/v2\/comments?post=18518"}],"version-history":[{"count":6,"href":"https:\/\/www.lovo.pl\/en\/wp-json\/wp\/v2\/pages\/18518\/revisions"}],"predecessor-version":[{"id":21353,"href":"https:\/\/www.lovo.pl\/en\/wp-json\/wp\/v2\/pages\/18518\/revisions\/21353"}],"up":[{"embeddable":true,"href":"https:\/\/www.lovo.pl\/en\/wp-json\/wp\/v2\/pages\/18592"}],"wp:attachment":[{"href":"https:\/\/www.lovo.pl\/en\/wp-json\/wp\/v2\/media?parent=18518"}],"curies":[{"name":"wp","href":"https:\/\/api.w.org\/{rel}","templated":true}]}}