{"id":18516,"date":"2018-08-24T13:55:02","date_gmt":"2018-08-24T11:55:02","guid":{"rendered":"https:\/\/www.lovo.pl\/webinaria\/"},"modified":"2018-09-19T13:49:30","modified_gmt":"2018-09-19T11:49:30","slug":"webinars","status":"publish","type":"page","link":"https:\/\/www.lovo.pl\/en\/telecommunications-training-and-support\/webinars\/","title":{"rendered":"Webinars"},"content":{"rendered":"<p>[vc_row bg_image=&#8221;17921&#8243; class=&#8221;row-titlebar-image titlebar-font-medium&#8221;][vc_column width=&#8221;1\/1&#8243;]<div class=\"minti_boxedholder   clearfix\" style=\"padding: 0px 0px 0px 0px; margin: 0px 0px 0px 0px; \">[vc_custom_heading source=&#8221;post_title&#8221; font_container=&#8221;tag:h1|font_size:80px|text_align:center|color:%23ffffff|line_height:1&#8243; use_theme_fonts=&#8221;yes&#8221; css=&#8221;.vc_custom_1531175907146{margin-bottom: 20px !important;}&#8221; el_class=&#8221;titlebar-title&#8221;]<div class=\"headline font-inherit fontsize-xxl fontweight-500 lh-inherit align-center transform-inherit titlebar-subtitle\" style=\"margin: 0 0 20px 0; color: #ffffff;\">Interactive telecommunications seminars<\/div><\/div>[\/vc_column][\/vc_row][vc_row top_padding=&#8221;60&#8243;][vc_column width=&#8221;1\/1&#8243;]<div class=\"headline font-inherit fontsize-xxl fontweight-300 lh-12 align-left transform-inherit lead\" style=\"margin: 0 0 20px 0;\">Webinaria s\u0105 znakomitym uzupe\u0142nieniem tradycyjnych szkole\u0144 i warsztat\u00f3w.Uczestnicy mog\u0105 wybra\u0107 najdogodniejszy dla siebie czas szkolenia, w kt\u00f3rym mog\u0105 uczestniczy\u0107 tak\u017ce te osoby, kt\u00f3re nie mog\u0142yby wzi\u0105\u0107 udzia\u0142u w tradycyjnym szkoleniu. Nie wychodz\u0105c z domu lub pracy <\/div>[vc_column_text]Take part in periodic webinars conducted by our experts. Thanks to them, navigating in telecommunications as well as on our systems will become quick and easy. Webinars take place in an open form (expert advice for registered Customers and Business Partners) and on request (on the initiative and for the needs of a given company).[\/vc_column_text][vc_tta_accordion style=&#8221;flat&#8221; active_section=&#8221;0&#8243; collapsible_all=&#8221;true&#8221;][vc_tta_section title=&#8221;Why is it worth participating in our webinars?&#8221; tab_id=&#8221;1534932170087-65b28617-9858acb4-fab6&#8243;][vc_column_text]<\/p>\n<ul>\n<li>You can participate from anywhere &#8211; all you need is a computer and Internet access.<\/li>\n<li>You get practical information in a condensed form.<\/li>\n<li>You have constant contact with the teacher &#8211; you can ask questions that you immediately get answered via chat. All doubts or incomprehensible issues are explained on a regular basis.<\/li>\n<\/ul>\n<p>[\/vc_column_text][\/vc_tta_section][vc_tta_section title=&#8221;How to run a webinar?&#8221; tab_id=&#8221;1534932170114-1abb4267-7438acb4-fab6&#8243;][vc_column_text]<\/p>\n<ul>\n<li>You must have a computer with internet access.<\/li>\n<li>You enter our webinar room and fill out the application form.<\/li>\n<li>You will find a link with access to the webinar in your e-mail box.<\/li>\n<li>At the appointed hour you shall click on the link and take part in the training.<\/li>\n<\/ul>\n<p>[\/vc_column_text][\/vc_tta_section][\/vc_tta_accordion][vc_empty_space height=&#8221;40px&#8221;][vc_column_text][clickmeeting lang=\u201den\u201d]https:\/\/lovo.clickmeeting.com\/webinarium-lovo[\/clickmeeting][\/vc_column_text][vc_empty_space][\/vc_column][\/vc_row]<\/p>\n","protected":false},"excerpt":{"rendered":"<p>[vc_row bg_image=&#8221;17921&#8243; class=&#8221;row-titlebar-image titlebar-font-medium&#8221;][vc_column width=&#8221;1\/1&#8243;][\/vc_column][\/vc_row][vc_row top_padding=&#8221;60&#8243;][vc_column width=&#8221;1\/1&#8243;][vc_column_text]Take part in periodic webinars conducted by our experts. Thanks to them, navigating in telecommunications as well as on our systems will become quick and easy. Webinars take place in an open form (expert advice for registered Customers and Business Partners) and on request (on the initiative and for the needs of a given company).[\/vc_column_text][vc_tta_accordion style=&#8221;flat&#8221; active_section=&#8221;0&#8243; collapsible_all=&#8221;true&#8221;][vc_tta_section title=&#8221;Why is it worth participating in our webinars?&#8221; tab_id=&#8221;1534932170087-65b28617-9858acb4-fab6&#8243;][vc_column_text] You can participate from anywhere &#8211; all you need is a computer and Internet access. You get practical information in a condensed form. You have constant contact with the teacher &#8211; you can ask questions that you immediately get answered via chat. All doubts or incomprehensible issues are explained on a regular basis. [\/vc_column_text][\/vc_tta_section][vc_tta_section title=&#8221;How to run a webinar?&#8221; tab_id=&#8221;1534932170114-1abb4267-7438acb4-fab6&#8243;][vc_column_text] You must have a computer with internet access. You enter our webinar room and fill out the application form. You will find a link with access to the webinar in your e-mail box. At the appointed hour you shall click on the link and take part in the training. [\/vc_column_text][\/vc_tta_section][\/vc_tta_accordion][vc_empty_space height=&#8221;40px&#8221;][vc_column_text][clickmeeting lang=\u201den\u201d]https:\/\/lovo.clickmeeting.com\/webinarium-lovo[\/clickmeeting][\/vc_column_text][vc_empty_space][\/vc_column][\/vc_row]<\/p>\n","protected":false},"author":1,"featured_media":0,"parent":18592,"menu_order":0,"comment_status":"closed","ping_status":"closed","template":"","meta":{"footnotes":""},"class_list":["post-18516","page","type-page","status-publish","hentry"],"yoast_head":"<!-- This site is optimized with the Yoast SEO plugin v24.3 - https:\/\/yoast.com\/wordpress\/plugins\/seo\/ -->\n<title>Webinars - LoVo<\/title>\n<meta name=\"robots\" content=\"noindex, follow, max-snippet:-1, max-image-preview:large, max-video-preview:-1\" \/>\n<meta property=\"og:locale\" content=\"en_US\" \/>\n<meta property=\"og:type\" content=\"article\" \/>\n<meta property=\"og:title\" content=\"Webinars - LoVo\" \/>\n<meta property=\"og:description\" content=\"[vc_row bg_image=&#8221;17921&#8243; class=&#8221;row-titlebar-image titlebar-font-medium&#8221;][vc_column width=&#8221;1\/1&#8243;][\/vc_column][\/vc_row][vc_row top_padding=&#8221;60&#8243;][vc_column width=&#8221;1\/1&#8243;][vc_column_text]Take part in periodic webinars conducted by our experts. Thanks to them, navigating in telecommunications as well as on our systems will become quick and easy. Webinars take place in an open form (expert advice for registered Customers and Business Partners) and on request (on the initiative and for the needs of a given company).[\/vc_column_text][vc_tta_accordion style=&#8221;flat&#8221; active_section=&#8221;0&#8243; collapsible_all=&#8221;true&#8221;][vc_tta_section title=&#8221;Why is it worth participating in our webinars?&#8221; tab_id=&#8221;1534932170087-65b28617-9858acb4-fab6&#8243;][vc_column_text] You can participate from anywhere &#8211; all you need is a computer and Internet access. You get practical information in a condensed form. You have constant contact with the teacher &#8211; you can ask questions that you immediately get answered via chat. All doubts or incomprehensible issues are explained on a regular basis. [\/vc_column_text][\/vc_tta_section][vc_tta_section title=&#8221;How to run a webinar?&#8221; tab_id=&#8221;1534932170114-1abb4267-7438acb4-fab6&#8243;][vc_column_text] You must have a computer with internet access. You enter our webinar room and fill out the application form. You will find a link with access to the webinar in your e-mail box. At the appointed hour you shall click on the link and take part in the training. [\/vc_column_text][\/vc_tta_section][\/vc_tta_accordion][vc_empty_space height=&#8221;40px&#8221;][vc_column_text][clickmeeting lang=\u201den\u201d]https:\/\/lovo.clickmeeting.com\/webinarium-lovo[\/clickmeeting][\/vc_column_text][vc_empty_space][\/vc_column][\/vc_row]\" \/>\n<meta property=\"og:url\" content=\"https:\/\/www.lovo.pl\/en\/telecommunications-training-and-support\/webinars\/\" \/>\n<meta property=\"og:site_name\" content=\"LoVo\" \/>\n<meta property=\"article:modified_time\" content=\"2018-09-19T11:49:30+00:00\" \/>\n<meta name=\"twitter:card\" content=\"summary_large_image\" \/>\n<meta name=\"twitter:label1\" content=\"Est. reading time\" \/>\n\t<meta name=\"twitter:data1\" content=\"2 minutes\" \/>\n<script type=\"application\/ld+json\" class=\"yoast-schema-graph\">{\"@context\":\"https:\/\/schema.org\",\"@graph\":[{\"@type\":\"WebPage\",\"@id\":\"https:\/\/www.lovo.pl\/en\/telecommunications-training-and-support\/webinars\/\",\"url\":\"https:\/\/www.lovo.pl\/en\/telecommunications-training-and-support\/webinars\/\",\"name\":\"Webinars - LoVo\",\"isPartOf\":{\"@id\":\"https:\/\/www.lovo.pl\/en\/#website\"},\"datePublished\":\"2018-08-24T11:55:02+00:00\",\"dateModified\":\"2018-09-19T11:49:30+00:00\",\"breadcrumb\":{\"@id\":\"https:\/\/www.lovo.pl\/en\/telecommunications-training-and-support\/webinars\/#breadcrumb\"},\"inLanguage\":\"en-US\",\"potentialAction\":[{\"@type\":\"ReadAction\",\"target\":[\"https:\/\/www.lovo.pl\/en\/telecommunications-training-and-support\/webinars\/\"]}]},{\"@type\":\"BreadcrumbList\",\"@id\":\"https:\/\/www.lovo.pl\/en\/telecommunications-training-and-support\/webinars\/#breadcrumb\",\"itemListElement\":[{\"@type\":\"ListItem\",\"position\":1,\"name\":\"Strona g\u0142\u00f3wna\",\"item\":\"https:\/\/www.lovo.pl\/en\/\"},{\"@type\":\"ListItem\",\"position\":2,\"name\":\"Telecommunications support\",\"item\":\"https:\/\/www.lovo.pl\/en\/telecommunications-training-and-support\/\"},{\"@type\":\"ListItem\",\"position\":3,\"name\":\"Webinars\"}]},{\"@type\":\"WebSite\",\"@id\":\"https:\/\/www.lovo.pl\/en\/#website\",\"url\":\"https:\/\/www.lovo.pl\/en\/\",\"name\":\"LoVo\",\"description\":\"Wirtualne rozwi\u0105zania telekomunikacyjne dla Operator\u00f3w, Reseller\u00f3w i Integrator\u00f3w oraz innowacyjne us\u0142ugi teleinformatyczne dla Biznesu.\",\"potentialAction\":[{\"@type\":\"SearchAction\",\"target\":{\"@type\":\"EntryPoint\",\"urlTemplate\":\"https:\/\/www.lovo.pl\/en\/?s={search_term_string}\"},\"query-input\":{\"@type\":\"PropertyValueSpecification\",\"valueRequired\":true,\"valueName\":\"search_term_string\"}}],\"inLanguage\":\"en-US\"}]}<\/script>\n<!-- \/ Yoast SEO plugin. -->","yoast_head_json":{"title":"Webinars - LoVo","robots":{"index":"noindex","follow":"follow","max-snippet":"max-snippet:-1","max-image-preview":"max-image-preview:large","max-video-preview":"max-video-preview:-1"},"og_locale":"en_US","og_type":"article","og_title":"Webinars - LoVo","og_description":"[vc_row bg_image=&#8221;17921&#8243; class=&#8221;row-titlebar-image titlebar-font-medium&#8221;][vc_column width=&#8221;1\/1&#8243;][\/vc_column][\/vc_row][vc_row top_padding=&#8221;60&#8243;][vc_column width=&#8221;1\/1&#8243;][vc_column_text]Take part in periodic webinars conducted by our experts. Thanks to them, navigating in telecommunications as well as on our systems will become quick and easy. Webinars take place in an open form (expert advice for registered Customers and Business Partners) and on request (on the initiative and for the needs of a given company).[\/vc_column_text][vc_tta_accordion style=&#8221;flat&#8221; active_section=&#8221;0&#8243; collapsible_all=&#8221;true&#8221;][vc_tta_section title=&#8221;Why is it worth participating in our webinars?&#8221; tab_id=&#8221;1534932170087-65b28617-9858acb4-fab6&#8243;][vc_column_text] You can participate from anywhere &#8211; all you need is a computer and Internet access. You get practical information in a condensed form. You have constant contact with the teacher &#8211; you can ask questions that you immediately get answered via chat. All doubts or incomprehensible issues are explained on a regular basis. [\/vc_column_text][\/vc_tta_section][vc_tta_section title=&#8221;How to run a webinar?&#8221; tab_id=&#8221;1534932170114-1abb4267-7438acb4-fab6&#8243;][vc_column_text] You must have a computer with internet access. You enter our webinar room and fill out the application form. You will find a link with access to the webinar in your e-mail box. At the appointed hour you shall click on the link and take part in the training. [\/vc_column_text][\/vc_tta_section][\/vc_tta_accordion][vc_empty_space height=&#8221;40px&#8221;][vc_column_text][clickmeeting lang=\u201den\u201d]https:\/\/lovo.clickmeeting.com\/webinarium-lovo[\/clickmeeting][\/vc_column_text][vc_empty_space][\/vc_column][\/vc_row]","og_url":"https:\/\/www.lovo.pl\/en\/telecommunications-training-and-support\/webinars\/","og_site_name":"LoVo","article_modified_time":"2018-09-19T11:49:30+00:00","twitter_card":"summary_large_image","twitter_misc":{"Est. reading time":"2 minutes"},"schema":{"@context":"https:\/\/schema.org","@graph":[{"@type":"WebPage","@id":"https:\/\/www.lovo.pl\/en\/telecommunications-training-and-support\/webinars\/","url":"https:\/\/www.lovo.pl\/en\/telecommunications-training-and-support\/webinars\/","name":"Webinars - LoVo","isPartOf":{"@id":"https:\/\/www.lovo.pl\/en\/#website"},"datePublished":"2018-08-24T11:55:02+00:00","dateModified":"2018-09-19T11:49:30+00:00","breadcrumb":{"@id":"https:\/\/www.lovo.pl\/en\/telecommunications-training-and-support\/webinars\/#breadcrumb"},"inLanguage":"en-US","potentialAction":[{"@type":"ReadAction","target":["https:\/\/www.lovo.pl\/en\/telecommunications-training-and-support\/webinars\/"]}]},{"@type":"BreadcrumbList","@id":"https:\/\/www.lovo.pl\/en\/telecommunications-training-and-support\/webinars\/#breadcrumb","itemListElement":[{"@type":"ListItem","position":1,"name":"Strona g\u0142\u00f3wna","item":"https:\/\/www.lovo.pl\/en\/"},{"@type":"ListItem","position":2,"name":"Telecommunications support","item":"https:\/\/www.lovo.pl\/en\/telecommunications-training-and-support\/"},{"@type":"ListItem","position":3,"name":"Webinars"}]},{"@type":"WebSite","@id":"https:\/\/www.lovo.pl\/en\/#website","url":"https:\/\/www.lovo.pl\/en\/","name":"LoVo","description":"Wirtualne rozwi\u0105zania telekomunikacyjne dla Operator\u00f3w, Reseller\u00f3w i Integrator\u00f3w oraz innowacyjne us\u0142ugi teleinformatyczne dla Biznesu.","potentialAction":[{"@type":"SearchAction","target":{"@type":"EntryPoint","urlTemplate":"https:\/\/www.lovo.pl\/en\/?s={search_term_string}"},"query-input":{"@type":"PropertyValueSpecification","valueRequired":true,"valueName":"search_term_string"}}],"inLanguage":"en-US"}]}},"_links":{"self":[{"href":"https:\/\/www.lovo.pl\/en\/wp-json\/wp\/v2\/pages\/18516","targetHints":{"allow":["GET"]}}],"collection":[{"href":"https:\/\/www.lovo.pl\/en\/wp-json\/wp\/v2\/pages"}],"about":[{"href":"https:\/\/www.lovo.pl\/en\/wp-json\/wp\/v2\/types\/page"}],"author":[{"embeddable":true,"href":"https:\/\/www.lovo.pl\/en\/wp-json\/wp\/v2\/users\/1"}],"replies":[{"embeddable":true,"href":"https:\/\/www.lovo.pl\/en\/wp-json\/wp\/v2\/comments?post=18516"}],"version-history":[{"count":7,"href":"https:\/\/www.lovo.pl\/en\/wp-json\/wp\/v2\/pages\/18516\/revisions"}],"predecessor-version":[{"id":20017,"href":"https:\/\/www.lovo.pl\/en\/wp-json\/wp\/v2\/pages\/18516\/revisions\/20017"}],"up":[{"embeddable":true,"href":"https:\/\/www.lovo.pl\/en\/wp-json\/wp\/v2\/pages\/18592"}],"wp:attachment":[{"href":"https:\/\/www.lovo.pl\/en\/wp-json\/wp\/v2\/media?parent=18516"}],"curies":[{"name":"wp","href":"https:\/\/api.w.org\/{rel}","templated":true}]}}