{"id":18515,"date":"2018-08-25T14:46:29","date_gmt":"2018-08-25T12:46:29","guid":{"rendered":"https:\/\/www.lovo.pl\/lad-korporacyjny\/"},"modified":"2018-09-19T13:59:45","modified_gmt":"2018-09-19T11:59:45","slug":"corporate-governance","status":"publish","type":"page","link":"https:\/\/www.lovo.pl\/en\/about-the-company\/group-structure\/corporate-governance\/","title":{"rendered":"Corporate governance"},"content":{"rendered":"<p>[vc_row bg_image=&#8221;17947&#8243; class=&#8221;row-titlebar-image titlebar-font-medium&#8221;][vc_column width=&#8221;1\/1&#8243;]<div class=\"minti_boxedholder   clearfix\" style=\"padding: 0px 0px 0px 0px; margin: 0px 0px 0px 0px; \">[vc_custom_heading source=&#8221;post_title&#8221; font_container=&#8221;tag:h1|font_size:80px|text_align:center|color:%23ffffff|line_height:1&#8243; use_theme_fonts=&#8221;yes&#8221; css=&#8221;.vc_custom_1531175907146{margin-bottom: 20px !important;}&#8221; el_class=&#8221;titlebar-title&#8221;]<div class=\"headline font-inherit fontsize-xxl fontweight-500 lh-inherit align-center transform-inherit titlebar-subtitle\" style=\"margin: 0 0 20px 0; color: #ffffff;\">Code of ethics<\/div><\/div>[\/vc_column][\/vc_row][vc_row top_padding=&#8221;60&#8243;][vc_column width=&#8221;1\/1&#8243;]<div class=\"headline font-inherit fontsize-xxl fontweight-300 lh-12 align-left transform-inherit lead\" style=\"margin: 0 0 20px 0;\">The LoVo Group is an operator that provides telecommunications services for Business Customers, Operators and Individual Customers.<\/div>[vc_column_text]In the event that we can not provide all the components of our services ourselves, we take responsibility for the services provided by our Partners. We make sure that all issues related to the services provided through our intermediary by our Partners are as professional as our services.[\/vc_column_text][vc_tta_accordion style=&#8221;flat&#8221; active_section=&#8221;0&#8243; collapsible_all=&#8221;true&#8221;][vc_tta_section title=&#8221;Our commitment&#8221; tab_id=&#8221;1534932170087-65b28617-9858bcc8-b68a&#8221;][vc_column_text]We are very interested in providing services with the highest quality. We work only with reliable partners who, like us, care about the highest quality of service. We strive to provide services that will satisfy the needs of our customers. We comply with all applicable laws, recommendations and regulations issued by UKE and UOKiK.[\/vc_column_text][\/vc_tta_section][vc_tta_section title=&#8221;Marketing&#8221; tab_id=&#8221;1534932170114-1abb4267-7438bcc8-b68a&#8221;][vc_column_text]We work in accordance with the guidelines of the British Advertising Code, Trade Promotion and Direct Marketing, which can be found at www.cap.org.uk[\/vc_column_text][\/vc_tta_section][vc_tta_section title=&#8221;Terms of cooperation&#8221; tab_id=&#8221;1535200884123-663b258f-137b&#8221;][vc_column_text]After ordering our service, we send a standard Agreement and Regulations with a request to sign.<\/p>\n<ul>\n<li>If you have any questions or concerns, please contact the Customer Service Department at bok@lovo.pl<\/li>\n<li>If necessary, we will ask for sharing and sending data and financial documents.<\/li>\n<li>We want to provide services as soon as possible after signing the Agreement, of course under the condition that all equipment is available and installed.<\/li>\n<li>If it is necessary to conduct an on-site verification, we will contact you in order to establish a fast and convenient time.<\/li>\n<\/ul>\n<p>[\/vc_column_text][\/vc_tta_section][vc_tta_section title=&#8221;Errors and Repairs&#8221; tab_id=&#8221;1535200912998-932fa7a5-01c6&#8243;][vc_column_text]If any problems arise during our cooperation, please report them to the Customer Service Office at bok@lovo.pl. We will analyse and repair the problem as soon as possible. We will contact you at the next working day.[\/vc_column_text][\/vc_tta_section][vc_tta_section title=&#8221;Price lists&#8221; tab_id=&#8221;1535200945889-a4c548c6-9ea0&#8243;][vc_column_text]Our price lists are available at the Customer Service Office at bok@lovo.pl. In the case of the change of prices for services, we will contact you in writing.[\/vc_column_text][\/vc_tta_section][vc_tta_section title=&#8221;Billing reports&#8221; tab_id=&#8221;1535200967801-8332dd46-dfc9&#8243;][vc_column_text]<\/p>\n<ul>\n<li>We make standard settlements in monthly periods, unless we agree otherwise.<\/li>\n<li>Unless agreed otherwise, payment for our services will be collected traditionally on the basis of a VAT invoice issued.<\/li>\n<li>If you want to change the payment method, please contact the Customer Service Office.<\/li>\n<li>We provide a billing report of all calls via a website or e-mail at no additional cost. If you have a problem with paying for our services, please contact us at 22 255 30 30. We will try to work out a different payment method.<\/li>\n<li><\/li>\n<\/ul>\n<p>[\/vc_column_text][\/vc_tta_section][vc_tta_section title=&#8221;Change of a seat&#8221; tab_id=&#8221;1535200988272-ece6afa6-950a&#8221;][vc_column_text]If you change the address of the service, please contact us at bok@lovo.pl no later than 30 days before the change in question.[\/vc_column_text][\/vc_tta_section][vc_tta_section title=&#8221;Portability of numbers&#8221; tab_id=&#8221;1535201018604-ab8ed69d-8f46&#8243;][vc_column_text]We understand that maintaining the existing numbering is important for the customer, therefore we recommend retaining the telephone number in the new location. More information at the Customer Service Office at bok@lovo.pl.[\/vc_column_text][\/vc_tta_section][vc_tta_section title=&#8221;Complaints&#8221; tab_id=&#8221;1535201039397-c1109291-20bc&#8221;][vc_column_text]We take all customer complaints very seriously, and our goal is to solve them as quickly as possible. In case of any comments regarding the services provided, please report them to the Customer Service Office at bok@lovo.pl. We will do our best to solve the problem, at the same time informing about the progress of work.[\/vc_column_text][\/vc_tta_section][vc_tta_section title=&#8221;Telecommunications abuses&#8221; tab_id=&#8221;1535201069312-660296ea-dbf4&#8243;][vc_column_text]We take all issues regarding telecommunications abuses very seriously. To this end, we cooperate closely with the Police and other telecommunications operators If you notice any abuse, please report the incident to the Customer Service Office at <a href=\"mailto:bok@lovo.pl\">bok@lovo.pl<\/a>.[\/vc_column_text][\/vc_tta_section][vc_tta_section title=&#8221;Useful contacts&#8221; tab_id=&#8221;1535201100498-af7cac15-da0d&#8221;][vc_column_text]<strong>THE OFFICE OF ELECTRONIC COMMUNICATION<\/strong><\/p>\n<p>Kasprzaka 18\/20 Street,<\/p>\n<p>01-211 Warszawa<\/p>\n<p>phone: 0 22 53 49 190<\/p>\n<p>fax: 0 22 53 49 162<\/p>\n<p>e-mail: uke@uke.gov.pl<\/p>\n<p>&nbsp;<\/p>\n<p><strong>THE OFFICE OF COMPETITION AND CONSUMER PROTECTION<\/strong><\/p>\n<p>Plac Powsta\u0144c\u00f3w Warszawy 1 Street<\/p>\n<p>00-950 Warszawa<\/p>\n<p>phone: (22) 556 08 00<\/p>\n<p>uokik@uokik.gov.pl[\/vc_column_text][\/vc_tta_section][\/vc_tta_accordion][vc_empty_space height=&#8221;40px&#8221;][\/vc_column][\/vc_row]<\/p>\n","protected":false},"excerpt":{"rendered":"<p>[vc_row bg_image=&#8221;17947&#8243; class=&#8221;row-titlebar-image titlebar-font-medium&#8221;][vc_column width=&#8221;1\/1&#8243;][\/vc_column][\/vc_row][vc_row top_padding=&#8221;60&#8243;][vc_column width=&#8221;1\/1&#8243;][vc_column_text]In the event that we can not provide all the components of our services ourselves, we take responsibility for the services provided by our Partners. We make sure that all issues related to the services provided through our intermediary by our Partners are as professional as our services.[\/vc_column_text][vc_tta_accordion style=&#8221;flat&#8221; active_section=&#8221;0&#8243; collapsible_all=&#8221;true&#8221;][vc_tta_section title=&#8221;Our commitment&#8221; tab_id=&#8221;1534932170087-65b28617-9858bcc8-b68a&#8221;][vc_column_text]We are very interested in providing services with the highest quality. We work only with reliable partners who, like us, care about the highest quality of service. We strive to provide services that will satisfy the needs of our customers. We comply with all applicable laws, recommendations and regulations issued by UKE and UOKiK.[\/vc_column_text][\/vc_tta_section][vc_tta_section title=&#8221;Marketing&#8221; tab_id=&#8221;1534932170114-1abb4267-7438bcc8-b68a&#8221;][vc_column_text]We work in accordance with the guidelines of the British Advertising Code, Trade Promotion and Direct Marketing, which can be found at www.cap.org.uk[\/vc_column_text][\/vc_tta_section][vc_tta_section title=&#8221;Terms of cooperation&#8221; tab_id=&#8221;1535200884123-663b258f-137b&#8221;][vc_column_text]After ordering our service, we send a standard Agreement and Regulations with a request to sign. If you have any questions or concerns, please contact the Customer Service Department at bok@lovo.pl If necessary, we will ask for sharing and sending data and financial documents. We want to provide services as soon as possible after signing the Agreement, of course under [&hellip;]<\/p>\n","protected":false},"author":1,"featured_media":0,"parent":18548,"menu_order":0,"comment_status":"closed","ping_status":"closed","template":"","meta":{"footnotes":""},"class_list":["post-18515","page","type-page","status-publish","hentry"],"yoast_head":"<!-- This site is optimized with the Yoast SEO plugin v24.3 - https:\/\/yoast.com\/wordpress\/plugins\/seo\/ -->\n<title>Corporate governance - LoVo<\/title>\n<meta name=\"robots\" content=\"noindex, follow, max-snippet:-1, max-image-preview:large, max-video-preview:-1\" \/>\n<meta property=\"og:locale\" content=\"en_US\" \/>\n<meta property=\"og:type\" content=\"article\" \/>\n<meta property=\"og:title\" content=\"Corporate governance - LoVo\" \/>\n<meta property=\"og:description\" content=\"[vc_row bg_image=&#8221;17947&#8243; class=&#8221;row-titlebar-image titlebar-font-medium&#8221;][vc_column width=&#8221;1\/1&#8243;][\/vc_column][\/vc_row][vc_row top_padding=&#8221;60&#8243;][vc_column width=&#8221;1\/1&#8243;][vc_column_text]In the event that we can not provide all the components of our services ourselves, we take responsibility for the services provided by our Partners. We make sure that all issues related to the services provided through our intermediary by our Partners are as professional as our services.[\/vc_column_text][vc_tta_accordion style=&#8221;flat&#8221; active_section=&#8221;0&#8243; collapsible_all=&#8221;true&#8221;][vc_tta_section title=&#8221;Our commitment&#8221; tab_id=&#8221;1534932170087-65b28617-9858bcc8-b68a&#8221;][vc_column_text]We are very interested in providing services with the highest quality. We work only with reliable partners who, like us, care about the highest quality of service. We strive to provide services that will satisfy the needs of our customers. We comply with all applicable laws, recommendations and regulations issued by UKE and UOKiK.[\/vc_column_text][\/vc_tta_section][vc_tta_section title=&#8221;Marketing&#8221; tab_id=&#8221;1534932170114-1abb4267-7438bcc8-b68a&#8221;][vc_column_text]We work in accordance with the guidelines of the British Advertising Code, Trade Promotion and Direct Marketing, which can be found at www.cap.org.uk[\/vc_column_text][\/vc_tta_section][vc_tta_section title=&#8221;Terms of cooperation&#8221; tab_id=&#8221;1535200884123-663b258f-137b&#8221;][vc_column_text]After ordering our service, we send a standard Agreement and Regulations with a request to sign. If you have any questions or concerns, please contact the Customer Service Department at bok@lovo.pl If necessary, we will ask for sharing and sending data and financial documents. We want to provide services as soon as possible after signing the Agreement, of course under [&hellip;]\" \/>\n<meta property=\"og:url\" content=\"https:\/\/www.lovo.pl\/en\/about-the-company\/group-structure\/corporate-governance\/\" \/>\n<meta property=\"og:site_name\" content=\"LoVo\" \/>\n<meta property=\"article:modified_time\" content=\"2018-09-19T11:59:45+00:00\" \/>\n<meta name=\"twitter:card\" content=\"summary_large_image\" \/>\n<meta name=\"twitter:label1\" content=\"Est. reading time\" \/>\n\t<meta name=\"twitter:data1\" content=\"5 minutes\" \/>\n<script type=\"application\/ld+json\" class=\"yoast-schema-graph\">{\"@context\":\"https:\/\/schema.org\",\"@graph\":[{\"@type\":\"WebPage\",\"@id\":\"https:\/\/www.lovo.pl\/en\/about-the-company\/group-structure\/corporate-governance\/\",\"url\":\"https:\/\/www.lovo.pl\/en\/about-the-company\/group-structure\/corporate-governance\/\",\"name\":\"Corporate governance - LoVo\",\"isPartOf\":{\"@id\":\"https:\/\/www.lovo.pl\/en\/#website\"},\"datePublished\":\"2018-08-25T12:46:29+00:00\",\"dateModified\":\"2018-09-19T11:59:45+00:00\",\"breadcrumb\":{\"@id\":\"https:\/\/www.lovo.pl\/en\/about-the-company\/group-structure\/corporate-governance\/#breadcrumb\"},\"inLanguage\":\"en-US\",\"potentialAction\":[{\"@type\":\"ReadAction\",\"target\":[\"https:\/\/www.lovo.pl\/en\/about-the-company\/group-structure\/corporate-governance\/\"]}]},{\"@type\":\"BreadcrumbList\",\"@id\":\"https:\/\/www.lovo.pl\/en\/about-the-company\/group-structure\/corporate-governance\/#breadcrumb\",\"itemListElement\":[{\"@type\":\"ListItem\",\"position\":1,\"name\":\"Strona g\u0142\u00f3wna\",\"item\":\"https:\/\/www.lovo.pl\/en\/\"},{\"@type\":\"ListItem\",\"position\":2,\"name\":\"LoVo\",\"item\":\"https:\/\/www.lovo.pl\/en\/about-the-company\/\"},{\"@type\":\"ListItem\",\"position\":3,\"name\":\"Structure\",\"item\":\"https:\/\/www.lovo.pl\/en\/about-the-company\/group-structure\/\"},{\"@type\":\"ListItem\",\"position\":4,\"name\":\"Corporate governance\"}]},{\"@type\":\"WebSite\",\"@id\":\"https:\/\/www.lovo.pl\/en\/#website\",\"url\":\"https:\/\/www.lovo.pl\/en\/\",\"name\":\"LoVo\",\"description\":\"Wirtualne rozwi\u0105zania telekomunikacyjne dla Operator\u00f3w, Reseller\u00f3w i Integrator\u00f3w oraz innowacyjne us\u0142ugi teleinformatyczne dla Biznesu.\",\"potentialAction\":[{\"@type\":\"SearchAction\",\"target\":{\"@type\":\"EntryPoint\",\"urlTemplate\":\"https:\/\/www.lovo.pl\/en\/?s={search_term_string}\"},\"query-input\":{\"@type\":\"PropertyValueSpecification\",\"valueRequired\":true,\"valueName\":\"search_term_string\"}}],\"inLanguage\":\"en-US\"}]}<\/script>\n<!-- \/ Yoast SEO plugin. -->","yoast_head_json":{"title":"Corporate governance - LoVo","robots":{"index":"noindex","follow":"follow","max-snippet":"max-snippet:-1","max-image-preview":"max-image-preview:large","max-video-preview":"max-video-preview:-1"},"og_locale":"en_US","og_type":"article","og_title":"Corporate governance - LoVo","og_description":"[vc_row bg_image=&#8221;17947&#8243; class=&#8221;row-titlebar-image titlebar-font-medium&#8221;][vc_column width=&#8221;1\/1&#8243;][\/vc_column][\/vc_row][vc_row top_padding=&#8221;60&#8243;][vc_column width=&#8221;1\/1&#8243;][vc_column_text]In the event that we can not provide all the components of our services ourselves, we take responsibility for the services provided by our Partners. We make sure that all issues related to the services provided through our intermediary by our Partners are as professional as our services.[\/vc_column_text][vc_tta_accordion style=&#8221;flat&#8221; active_section=&#8221;0&#8243; collapsible_all=&#8221;true&#8221;][vc_tta_section title=&#8221;Our commitment&#8221; tab_id=&#8221;1534932170087-65b28617-9858bcc8-b68a&#8221;][vc_column_text]We are very interested in providing services with the highest quality. We work only with reliable partners who, like us, care about the highest quality of service. We strive to provide services that will satisfy the needs of our customers. We comply with all applicable laws, recommendations and regulations issued by UKE and UOKiK.[\/vc_column_text][\/vc_tta_section][vc_tta_section title=&#8221;Marketing&#8221; tab_id=&#8221;1534932170114-1abb4267-7438bcc8-b68a&#8221;][vc_column_text]We work in accordance with the guidelines of the British Advertising Code, Trade Promotion and Direct Marketing, which can be found at www.cap.org.uk[\/vc_column_text][\/vc_tta_section][vc_tta_section title=&#8221;Terms of cooperation&#8221; tab_id=&#8221;1535200884123-663b258f-137b&#8221;][vc_column_text]After ordering our service, we send a standard Agreement and Regulations with a request to sign. If you have any questions or concerns, please contact the Customer Service Department at bok@lovo.pl If necessary, we will ask for sharing and sending data and financial documents. We want to provide services as soon as possible after signing the Agreement, of course under [&hellip;]","og_url":"https:\/\/www.lovo.pl\/en\/about-the-company\/group-structure\/corporate-governance\/","og_site_name":"LoVo","article_modified_time":"2018-09-19T11:59:45+00:00","twitter_card":"summary_large_image","twitter_misc":{"Est. reading time":"5 minutes"},"schema":{"@context":"https:\/\/schema.org","@graph":[{"@type":"WebPage","@id":"https:\/\/www.lovo.pl\/en\/about-the-company\/group-structure\/corporate-governance\/","url":"https:\/\/www.lovo.pl\/en\/about-the-company\/group-structure\/corporate-governance\/","name":"Corporate governance - LoVo","isPartOf":{"@id":"https:\/\/www.lovo.pl\/en\/#website"},"datePublished":"2018-08-25T12:46:29+00:00","dateModified":"2018-09-19T11:59:45+00:00","breadcrumb":{"@id":"https:\/\/www.lovo.pl\/en\/about-the-company\/group-structure\/corporate-governance\/#breadcrumb"},"inLanguage":"en-US","potentialAction":[{"@type":"ReadAction","target":["https:\/\/www.lovo.pl\/en\/about-the-company\/group-structure\/corporate-governance\/"]}]},{"@type":"BreadcrumbList","@id":"https:\/\/www.lovo.pl\/en\/about-the-company\/group-structure\/corporate-governance\/#breadcrumb","itemListElement":[{"@type":"ListItem","position":1,"name":"Strona g\u0142\u00f3wna","item":"https:\/\/www.lovo.pl\/en\/"},{"@type":"ListItem","position":2,"name":"LoVo","item":"https:\/\/www.lovo.pl\/en\/about-the-company\/"},{"@type":"ListItem","position":3,"name":"Structure","item":"https:\/\/www.lovo.pl\/en\/about-the-company\/group-structure\/"},{"@type":"ListItem","position":4,"name":"Corporate governance"}]},{"@type":"WebSite","@id":"https:\/\/www.lovo.pl\/en\/#website","url":"https:\/\/www.lovo.pl\/en\/","name":"LoVo","description":"Wirtualne rozwi\u0105zania telekomunikacyjne dla Operator\u00f3w, Reseller\u00f3w i Integrator\u00f3w oraz innowacyjne us\u0142ugi teleinformatyczne dla Biznesu.","potentialAction":[{"@type":"SearchAction","target":{"@type":"EntryPoint","urlTemplate":"https:\/\/www.lovo.pl\/en\/?s={search_term_string}"},"query-input":{"@type":"PropertyValueSpecification","valueRequired":true,"valueName":"search_term_string"}}],"inLanguage":"en-US"}]}},"_links":{"self":[{"href":"https:\/\/www.lovo.pl\/en\/wp-json\/wp\/v2\/pages\/18515","targetHints":{"allow":["GET"]}}],"collection":[{"href":"https:\/\/www.lovo.pl\/en\/wp-json\/wp\/v2\/pages"}],"about":[{"href":"https:\/\/www.lovo.pl\/en\/wp-json\/wp\/v2\/types\/page"}],"author":[{"embeddable":true,"href":"https:\/\/www.lovo.pl\/en\/wp-json\/wp\/v2\/users\/1"}],"replies":[{"embeddable":true,"href":"https:\/\/www.lovo.pl\/en\/wp-json\/wp\/v2\/comments?post=18515"}],"version-history":[{"count":3,"href":"https:\/\/www.lovo.pl\/en\/wp-json\/wp\/v2\/pages\/18515\/revisions"}],"predecessor-version":[{"id":20024,"href":"https:\/\/www.lovo.pl\/en\/wp-json\/wp\/v2\/pages\/18515\/revisions\/20024"}],"up":[{"embeddable":true,"href":"https:\/\/www.lovo.pl\/en\/wp-json\/wp\/v2\/pages\/18548"}],"wp:attachment":[{"href":"https:\/\/www.lovo.pl\/en\/wp-json\/wp\/v2\/media?parent=18515"}],"curies":[{"name":"wp","href":"https:\/\/api.w.org\/{rel}","templated":true}]}}