{"id":18513,"date":"2018-08-25T14:53:44","date_gmt":"2018-08-25T12:53:44","guid":{"rendered":"https:\/\/www.lovo.pl\/projekty-ue\/"},"modified":"2019-01-25T10:45:20","modified_gmt":"2019-01-25T09:45:20","slug":"eu-projects","status":"publish","type":"page","link":"https:\/\/www.lovo.pl\/en\/about-the-company\/eu-projects\/","title":{"rendered":"EU projects"},"content":{"rendered":"<p>[vc_row bg_image=&#8221;17947&#8243; class=&#8221;row-titlebar-image titlebar-font-medium&#8221;][vc_column width=&#8221;1\/1&#8243;]<div class=\"minti_boxedholder   clearfix\" style=\"padding: 0px 0px 0px 0px; margin: 0px 0px 0px 0px; \">[vc_custom_heading source=&#8221;post_title&#8221; font_container=&#8221;tag:h1|font_size:80px|text_align:center|color:%23ffffff|line_height:1&#8243; use_theme_fonts=&#8221;yes&#8221; css=&#8221;.vc_custom_1531175907146{margin-bottom: 20px !important;}&#8221; el_class=&#8221;titlebar-title&#8221;]<div class=\"headline font-inherit fontsize-xxl fontweight-500 lh-inherit align-center transform-inherit titlebar-subtitle\" style=\"margin: 0 0 20px 0; color: #ffffff;\">Current tenders<\/div><\/div>[\/vc_column][\/vc_row][vc_row top_padding=&#8221;60&#8243;][vc_column width=&#8221;1\/1&#8243;]<div class=\"headline font-inherit fontsize-xxl fontweight-300 lh-12 align-left transform-inherit lead\" style=\"margin: 0 0 20px 0;\">Information on EU projects run by the LoVo Group, co-financed by the European Union.<\/div>[vc_empty_space height=&#8221;30px&#8221;][vc_tta_accordion style=&#8221;flat&#8221; active_section=&#8221;0&#8243; collapsible_all=&#8221;true&#8221;][vc_tta_section title=&#8221;Current tenders&#8221; tab_id=&#8221;1534932170087-65b28617-9858be69-ecf3&#8243;][vc_column_text]At the moment, we do not have current ads.[\/vc_column_text][\/vc_tta_section][vc_tta_section title=&#8221;Completed EU projects&#8221; tab_id=&#8221;1535624797588-1f8d154c-392b&#8221;][vc_column_text]<\/p>\n<ul>\n<li>B2B Centrum (<a href=\"http:\/\/www.b2b.lovo.pl\">b2b.lovo.pl<\/a>)<\/li>\n<li>ePASO (<a href=\"http:\/\/www.epaso.pl\">epaso.pl<\/a>)<\/li>\n<\/ul>\n<p>[\/vc_column_text][\/vc_tta_section][\/vc_tta_accordion][vc_empty_space height=&#8221;30px&#8221;][vc_column_text]<\/p>\n<h2><u>EU projects underway<\/u><\/h2>\n<p>[\/vc_column_text][vc_single_image image=&#8221;20329&#8243; img_size=&#8221;full&#8221; alignment=&#8221;center&#8221;][vc_column_text]<\/p>\n<ul>\n<li>2.2 Internacjonalizacja przedsi\u0119biorstw<\/li>\n<\/ul>\n<p>Wsparcie dzia\u0142a\u0144 internacjonalizacji dzia\u0142alno\u015bci grupy firm<\/p>\n<p>Celem projektu jest wsparcie procesu d\u0142ugoterminowych dzia\u0142a\u0144 w obr\u0119bie grupy przedsi\u0119biorstw sektora MSP dzia\u0142aj\u0105cych w bran\u017cy w telekomunikacyjnej i informatycznej (w skr\u00f3cie bran\u017ca ICT) na wybranych rynkach zagranicznych, okre\u015blonych w podstawie analiz wynikaj\u0105cych z dwustopniowej strategii internacjonalizacji grupy. D\u0142ugofalowe cele strategiczne grupy opieraj\u0105 si\u0119 przede wszystkim na mo\u017cliwo\u015bci wykorzystania specyfiki i specjalizacji bran\u017cowej cz\u0142onk\u00f3w grupy \u2013 szczeg\u00f3lnie z wykorzystaniem najnowszych rozwi\u0105za\u0144 i technologii informacyjno-komunikacyjnych. W celu realizacji za\u0142o\u017ce\u0144 rozwoju dzia\u0142alno\u015bci ekspertowej firmy z bran\u017cy ICT \u2013 LoVo .S.A, INTELIWISE S.A., MASTER CARE Sp. z o.o. Powsta\u0142a grupa zosta\u0142a zawi\u0105zana na podstawie umowy o partnerstwie 33 ust\u0119p 1 ustawy z dnia 11 lipca 2014 r. o zasadach realizacji program\u00f3w w zakresie polityki sp\u00f3jno\u015bci finansowanych w perspektywie finansowej 2014 \u2013 2020. Umowa zosta\u0142a zawarta pomi\u0119dzy podmiotami niepowi\u0105zanymi z sektora MSP. Ka\u017cdy z partner\u00f3w grupy posiada wiedz\u0119 i do\u015bwiadczenie w bran\u017cy ICT, kt\u00f3ra znacz\u0105cy spos\u00f3b przyczyni si\u0119 do stworzenia zintegrowanej oferty us\u0142ugowej i produktowej grupy co prowadzi si\u0119 do rozwoju i kontynuowania d\u0142ugoterminowej wsp\u00f3\u0142pracy, wychodz\u0105ce poza okres realizacji i trwa\u0142o\u015bci projektu. Najwa\u017cniejsze obszary wsp\u00f3\u0142pracy grupy dotycz\u0105 w szczeg\u00f3lno\u015bci wypracowania w obszarze bran\u017cy ICT, wsp\u00f3lnej zintegrowanej oferty na rynkach zagranicznych, wymiany wiedzy i kompetencji w zakresie opracowania nowych produkt\u00f3w i us\u0142ug w oparciu o najnowsze technologie oraz wyniki prac badawczo \u2013rozwojowych, a tak\u017ce wykorzystania i rozwoju bie\u017c\u0105cych kontakt\u00f3w biznesowych, oraz wsp\u00f3\u0142pracy w zakresie pozyskania nowych strategicznych partner\u00f3w zagranicznych w bran\u017cy ICT. Zgodnie z powy\u017cszym przyj\u0119ta strategia biznesowa grupy oraz skonkretyzowane trzy dzia\u0142ania grupy wychodz\u0105 poza 3 letnie ramy czasowe projektu (w tym jego trwa\u0142o\u015bci) i obejmuje minimum pi\u0119\u0107 lat.<\/p>\n<p>&nbsp;<\/p>\n<p>Warto\u015b\u0107 projektu: 1\u00a0081\u00a0535,31 z\u0142<\/p>\n<p>Wk\u0142ad Funduszy Europejskich: 439\u00a0648,50 z\u0142[\/vc_column_text][vc_empty_space height=&#8221;40px&#8221;][\/vc_column][\/vc_row]<\/p>\n","protected":false},"excerpt":{"rendered":"<p>[vc_row bg_image=&#8221;17947&#8243; class=&#8221;row-titlebar-image titlebar-font-medium&#8221;][vc_column width=&#8221;1\/1&#8243;][\/vc_column][\/vc_row][vc_row top_padding=&#8221;60&#8243;][vc_column width=&#8221;1\/1&#8243;][vc_empty_space height=&#8221;30px&#8221;][vc_tta_accordion style=&#8221;flat&#8221; active_section=&#8221;0&#8243; collapsible_all=&#8221;true&#8221;][vc_tta_section title=&#8221;Current tenders&#8221; tab_id=&#8221;1534932170087-65b28617-9858be69-ecf3&#8243;][vc_column_text]At the moment, we do not have current ads.[\/vc_column_text][\/vc_tta_section][vc_tta_section title=&#8221;Completed EU projects&#8221; tab_id=&#8221;1535624797588-1f8d154c-392b&#8221;][vc_column_text] B2B Centrum (b2b.lovo.pl) ePASO (epaso.pl) [\/vc_column_text][\/vc_tta_section][\/vc_tta_accordion][vc_empty_space height=&#8221;30px&#8221;][vc_column_text] EU projects underway [\/vc_column_text][vc_single_image image=&#8221;20329&#8243; img_size=&#8221;full&#8221; alignment=&#8221;center&#8221;][vc_column_text] 2.2 Internacjonalizacja przedsi\u0119biorstw Wsparcie dzia\u0142a\u0144 internacjonalizacji dzia\u0142alno\u015bci grupy firm Celem projektu jest wsparcie procesu d\u0142ugoterminowych dzia\u0142a\u0144 w obr\u0119bie grupy przedsi\u0119biorstw sektora MSP dzia\u0142aj\u0105cych w bran\u017cy w telekomunikacyjnej i informatycznej (w skr\u00f3cie bran\u017ca ICT) na wybranych rynkach zagranicznych, okre\u015blonych w podstawie analiz wynikaj\u0105cych z dwustopniowej strategii internacjonalizacji grupy. D\u0142ugofalowe cele strategiczne grupy opieraj\u0105 si\u0119 przede wszystkim na mo\u017cliwo\u015bci wykorzystania specyfiki i specjalizacji bran\u017cowej cz\u0142onk\u00f3w grupy \u2013 szczeg\u00f3lnie z wykorzystaniem najnowszych rozwi\u0105za\u0144 i technologii informacyjno-komunikacyjnych. W celu realizacji za\u0142o\u017ce\u0144 rozwoju dzia\u0142alno\u015bci ekspertowej firmy z bran\u017cy ICT \u2013 LoVo .S.A, INTELIWISE S.A., MASTER CARE Sp. z o.o. Powsta\u0142a grupa zosta\u0142a zawi\u0105zana na podstawie umowy o partnerstwie 33 ust\u0119p 1 ustawy z dnia 11 lipca 2014 r. o zasadach realizacji program\u00f3w w zakresie polityki sp\u00f3jno\u015bci finansowanych w perspektywie finansowej 2014 \u2013 2020. Umowa zosta\u0142a zawarta pomi\u0119dzy podmiotami niepowi\u0105zanymi z sektora MSP. Ka\u017cdy z partner\u00f3w grupy posiada wiedz\u0119 i do\u015bwiadczenie w bran\u017cy ICT, kt\u00f3ra znacz\u0105cy spos\u00f3b przyczyni si\u0119 do stworzenia zintegrowanej oferty us\u0142ugowej i produktowej [&hellip;]<\/p>\n","protected":false},"author":1,"featured_media":0,"parent":18591,"menu_order":0,"comment_status":"closed","ping_status":"closed","template":"","meta":{"footnotes":""},"class_list":["post-18513","page","type-page","status-publish","hentry"],"yoast_head":"<!-- This site is optimized with the Yoast SEO plugin v24.3 - https:\/\/yoast.com\/wordpress\/plugins\/seo\/ -->\n<title>EU projects - LoVo<\/title>\n<meta name=\"robots\" content=\"noindex, follow, max-snippet:-1, max-image-preview:large, max-video-preview:-1\" \/>\n<meta property=\"og:locale\" content=\"en_US\" \/>\n<meta property=\"og:type\" content=\"article\" \/>\n<meta property=\"og:title\" content=\"EU projects - LoVo\" \/>\n<meta property=\"og:description\" content=\"[vc_row bg_image=&#8221;17947&#8243; class=&#8221;row-titlebar-image titlebar-font-medium&#8221;][vc_column width=&#8221;1\/1&#8243;][\/vc_column][\/vc_row][vc_row top_padding=&#8221;60&#8243;][vc_column width=&#8221;1\/1&#8243;][vc_empty_space height=&#8221;30px&#8221;][vc_tta_accordion style=&#8221;flat&#8221; active_section=&#8221;0&#8243; collapsible_all=&#8221;true&#8221;][vc_tta_section title=&#8221;Current tenders&#8221; tab_id=&#8221;1534932170087-65b28617-9858be69-ecf3&#8243;][vc_column_text]At the moment, we do not have current ads.[\/vc_column_text][\/vc_tta_section][vc_tta_section title=&#8221;Completed EU projects&#8221; tab_id=&#8221;1535624797588-1f8d154c-392b&#8221;][vc_column_text] B2B Centrum (b2b.lovo.pl) ePASO (epaso.pl) [\/vc_column_text][\/vc_tta_section][\/vc_tta_accordion][vc_empty_space height=&#8221;30px&#8221;][vc_column_text] EU projects underway [\/vc_column_text][vc_single_image image=&#8221;20329&#8243; img_size=&#8221;full&#8221; alignment=&#8221;center&#8221;][vc_column_text] 2.2 Internacjonalizacja przedsi\u0119biorstw Wsparcie dzia\u0142a\u0144 internacjonalizacji dzia\u0142alno\u015bci grupy firm Celem projektu jest wsparcie procesu d\u0142ugoterminowych dzia\u0142a\u0144 w obr\u0119bie grupy przedsi\u0119biorstw sektora MSP dzia\u0142aj\u0105cych w bran\u017cy w telekomunikacyjnej i informatycznej (w skr\u00f3cie bran\u017ca ICT) na wybranych rynkach zagranicznych, okre\u015blonych w podstawie analiz wynikaj\u0105cych z dwustopniowej strategii internacjonalizacji grupy. D\u0142ugofalowe cele strategiczne grupy opieraj\u0105 si\u0119 przede wszystkim na mo\u017cliwo\u015bci wykorzystania specyfiki i specjalizacji bran\u017cowej cz\u0142onk\u00f3w grupy \u2013 szczeg\u00f3lnie z wykorzystaniem najnowszych rozwi\u0105za\u0144 i technologii informacyjno-komunikacyjnych. W celu realizacji za\u0142o\u017ce\u0144 rozwoju dzia\u0142alno\u015bci ekspertowej firmy z bran\u017cy ICT \u2013 LoVo .S.A, INTELIWISE S.A., MASTER CARE Sp. z o.o. Powsta\u0142a grupa zosta\u0142a zawi\u0105zana na podstawie umowy o partnerstwie 33 ust\u0119p 1 ustawy z dnia 11 lipca 2014 r. o zasadach realizacji program\u00f3w w zakresie polityki sp\u00f3jno\u015bci finansowanych w perspektywie finansowej 2014 \u2013 2020. Umowa zosta\u0142a zawarta pomi\u0119dzy podmiotami niepowi\u0105zanymi z sektora MSP. Ka\u017cdy z partner\u00f3w grupy posiada wiedz\u0119 i do\u015bwiadczenie w bran\u017cy ICT, kt\u00f3ra znacz\u0105cy spos\u00f3b przyczyni si\u0119 do stworzenia zintegrowanej oferty us\u0142ugowej i produktowej [&hellip;]\" \/>\n<meta property=\"og:url\" content=\"https:\/\/www.lovo.pl\/en\/about-the-company\/eu-projects\/\" \/>\n<meta property=\"og:site_name\" content=\"LoVo\" \/>\n<meta property=\"article:modified_time\" content=\"2019-01-25T09:45:20+00:00\" \/>\n<meta name=\"twitter:card\" content=\"summary_large_image\" \/>\n<meta name=\"twitter:label1\" content=\"Est. reading time\" \/>\n\t<meta name=\"twitter:data1\" content=\"3 minutes\" \/>\n<script type=\"application\/ld+json\" class=\"yoast-schema-graph\">{\"@context\":\"https:\/\/schema.org\",\"@graph\":[{\"@type\":\"WebPage\",\"@id\":\"https:\/\/www.lovo.pl\/en\/about-the-company\/eu-projects\/\",\"url\":\"https:\/\/www.lovo.pl\/en\/about-the-company\/eu-projects\/\",\"name\":\"EU projects - LoVo\",\"isPartOf\":{\"@id\":\"https:\/\/www.lovo.pl\/en\/#website\"},\"datePublished\":\"2018-08-25T12:53:44+00:00\",\"dateModified\":\"2019-01-25T09:45:20+00:00\",\"breadcrumb\":{\"@id\":\"https:\/\/www.lovo.pl\/en\/about-the-company\/eu-projects\/#breadcrumb\"},\"inLanguage\":\"en-US\",\"potentialAction\":[{\"@type\":\"ReadAction\",\"target\":[\"https:\/\/www.lovo.pl\/en\/about-the-company\/eu-projects\/\"]}]},{\"@type\":\"BreadcrumbList\",\"@id\":\"https:\/\/www.lovo.pl\/en\/about-the-company\/eu-projects\/#breadcrumb\",\"itemListElement\":[{\"@type\":\"ListItem\",\"position\":1,\"name\":\"Strona g\u0142\u00f3wna\",\"item\":\"https:\/\/www.lovo.pl\/en\/\"},{\"@type\":\"ListItem\",\"position\":2,\"name\":\"LoVo\",\"item\":\"https:\/\/www.lovo.pl\/en\/about-the-company\/\"},{\"@type\":\"ListItem\",\"position\":3,\"name\":\"EU projects\"}]},{\"@type\":\"WebSite\",\"@id\":\"https:\/\/www.lovo.pl\/en\/#website\",\"url\":\"https:\/\/www.lovo.pl\/en\/\",\"name\":\"LoVo\",\"description\":\"Wirtualne rozwi\u0105zania telekomunikacyjne dla Operator\u00f3w, Reseller\u00f3w i Integrator\u00f3w oraz innowacyjne us\u0142ugi teleinformatyczne dla Biznesu.\",\"potentialAction\":[{\"@type\":\"SearchAction\",\"target\":{\"@type\":\"EntryPoint\",\"urlTemplate\":\"https:\/\/www.lovo.pl\/en\/?s={search_term_string}\"},\"query-input\":{\"@type\":\"PropertyValueSpecification\",\"valueRequired\":true,\"valueName\":\"search_term_string\"}}],\"inLanguage\":\"en-US\"}]}<\/script>\n<!-- \/ Yoast SEO plugin. -->","yoast_head_json":{"title":"EU projects - LoVo","robots":{"index":"noindex","follow":"follow","max-snippet":"max-snippet:-1","max-image-preview":"max-image-preview:large","max-video-preview":"max-video-preview:-1"},"og_locale":"en_US","og_type":"article","og_title":"EU projects - LoVo","og_description":"[vc_row bg_image=&#8221;17947&#8243; class=&#8221;row-titlebar-image titlebar-font-medium&#8221;][vc_column width=&#8221;1\/1&#8243;][\/vc_column][\/vc_row][vc_row top_padding=&#8221;60&#8243;][vc_column width=&#8221;1\/1&#8243;][vc_empty_space height=&#8221;30px&#8221;][vc_tta_accordion style=&#8221;flat&#8221; active_section=&#8221;0&#8243; collapsible_all=&#8221;true&#8221;][vc_tta_section title=&#8221;Current tenders&#8221; tab_id=&#8221;1534932170087-65b28617-9858be69-ecf3&#8243;][vc_column_text]At the moment, we do not have current ads.[\/vc_column_text][\/vc_tta_section][vc_tta_section title=&#8221;Completed EU projects&#8221; tab_id=&#8221;1535624797588-1f8d154c-392b&#8221;][vc_column_text] B2B Centrum (b2b.lovo.pl) ePASO (epaso.pl) [\/vc_column_text][\/vc_tta_section][\/vc_tta_accordion][vc_empty_space height=&#8221;30px&#8221;][vc_column_text] EU projects underway [\/vc_column_text][vc_single_image image=&#8221;20329&#8243; img_size=&#8221;full&#8221; alignment=&#8221;center&#8221;][vc_column_text] 2.2 Internacjonalizacja przedsi\u0119biorstw Wsparcie dzia\u0142a\u0144 internacjonalizacji dzia\u0142alno\u015bci grupy firm Celem projektu jest wsparcie procesu d\u0142ugoterminowych dzia\u0142a\u0144 w obr\u0119bie grupy przedsi\u0119biorstw sektora MSP dzia\u0142aj\u0105cych w bran\u017cy w telekomunikacyjnej i informatycznej (w skr\u00f3cie bran\u017ca ICT) na wybranych rynkach zagranicznych, okre\u015blonych w podstawie analiz wynikaj\u0105cych z dwustopniowej strategii internacjonalizacji grupy. D\u0142ugofalowe cele strategiczne grupy opieraj\u0105 si\u0119 przede wszystkim na mo\u017cliwo\u015bci wykorzystania specyfiki i specjalizacji bran\u017cowej cz\u0142onk\u00f3w grupy \u2013 szczeg\u00f3lnie z wykorzystaniem najnowszych rozwi\u0105za\u0144 i technologii informacyjno-komunikacyjnych. W celu realizacji za\u0142o\u017ce\u0144 rozwoju dzia\u0142alno\u015bci ekspertowej firmy z bran\u017cy ICT \u2013 LoVo .S.A, INTELIWISE S.A., MASTER CARE Sp. z o.o. Powsta\u0142a grupa zosta\u0142a zawi\u0105zana na podstawie umowy o partnerstwie 33 ust\u0119p 1 ustawy z dnia 11 lipca 2014 r. o zasadach realizacji program\u00f3w w zakresie polityki sp\u00f3jno\u015bci finansowanych w perspektywie finansowej 2014 \u2013 2020. Umowa zosta\u0142a zawarta pomi\u0119dzy podmiotami niepowi\u0105zanymi z sektora MSP. Ka\u017cdy z partner\u00f3w grupy posiada wiedz\u0119 i do\u015bwiadczenie w bran\u017cy ICT, kt\u00f3ra znacz\u0105cy spos\u00f3b przyczyni si\u0119 do stworzenia zintegrowanej oferty us\u0142ugowej i produktowej [&hellip;]","og_url":"https:\/\/www.lovo.pl\/en\/about-the-company\/eu-projects\/","og_site_name":"LoVo","article_modified_time":"2019-01-25T09:45:20+00:00","twitter_card":"summary_large_image","twitter_misc":{"Est. reading time":"3 minutes"},"schema":{"@context":"https:\/\/schema.org","@graph":[{"@type":"WebPage","@id":"https:\/\/www.lovo.pl\/en\/about-the-company\/eu-projects\/","url":"https:\/\/www.lovo.pl\/en\/about-the-company\/eu-projects\/","name":"EU projects - LoVo","isPartOf":{"@id":"https:\/\/www.lovo.pl\/en\/#website"},"datePublished":"2018-08-25T12:53:44+00:00","dateModified":"2019-01-25T09:45:20+00:00","breadcrumb":{"@id":"https:\/\/www.lovo.pl\/en\/about-the-company\/eu-projects\/#breadcrumb"},"inLanguage":"en-US","potentialAction":[{"@type":"ReadAction","target":["https:\/\/www.lovo.pl\/en\/about-the-company\/eu-projects\/"]}]},{"@type":"BreadcrumbList","@id":"https:\/\/www.lovo.pl\/en\/about-the-company\/eu-projects\/#breadcrumb","itemListElement":[{"@type":"ListItem","position":1,"name":"Strona g\u0142\u00f3wna","item":"https:\/\/www.lovo.pl\/en\/"},{"@type":"ListItem","position":2,"name":"LoVo","item":"https:\/\/www.lovo.pl\/en\/about-the-company\/"},{"@type":"ListItem","position":3,"name":"EU projects"}]},{"@type":"WebSite","@id":"https:\/\/www.lovo.pl\/en\/#website","url":"https:\/\/www.lovo.pl\/en\/","name":"LoVo","description":"Wirtualne rozwi\u0105zania telekomunikacyjne dla Operator\u00f3w, Reseller\u00f3w i Integrator\u00f3w oraz innowacyjne us\u0142ugi teleinformatyczne dla Biznesu.","potentialAction":[{"@type":"SearchAction","target":{"@type":"EntryPoint","urlTemplate":"https:\/\/www.lovo.pl\/en\/?s={search_term_string}"},"query-input":{"@type":"PropertyValueSpecification","valueRequired":true,"valueName":"search_term_string"}}],"inLanguage":"en-US"}]}},"_links":{"self":[{"href":"https:\/\/www.lovo.pl\/en\/wp-json\/wp\/v2\/pages\/18513","targetHints":{"allow":["GET"]}}],"collection":[{"href":"https:\/\/www.lovo.pl\/en\/wp-json\/wp\/v2\/pages"}],"about":[{"href":"https:\/\/www.lovo.pl\/en\/wp-json\/wp\/v2\/types\/page"}],"author":[{"embeddable":true,"href":"https:\/\/www.lovo.pl\/en\/wp-json\/wp\/v2\/users\/1"}],"replies":[{"embeddable":true,"href":"https:\/\/www.lovo.pl\/en\/wp-json\/wp\/v2\/comments?post=18513"}],"version-history":[{"count":4,"href":"https:\/\/www.lovo.pl\/en\/wp-json\/wp\/v2\/pages\/18513\/revisions"}],"predecessor-version":[{"id":20332,"href":"https:\/\/www.lovo.pl\/en\/wp-json\/wp\/v2\/pages\/18513\/revisions\/20332"}],"up":[{"embeddable":true,"href":"https:\/\/www.lovo.pl\/en\/wp-json\/wp\/v2\/pages\/18591"}],"wp:attachment":[{"href":"https:\/\/www.lovo.pl\/en\/wp-json\/wp\/v2\/media?parent=18513"}],"curies":[{"name":"wp","href":"https:\/\/api.w.org\/{rel}","templated":true}]}}