{"id":18510,"date":"2018-08-26T21:50:54","date_gmt":"2018-08-26T19:50:54","guid":{"rendered":"https:\/\/www.lovo.pl\/jak-aplikowac\/"},"modified":"2018-09-04T21:37:52","modified_gmt":"2018-09-04T19:37:52","slug":"jak-aplikowac","status":"publish","type":"page","link":"https:\/\/www.lovo.pl\/en\/career\/jak-aplikowac\/","title":{"rendered":"Przygotuj si\u0119 na pi\u0105tk\u0119!"},"content":{"rendered":"<p>[vc_row bg_image=&#8221;18019&#8243; class=&#8221;row-titlebar-image titlebar-font-medium&#8221;][vc_column width=&#8221;1\/1&#8243;]<div class=\"minti_boxedholder   clearfix\" style=\"padding: 0px 0px 0px 0px; margin: 0px 0px 0px 0px; \">[vc_custom_heading source=&#8221;post_title&#8221; font_container=&#8221;tag:h1|font_size:80px|text_align:center|color:%23ffffff|line_height:1&#8243; use_theme_fonts=&#8221;yes&#8221; css=&#8221;.vc_custom_1531175907146{margin-bottom: 20px !important;}&#8221; el_class=&#8221;titlebar-title&#8221;]<div class=\"headline font-inherit fontsize-xxl fontweight-500 lh-inherit align-center transform-inherit titlebar-subtitle\" style=\"margin: 0 0 20px 0; color: #ffffff;\"><\/div><\/div>[\/vc_column][\/vc_row][vc_row top_padding=&#8221;60&#8243;][vc_column width=&#8221;1\/1&#8243;]<div class=\"headline font-inherit fontsize-xxl fontweight-300 lh-12 align-left transform-inherit lead\" style=\"margin: 0 0 20px 0;\">Przebieg procesu rekrutacyjnego w 5 krokach:<\/div>[vc_column_text]<\/p>\n<ol>\n<li>Aplikacja<\/li>\n<\/ol>\n<p>Ofert\u0119 pracy znajdziesz w zak\u0142adce <strong>Aktualne oferty pracy<\/strong>. Swoje CV wy\u015blij na skrzynk\u0119 e-mail: rekrutacja@lovo.pl dopisuj\u0105c w polu &#8220;Temat wiadomo\u015bci&#8221; numer referencyjny podany w og\u0142oszeniu.<\/p>\n<ol start=\"2\">\n<li>Analiza dokument\u00f3w<\/li>\n<\/ol>\n<p>Wszystkie przes\u0142ane do nas dokumenty aplikacyjne trafiaj\u0105 do dzia\u0142u HR, gdzie rekruterzy koordynuj\u0105 ca\u0142y proces rekrutacji.\u00a0 Ka\u017cde przes\u0142ane CV jest analizowane pod k\u0105tem profilu zawodowego kandydata, do\u015bwiadczenia i stawianych wymaga\u0144. Je\u015bli Twoje CV spe\u0142nia kryteria wybranego stanowiska \u2013 kontaktujemy si\u0119 z Tob\u0105 telefonicznie i umawiamy na spotkanie. Je\u017celi aktualnie nie mamy dla Ciebie \u017cadnej propozycji zachowujemy je w naszej bazie danych. Gdy pojawi si\u0119 oferta lub projekt zbie\u017cny z Twoimi kwalifikacjami i preferencjami \u2013 od razu poinformujemy Ci\u0119 o tym telefonicznie lub mailowo.<\/p>\n<ol start=\"3\">\n<li>Rozmowa kwalifikacyjna<\/li>\n<\/ol>\n<p>Podczas rozmowy nasi rekruterzy b\u0119d\u0105 chcieli pozna\u0107 zar\u00f3wno Ciebie, jak i Twoje kwalifikacje oraz preferencje, a tak\u017ce porozmawia\u0107 o dotychczasowym do\u015bwiadczeniu zawodowym. Zweryfikujemy Twoj\u0105 wiedz\u0119 z zakresu wymaga\u0144, jakie stawia dane stanowisko. Przedstawimy Ci szczeg\u00f3\u0142y oferty i mo\u017cliwo\u015bci, jakie mo\u017ce nie\u015b\u0107 za sob\u0105 wsp\u00f3\u0142praca. Je\u015bli przejdziesz rozmow\u0119 pozytywnie, zostaniesz zarekomendowany Dyrektorowi wybranego dzia\u0142u, kt\u00f3ry ponownie zweryfikuje Twoje CV wraz z przes\u0142anym raportem po interview.<\/p>\n<ol start=\"4\">\n<li>Rozmowa z przysz\u0142ym prze\u0142o\u017conym<\/li>\n<\/ol>\n<p>Kolejnym etapem jest rozmowa z Dyrektorem dzia\u0142u, pod kt\u00f3ry podleg\u0142e b\u0119dzie omawiane stanowisko. W trakcie rozmowy mo\u017ce zosta\u0107 zastosowana metoda weryfikacji Twoich umiej\u0119tno\u015bci jak test wiedzy i\/lub umiej\u0119tno\u015bci.<\/p>\n<ol start=\"5\">\n<li>Zako\u0144czenie procesu rekrutacji<\/li>\n<\/ol>\n<p>Ka\u017cdy kandydat bior\u0105cy udzia\u0142 w rozmowach rekrutacyjnych otrzyma informacj\u0119 zwrotn\u0105 dotycz\u0105c\u0105 wyniku procesu rekrutacyjnego w formie mailowej lub telefonicznej.<\/p>\n<p>&nbsp;<\/p>\n<p><strong>CV w pigu\u0142ce, czyli jakpoprawnie napisa\u0107 \u017cyciorys?<\/strong><\/p>\n<p>Ka\u017cde przedsi\u0119wzi\u0119cie zaczyna si\u0119 od pierwszego kroku. Tak samo jest ze zmian\u0105 lub poszukiwaniem pierwszej pracy, przed kt\u00f3rymi konieczne jest przygotowanie dokument\u00f3w aplikacyjnych. Rekruterzy bardzo cz\u0119sto otrzymuj\u0105 wiele CV w odpowiedzi na ofert\u0119 pracy. \u017beby aplikacja przesz\u0142a pierwszy etap rekrutacji, musi by\u0107 kompletna i zawiera\u0107 szukane przez rekrutera informacje:<\/p>\n<p>&#8211; Dane osobowe: imi\u0119 i nazwisko, aktualny numer telefonu, adres e-mail, miejsce zamieszkania (miejscowo\u015b\u0107 i wojew\u00f3dztwo), opcjonalnie dat\u0119 urodzenia. Te dane s\u0105 wa\u017cne przede wszystkim ze wzgl\u0119du na umo\u017cliwienie kontaktu rekrutera z kandydatem.<\/p>\n<p>&#8211; Do\u015bwiadczenie zawodowe: to najwa\u017cniejszy element CV. Musi zawiera\u0107 nie tylko nazw\u0119 i czas zajmowanych kolejno stanowisk (od najnowszego), ale tak\u017ce ich opis lub wypunktowanie najwa\u017cniejszych obszar\u00f3w odpowiedzialno\u015bci.<\/p>\n<p>&#8211; Wykszta\u0142cenie: Napisz, jakie uko\u0144czy\u0142e\u015b uczelnie i jakie masz wykszta\u0142cenie. Pami\u0119taj, \u017ce mo\u017cna zrezygnowa\u0107 tu z przedstawiania szko\u0142y \u015bredniej, je\u015bli jej profil nie b\u0119dzie mia\u0142 znaczenia na przysz\u0142ym stanowisku albo kiedy liceum czy technikum uko\u0144czy\u0142e\u015b wiele lat temu.<\/p>\n<p>&#8211; J\u0119zyki obce: opisuj\u0105 nie tylko znane przez kandydata j\u0119zyki, ale r\u00f3wnie\u017c poziomy ich znajomo\u015bci. Dobry przyk\u0142ad:<\/p>\n<ul>\n<li>j\u0119zyk angielski \u2013 poziom \u015bredniozaawansowany (B2, potwierdzony certyfikatem)<\/li>\n<li>j\u0119zyk rosyjski \u2013 komunikatywny (B1, swoboda w rozmowie i czytaniu teks\u00f3w i dokumentacji)<\/li>\n<\/ul>\n<p>&#8211; Szkolenia, certyfikaty i dodatkowe kwalifikacje: umiej\u0119tno\u015bci potwierdzone dokumentami lub zdobyte poza dotychczasowym do\u015bwiadczeniem zawodowy, np. uzyskane uprawnienia i\/lub umiej\u0119tno\u015bci techniczne.[\/vc_column_text][vc_empty_space height=&#8221;40px&#8221;][\/vc_column][\/vc_row]<\/p>\n","protected":false},"excerpt":{"rendered":"<p>[vc_row bg_image=&#8221;18019&#8243; class=&#8221;row-titlebar-image titlebar-font-medium&#8221;][vc_column width=&#8221;1\/1&#8243;][\/vc_column][\/vc_row][vc_row top_padding=&#8221;60&#8243;][vc_column width=&#8221;1\/1&#8243;][vc_column_text] Aplikacja Ofert\u0119 pracy znajdziesz w zak\u0142adce Aktualne oferty pracy. Swoje CV wy\u015blij na skrzynk\u0119 e-mail: rekrutacja@lovo.pl dopisuj\u0105c w polu &#8220;Temat wiadomo\u015bci&#8221; numer referencyjny podany w og\u0142oszeniu. Analiza dokument\u00f3w Wszystkie przes\u0142ane do nas dokumenty aplikacyjne trafiaj\u0105 do dzia\u0142u HR, gdzie rekruterzy koordynuj\u0105 ca\u0142y proces rekrutacji.\u00a0 Ka\u017cde przes\u0142ane CV jest analizowane pod k\u0105tem profilu zawodowego kandydata, do\u015bwiadczenia i stawianych wymaga\u0144. Je\u015bli Twoje CV spe\u0142nia kryteria wybranego stanowiska \u2013 kontaktujemy si\u0119 z Tob\u0105 telefonicznie i umawiamy na spotkanie. Je\u017celi aktualnie nie mamy dla Ciebie \u017cadnej propozycji zachowujemy je w naszej bazie danych. Gdy pojawi si\u0119 oferta lub projekt zbie\u017cny z Twoimi kwalifikacjami i preferencjami \u2013 od razu poinformujemy Ci\u0119 o tym telefonicznie lub mailowo. Rozmowa kwalifikacyjna Podczas rozmowy nasi rekruterzy b\u0119d\u0105 chcieli pozna\u0107 zar\u00f3wno Ciebie, jak i Twoje kwalifikacje oraz preferencje, a tak\u017ce porozmawia\u0107 o dotychczasowym do\u015bwiadczeniu zawodowym. Zweryfikujemy Twoj\u0105 wiedz\u0119 z zakresu wymaga\u0144, jakie stawia dane stanowisko. Przedstawimy Ci szczeg\u00f3\u0142y oferty i mo\u017cliwo\u015bci, jakie mo\u017ce nie\u015b\u0107 za sob\u0105 wsp\u00f3\u0142praca. Je\u015bli przejdziesz rozmow\u0119 pozytywnie, zostaniesz zarekomendowany Dyrektorowi wybranego dzia\u0142u, kt\u00f3ry ponownie zweryfikuje Twoje CV wraz z przes\u0142anym raportem po interview. Rozmowa z przysz\u0142ym prze\u0142o\u017conym Kolejnym etapem jest rozmowa z Dyrektorem dzia\u0142u, pod kt\u00f3ry podleg\u0142e b\u0119dzie omawiane [&hellip;]<\/p>\n","protected":false},"author":1,"featured_media":0,"parent":18590,"menu_order":0,"comment_status":"closed","ping_status":"closed","template":"","meta":{"footnotes":""},"class_list":["post-18510","page","type-page","status-publish","hentry"],"yoast_head":"<!-- This site is optimized with the Yoast SEO plugin v24.3 - https:\/\/yoast.com\/wordpress\/plugins\/seo\/ -->\n<title>Przygotuj si\u0119 na pi\u0105tk\u0119! - LoVo<\/title>\n<meta name=\"robots\" content=\"noindex, follow, max-snippet:-1, max-image-preview:large, max-video-preview:-1\" \/>\n<meta property=\"og:locale\" content=\"en_US\" \/>\n<meta property=\"og:type\" content=\"article\" \/>\n<meta property=\"og:title\" content=\"Przygotuj si\u0119 na pi\u0105tk\u0119! - LoVo\" \/>\n<meta property=\"og:description\" content=\"[vc_row bg_image=&#8221;18019&#8243; class=&#8221;row-titlebar-image titlebar-font-medium&#8221;][vc_column width=&#8221;1\/1&#8243;][\/vc_column][\/vc_row][vc_row top_padding=&#8221;60&#8243;][vc_column width=&#8221;1\/1&#8243;][vc_column_text] Aplikacja Ofert\u0119 pracy znajdziesz w zak\u0142adce Aktualne oferty pracy. Swoje CV wy\u015blij na skrzynk\u0119 e-mail: rekrutacja@lovo.pl dopisuj\u0105c w polu &#8220;Temat wiadomo\u015bci&#8221; numer referencyjny podany w og\u0142oszeniu. Analiza dokument\u00f3w Wszystkie przes\u0142ane do nas dokumenty aplikacyjne trafiaj\u0105 do dzia\u0142u HR, gdzie rekruterzy koordynuj\u0105 ca\u0142y proces rekrutacji.\u00a0 Ka\u017cde przes\u0142ane CV jest analizowane pod k\u0105tem profilu zawodowego kandydata, do\u015bwiadczenia i stawianych wymaga\u0144. Je\u015bli Twoje CV spe\u0142nia kryteria wybranego stanowiska \u2013 kontaktujemy si\u0119 z Tob\u0105 telefonicznie i umawiamy na spotkanie. Je\u017celi aktualnie nie mamy dla Ciebie \u017cadnej propozycji zachowujemy je w naszej bazie danych. Gdy pojawi si\u0119 oferta lub projekt zbie\u017cny z Twoimi kwalifikacjami i preferencjami \u2013 od razu poinformujemy Ci\u0119 o tym telefonicznie lub mailowo. Rozmowa kwalifikacyjna Podczas rozmowy nasi rekruterzy b\u0119d\u0105 chcieli pozna\u0107 zar\u00f3wno Ciebie, jak i Twoje kwalifikacje oraz preferencje, a tak\u017ce porozmawia\u0107 o dotychczasowym do\u015bwiadczeniu zawodowym. Zweryfikujemy Twoj\u0105 wiedz\u0119 z zakresu wymaga\u0144, jakie stawia dane stanowisko. Przedstawimy Ci szczeg\u00f3\u0142y oferty i mo\u017cliwo\u015bci, jakie mo\u017ce nie\u015b\u0107 za sob\u0105 wsp\u00f3\u0142praca. Je\u015bli przejdziesz rozmow\u0119 pozytywnie, zostaniesz zarekomendowany Dyrektorowi wybranego dzia\u0142u, kt\u00f3ry ponownie zweryfikuje Twoje CV wraz z przes\u0142anym raportem po interview. Rozmowa z przysz\u0142ym prze\u0142o\u017conym Kolejnym etapem jest rozmowa z Dyrektorem dzia\u0142u, pod kt\u00f3ry podleg\u0142e b\u0119dzie omawiane [&hellip;]\" \/>\n<meta property=\"og:url\" content=\"https:\/\/www.lovo.pl\/en\/career\/jak-aplikowac\/\" \/>\n<meta property=\"og:site_name\" content=\"LoVo\" \/>\n<meta property=\"article:modified_time\" content=\"2018-09-04T19:37:52+00:00\" \/>\n<meta name=\"twitter:card\" content=\"summary_large_image\" \/>\n<meta name=\"twitter:label1\" content=\"Est. reading time\" \/>\n\t<meta name=\"twitter:data1\" content=\"3 minutes\" \/>\n<script type=\"application\/ld+json\" class=\"yoast-schema-graph\">{\"@context\":\"https:\/\/schema.org\",\"@graph\":[{\"@type\":\"WebPage\",\"@id\":\"https:\/\/www.lovo.pl\/en\/career\/jak-aplikowac\/\",\"url\":\"https:\/\/www.lovo.pl\/en\/career\/jak-aplikowac\/\",\"name\":\"Przygotuj si\u0119 na pi\u0105tk\u0119! - LoVo\",\"isPartOf\":{\"@id\":\"https:\/\/www.lovo.pl\/en\/#website\"},\"datePublished\":\"2018-08-26T19:50:54+00:00\",\"dateModified\":\"2018-09-04T19:37:52+00:00\",\"breadcrumb\":{\"@id\":\"https:\/\/www.lovo.pl\/en\/career\/jak-aplikowac\/#breadcrumb\"},\"inLanguage\":\"en-US\",\"potentialAction\":[{\"@type\":\"ReadAction\",\"target\":[\"https:\/\/www.lovo.pl\/en\/career\/jak-aplikowac\/\"]}]},{\"@type\":\"BreadcrumbList\",\"@id\":\"https:\/\/www.lovo.pl\/en\/career\/jak-aplikowac\/#breadcrumb\",\"itemListElement\":[{\"@type\":\"ListItem\",\"position\":1,\"name\":\"Strona g\u0142\u00f3wna\",\"item\":\"https:\/\/www.lovo.pl\/en\/\"},{\"@type\":\"ListItem\",\"position\":2,\"name\":\"Career at LoVo\",\"item\":\"https:\/\/www.lovo.pl\/en\/career\/\"},{\"@type\":\"ListItem\",\"position\":3,\"name\":\"Przygotuj si\u0119 na pi\u0105tk\u0119!\"}]},{\"@type\":\"WebSite\",\"@id\":\"https:\/\/www.lovo.pl\/en\/#website\",\"url\":\"https:\/\/www.lovo.pl\/en\/\",\"name\":\"LoVo\",\"description\":\"Wirtualne rozwi\u0105zania telekomunikacyjne dla Operator\u00f3w, Reseller\u00f3w i Integrator\u00f3w oraz innowacyjne us\u0142ugi teleinformatyczne dla Biznesu.\",\"potentialAction\":[{\"@type\":\"SearchAction\",\"target\":{\"@type\":\"EntryPoint\",\"urlTemplate\":\"https:\/\/www.lovo.pl\/en\/?s={search_term_string}\"},\"query-input\":{\"@type\":\"PropertyValueSpecification\",\"valueRequired\":true,\"valueName\":\"search_term_string\"}}],\"inLanguage\":\"en-US\"}]}<\/script>\n<!-- \/ Yoast SEO plugin. -->","yoast_head_json":{"title":"Przygotuj si\u0119 na pi\u0105tk\u0119! - LoVo","robots":{"index":"noindex","follow":"follow","max-snippet":"max-snippet:-1","max-image-preview":"max-image-preview:large","max-video-preview":"max-video-preview:-1"},"og_locale":"en_US","og_type":"article","og_title":"Przygotuj si\u0119 na pi\u0105tk\u0119! - LoVo","og_description":"[vc_row bg_image=&#8221;18019&#8243; class=&#8221;row-titlebar-image titlebar-font-medium&#8221;][vc_column width=&#8221;1\/1&#8243;][\/vc_column][\/vc_row][vc_row top_padding=&#8221;60&#8243;][vc_column width=&#8221;1\/1&#8243;][vc_column_text] Aplikacja Ofert\u0119 pracy znajdziesz w zak\u0142adce Aktualne oferty pracy. Swoje CV wy\u015blij na skrzynk\u0119 e-mail: rekrutacja@lovo.pl dopisuj\u0105c w polu &#8220;Temat wiadomo\u015bci&#8221; numer referencyjny podany w og\u0142oszeniu. Analiza dokument\u00f3w Wszystkie przes\u0142ane do nas dokumenty aplikacyjne trafiaj\u0105 do dzia\u0142u HR, gdzie rekruterzy koordynuj\u0105 ca\u0142y proces rekrutacji.\u00a0 Ka\u017cde przes\u0142ane CV jest analizowane pod k\u0105tem profilu zawodowego kandydata, do\u015bwiadczenia i stawianych wymaga\u0144. Je\u015bli Twoje CV spe\u0142nia kryteria wybranego stanowiska \u2013 kontaktujemy si\u0119 z Tob\u0105 telefonicznie i umawiamy na spotkanie. Je\u017celi aktualnie nie mamy dla Ciebie \u017cadnej propozycji zachowujemy je w naszej bazie danych. Gdy pojawi si\u0119 oferta lub projekt zbie\u017cny z Twoimi kwalifikacjami i preferencjami \u2013 od razu poinformujemy Ci\u0119 o tym telefonicznie lub mailowo. Rozmowa kwalifikacyjna Podczas rozmowy nasi rekruterzy b\u0119d\u0105 chcieli pozna\u0107 zar\u00f3wno Ciebie, jak i Twoje kwalifikacje oraz preferencje, a tak\u017ce porozmawia\u0107 o dotychczasowym do\u015bwiadczeniu zawodowym. Zweryfikujemy Twoj\u0105 wiedz\u0119 z zakresu wymaga\u0144, jakie stawia dane stanowisko. Przedstawimy Ci szczeg\u00f3\u0142y oferty i mo\u017cliwo\u015bci, jakie mo\u017ce nie\u015b\u0107 za sob\u0105 wsp\u00f3\u0142praca. Je\u015bli przejdziesz rozmow\u0119 pozytywnie, zostaniesz zarekomendowany Dyrektorowi wybranego dzia\u0142u, kt\u00f3ry ponownie zweryfikuje Twoje CV wraz z przes\u0142anym raportem po interview. Rozmowa z przysz\u0142ym prze\u0142o\u017conym Kolejnym etapem jest rozmowa z Dyrektorem dzia\u0142u, pod kt\u00f3ry podleg\u0142e b\u0119dzie omawiane [&hellip;]","og_url":"https:\/\/www.lovo.pl\/en\/career\/jak-aplikowac\/","og_site_name":"LoVo","article_modified_time":"2018-09-04T19:37:52+00:00","twitter_card":"summary_large_image","twitter_misc":{"Est. reading time":"3 minutes"},"schema":{"@context":"https:\/\/schema.org","@graph":[{"@type":"WebPage","@id":"https:\/\/www.lovo.pl\/en\/career\/jak-aplikowac\/","url":"https:\/\/www.lovo.pl\/en\/career\/jak-aplikowac\/","name":"Przygotuj si\u0119 na pi\u0105tk\u0119! - LoVo","isPartOf":{"@id":"https:\/\/www.lovo.pl\/en\/#website"},"datePublished":"2018-08-26T19:50:54+00:00","dateModified":"2018-09-04T19:37:52+00:00","breadcrumb":{"@id":"https:\/\/www.lovo.pl\/en\/career\/jak-aplikowac\/#breadcrumb"},"inLanguage":"en-US","potentialAction":[{"@type":"ReadAction","target":["https:\/\/www.lovo.pl\/en\/career\/jak-aplikowac\/"]}]},{"@type":"BreadcrumbList","@id":"https:\/\/www.lovo.pl\/en\/career\/jak-aplikowac\/#breadcrumb","itemListElement":[{"@type":"ListItem","position":1,"name":"Strona g\u0142\u00f3wna","item":"https:\/\/www.lovo.pl\/en\/"},{"@type":"ListItem","position":2,"name":"Career at LoVo","item":"https:\/\/www.lovo.pl\/en\/career\/"},{"@type":"ListItem","position":3,"name":"Przygotuj si\u0119 na pi\u0105tk\u0119!"}]},{"@type":"WebSite","@id":"https:\/\/www.lovo.pl\/en\/#website","url":"https:\/\/www.lovo.pl\/en\/","name":"LoVo","description":"Wirtualne rozwi\u0105zania telekomunikacyjne dla Operator\u00f3w, Reseller\u00f3w i Integrator\u00f3w oraz innowacyjne us\u0142ugi teleinformatyczne dla Biznesu.","potentialAction":[{"@type":"SearchAction","target":{"@type":"EntryPoint","urlTemplate":"https:\/\/www.lovo.pl\/en\/?s={search_term_string}"},"query-input":{"@type":"PropertyValueSpecification","valueRequired":true,"valueName":"search_term_string"}}],"inLanguage":"en-US"}]}},"_links":{"self":[{"href":"https:\/\/www.lovo.pl\/en\/wp-json\/wp\/v2\/pages\/18510","targetHints":{"allow":["GET"]}}],"collection":[{"href":"https:\/\/www.lovo.pl\/en\/wp-json\/wp\/v2\/pages"}],"about":[{"href":"https:\/\/www.lovo.pl\/en\/wp-json\/wp\/v2\/types\/page"}],"author":[{"embeddable":true,"href":"https:\/\/www.lovo.pl\/en\/wp-json\/wp\/v2\/users\/1"}],"replies":[{"embeddable":true,"href":"https:\/\/www.lovo.pl\/en\/wp-json\/wp\/v2\/comments?post=18510"}],"version-history":[{"count":1,"href":"https:\/\/www.lovo.pl\/en\/wp-json\/wp\/v2\/pages\/18510\/revisions"}],"predecessor-version":[{"id":18794,"href":"https:\/\/www.lovo.pl\/en\/wp-json\/wp\/v2\/pages\/18510\/revisions\/18794"}],"up":[{"embeddable":true,"href":"https:\/\/www.lovo.pl\/en\/wp-json\/wp\/v2\/pages\/18590"}],"wp:attachment":[{"href":"https:\/\/www.lovo.pl\/en\/wp-json\/wp\/v2\/media?parent=18510"}],"curies":[{"name":"wp","href":"https:\/\/api.w.org\/{rel}","templated":true}]}}