{"id":18509,"date":"2018-08-26T21:59:02","date_gmt":"2018-08-26T19:59:02","guid":{"rendered":"https:\/\/www.lovo.pl\/najczesciej-zadawane-pytania\/"},"modified":"2018-09-19T14:09:19","modified_gmt":"2018-09-19T12:09:19","slug":"najczesciej-zadawane-pytania","status":"publish","type":"page","link":"https:\/\/www.lovo.pl\/en\/career\/najczesciej-zadawane-pytania\/","title":{"rendered":"FAQ, czyli akademia przyjaznej rekrutacji"},"content":{"rendered":"<p>[vc_row bg_image=&#8221;18019&#8243; class=&#8221;row-titlebar-image titlebar-font-medium&#8221;][vc_column width=&#8221;1\/1&#8243;]<div class=\"minti_boxedholder   clearfix\" style=\"padding: 0px 0px 0px 0px; margin: 0px 0px 0px 0px; \">[vc_custom_heading source=&#8221;post_title&#8221; font_container=&#8221;tag:h1|font_size:80px|text_align:center|color:%23ffffff|line_height:1&#8243; use_theme_fonts=&#8221;yes&#8221; css=&#8221;.vc_custom_1531175907146{margin-bottom: 20px !important;}&#8221; el_class=&#8221;titlebar-title&#8221;]<div class=\"headline font-inherit fontsize-xxl fontweight-500 lh-inherit align-center transform-inherit titlebar-subtitle\" style=\"margin: 0 0 20px 0; color: #ffffff;\"><\/div><\/div>[\/vc_column][\/vc_row][vc_row top_padding=&#8221;60&#8243;][vc_column width=&#8221;1\/1&#8243;]<div class=\"headline font-inherit fontsize-xxl fontweight-300 lh-12 align-left transform-inherit lead\" style=\"margin: 0 0 20px 0;\">Przed przyst\u0105pieniem do procesu rekrutacji warto zapozna\u0107 si\u0119 z odpowiedziami na najcz\u0119\u015bciej zadawane pytania, jakie kierowane s\u0105 do naszego dzia\u0142u HR. Je\u017celi Twoje pytanie nie znajduje si\u0119 na li\u015bcie, a uwa\u017casz, \u017ce powinno si\u0119 tu znale\u017a\u0107 \u2013 skontaktuj si\u0119 z nami!<\/div>[vc_tta_accordion style=&#8221;flat&#8221; active_section=&#8221;0&#8243; collapsible_all=&#8221;true&#8221;][vc_tta_section title=&#8221;W jaki spos\u00f3b mo\u017cna aplikowa\u0107 do LoVo?&#8221; tab_id=&#8221;1534932170087-65b28617-98585938-9cbd&#8221;][vc_column_text]Aplikacje do LoVo zbierane s\u0105 za po\u015brednictwem og\u0142osze\u0144 rekrutacyjnych zamieszczonych na stronie www.lovo.pl w zak\u0142adce Kariera b\u0105d\u017a na zewn\u0119trznych portalach rekrutacyjnych. Je\u017celi s\u0105 Pa\u0144stwo zainteresowani podj\u0119ciem pracy\/praktyk, ale na stronie nie znale\u017ali Pa\u0144stwo interesuj\u0105cej oferty, prosimy o pozostawienie swojego CV za pomoc\u0105 formularza dost\u0119pnego pod przyciskiem Aplikuj poni\u017cej.<\/p>\n<div class=\"wpcf7 no-js\" id=\"wpcf7-f19906-o1\" lang=\"pl-PL\" dir=\"ltr\" data-wpcf7-id=\"19906\">\n<div class=\"screen-reader-response\"><p role=\"status\" aria-live=\"polite\" aria-atomic=\"true\"><\/p> <ul><\/ul><\/div>\n<form action=\"\/en\/wp-json\/wp\/v2\/pages\/18509#wpcf7-f19906-o1\" method=\"post\" class=\"wpcf7-form init\" aria-label=\"Formularz kontaktowy\" enctype=\"multipart\/form-data\" novalidate=\"novalidate\" data-status=\"init\">\n<div style=\"display: none;\">\n<input type=\"hidden\" name=\"_wpcf7\" value=\"19906\" \/>\n<input type=\"hidden\" name=\"_wpcf7_version\" value=\"6.0.3\" \/>\n<input type=\"hidden\" name=\"_wpcf7_locale\" value=\"pl_PL\" \/>\n<input type=\"hidden\" name=\"_wpcf7_unit_tag\" value=\"wpcf7-f19906-o1\" \/>\n<input type=\"hidden\" name=\"_wpcf7_container_post\" value=\"0\" \/>\n<input type=\"hidden\" name=\"_wpcf7_posted_data_hash\" value=\"\" \/>\n<input type=\"hidden\" name=\"_wpcf7_recaptcha_response\" value=\"\" \/>\n<\/div>\n<p><span class=\"wpcf7-form-control-wrap\" data-name=\"your-name\"><input size=\"40\" maxlength=\"400\" class=\"wpcf7-form-control wpcf7-text wpcf7-validates-as-required\" aria-required=\"true\" aria-invalid=\"false\" placeholder=\"Imi\u0119 i nazwisko\" value=\"\" type=\"text\" name=\"your-name\" \/><\/span><br \/>\n<span class=\"wpcf7-form-control-wrap\" data-name=\"your-email\"><input size=\"40\" maxlength=\"400\" class=\"wpcf7-form-control wpcf7-email wpcf7-validates-as-required wpcf7-text wpcf7-validates-as-email\" aria-required=\"true\" aria-invalid=\"false\" placeholder=\"Adres email\" value=\"\" type=\"email\" name=\"your-email\" \/><\/span><br \/>\n<span class=\"wpcf7-form-control-wrap\" data-name=\"file-489\"><input size=\"40\" class=\"wpcf7-form-control wpcf7-file\" accept=\".jpd,.pdf,.png,.doc,.docx\" aria-invalid=\"false\" type=\"file\" name=\"file-489\" \/><\/span><br \/>\n<span id=\"wpcf7-69e5316e84aca-wrapper\" class=\"wpcf7-form-control-wrap honeypot-407-wrap\" style=\"display:none !important; visibility:hidden !important;\"><label for=\"wpcf7-69e5316e84aca-field\" class=\"hp-message\">Please leave this field empty.<\/label><input id=\"wpcf7-69e5316e84aca-field\"  class=\"wpcf7-form-control wpcf7-text\" type=\"text\" name=\"honeypot-407\" value=\"\" size=\"40\" tabindex=\"-1\" autocomplete=\"new-password\" \/><\/span>\n<\/p>\n<p><input class=\"wpcf7-form-control wpcf7-submit has-spinner\" type=\"submit\" value=\"Wy\u015blij\" \/>\n<\/p><div class=\"wpcf7-response-output\" aria-hidden=\"true\"><\/div>\n<\/form>\n<\/div>\n[\/vc_column_text][\/vc_tta_section][vc_tta_section title=&#8221;Jakie s\u0105 wymogi formalne co do przesy\u0142anych dokument\u00f3w aplikacyjnych?&#8221; tab_id=&#8221;1534932170114-1abb4267-74385938-9cbd&#8221;][vc_column_text]Wszystkie przesy\u0142ane do nas aplikacje powinny zawiera\u0107 nast\u0119puj\u0105c\u0105 klauzul\u0119:<\/p>\n<p>\u201eWyra\u017cam zgod\u0119 na przetwarzanie moich danych osobowych zawartych w mojej ofercie pracy dla potrzeb niezb\u0119dnych do realizacji procesu rekrutacji (zgodnie z Ustaw\u0105 z dnia 29.08.1997 roku o Ochronie Danych Osobowych; tekst jednolity: Dz. U. z 2002r. Nr 101, poz. 926 ze zm.).\u201d[\/vc_column_text][\/vc_tta_section][vc_tta_section title=&#8221;Czy po z\u0142o\u017ceniu aplikacji otrzymam potwierdzenie, \u017ce dzia\u0142 HR si\u0119 ze mn\u0105 skontaktuje?&#8221; tab_id=&#8221;1535313719714-33f8937d-f2fb&#8221;][vc_column_text]Nasi rekruterzy skontaktuj\u0105 si\u0119 z tylko wybranymi osobami w celu zaproszenia ich na kolejny etap rekrutacji.[\/vc_column_text][\/vc_tta_section][vc_tta_section title=&#8221;Czy mog\u0119 wycofa\u0107 z\u0142o\u017con\u0105 przeze mnie aplikacj\u0119?&#8221; tab_id=&#8221;1535313747269-2ba4f3ac-5c5b&#8221;][vc_column_text]Istnieje mo\u017cliwo\u015b\u0107 wycofania aplikacji. W tym celu nale\u017cy przes\u0142a\u0107 na adres rekrutacja@lovo.pl mail z pro\u015bb\u0105 o usuni\u0119cie aplikacji z naszej bazy CV. Po otrzymaniu takiego maila, aplikacja zostanie niezw\u0142ocznie usuni\u0119ta.[\/vc_column_text][\/vc_tta_section][vc_tta_section title=&#8221;W jaki spos\u00f3b moje dane osobowe oraz wizerunek s\u0105 chronione?&#8221; tab_id=&#8221;1535313783819-7f5ac7cf-a464&#8243;][vc_column_text]Dane osobowe s\u0105 przechowywane w naszej bazie danych, kt\u00f3ra spe\u0142nia wszystkie niezb\u0119dne wymagania GIODO. Dost\u0119p do niej maj\u0105 tylko uprawnione osoby.[\/vc_column_text][\/vc_tta_section][vc_tta_section title=&#8221;Czy dokumenty rekrutacyjne (np. CV, \u015bwiadectwa pracy, dyplomy) mo\u017cna przes\u0142a\u0107 listem? &#8221; tab_id=&#8221;1535313809077-e8d879a9-c341&#8243;][vc_column_text]Tak, na adres naszej siedziby z dopiskiem \u201eRekrutacja\u201d oraz numerem referencyjnym podanym w og\u0142oszeniu. Nale\u017cy jednak pami\u0119ta\u0107, \u017ce kserokopie dowodu osobistego oraz \u015bwiadectwa dojrza\u0142o\u015bci musz\u0105 zosta\u0107 potwierdzone za zgodno\u015b\u0107 z orygina\u0142em przez uczelni\u0119 lub przez notariusza, ew. organ, kt\u00f3ry wystawi\u0142 dokument.[\/vc_column_text][\/vc_tta_section][vc_tta_section title=&#8221;Ile komplet\u00f3w wymaganych dokument\u00f3w nale\u017cy z\u0142o\u017cy\u0107?&#8221; tab_id=&#8221;1535313832960-5a079235-c9df&#8221;][vc_column_text]Do procesu rekrutacji potrzebny jest tylko jeden komplet dokument\u00f3w.[\/vc_column_text][\/vc_tta_section][vc_tta_section title=&#8221;Jak nale\u017cy przygotowa\u0107 si\u0119 do rozmowy rekrutacyjnej w LoVo?&#8221; tab_id=&#8221;1535313874972-f870f88e-40fe&#8221;][vc_column_text]Przed przybyciem do nas na rozmow\u0119, warto:<\/p>\n<ul>\n<li>Zapozna\u0107 si\u0119 dok\u0142adnie z profilem stanowiska, zamieszczonym w og\u0142oszeniu rekrutacyjnym<\/li>\n<li>Zebra\u0107 jak najwi\u0119cej informacji o naszej firmie<\/li>\n<li>Zastanowi\u0107 si\u0119, jakie pytania chcieliby\u015bcie Pa\u0144stwo zada\u0107 przysz\u0142emu pracodawcy<\/li>\n<li>Stawi\u0107 si\u0119 punktualnie na spotkanie rekrutacyjne<\/li>\n<\/ul>\n<p>[\/vc_column_text][\/vc_tta_section][\/vc_tta_accordion][vc_empty_space height=&#8221;40px&#8221;][\/vc_column][\/vc_row]<\/p>\n","protected":false},"excerpt":{"rendered":"<p>[vc_row bg_image=&#8221;18019&#8243; class=&#8221;row-titlebar-image titlebar-font-medium&#8221;][vc_column width=&#8221;1\/1&#8243;][\/vc_column][\/vc_row][vc_row top_padding=&#8221;60&#8243;][vc_column width=&#8221;1\/1&#8243;][vc_tta_accordion style=&#8221;flat&#8221; active_section=&#8221;0&#8243; collapsible_all=&#8221;true&#8221;][vc_tta_section title=&#8221;W jaki spos\u00f3b mo\u017cna aplikowa\u0107 do LoVo?&#8221; tab_id=&#8221;1534932170087-65b28617-98585938-9cbd&#8221;][vc_column_text]Aplikacje do LoVo zbierane s\u0105 za po\u015brednictwem og\u0142osze\u0144 rekrutacyjnych zamieszczonych na stronie www.lovo.pl w zak\u0142adce Kariera b\u0105d\u017a na zewn\u0119trznych portalach rekrutacyjnych. Je\u017celi s\u0105 Pa\u0144stwo zainteresowani podj\u0119ciem pracy\/praktyk, ale na stronie nie znale\u017ali Pa\u0144stwo interesuj\u0105cej oferty, prosimy o pozostawienie swojego CV za pomoc\u0105 formularza dost\u0119pnego pod przyciskiem Aplikuj poni\u017cej. [\/vc_column_text][\/vc_tta_section][vc_tta_section title=&#8221;Jakie s\u0105 wymogi formalne co do przesy\u0142anych dokument\u00f3w aplikacyjnych?&#8221; tab_id=&#8221;1534932170114-1abb4267-74385938-9cbd&#8221;][vc_column_text]Wszystkie przesy\u0142ane do nas aplikacje powinny zawiera\u0107 nast\u0119puj\u0105c\u0105 klauzul\u0119: \u201eWyra\u017cam zgod\u0119 na przetwarzanie moich danych osobowych zawartych w mojej ofercie pracy dla potrzeb niezb\u0119dnych do realizacji procesu rekrutacji (zgodnie z Ustaw\u0105 z dnia 29.08.1997 roku o Ochronie Danych Osobowych; tekst jednolity: Dz. U. z 2002r. Nr 101, poz. 926 ze zm.).\u201d[\/vc_column_text][\/vc_tta_section][vc_tta_section title=&#8221;Czy po z\u0142o\u017ceniu aplikacji otrzymam potwierdzenie, \u017ce dzia\u0142 HR si\u0119 ze mn\u0105 skontaktuje?&#8221; tab_id=&#8221;1535313719714-33f8937d-f2fb&#8221;][vc_column_text]Nasi rekruterzy skontaktuj\u0105 si\u0119 z tylko wybranymi osobami w celu zaproszenia ich na kolejny etap rekrutacji.[\/vc_column_text][\/vc_tta_section][vc_tta_section title=&#8221;Czy mog\u0119 wycofa\u0107 z\u0142o\u017con\u0105 przeze mnie aplikacj\u0119?&#8221; tab_id=&#8221;1535313747269-2ba4f3ac-5c5b&#8221;][vc_column_text]Istnieje mo\u017cliwo\u015b\u0107 wycofania aplikacji. W tym celu nale\u017cy przes\u0142a\u0107 na adres rekrutacja@lovo.pl mail z pro\u015bb\u0105 o usuni\u0119cie aplikacji z naszej bazy CV. Po otrzymaniu takiego maila, aplikacja zostanie niezw\u0142ocznie usuni\u0119ta.[\/vc_column_text][\/vc_tta_section][vc_tta_section title=&#8221;W jaki spos\u00f3b moje dane osobowe oraz wizerunek [&hellip;]<\/p>\n","protected":false},"author":1,"featured_media":0,"parent":18590,"menu_order":0,"comment_status":"closed","ping_status":"closed","template":"","meta":{"footnotes":""},"class_list":["post-18509","page","type-page","status-publish","hentry"],"yoast_head":"<!-- This site is optimized with the Yoast SEO plugin v24.3 - https:\/\/yoast.com\/wordpress\/plugins\/seo\/ -->\n<title>FAQ, czyli akademia przyjaznej rekrutacji - LoVo<\/title>\n<meta name=\"robots\" content=\"noindex, follow, max-snippet:-1, max-image-preview:large, max-video-preview:-1\" \/>\n<meta property=\"og:locale\" content=\"en_US\" \/>\n<meta property=\"og:type\" content=\"article\" \/>\n<meta property=\"og:title\" content=\"FAQ, czyli akademia przyjaznej rekrutacji - LoVo\" \/>\n<meta property=\"og:description\" content=\"[vc_row bg_image=&#8221;18019&#8243; class=&#8221;row-titlebar-image titlebar-font-medium&#8221;][vc_column width=&#8221;1\/1&#8243;][\/vc_column][\/vc_row][vc_row top_padding=&#8221;60&#8243;][vc_column width=&#8221;1\/1&#8243;][vc_tta_accordion style=&#8221;flat&#8221; active_section=&#8221;0&#8243; collapsible_all=&#8221;true&#8221;][vc_tta_section title=&#8221;W jaki spos\u00f3b mo\u017cna aplikowa\u0107 do LoVo?&#8221; tab_id=&#8221;1534932170087-65b28617-98585938-9cbd&#8221;][vc_column_text]Aplikacje do LoVo zbierane s\u0105 za po\u015brednictwem og\u0142osze\u0144 rekrutacyjnych zamieszczonych na stronie www.lovo.pl w zak\u0142adce Kariera b\u0105d\u017a na zewn\u0119trznych portalach rekrutacyjnych. Je\u017celi s\u0105 Pa\u0144stwo zainteresowani podj\u0119ciem pracy\/praktyk, ale na stronie nie znale\u017ali Pa\u0144stwo interesuj\u0105cej oferty, prosimy o pozostawienie swojego CV za pomoc\u0105 formularza dost\u0119pnego pod przyciskiem Aplikuj poni\u017cej. [\/vc_column_text][\/vc_tta_section][vc_tta_section title=&#8221;Jakie s\u0105 wymogi formalne co do przesy\u0142anych dokument\u00f3w aplikacyjnych?&#8221; tab_id=&#8221;1534932170114-1abb4267-74385938-9cbd&#8221;][vc_column_text]Wszystkie przesy\u0142ane do nas aplikacje powinny zawiera\u0107 nast\u0119puj\u0105c\u0105 klauzul\u0119: \u201eWyra\u017cam zgod\u0119 na przetwarzanie moich danych osobowych zawartych w mojej ofercie pracy dla potrzeb niezb\u0119dnych do realizacji procesu rekrutacji (zgodnie z Ustaw\u0105 z dnia 29.08.1997 roku o Ochronie Danych Osobowych; tekst jednolity: Dz. U. z 2002r. Nr 101, poz. 926 ze zm.).\u201d[\/vc_column_text][\/vc_tta_section][vc_tta_section title=&#8221;Czy po z\u0142o\u017ceniu aplikacji otrzymam potwierdzenie, \u017ce dzia\u0142 HR si\u0119 ze mn\u0105 skontaktuje?&#8221; tab_id=&#8221;1535313719714-33f8937d-f2fb&#8221;][vc_column_text]Nasi rekruterzy skontaktuj\u0105 si\u0119 z tylko wybranymi osobami w celu zaproszenia ich na kolejny etap rekrutacji.[\/vc_column_text][\/vc_tta_section][vc_tta_section title=&#8221;Czy mog\u0119 wycofa\u0107 z\u0142o\u017con\u0105 przeze mnie aplikacj\u0119?&#8221; tab_id=&#8221;1535313747269-2ba4f3ac-5c5b&#8221;][vc_column_text]Istnieje mo\u017cliwo\u015b\u0107 wycofania aplikacji. W tym celu nale\u017cy przes\u0142a\u0107 na adres rekrutacja@lovo.pl mail z pro\u015bb\u0105 o usuni\u0119cie aplikacji z naszej bazy CV. Po otrzymaniu takiego maila, aplikacja zostanie niezw\u0142ocznie usuni\u0119ta.[\/vc_column_text][\/vc_tta_section][vc_tta_section title=&#8221;W jaki spos\u00f3b moje dane osobowe oraz wizerunek [&hellip;]\" \/>\n<meta property=\"og:url\" content=\"https:\/\/www.lovo.pl\/en\/career\/najczesciej-zadawane-pytania\/\" \/>\n<meta property=\"og:site_name\" content=\"LoVo\" \/>\n<meta property=\"article:modified_time\" content=\"2018-09-19T12:09:19+00:00\" \/>\n<meta name=\"twitter:card\" content=\"summary_large_image\" \/>\n<meta name=\"twitter:label1\" content=\"Est. reading time\" \/>\n\t<meta name=\"twitter:data1\" content=\"4 minutes\" \/>\n<script type=\"application\/ld+json\" class=\"yoast-schema-graph\">{\"@context\":\"https:\/\/schema.org\",\"@graph\":[{\"@type\":\"WebPage\",\"@id\":\"https:\/\/www.lovo.pl\/en\/career\/najczesciej-zadawane-pytania\/\",\"url\":\"https:\/\/www.lovo.pl\/en\/career\/najczesciej-zadawane-pytania\/\",\"name\":\"FAQ, czyli akademia przyjaznej rekrutacji - LoVo\",\"isPartOf\":{\"@id\":\"https:\/\/www.lovo.pl\/en\/#website\"},\"datePublished\":\"2018-08-26T19:59:02+00:00\",\"dateModified\":\"2018-09-19T12:09:19+00:00\",\"breadcrumb\":{\"@id\":\"https:\/\/www.lovo.pl\/en\/career\/najczesciej-zadawane-pytania\/#breadcrumb\"},\"inLanguage\":\"en-US\",\"potentialAction\":[{\"@type\":\"ReadAction\",\"target\":[\"https:\/\/www.lovo.pl\/en\/career\/najczesciej-zadawane-pytania\/\"]}]},{\"@type\":\"BreadcrumbList\",\"@id\":\"https:\/\/www.lovo.pl\/en\/career\/najczesciej-zadawane-pytania\/#breadcrumb\",\"itemListElement\":[{\"@type\":\"ListItem\",\"position\":1,\"name\":\"Strona g\u0142\u00f3wna\",\"item\":\"https:\/\/www.lovo.pl\/en\/\"},{\"@type\":\"ListItem\",\"position\":2,\"name\":\"Career at LoVo\",\"item\":\"https:\/\/www.lovo.pl\/en\/career\/\"},{\"@type\":\"ListItem\",\"position\":3,\"name\":\"FAQ, czyli akademia przyjaznej rekrutacji\"}]},{\"@type\":\"WebSite\",\"@id\":\"https:\/\/www.lovo.pl\/en\/#website\",\"url\":\"https:\/\/www.lovo.pl\/en\/\",\"name\":\"LoVo\",\"description\":\"Wirtualne rozwi\u0105zania telekomunikacyjne dla Operator\u00f3w, Reseller\u00f3w i Integrator\u00f3w oraz innowacyjne us\u0142ugi teleinformatyczne dla Biznesu.\",\"potentialAction\":[{\"@type\":\"SearchAction\",\"target\":{\"@type\":\"EntryPoint\",\"urlTemplate\":\"https:\/\/www.lovo.pl\/en\/?s={search_term_string}\"},\"query-input\":{\"@type\":\"PropertyValueSpecification\",\"valueRequired\":true,\"valueName\":\"search_term_string\"}}],\"inLanguage\":\"en-US\"}]}<\/script>\n<!-- \/ Yoast SEO plugin. -->","yoast_head_json":{"title":"FAQ, czyli akademia przyjaznej rekrutacji - LoVo","robots":{"index":"noindex","follow":"follow","max-snippet":"max-snippet:-1","max-image-preview":"max-image-preview:large","max-video-preview":"max-video-preview:-1"},"og_locale":"en_US","og_type":"article","og_title":"FAQ, czyli akademia przyjaznej rekrutacji - LoVo","og_description":"[vc_row bg_image=&#8221;18019&#8243; class=&#8221;row-titlebar-image titlebar-font-medium&#8221;][vc_column width=&#8221;1\/1&#8243;][\/vc_column][\/vc_row][vc_row top_padding=&#8221;60&#8243;][vc_column width=&#8221;1\/1&#8243;][vc_tta_accordion style=&#8221;flat&#8221; active_section=&#8221;0&#8243; collapsible_all=&#8221;true&#8221;][vc_tta_section title=&#8221;W jaki spos\u00f3b mo\u017cna aplikowa\u0107 do LoVo?&#8221; tab_id=&#8221;1534932170087-65b28617-98585938-9cbd&#8221;][vc_column_text]Aplikacje do LoVo zbierane s\u0105 za po\u015brednictwem og\u0142osze\u0144 rekrutacyjnych zamieszczonych na stronie www.lovo.pl w zak\u0142adce Kariera b\u0105d\u017a na zewn\u0119trznych portalach rekrutacyjnych. Je\u017celi s\u0105 Pa\u0144stwo zainteresowani podj\u0119ciem pracy\/praktyk, ale na stronie nie znale\u017ali Pa\u0144stwo interesuj\u0105cej oferty, prosimy o pozostawienie swojego CV za pomoc\u0105 formularza dost\u0119pnego pod przyciskiem Aplikuj poni\u017cej. [\/vc_column_text][\/vc_tta_section][vc_tta_section title=&#8221;Jakie s\u0105 wymogi formalne co do przesy\u0142anych dokument\u00f3w aplikacyjnych?&#8221; tab_id=&#8221;1534932170114-1abb4267-74385938-9cbd&#8221;][vc_column_text]Wszystkie przesy\u0142ane do nas aplikacje powinny zawiera\u0107 nast\u0119puj\u0105c\u0105 klauzul\u0119: \u201eWyra\u017cam zgod\u0119 na przetwarzanie moich danych osobowych zawartych w mojej ofercie pracy dla potrzeb niezb\u0119dnych do realizacji procesu rekrutacji (zgodnie z Ustaw\u0105 z dnia 29.08.1997 roku o Ochronie Danych Osobowych; tekst jednolity: Dz. U. z 2002r. Nr 101, poz. 926 ze zm.).\u201d[\/vc_column_text][\/vc_tta_section][vc_tta_section title=&#8221;Czy po z\u0142o\u017ceniu aplikacji otrzymam potwierdzenie, \u017ce dzia\u0142 HR si\u0119 ze mn\u0105 skontaktuje?&#8221; tab_id=&#8221;1535313719714-33f8937d-f2fb&#8221;][vc_column_text]Nasi rekruterzy skontaktuj\u0105 si\u0119 z tylko wybranymi osobami w celu zaproszenia ich na kolejny etap rekrutacji.[\/vc_column_text][\/vc_tta_section][vc_tta_section title=&#8221;Czy mog\u0119 wycofa\u0107 z\u0142o\u017con\u0105 przeze mnie aplikacj\u0119?&#8221; tab_id=&#8221;1535313747269-2ba4f3ac-5c5b&#8221;][vc_column_text]Istnieje mo\u017cliwo\u015b\u0107 wycofania aplikacji. W tym celu nale\u017cy przes\u0142a\u0107 na adres rekrutacja@lovo.pl mail z pro\u015bb\u0105 o usuni\u0119cie aplikacji z naszej bazy CV. Po otrzymaniu takiego maila, aplikacja zostanie niezw\u0142ocznie usuni\u0119ta.[\/vc_column_text][\/vc_tta_section][vc_tta_section title=&#8221;W jaki spos\u00f3b moje dane osobowe oraz wizerunek [&hellip;]","og_url":"https:\/\/www.lovo.pl\/en\/career\/najczesciej-zadawane-pytania\/","og_site_name":"LoVo","article_modified_time":"2018-09-19T12:09:19+00:00","twitter_card":"summary_large_image","twitter_misc":{"Est. reading time":"4 minutes"},"schema":{"@context":"https:\/\/schema.org","@graph":[{"@type":"WebPage","@id":"https:\/\/www.lovo.pl\/en\/career\/najczesciej-zadawane-pytania\/","url":"https:\/\/www.lovo.pl\/en\/career\/najczesciej-zadawane-pytania\/","name":"FAQ, czyli akademia przyjaznej rekrutacji - LoVo","isPartOf":{"@id":"https:\/\/www.lovo.pl\/en\/#website"},"datePublished":"2018-08-26T19:59:02+00:00","dateModified":"2018-09-19T12:09:19+00:00","breadcrumb":{"@id":"https:\/\/www.lovo.pl\/en\/career\/najczesciej-zadawane-pytania\/#breadcrumb"},"inLanguage":"en-US","potentialAction":[{"@type":"ReadAction","target":["https:\/\/www.lovo.pl\/en\/career\/najczesciej-zadawane-pytania\/"]}]},{"@type":"BreadcrumbList","@id":"https:\/\/www.lovo.pl\/en\/career\/najczesciej-zadawane-pytania\/#breadcrumb","itemListElement":[{"@type":"ListItem","position":1,"name":"Strona g\u0142\u00f3wna","item":"https:\/\/www.lovo.pl\/en\/"},{"@type":"ListItem","position":2,"name":"Career at LoVo","item":"https:\/\/www.lovo.pl\/en\/career\/"},{"@type":"ListItem","position":3,"name":"FAQ, czyli akademia przyjaznej rekrutacji"}]},{"@type":"WebSite","@id":"https:\/\/www.lovo.pl\/en\/#website","url":"https:\/\/www.lovo.pl\/en\/","name":"LoVo","description":"Wirtualne rozwi\u0105zania telekomunikacyjne dla Operator\u00f3w, Reseller\u00f3w i Integrator\u00f3w oraz innowacyjne us\u0142ugi teleinformatyczne dla Biznesu.","potentialAction":[{"@type":"SearchAction","target":{"@type":"EntryPoint","urlTemplate":"https:\/\/www.lovo.pl\/en\/?s={search_term_string}"},"query-input":{"@type":"PropertyValueSpecification","valueRequired":true,"valueName":"search_term_string"}}],"inLanguage":"en-US"}]}},"_links":{"self":[{"href":"https:\/\/www.lovo.pl\/en\/wp-json\/wp\/v2\/pages\/18509","targetHints":{"allow":["GET"]}}],"collection":[{"href":"https:\/\/www.lovo.pl\/en\/wp-json\/wp\/v2\/pages"}],"about":[{"href":"https:\/\/www.lovo.pl\/en\/wp-json\/wp\/v2\/types\/page"}],"author":[{"embeddable":true,"href":"https:\/\/www.lovo.pl\/en\/wp-json\/wp\/v2\/users\/1"}],"replies":[{"embeddable":true,"href":"https:\/\/www.lovo.pl\/en\/wp-json\/wp\/v2\/comments?post=18509"}],"version-history":[{"count":3,"href":"https:\/\/www.lovo.pl\/en\/wp-json\/wp\/v2\/pages\/18509\/revisions"}],"predecessor-version":[{"id":20033,"href":"https:\/\/www.lovo.pl\/en\/wp-json\/wp\/v2\/pages\/18509\/revisions\/20033"}],"up":[{"embeddable":true,"href":"https:\/\/www.lovo.pl\/en\/wp-json\/wp\/v2\/pages\/18590"}],"wp:attachment":[{"href":"https:\/\/www.lovo.pl\/en\/wp-json\/wp\/v2\/media?parent=18509"}],"curies":[{"name":"wp","href":"https:\/\/api.w.org\/{rel}","templated":true}]}}