{"id":18482,"date":"2018-05-27T13:29:26","date_gmt":"2018-05-27T11:29:26","guid":{"rendered":"https:\/\/www.lovo.pl\/aktualne-oferty-pracy\/"},"modified":"2018-09-06T11:08:00","modified_gmt":"2018-09-06T09:08:00","slug":"work","status":"publish","type":"page","link":"https:\/\/www.lovo.pl\/en\/career\/work\/","title":{"rendered":"Work"},"content":{"rendered":"<p>[vc_row bg_image=&#8221;18019&#8243; class=&#8221;row-titlebar-image titlebar-font-large&#8221;][vc_column width=&#8221;1\/1&#8243;]<div class=\"minti_boxedholder   clearfix\" style=\"padding: 0px 0px 0px 0px; margin: 0px 0px 0px 0px; \">[vc_custom_heading source=&#8221;post_title&#8221; font_container=&#8221;tag:h1|font_size:80px|text_align:center|color:%23ffffff|line_height:1&#8243; use_theme_fonts=&#8221;yes&#8221; css=&#8221;.vc_custom_1531176917822{margin-bottom: 20px !important;}&#8221; el_class=&#8221;titlebar-title&#8221;]<div class=\"headline font-inherit fontsize-xxl fontweight-500 lh-inherit align-center transform-inherit titlebar-subtitle\" style=\"margin: 0 0 20px 0; color: #ffffff;\">at LoVo<\/div><\/div>[\/vc_column][\/vc_row][vc_row bg_color=&#8221;#f8f8f8&#8243; top_padding=&#8221;60&#8243; bottom_padding=&#8221;80&#8243;][vc_column width=&#8221;1\/1&#8243;]<div class=\"headline font-inherit fontsize-xxl fontweight-300 lh-12 align-left transform-inherit lead\" style=\"margin: 0 0 20px 0;\">Work at LoVo<\/div>[vc_column_text el_class=&#8221;margin-bottom-0&#8243;]<strong>LoVo is a team of young and highly qualified people, thanks to which you can easily distinguish us from the competition. Their commitment, experience and specialist knowledge in many fields, including information technology and telecommunications has been repeatedly positively verified by our most demanding contractors.<\/strong>[\/vc_column_text][\/vc_column][\/vc_row][vc_row top_padding=&#8221;60&#8243; bottom_padding=&#8221;60&#8243;][vc_column width=&#8221;1\/1&#8243;][\/vc_column][\/vc_row][vc_row][vc_column width=&#8221;1\/1&#8243;][vc_tta_accordion style=&#8221;flat&#8221; active_section=&#8221;0&#8243;][vc_tta_section title=&#8221;Job offers&#8221; tab_id=&#8221;1535983383489-6d8717e4-c12e&#8221;][vc_column_text]<\/p>\n<div class=\"oSioSc\">\n<div id=\"tw-target\">\n<div id=\"tw-target-text-container\" class=\"gsrt tw-ta-container tw-nfl\">\n<p id=\"tw-target-text\" class=\"tw-data-text tw-ta tw-text-medium\" dir=\"ltr\" data-placeholder=\"T\u0142umaczenie\"><span lang=\"en\">At the moment, we do not recruit.<\/span><\/p>\n<\/div>\n<\/div>\n<\/div>\n<p>[\/vc_column_text][\/vc_tta_section][\/vc_tta_accordion][vc_empty_space][\/vc_column][\/vc_row]<\/p>\n","protected":false},"excerpt":{"rendered":"<p>[vc_row bg_image=&#8221;18019&#8243; class=&#8221;row-titlebar-image titlebar-font-large&#8221;][vc_column width=&#8221;1\/1&#8243;][\/vc_column][\/vc_row][vc_row bg_color=&#8221;#f8f8f8&#8243; top_padding=&#8221;60&#8243; bottom_padding=&#8221;80&#8243;][vc_column width=&#8221;1\/1&#8243;][vc_column_text el_class=&#8221;margin-bottom-0&#8243;]LoVo is a team of young and highly qualified people, thanks to which you can easily distinguish us from the competition. Their commitment, experience and specialist knowledge in many fields, including information technology and telecommunications has been repeatedly positively verified by our most demanding contractors.[\/vc_column_text][\/vc_column][\/vc_row][vc_row top_padding=&#8221;60&#8243; bottom_padding=&#8221;60&#8243;][vc_column width=&#8221;1\/1&#8243;][\/vc_column][\/vc_row][vc_row][vc_column width=&#8221;1\/1&#8243;][vc_tta_accordion style=&#8221;flat&#8221; active_section=&#8221;0&#8243;][vc_tta_section title=&#8221;Job offers&#8221; tab_id=&#8221;1535983383489-6d8717e4-c12e&#8221;][vc_column_text] At the moment, we do not recruit. [\/vc_column_text][\/vc_tta_section][\/vc_tta_accordion][vc_empty_space][\/vc_column][\/vc_row]<\/p>\n","protected":false},"author":1,"featured_media":0,"parent":18590,"menu_order":0,"comment_status":"closed","ping_status":"closed","template":"","meta":{"footnotes":""},"class_list":["post-18482","page","type-page","status-publish","hentry"],"yoast_head":"<!-- This site is optimized with the Yoast SEO plugin v24.3 - https:\/\/yoast.com\/wordpress\/plugins\/seo\/ -->\n<title>Work - LoVo<\/title>\n<meta name=\"robots\" content=\"noindex, follow, max-snippet:-1, max-image-preview:large, max-video-preview:-1\" \/>\n<meta property=\"og:locale\" content=\"en_US\" \/>\n<meta property=\"og:type\" content=\"article\" \/>\n<meta property=\"og:title\" content=\"Work - LoVo\" \/>\n<meta property=\"og:description\" content=\"[vc_row bg_image=&#8221;18019&#8243; class=&#8221;row-titlebar-image titlebar-font-large&#8221;][vc_column width=&#8221;1\/1&#8243;][\/vc_column][\/vc_row][vc_row bg_color=&#8221;#f8f8f8&#8243; top_padding=&#8221;60&#8243; bottom_padding=&#8221;80&#8243;][vc_column width=&#8221;1\/1&#8243;][vc_column_text el_class=&#8221;margin-bottom-0&#8243;]LoVo is a team of young and highly qualified people, thanks to which you can easily distinguish us from the competition. Their commitment, experience and specialist knowledge in many fields, including information technology and telecommunications has been repeatedly positively verified by our most demanding contractors.[\/vc_column_text][\/vc_column][\/vc_row][vc_row top_padding=&#8221;60&#8243; bottom_padding=&#8221;60&#8243;][vc_column width=&#8221;1\/1&#8243;][\/vc_column][\/vc_row][vc_row][vc_column width=&#8221;1\/1&#8243;][vc_tta_accordion style=&#8221;flat&#8221; active_section=&#8221;0&#8243;][vc_tta_section title=&#8221;Job offers&#8221; tab_id=&#8221;1535983383489-6d8717e4-c12e&#8221;][vc_column_text] At the moment, we do not recruit. [\/vc_column_text][\/vc_tta_section][\/vc_tta_accordion][vc_empty_space][\/vc_column][\/vc_row]\" \/>\n<meta property=\"og:url\" content=\"https:\/\/www.lovo.pl\/en\/career\/work\/\" \/>\n<meta property=\"og:site_name\" content=\"LoVo\" \/>\n<meta property=\"article:modified_time\" content=\"2018-09-06T09:08:00+00:00\" \/>\n<meta name=\"twitter:card\" content=\"summary_large_image\" \/>\n<meta name=\"twitter:label1\" content=\"Est. reading time\" \/>\n\t<meta name=\"twitter:data1\" content=\"1 minute\" \/>\n<script type=\"application\/ld+json\" class=\"yoast-schema-graph\">{\"@context\":\"https:\/\/schema.org\",\"@graph\":[{\"@type\":\"WebPage\",\"@id\":\"https:\/\/www.lovo.pl\/en\/career\/work\/\",\"url\":\"https:\/\/www.lovo.pl\/en\/career\/work\/\",\"name\":\"Work - LoVo\",\"isPartOf\":{\"@id\":\"https:\/\/www.lovo.pl\/en\/#website\"},\"datePublished\":\"2018-05-27T11:29:26+00:00\",\"dateModified\":\"2018-09-06T09:08:00+00:00\",\"breadcrumb\":{\"@id\":\"https:\/\/www.lovo.pl\/en\/career\/work\/#breadcrumb\"},\"inLanguage\":\"en-US\",\"potentialAction\":[{\"@type\":\"ReadAction\",\"target\":[\"https:\/\/www.lovo.pl\/en\/career\/work\/\"]}]},{\"@type\":\"BreadcrumbList\",\"@id\":\"https:\/\/www.lovo.pl\/en\/career\/work\/#breadcrumb\",\"itemListElement\":[{\"@type\":\"ListItem\",\"position\":1,\"name\":\"Strona g\u0142\u00f3wna\",\"item\":\"https:\/\/www.lovo.pl\/en\/\"},{\"@type\":\"ListItem\",\"position\":2,\"name\":\"Career at LoVo\",\"item\":\"https:\/\/www.lovo.pl\/en\/career\/\"},{\"@type\":\"ListItem\",\"position\":3,\"name\":\"Work\"}]},{\"@type\":\"WebSite\",\"@id\":\"https:\/\/www.lovo.pl\/en\/#website\",\"url\":\"https:\/\/www.lovo.pl\/en\/\",\"name\":\"LoVo\",\"description\":\"Wirtualne rozwi\u0105zania telekomunikacyjne dla Operator\u00f3w, Reseller\u00f3w i Integrator\u00f3w oraz innowacyjne us\u0142ugi teleinformatyczne dla Biznesu.\",\"potentialAction\":[{\"@type\":\"SearchAction\",\"target\":{\"@type\":\"EntryPoint\",\"urlTemplate\":\"https:\/\/www.lovo.pl\/en\/?s={search_term_string}\"},\"query-input\":{\"@type\":\"PropertyValueSpecification\",\"valueRequired\":true,\"valueName\":\"search_term_string\"}}],\"inLanguage\":\"en-US\"}]}<\/script>\n<!-- \/ Yoast SEO plugin. -->","yoast_head_json":{"title":"Work - LoVo","robots":{"index":"noindex","follow":"follow","max-snippet":"max-snippet:-1","max-image-preview":"max-image-preview:large","max-video-preview":"max-video-preview:-1"},"og_locale":"en_US","og_type":"article","og_title":"Work - LoVo","og_description":"[vc_row bg_image=&#8221;18019&#8243; class=&#8221;row-titlebar-image titlebar-font-large&#8221;][vc_column width=&#8221;1\/1&#8243;][\/vc_column][\/vc_row][vc_row bg_color=&#8221;#f8f8f8&#8243; top_padding=&#8221;60&#8243; bottom_padding=&#8221;80&#8243;][vc_column width=&#8221;1\/1&#8243;][vc_column_text el_class=&#8221;margin-bottom-0&#8243;]LoVo is a team of young and highly qualified people, thanks to which you can easily distinguish us from the competition. Their commitment, experience and specialist knowledge in many fields, including information technology and telecommunications has been repeatedly positively verified by our most demanding contractors.[\/vc_column_text][\/vc_column][\/vc_row][vc_row top_padding=&#8221;60&#8243; bottom_padding=&#8221;60&#8243;][vc_column width=&#8221;1\/1&#8243;][\/vc_column][\/vc_row][vc_row][vc_column width=&#8221;1\/1&#8243;][vc_tta_accordion style=&#8221;flat&#8221; active_section=&#8221;0&#8243;][vc_tta_section title=&#8221;Job offers&#8221; tab_id=&#8221;1535983383489-6d8717e4-c12e&#8221;][vc_column_text] At the moment, we do not recruit. [\/vc_column_text][\/vc_tta_section][\/vc_tta_accordion][vc_empty_space][\/vc_column][\/vc_row]","og_url":"https:\/\/www.lovo.pl\/en\/career\/work\/","og_site_name":"LoVo","article_modified_time":"2018-09-06T09:08:00+00:00","twitter_card":"summary_large_image","twitter_misc":{"Est. reading time":"1 minute"},"schema":{"@context":"https:\/\/schema.org","@graph":[{"@type":"WebPage","@id":"https:\/\/www.lovo.pl\/en\/career\/work\/","url":"https:\/\/www.lovo.pl\/en\/career\/work\/","name":"Work - LoVo","isPartOf":{"@id":"https:\/\/www.lovo.pl\/en\/#website"},"datePublished":"2018-05-27T11:29:26+00:00","dateModified":"2018-09-06T09:08:00+00:00","breadcrumb":{"@id":"https:\/\/www.lovo.pl\/en\/career\/work\/#breadcrumb"},"inLanguage":"en-US","potentialAction":[{"@type":"ReadAction","target":["https:\/\/www.lovo.pl\/en\/career\/work\/"]}]},{"@type":"BreadcrumbList","@id":"https:\/\/www.lovo.pl\/en\/career\/work\/#breadcrumb","itemListElement":[{"@type":"ListItem","position":1,"name":"Strona g\u0142\u00f3wna","item":"https:\/\/www.lovo.pl\/en\/"},{"@type":"ListItem","position":2,"name":"Career at LoVo","item":"https:\/\/www.lovo.pl\/en\/career\/"},{"@type":"ListItem","position":3,"name":"Work"}]},{"@type":"WebSite","@id":"https:\/\/www.lovo.pl\/en\/#website","url":"https:\/\/www.lovo.pl\/en\/","name":"LoVo","description":"Wirtualne rozwi\u0105zania telekomunikacyjne dla Operator\u00f3w, Reseller\u00f3w i Integrator\u00f3w oraz innowacyjne us\u0142ugi teleinformatyczne dla Biznesu.","potentialAction":[{"@type":"SearchAction","target":{"@type":"EntryPoint","urlTemplate":"https:\/\/www.lovo.pl\/en\/?s={search_term_string}"},"query-input":{"@type":"PropertyValueSpecification","valueRequired":true,"valueName":"search_term_string"}}],"inLanguage":"en-US"}]}},"_links":{"self":[{"href":"https:\/\/www.lovo.pl\/en\/wp-json\/wp\/v2\/pages\/18482","targetHints":{"allow":["GET"]}}],"collection":[{"href":"https:\/\/www.lovo.pl\/en\/wp-json\/wp\/v2\/pages"}],"about":[{"href":"https:\/\/www.lovo.pl\/en\/wp-json\/wp\/v2\/types\/page"}],"author":[{"embeddable":true,"href":"https:\/\/www.lovo.pl\/en\/wp-json\/wp\/v2\/users\/1"}],"replies":[{"embeddable":true,"href":"https:\/\/www.lovo.pl\/en\/wp-json\/wp\/v2\/comments?post=18482"}],"version-history":[{"count":5,"href":"https:\/\/www.lovo.pl\/en\/wp-json\/wp\/v2\/pages\/18482\/revisions"}],"predecessor-version":[{"id":18949,"href":"https:\/\/www.lovo.pl\/en\/wp-json\/wp\/v2\/pages\/18482\/revisions\/18949"}],"up":[{"embeddable":true,"href":"https:\/\/www.lovo.pl\/en\/wp-json\/wp\/v2\/pages\/18590"}],"wp:attachment":[{"href":"https:\/\/www.lovo.pl\/en\/wp-json\/wp\/v2\/media?parent=18482"}],"curies":[{"name":"wp","href":"https:\/\/api.w.org\/{rel}","templated":true}]}}